{"id":1910,"date":"2011-06-17T11:33:54","date_gmt":"2011-06-17T14:33:54","guid":{"rendered":"http:\/\/www.categero.org.br\/?page_id=1910"},"modified":"2019-02-12T16:47:35","modified_gmt":"2019-02-12T19:47:35","slug":"meu-anjo-da-guarda-categero","status":"publish","type":"page","link":"https:\/\/categero.org.br\/antigo\/?page_id=1910","title":{"rendered":"9\u00aa\/12\u00aa &#8211; Ora\u00e7\u00e3o &#8211; Tetralogia: a minha  contri\u00e7\u00e3o di\u00e1ria pessoal"},"content":{"rendered":"<p style=\"text-align: center;\"><em><span style=\"color: #ff0000;\"><strong>Link &#8211; \u00a0<a href=\"http:\/\/categero.org.br\/?p=11452\" target=\"_blank\" rel=\"noopener noreferrer\">Datas de Categer\u00f3<br \/>\n<\/a><\/strong><\/span><\/em><em><span style=\"color: #ff0000;\"><strong>Link &#8211; \u00a0<span style=\"color: #000000;\"><a href=\"http:\/\/categero.org.br\/?p=11933\" target=\"_blank\" rel=\"noopener noreferrer\">Perfil, Linha do Tempo e Vaticano<\/a><\/span><\/strong><\/span><\/em><\/p>\n<p style=\"text-align: center;\"><img loading=\"lazy\" decoding=\"async\" class=\"aligncenter wp-image-11224\" src=\"http:\/\/categero.org.br\/wp-content\/uploads\/2016\/12\/3.-Categer\u00f3-Meio-corpo-Color.jpg\" alt=\"3-categero-meio-corpo-color\" width=\"174\" height=\"230\" srcset=\"https:\/\/categero.org.br\/antigo\/wp-content\/uploads\/2016\/12\/3.-Categer\u00f3-Meio-corpo-Color.jpg 482w, https:\/\/categero.org.br\/antigo\/wp-content\/uploads\/2016\/12\/3.-Categer\u00f3-Meio-corpo-Color-227x300.jpg 227w\" sizes=\"auto, (max-width: 174px) 100vw, 174px\" \/><\/p>\n<p style=\"text-align: center;\"><b>Uma tetralogia a partir da &#8220;Contri\u00e7\u00e3o di\u00e1ria&#8221; ao Beato de Categer\u00f3<br \/>\n<\/b><em>\u00a0S\u00e3o quatro ora\u00e7\u00f5es juntas, mas independentes<\/em><\/p>\n<p align=\"center\"><span style=\"margin: 0px; padding: 0cm; border: 1pt windowtext; color: #993300; font-family: '&amp;quot',serif; font-size: 11pt;\">Sobre meu ato de contri\u00e7\u00e3o<\/span><\/p>\n<p style=\"padding-left: 120px;\"><span style=\"margin: 0px; padding: 0cm; border: 1pt windowtext; color: blue; font-family: '&amp;quot',serif; font-size: 11pt;\">Eis me aqui Senhor, com Categer\u00f3&#8230;<\/span><span style=\"margin: 0px; color: #222222; font-family: '&amp;quot',serif; font-size: 11pt;\"><br \/>\n<\/span><span style=\"margin: 0px; padding: 0cm; border: 1pt windowtext; color: blue; font-family: '&amp;quot',serif; font-size: 11pt;\">nossa proposta de clamor;<\/span><span style=\"margin: 0px; color: #222222; font-family: '&amp;quot',serif; font-size: 11pt;\"><br \/>\n<\/span><span style=\"margin: 0px; padding: 0cm; border: 1pt windowtext; color: blue; font-family: '&amp;quot',serif; font-size: 11pt;\">Salve! beato Ant\u00f4nio de Categer\u00f3\u2026<\/span><span style=\"margin: 0px; color: #222222; font-family: '&amp;quot',serif; font-size: 11pt;\"><br \/>\n<\/span><span style=\"margin: 0px; padding: 0cm; border: 1pt windowtext; color: blue; font-family: '&amp;quot',serif; font-size: 11pt;\">nossa proposta de curti\u00e7\u00e3o;<\/span><span style=\"margin: 0px; color: #222222; font-family: '&amp;quot',serif; font-size: 11pt;\"><br \/>\n<\/span><span style=\"margin: 0px; padding: 0cm; border: 1pt windowtext; color: blue; font-family: '&amp;quot',serif; font-size: 11pt;\">Oh! \u00c0 canoniza\u00e7\u00e3o do Beato de Categer\u00f3<br \/>\npelo Vaticano,<br \/>\nNosso objetivo e encontro de todas as metas. <\/span><span style=\"margin: 0px; color: #222222; font-family: '&amp;quot',serif; font-size: 11pt;\">\u00a0\u00a0<\/span><\/p>\n<h4><span style=\"margin: 0px; color: #222222; font-family: '&amp;quot',serif; font-size: 11pt;\">\u00a0<\/span><\/h4>\n<h4 style=\"text-align: left; padding-left: 180px;\"><span style=\"margin: 0px; padding: 0cm; border: 1pt windowtext; color: purple; line-height: 107%; letter-spacing: -0.75pt; font-family: 'Arial',sans-serif; font-size: 11pt;\"><span style=\"color: #ff0000;\">1\u00aa Ora\u00e7\u00e3o<\/span>\u00a0<\/span> &#8211; <strong>Meu ato de Contri\u00e7\u00e3o<\/strong><\/h4>\n<address>\u00a0<\/address>\n<address style=\"padding-left: 180px;\">Nesta minha contri\u00e7\u00e3o di\u00e1ria&#8230;<br \/>\n<span class=\"text_exposed_show\">Eis a vida do Beato Santo Ant\u00f4nio de Categer\u00f3.<\/span><br \/>\nRogo a Deus todo poderoso<br \/>\nque nos instrua, inspire e auxilie <span class=\"text_exposed_show\"><br \/>\nem divulgar narrativas de condutas piedosas<br \/>\ne gra\u00e7as por Categer\u00f3, intercedias em Cristo.<br \/>\nA hist\u00f3ria de sua devo\u00e7\u00e3o, no Brasil e no Mundo,<br \/>\ne da proposi\u00e7\u00e3o de consagr\u00e1-lo<br \/>\n&#8220;Padroeiro da Seguran\u00e7a P\u00fablica&#8221; brasileira.<br \/>\nO resgate jur\u00eddico, das injusti\u00e7as e ofensas,<br \/>\nque ainda hoje, pesa, sob sua mem\u00f3ria can\u00f4nica.<br \/>\nMas, principalmente, a justa, merecida e,<br \/>\npor tr\u00eas s\u00e9culos atrasada canoniza\u00e7\u00e3o.<br \/>\nque se requer seja consagrada,<br \/>\nem ressarcimento de preteri\u00e7\u00e3o,<br \/>\na contar de 13 de abril 1599. <\/span><\/address>\n<address style=\"padding-left: 180px;\"><i><br \/>\n<\/i><i>Q<\/i><i>ue o Pai Supremo \u2013 justo e<\/i><i> caridoso,<br \/>\na<\/i><i>mplie nossa rela\u00e7\u00e3o e experi\u00eancia<br \/>\nc<\/i><i>om o Esp\u00edrito Santo do Criador,<br \/>\np<\/i><i>ara melhor cumprimento dessa miss\u00e3o.<br \/>\n<\/i><\/address>\n<address style=\"padding-left: 180px;\"><i>Miss\u00e3o do avivamento mundial na\u00a0 canoniza\u00e7\u00e3o,<\/i><i><br \/>\ndo Beato Santo Ant\u00f4nio de Categer\u00f3.<br \/>\n<\/i><\/address>\n<address style=\"padding-left: 360px;\">\u00a0<\/address>\n<address style=\"padding-left: 180px;\">Santo Antonio de Categer\u00f3,<\/address>\n<address style=\"padding-left: 180px;\">Rogai por n\u00f3s &#8230;.<\/address>\n<address style=\"padding-left: 180px;\">Santo Antonio de Categer\u00f3,<\/address>\n<address style=\"padding-left: 180px;\">Ajuda-nos a perseverar neste caminho&#8230;.<\/address>\n<address style=\"padding-left: 180px;\">Santo Antonio de Categer\u00f3,<\/address>\n<address style=\"padding-left: 180px;\">Seja nosso intercessor\u00a0em Cristo&#8230;.<\/address>\n<address style=\"padding-left: 180px;\">\u00a0<\/address>\n<h4><span style=\"color: #ff0000;\">1\u00aa Ora\u00e7\u00e3o<\/span>\u00a0 &#8211;\u00a0<strong>Eis me aqui Senhor, com Categer\u00f3&#8230;<\/strong><\/h4>\n<address style=\"padding-left: 180px;\">Eis-me aqui prostrado a V\u00f3s<\/address>\n<address style=\"padding-left: 180px;\">Pai eterno e glorioso<\/address>\n<address style=\"padding-left: 180px;\">Criador do c\u00e9u e da terra e<\/address>\n<address style=\"padding-left: 180px;\">Meu s\u00f3cio.<\/address>\n<address style=\"padding-left: 180px;\">\u00a0<\/address>\n<address style=\"padding-left: 180px;\">Ampara teu s\u00f3cio, senhor&#8230;<\/address>\n<address style=\"padding-left: 180px;\">Ampara teu s\u00f3cio,<\/address>\n<address style=\"padding-left: 180px;\">que \u00e9\u00a0teu\u00a0servo e\u00a0teu filho senhor.<\/address>\n<address style=\"padding-left: 180px;\">E pelo amor de vosso filho amado<\/address>\n<address style=\"padding-left: 180px;\">Nosso irm\u00e3o e amigo Cristo,<\/address>\n<address style=\"padding-left: 180px;\">Reconstitui minha alian\u00e7a contigo<\/address>\n<address style=\"padding-left: 180px;\">A velha e a Nova alian\u00e7a.<\/address>\n<address style=\"padding-left: 180px;\">Restaura minha sorte e edifica minha casa,<\/address>\n<address style=\"padding-left: 180px;\">Restaura minha sorte&#8230;<\/address>\n<address style=\"padding-left: 180px;\">Edifica minha casa e vivifica minha vida.<\/address>\n<address style=\"padding-left: 180px;\">\u00a0<\/address>\n<address style=\"padding-left: 180px;\">Prometo viver e trabalhar por tua<\/address>\n<address style=\"padding-left: 180px;\">Honra e gl\u00f3ria, todos os dias da minha exist\u00eancia,<\/address>\n<address style=\"padding-left: 180px;\">Bem com buscar a convers\u00e3o de meus filhos<\/address>\n<address style=\"padding-left: 180px;\">Desde agora e para as gera\u00e7\u00f5es futuras e,<\/address>\n<address style=\"padding-left: 180px;\">Ainda, levar teu nome e<\/address>\n<address style=\"padding-left: 180px;\">A tua palavra, com a mensagem de f\u00e9,<\/address>\n<address style=\"padding-left: 180px;\">Conforto e esperan\u00e7a, aos aflitos e necessitados<\/address>\n<address style=\"padding-left: 180px;\">Que encontre e, que como eu te queiram ou aceitem.<\/address>\n<address style=\"padding-left: 180px;\">\u00a0<\/address>\n<address style=\"padding-left: 360px;\">\u00a0<\/address>\n<address style=\"padding-left: 180px;\">Santo Antonio de Categer\u00f3,<\/address>\n<address style=\"padding-left: 180px;\">Rogai por n\u00f3s &#8230;.<\/address>\n<address style=\"padding-left: 180px;\">Santo Antonio de Categer\u00f3,<\/address>\n<address style=\"padding-left: 180px;\">Ajuda-nos a perseverar neste caminho&#8230;.<\/address>\n<address style=\"padding-left: 180px;\">Santo Antonio de Categer\u00f3,<\/address>\n<address style=\"padding-left: 180px;\">Seja nosso intercessor\u00a0em Cristo&#8230;.<\/address>\n<p><span style=\"line-height: 1.5;\">.<\/span><\/p>\n<address style=\"padding-left: 180px;\">\n<h4><span style=\"color: #ff0000;\"><span style=\"color: #005500;\">3\u00aa Ora\u00e7\u00e3o<\/span><\/span> &#8211;\u00a0 <strong>Eis os pedidos a Categer\u00f3<\/strong><\/h4>\n<\/address>\n<address style=\"padding-left: 180px;\">\u00a0<\/address>\n<address style=\"padding-left: 180px;\">Salve \u00f3h!&#8230; Beato Antonio de Categer\u00f3,<\/address>\n<address style=\"padding-left: 180px;\">Nosso querido Tio Antonio,<\/address>\n<address style=\"padding-left: 180px;\">Um exemplo modelar de virtude.<\/address>\n<address style=\"padding-left: 180px;\">Espia nossa ang\u00fastia e<\/address>\n<address style=\"padding-left: 180px;\">Alivia nossa afli\u00e7\u00e3o.<\/address>\n<address style=\"padding-left: 180px;\">Resolva os nossos problemas<\/address>\n<address style=\"padding-left: 180px;\">Atendendo o(s) \u00a0pedido(s)&#8230; ( citar todos)<\/address>\n<address style=\"padding-left: 180px;\">\u00a0<\/address>\n<address style=\"padding-left: 180px;\">(aja como se fosse sua agenda de compromissos hierarquizados pelas prioridades, que cada um tem. Ao constituir este h\u00e1bito, pela manh\u00e3 a hora do banho, a(o) irm\u00e3(o) come\u00e7ar\u00e1 a organizar sua vida e prioridades.)<\/address>\n<address>\u00a0<\/address>\n<address style=\"padding-left: 180px;\">Santo Antonio de Categer\u00f3,<\/address>\n<address style=\"padding-left: 180px;\">Rogai por n\u00f3s &#8230;.<\/address>\n<address style=\"padding-left: 180px;\">Santo Antonio de Categer\u00f3,<\/address>\n<address style=\"padding-left: 180px;\">Ajuda-nos a perseverar neste caminho&#8230;.<\/address>\n<address style=\"padding-left: 180px;\">Santo Antonio de Categer\u00f3,<\/address>\n<address style=\"padding-left: 180px;\">Seja nosso intercessor\u00a0em Cristo&#8230;.<\/address>\n<address>\u00a0\u00a0<\/address>\n<address style=\"padding-left: 150px;\">\n<h4><span style=\"color: #005500;\">4\u00aa Ora\u00e7\u00e3o<\/span> &#8211;\u00a0 <strong>Pela santifica\u00e7\u00e3o do Beato<\/strong><\/h4>\n<\/address>\n<address style=\"padding-left: 180px;\">\u00a0\u00a0<\/address>\n<address style=\"padding-left: 180px;\">Pai alt\u00edssimo&#8230;\u00a0<\/address>\n<address style=\"padding-left: 180px;\">Fortalece, guarda e renova<\/address>\n<address style=\"padding-left: 180px;\">Nossa f\u00e9 em Cristo<\/address>\n<address style=\"padding-left: 180px;\">E nossa devo\u00e7\u00e3o em Categer\u00f3.<\/address>\n<address style=\"padding-left: 180px;\">Que v\u00f3s \u00a0&#8211; Pai,<\/address>\n<address style=\"padding-left: 180px;\">Senhor dos Ex\u00e9rcitos,<\/address>\n<address style=\"padding-left: 180px;\">aben\u00e7oe a proposta de\u00a0<\/address>\n<address style=\"padding-left: 180px;\">Consagrar o santo nome<\/address>\n<address style=\"padding-left: 180px;\">Do Beato Antonio de Categer\u00f3,<\/address>\n<address style=\"padding-left: 180px;\">Para Padroeiro da Seguran\u00e7a P\u00fablica no Brasil.<\/address>\n<p style=\"padding-left: 180px;\">Que a luz de Cristo<br \/>\nnos mostre o caminho,<br \/>\nnos humanize,<br \/>\nnos Ajude a decidir,<br \/>\ne nos torne melhores.<\/p>\n<address style=\"padding-left: 180px;\">E, ainda,<\/address>\n<address style=\"padding-left: 180px;\">ilumine as pessoas respons\u00e1veis,<\/address>\n<address style=\"padding-left: 180px;\">pelas decis\u00f5es de tramita\u00e7\u00e3o e\u00a0despachos,<\/address>\n<address style=\"padding-left: 180px;\">Do processo de Canoniza\u00e7\u00e3o,<\/address>\n<address style=\"padding-left: 180px;\">junto a Congrega\u00e7\u00e3o para as causas do Santos<\/address>\n<address style=\"padding-left: 180px;\">no Vaticano, oriundo, da igreja de Santa Maria de Jesus,<\/address>\n<address style=\"padding-left: 180px;\">da C\u00faria diocesana da cidade de Noto,\u00a0<\/address>\n<address style=\"padding-left: 180px;\">na It\u00e1lia, bem como outras iniciativas<\/address>\n<address style=\"padding-left: 180px;\">devocionais, confessionais, de topon\u00edmia e patronatos<\/address>\n<address style=\"padding-left: 180px;\">pelo mundo.<\/address>\n<address style=\"padding-left: 180px;\">Que o Beato Ant\u00f4nio de Categer\u00f3,<br \/>\nPadroeiro da C\u00e1ritas Diocesana da<br \/>\ncidade de Noto, na It\u00e1lia,<\/address>\n<address style=\"padding-left: 180px;\">tamb\u00e9m, seja consagrado<\/address>\n<address style=\"padding-left: 180px;\">Padroeiro da Seguran\u00e7a P\u00fablica Brasileira.<\/address>\n<address style=\"padding-left: 180px;\">\u00a0<\/address>\n<address style=\"padding-left: 180px;\">Santo Antonio de Categer\u00f3,<\/address>\n<address style=\"padding-left: 180px;\">Rogai por n\u00f3s &#8230;.<\/address>\n<address style=\"padding-left: 180px;\">Santo Antonio de Categer\u00f3,<\/address>\n<address style=\"padding-left: 180px;\">Ajuda-nos a perseverar neste caminho&#8230;.<\/address>\n<address style=\"padding-left: 180px;\">Santo Antonio de Categer\u00f3,<\/address>\n<address style=\"padding-left: 180px;\">Seja nosso intercessor\u00a0em Cristo&#8230;.<\/address>\n<address style=\"padding-left: 180px;\">\u00a0<\/address>\n<address style=\"padding-left: 180px;\">\u00a0<\/address>\n<address style=\"padding-left: 90px;\">Na realidade s\u00e3o quatro ora\u00e7\u00f5es aut\u00f4nomas, mas que j\u00e1 uns 10 anos, se incorporaram em uma \u00fanica, na ora\u00e7\u00e3o pessoal, di\u00e1ria. O homem e n\u00e3o o administrador deste portal.<\/address>\n<address style=\"padding-left: 90px;\">E, que, no texto tamb\u00e9m aqui depositado, sob o t\u00edtulo de &#8220;Meu retorno a ora\u00e7\u00e3o&#8221; traz a \u00a0explica\u00e7\u00e3o de como se deu a elabora\u00e7\u00e3o dessa ora\u00e7\u00e3o.<\/address>\n<address style=\"padding-left: 90px;\">\u00a0<\/address>\n<address style=\"padding-left: 90px;\"><em><span style=\"color: #ff0000;\"><strong>Link &#8211; \u00a0<a href=\"http:\/\/categero.org.br\/?p=11452\" target=\"_blank\" rel=\"noopener noreferrer\">Datas de Categer\u00f3<br \/>\n<\/a><\/strong><\/span><\/em><em><span style=\"color: #ff0000;\"><strong>Link &#8211; \u00a0<span style=\"color: #000000;\"><a href=\"http:\/\/categero.org.br\/?p=11933\" target=\"_blank\" rel=\"noopener noreferrer\">Perfil, Linha do Tempo e Vaticano<\/a><\/span><\/strong><\/span><\/em><\/address>\n","protected":false},"excerpt":{"rendered":"<p>Link &#8211; \u00a0Datas de Categer\u00f3 Link &#8211; \u00a0Perfil, Linha do Tempo e Vaticano Uma tetralogia a partir da &#8220;Contri\u00e7\u00e3o di\u00e1ria&#8221; ao Beato de Categer\u00f3 \u00a0S\u00e3o quatro ora\u00e7\u00f5es juntas, mas independentes Sobre meu ato de contri\u00e7\u00e3o Eis me aqui Senhor, com Categer\u00f3&#8230; nossa proposta de clamor; Salve! beato Ant\u00f4nio de Categer\u00f3\u2026 nossa proposta de curti\u00e7\u00e3o; Oh! [&hellip;]<\/p>\n","protected":false},"author":1,"featured_media":8260,"parent":3719,"menu_order":8,"comment_status":"open","ping_status":"open","template":"","meta":{"ngg_post_thumbnail":0,"footnotes":""},"class_list":["post-1910","page","type-page","status-publish","has-post-thumbnail","hentry"],"_links":{"self":[{"href":"https:\/\/categero.org.br\/antigo\/index.php?rest_route=\/wp\/v2\/pages\/1910","targetHints":{"allow":["GET"]}}],"collection":[{"href":"https:\/\/categero.org.br\/antigo\/index.php?rest_route=\/wp\/v2\/pages"}],"about":[{"href":"https:\/\/categero.org.br\/antigo\/index.php?rest_route=\/wp\/v2\/types\/page"}],"author":[{"embeddable":true,"href":"https:\/\/categero.org.br\/antigo\/index.php?rest_route=\/wp\/v2\/users\/1"}],"replies":[{"embeddable":true,"href":"https:\/\/categero.org.br\/antigo\/index.php?rest_route=%2Fwp%2Fv2%2Fcomments&post=1910"}],"version-history":[{"count":40,"href":"https:\/\/categero.org.br\/antigo\/index.php?rest_route=\/wp\/v2\/pages\/1910\/revisions"}],"predecessor-version":[{"id":13343,"href":"https:\/\/categero.org.br\/antigo\/index.php?rest_route=\/wp\/v2\/pages\/1910\/revisions\/13343"}],"up":[{"embeddable":true,"href":"https:\/\/categero.org.br\/antigo\/index.php?rest_route=\/wp\/v2\/pages\/3719"}],"wp:featuredmedia":[{"embeddable":true,"href":"https:\/\/categero.org.br\/antigo\/index.php?rest_route=\/wp\/v2\/media\/8260"}],"wp:attachment":[{"href":"https:\/\/categero.org.br\/antigo\/index.php?rest_route=%2Fwp%2Fv2%2Fmedia&parent=1910"}],"curies":[{"name":"wp","href":"https:\/\/api.w.org\/{rel}","templated":true}]}}