{"id":1886,"date":"2011-06-17T10:32:47","date_gmt":"2011-06-17T13:32:47","guid":{"rendered":"http:\/\/www.categero.org.br\/?page_id=1886"},"modified":"2018-06-21T22:15:18","modified_gmt":"2018-06-22T01:15:18","slug":"tres-oracoes-santo-antonio-de-categero","status":"publish","type":"page","link":"https:\/\/categero.org.br\/antigo\/?page_id=1886","title":{"rendered":"2\u00aa Ora\u00e7\u00e3o muito difundida na Internet"},"content":{"rendered":"<p style=\"text-align: center;\"><img loading=\"lazy\" decoding=\"async\" width=\"198\" height=\"261\" class=\"aligncenter wp-image-11224\" alt=\"3-categero-meio-corpo-color\" src=\"http:\/\/categero.org.br\/wp-content\/uploads\/2016\/12\/3.-Categer\u00f3-Meio-corpo-Color.jpg\" srcset=\"https:\/\/categero.org.br\/antigo\/wp-content\/uploads\/2016\/12\/3.-Categer\u00f3-Meio-corpo-Color.jpg 482w, https:\/\/categero.org.br\/antigo\/wp-content\/uploads\/2016\/12\/3.-Categer\u00f3-Meio-corpo-Color-227x300.jpg 227w\" sizes=\"auto, (max-width: 198px) 100vw, 198px\" \/><\/p>\n<p style=\"text-align: center;\"><strong>Ora\u00e7\u00e3o a Santo Antonio de Categer\u00f3 &nbsp; (2\u00aa)&nbsp;<\/strong><\/p>\n<p style=\"padding-left: 210px;\">Que Santo Ant\u00f4nio de Categer\u00f3 nos proteja,<\/p>\n<p style=\"padding-left: 210px;\">cuide de nossa fam\u00edlia, de nossas vidas e sonhos.<\/p>\n<p style=\"padding-left: 210px;\">Seja um intercessor, junto a Deus nosso Senhor,<\/p>\n<p style=\"padding-left: 210px;\">com nossos Santos de devo\u00e7\u00e3o,<\/p>\n<p style=\"padding-left: 210px;\">nos proteja da inveja e da maldade.<\/p>\n<p style=\"padding-left: 210px;\">Abra os nossos caminhos,<\/p>\n<p style=\"padding-left: 210px;\">nos liberte de todas as obras malignas,<\/p>\n<p style=\"padding-left: 210px;\">nos livre dos desastres.<\/p>\n<p style=\"padding-left: 210px;\">E que os empecilhos e armadilhas sejam<\/p>\n<p style=\"padding-left: 210px;\">desfeitos em nossas vidas.<\/p>\n<p style=\"padding-left: 210px;\">Abra nossas vidas, nossos caminhos,<\/p>\n<p style=\"padding-left: 210px;\">retire as pedras, nos d\u00ea um firmamento de f\u00e9.<\/p>\n<p style=\"padding-left: 210px;\">Que Assim Seja.<\/p>\n<p style=\"text-align: center;\"><strong>&nbsp;<\/strong><\/p>\n<p style=\"padding-left: 240px; text-align: center;\"><em><span style=\"color: #ff0000;\"><strong>Link &#8211; &nbsp;<a href=\"http:\/\/categero.org.br\/?p=11452\" target=\"_blank\" rel=\"noopener\">Datas de Categer\u00f3<br \/>\n<\/a><\/strong><\/span><\/em><em><span style=\"color: #ff0000;\"><strong>Link &#8211; &nbsp;<span style=\"color: #000000;\"><a href=\"http:\/\/categero.org.br\/?p=11933\" target=\"_blank\" rel=\"noopener\">Perfil, Linha do Tempo e Vaticano<\/a><\/span><\/strong><\/span><\/em><\/p>\n<address style=\"text-align: right;\">\u00c9 uma &nbsp;ora\u00e7\u00e3o muito difundida. &nbsp;<\/address>\n<address style=\"text-align: right;\">Junto com a &nbsp;do post anterior e a do pr\u00f3ximo post comp\u00f5e um tipo de tr\u00edduo popular.<\/address>\n<address style=\"text-align: right;\">Aparecem, sempre as tr\u00eas juntas. Exceto a primeira, que tem maior divulga\u00e7\u00e3o, &nbsp;aparecendo sozinha.<\/address>\n<address style=\"text-align: right;\">Por isso, \u00e9 disparadamente a mais requisitada.<\/address>\n<address style=\"text-align: right;\">Adm do Portal<\/address>\n","protected":false},"excerpt":{"rendered":"<p>Ora\u00e7\u00e3o a Santo Antonio de Categer\u00f3 &nbsp; (2\u00aa)&nbsp; Que Santo Ant\u00f4nio de Categer\u00f3 nos proteja, cuide de nossa fam\u00edlia, de nossas vidas e sonhos. Seja um intercessor, junto a Deus nosso Senhor, com nossos Santos de devo\u00e7\u00e3o, nos proteja da inveja e da maldade. Abra os nossos caminhos, nos liberte de todas as obras malignas, [&hellip;]<\/p>\n","protected":false},"author":1,"featured_media":6119,"parent":3719,"menu_order":2,"comment_status":"open","ping_status":"open","template":"","meta":{"ngg_post_thumbnail":0,"footnotes":""},"class_list":["post-1886","page","type-page","status-publish","has-post-thumbnail","hentry"],"_links":{"self":[{"href":"https:\/\/categero.org.br\/antigo\/index.php?rest_route=\/wp\/v2\/pages\/1886","targetHints":{"allow":["GET"]}}],"collection":[{"href":"https:\/\/categero.org.br\/antigo\/index.php?rest_route=\/wp\/v2\/pages"}],"about":[{"href":"https:\/\/categero.org.br\/antigo\/index.php?rest_route=\/wp\/v2\/types\/page"}],"author":[{"embeddable":true,"href":"https:\/\/categero.org.br\/antigo\/index.php?rest_route=\/wp\/v2\/users\/1"}],"replies":[{"embeddable":true,"href":"https:\/\/categero.org.br\/antigo\/index.php?rest_route=%2Fwp%2Fv2%2Fcomments&post=1886"}],"version-history":[{"count":16,"href":"https:\/\/categero.org.br\/antigo\/index.php?rest_route=\/wp\/v2\/pages\/1886\/revisions"}],"predecessor-version":[{"id":13088,"href":"https:\/\/categero.org.br\/antigo\/index.php?rest_route=\/wp\/v2\/pages\/1886\/revisions\/13088"}],"up":[{"embeddable":true,"href":"https:\/\/categero.org.br\/antigo\/index.php?rest_route=\/wp\/v2\/pages\/3719"}],"wp:featuredmedia":[{"embeddable":true,"href":"https:\/\/categero.org.br\/antigo\/index.php?rest_route=\/wp\/v2\/media\/6119"}],"wp:attachment":[{"href":"https:\/\/categero.org.br\/antigo\/index.php?rest_route=%2Fwp%2Fv2%2Fmedia&parent=1886"}],"curies":[{"name":"wp","href":"https:\/\/api.w.org\/{rel}","templated":true}]}}