{"id":1832,"date":"2011-06-03T12:17:09","date_gmt":"2011-06-03T12:17:09","guid":{"rendered":"http:\/\/www.categero.org.br\/?page_id=1832"},"modified":"2017-05-18T17:42:08","modified_gmt":"2017-05-18T20:42:08","slug":"poars-gruta-um-novo-espaco-na-igreja-sao-carlos","status":"publish","type":"page","link":"https:\/\/categero.org.br\/antigo\/?page_id=1832","title":{"rendered":"Poa\/RS  &#8211; Gruta: um novo espa\u00e7o na Igreja S\u00e3o Carlos"},"content":{"rendered":"<div id=\"attachment_1833\" style=\"width: 310px\" class=\"wp-caption aligncenter\"><a href=\"http:\/\/www.categero.org.br\/wp-content\/uploads\/2011\/06\/Foto0427.jpg\"><img loading=\"lazy\" decoding=\"async\" aria-describedby=\"caption-attachment-1833\" class=\"size-medium wp-image-1833\" title=\"Foto0427\" src=\"http:\/\/www.categero.org.br\/wp-content\/uploads\/2011\/06\/Foto0427-300x225.jpg\" alt=\"Gruta no estacionamento da igreja S\u00e3o Carlos em Porto Alegre\" width=\"300\" height=\"225\"\/><\/a><p id=\"caption-attachment-1833\" class=\"wp-caption-text\">A gruta no estacionamento da igreja S\u00e3o Carlos em Porto Alegre<\/p><\/div>\n<p style=\"text-align: justify;\">Uma gruta em honra a Santo Ant\u00f4nio de Categer\u00f3 foi inaugurada no dia 17 de abril de 2010, na igreja S\u00e3o Carlos de Porto Alegre. O evento se deu durante os festejos anuais do Santo.<\/p>\n<p style=\"text-align: justify;\">Na ocasi\u00e3o, \u00e0s&nbsp;19 horas,&nbsp;&nbsp;foi celebrada uma missa e &nbsp;ministrada uma ben\u00e7\u00e3o aos presentes. O espa\u00e7o constru\u00eddo \u00e9 bastante simples no p\u00e1tio da igreja, \u00e0 direita de quem entra, na \u00e1rea de estacionamento, mas conta com bancos para acolhimento e reflex\u00e3o. A constru\u00e7\u00e3o s\u00f3 foi poss\u00edvel pelo apoio na doa\u00e7\u00e3o pelos devotos dos materiais ali empregados.<\/p>\n<p>&nbsp;<\/p>\n<p>Igreja S\u00e3o Carlos<\/p>\n<p>avenida Bento Gon\u00e7alves, 6881 \u2013 bairro Agronomia Poa\/RS &#8211; Fone: (51)3339-1202<\/p>\n<p>o atual p\u00e1roco \u00e9 o Pe. Tom<\/p>\n<p><a href=\"http:\/\/www.categero.org.br\/wp-content\/uploads\/2011\/06\/Foto0425.jpg\"><img loading=\"lazy\" decoding=\"async\" class=\"aligncenter size-medium wp-image-1834\" title=\"Foto0425\" src=\"http:\/\/www.categero.org.br\/wp-content\/uploads\/2011\/06\/Foto0425-300x225.jpg\" alt=\"\" width=\"300\" height=\"225\"\/><\/a><\/p>\n","protected":false},"excerpt":{"rendered":"<p>Uma gruta em honra a Santo Ant\u00f4nio de Categer\u00f3 foi inaugurada no dia 17 de abril de 2010, na igreja S\u00e3o Carlos de Porto Alegre. O evento se deu durante os festejos anuais do Santo. Na ocasi\u00e3o, \u00e0s&nbsp;19 horas,&nbsp;&nbsp;foi celebrada uma missa e &nbsp;ministrada uma ben\u00e7\u00e3o aos presentes. O espa\u00e7o constru\u00eddo \u00e9 bastante simples no [&hellip;]<\/p>\n","protected":false},"author":1,"featured_media":8566,"parent":12333,"menu_order":0,"comment_status":"open","ping_status":"open","template":"","meta":{"ngg_post_thumbnail":0,"footnotes":""},"class_list":["post-1832","page","type-page","status-publish","has-post-thumbnail","hentry"],"_links":{"self":[{"href":"https:\/\/categero.org.br\/antigo\/index.php?rest_route=\/wp\/v2\/pages\/1832","targetHints":{"allow":["GET"]}}],"collection":[{"href":"https:\/\/categero.org.br\/antigo\/index.php?rest_route=\/wp\/v2\/pages"}],"about":[{"href":"https:\/\/categero.org.br\/antigo\/index.php?rest_route=\/wp\/v2\/types\/page"}],"author":[{"embeddable":true,"href":"https:\/\/categero.org.br\/antigo\/index.php?rest_route=\/wp\/v2\/users\/1"}],"replies":[{"embeddable":true,"href":"https:\/\/categero.org.br\/antigo\/index.php?rest_route=%2Fwp%2Fv2%2Fcomments&post=1832"}],"version-history":[{"count":6,"href":"https:\/\/categero.org.br\/antigo\/index.php?rest_route=\/wp\/v2\/pages\/1832\/revisions"}],"predecessor-version":[{"id":12358,"href":"https:\/\/categero.org.br\/antigo\/index.php?rest_route=\/wp\/v2\/pages\/1832\/revisions\/12358"}],"up":[{"embeddable":true,"href":"https:\/\/categero.org.br\/antigo\/index.php?rest_route=\/wp\/v2\/pages\/12333"}],"wp:featuredmedia":[{"embeddable":true,"href":"https:\/\/categero.org.br\/antigo\/index.php?rest_route=\/wp\/v2\/media\/8566"}],"wp:attachment":[{"href":"https:\/\/categero.org.br\/antigo\/index.php?rest_route=%2Fwp%2Fv2%2Fmedia&parent=1832"}],"curies":[{"name":"wp","href":"https:\/\/api.w.org\/{rel}","templated":true}]}}