{"id":183,"date":"2010-10-02T01:16:23","date_gmt":"2010-10-02T01:16:23","guid":{"rendered":"http:\/\/www.categero.org.br\/?page_id=183"},"modified":"2017-05-18T17:51:10","modified_gmt":"2017-05-18T20:51:10","slug":"capao-da-canoars-igreja-de-sao-jose","status":"publish","type":"page","link":"https:\/\/categero.org.br\/antigo\/?page_id=183","title":{"rendered":"RS\/Cap\u00e3o da Canoa &#8211; Praia Cap\u00e3o Novo &#8211; Capela de S\u00e3o Jos\u00e9"},"content":{"rendered":"<p style=\"text-align: center;\"><strong>O Categer\u00f3 das praias ga\u00fachas<\/strong><\/p>\n<p style=\"text-align: right;\"><em><strong>VEJA MAIS &nbsp; &nbsp;&nbsp;<a href=\"http:\/\/categero.org.br\/?p=10409\" target=\"_blank\" rel=\"noopener noreferrer\">Not\u00edcias &nbsp;dessa capela neste Portal<\/a><\/strong><\/em><\/p>\n<p><a href=\"http:\/\/www.categero.org.br\/wp-content\/uploads\/2010\/10\/Cap-SJose-CN-P1.jpg\"><img loading=\"lazy\" decoding=\"async\" class=\"aligncenter wp-image-1033\" title=\"Cap SJose CN P\" src=\"http:\/\/www.categero.org.br\/wp-content\/uploads\/2010\/10\/Cap-SJose-CN-P1-300x127.jpg\" alt=\"\" width=\"499\" height=\"211\"\/><\/a><\/p>\n<p>A&nbsp;Capela de S\u00e3o Jos\u00e9, no bairro oper\u00e1rio, do balne\u00e1rio &#8220;Cap\u00e3o Novo&#8221;, na cidade de Cap\u00e3o da Canoa\/RS, tem uma imagem do Beato Ant\u00f4nio de Categer\u00f3.<\/p>\n<p>A Capela fica na esquina das ruas Das Pet\u00fanias com a Bem Te Vi e foi fundada no ano de 1975. Est\u00e1 vinculada \u00e0 Diocese de Os\u00f3rio, sendo seu atual p\u00e1roco (Ministro da Igreja) &nbsp;o Di\u00e1cono Modesto Dezano.<\/p>\n<p>Fones: (051)&nbsp;3621 3266 &nbsp;e 8214 4155<\/p>\n<p>Nota \u2013 O Portal est\u00e1 coletando e buscando dados para processar e melhorar a informa\u00e7\u00e3o.&nbsp;(<span style=\"color: #ff0000;\">encontramos novas informa\u00e7\u00f5es sobre a capela. Est\u00e3o publicadas)<\/span><\/p>\n<p style=\"text-align: right;\"><em><strong>VEJA MAIS &nbsp; &nbsp;&nbsp;<a href=\"http:\/\/categero.org.br\/?p=10409\" target=\"_blank\" rel=\"noopener noreferrer\">Not\u00edcias &nbsp;dessa capela neste Portal<\/a><\/strong><\/em><\/p>\n<p><a href=\"http:\/\/categero.org.br\/wp-content\/uploads\/2010\/10\/Baner-Cap\u00e3o-Canoa.jpg\"><img loading=\"lazy\" decoding=\"async\" class=\"aligncenter size-medium wp-image-8598\" src=\"http:\/\/categero.org.br\/wp-content\/uploads\/2010\/10\/Baner-Cap\u00e3o-Canoa-300x149.jpg\" alt=\"Baner Cap\u00e3o Canoa\" width=\"300\" height=\"149\" srcset=\"https:\/\/categero.org.br\/antigo\/wp-content\/uploads\/2010\/10\/Baner-Cap\u00e3o-Canoa-300x149.jpg 300w, https:\/\/categero.org.br\/antigo\/wp-content\/uploads\/2010\/10\/Baner-Cap\u00e3o-Canoa.jpg 397w\" sizes=\"auto, (max-width: 300px) 100vw, 300px\" \/><\/a><\/p>\n","protected":false},"excerpt":{"rendered":"<p>O Categer\u00f3 das praias ga\u00fachas VEJA MAIS &nbsp; &nbsp;&nbsp;Not\u00edcias &nbsp;dessa capela neste Portal A&nbsp;Capela de S\u00e3o Jos\u00e9, no bairro oper\u00e1rio, do balne\u00e1rio &#8220;Cap\u00e3o Novo&#8221;, na cidade de Cap\u00e3o da Canoa\/RS, tem uma imagem do Beato Ant\u00f4nio de Categer\u00f3. A Capela fica na esquina das ruas Das Pet\u00fanias com a Bem Te Vi e foi fundada [&hellip;]<\/p>\n","protected":false},"author":1,"featured_media":8598,"parent":12333,"menu_order":0,"comment_status":"closed","ping_status":"closed","template":"","meta":{"ngg_post_thumbnail":0,"footnotes":""},"class_list":["post-183","page","type-page","status-publish","has-post-thumbnail","hentry"],"_links":{"self":[{"href":"https:\/\/categero.org.br\/antigo\/index.php?rest_route=\/wp\/v2\/pages\/183","targetHints":{"allow":["GET"]}}],"collection":[{"href":"https:\/\/categero.org.br\/antigo\/index.php?rest_route=\/wp\/v2\/pages"}],"about":[{"href":"https:\/\/categero.org.br\/antigo\/index.php?rest_route=\/wp\/v2\/types\/page"}],"author":[{"embeddable":true,"href":"https:\/\/categero.org.br\/antigo\/index.php?rest_route=\/wp\/v2\/users\/1"}],"replies":[{"embeddable":true,"href":"https:\/\/categero.org.br\/antigo\/index.php?rest_route=%2Fwp%2Fv2%2Fcomments&post=183"}],"version-history":[{"count":11,"href":"https:\/\/categero.org.br\/antigo\/index.php?rest_route=\/wp\/v2\/pages\/183\/revisions"}],"predecessor-version":[{"id":12366,"href":"https:\/\/categero.org.br\/antigo\/index.php?rest_route=\/wp\/v2\/pages\/183\/revisions\/12366"}],"up":[{"embeddable":true,"href":"https:\/\/categero.org.br\/antigo\/index.php?rest_route=\/wp\/v2\/pages\/12333"}],"wp:featuredmedia":[{"embeddable":true,"href":"https:\/\/categero.org.br\/antigo\/index.php?rest_route=\/wp\/v2\/media\/8598"}],"wp:attachment":[{"href":"https:\/\/categero.org.br\/antigo\/index.php?rest_route=%2Fwp%2Fv2%2Fmedia&parent=183"}],"curies":[{"name":"wp","href":"https:\/\/api.w.org\/{rel}","templated":true}]}}