{"id":178,"date":"2010-10-02T01:09:51","date_gmt":"2010-10-02T01:09:51","guid":{"rendered":"http:\/\/www.categero.org.br\/?page_id=178"},"modified":"2017-05-18T17:50:59","modified_gmt":"2017-05-18T20:50:59","slug":"canoasrs-igreja-sao-paulo-apostolo","status":"publish","type":"page","link":"https:\/\/categero.org.br\/antigo\/?page_id=178","title":{"rendered":"RS\/Canoas &#8211; Igreja S\u00e3o Paulo Ap\u00f3stolo"},"content":{"rendered":"<p style=\"text-align: center;\"><strong>A interioza\u00e7\u00e3o de Categer\u00f3 no Sul, primeira cidade do Interior do Estado<\/strong><\/p>\n<p style=\"text-align: center;\"><a href=\"http:\/\/categero.org.br\/wp-content\/uploads\/2010\/10\/009-cat-canoas.jpg\"><img loading=\"lazy\" decoding=\"async\" class=\"aligncenter size-medium wp-image-8595\" src=\"http:\/\/categero.org.br\/wp-content\/uploads\/2010\/10\/009-cat-canoas-144x300.jpg\" alt=\"009-cat canoas\" width=\"144\" height=\"300\" srcset=\"https:\/\/categero.org.br\/antigo\/wp-content\/uploads\/2010\/10\/009-cat-canoas-144x300.jpg 144w, https:\/\/categero.org.br\/antigo\/wp-content\/uploads\/2010\/10\/009-cat-canoas-493x1024.jpg 493w, https:\/\/categero.org.br\/antigo\/wp-content\/uploads\/2010\/10\/009-cat-canoas-495x1027.jpg 495w, https:\/\/categero.org.br\/antigo\/wp-content\/uploads\/2010\/10\/009-cat-canoas.jpg 1161w\" sizes=\"auto, (max-width: 144px) 100vw, 144px\" \/><\/a><\/p>\n<p style=\"text-align: right;\"><em><strong>VEJA MAIS &nbsp; &nbsp;&nbsp;<a href=\"http:\/\/categero.org.br\/?p=10084\" target=\"_blank\" rel=\"noopener noreferrer\">Not\u00edcias &nbsp;desta igreja em nosso Portal<\/a><\/strong><\/em><\/p>\n<p style=\"text-align: justify;\">Existe uma imagem de Santo Antonio de Categer\u00f3, de 1,30m de altura na igreja S\u00e3o Paulo Ap\u00f3stolo, na cidade de Canoas. Essa devo\u00e7\u00e3o foi iniciada em 14 de mar\u00e7o do ano de 2000. A data 14 de mar\u00e7o, &nbsp;corresponde a data da morte do Beato Ant\u00f4nio de Categer\u00f3, &nbsp;em &nbsp;Noto\/It\u00e1lia, como previsto calend\u00e1rio cat\u00f3lico.<\/p>\n<p style=\"text-align: justify;\">Essa \u00e9 a primeira imagem de Santo Ant\u00f4nio de Categer\u00f3 entronizada no Interior do Estado do Rio Grande do Sul. Canoas \u00e9 um munic\u00edpio da Regi\u00e3o Metropolitana de Porto Alegra, Capital ga\u00facha.<\/p>\n<p style=\"text-align: justify;\">A imagem de Categer\u00f3 na igreja S\u00e3o Paulo Ap\u00f3stolo encontra-se, em uma grande caixa envidra\u00e7ada, na nave esquerda de quem entra na Igreja canoense.<\/p>\n<p style=\"padding-left: 120px;\">Igreja S\u00e3o Paulo Ap\u00f3stolo<br \/>\nRua Lajeado, 1366 &#8211; bairro Niter\u00f3i<br \/>\nCanoas &#8211; RS, CEP 92120-090<br \/>\nFone: 51 3475-1166 &#8211; Email:&nbsp;<a href=\"mailto:saopauloapostolo@arquipoa.com\">saopauloapostolo@arquipoa.com<\/a><\/p>\n<p style=\"text-align: right;\">&nbsp;<em><strong>VEJA MAIS &nbsp; &nbsp;&nbsp;<a href=\"http:\/\/categero.org.br\/?p=10084\" target=\"_blank\" rel=\"noopener noreferrer\">Not\u00edcias &nbsp;desta igreja em nosso Portal<\/a><\/strong><\/em><\/p>\n<p><a href=\"http:\/\/categero.org.br\/wp-content\/uploads\/2010\/10\/Anner-Igr-SPaulo-Canoas.jpg\"><img loading=\"lazy\" decoding=\"async\" class=\"aligncenter wp-image-10077 size-medium\" src=\"http:\/\/categero.org.br\/wp-content\/uploads\/2010\/10\/Anner-Igr-SPaulo-Canoas-300x199.jpg\" alt=\"Anner Igr SPaulo Canoas\" width=\"300\" height=\"199\" srcset=\"https:\/\/categero.org.br\/antigo\/wp-content\/uploads\/2010\/10\/Anner-Igr-SPaulo-Canoas-300x199.jpg 300w, https:\/\/categero.org.br\/antigo\/wp-content\/uploads\/2010\/10\/Anner-Igr-SPaulo-Canoas-75x50.jpg 75w, https:\/\/categero.org.br\/antigo\/wp-content\/uploads\/2010\/10\/Anner-Igr-SPaulo-Canoas-120x80.jpg 120w, https:\/\/categero.org.br\/antigo\/wp-content\/uploads\/2010\/10\/Anner-Igr-SPaulo-Canoas.jpg 425w\" sizes=\"auto, (max-width: 300px) 100vw, 300px\" \/><\/a><\/p>\n<p>&nbsp;<\/p>\n<p style=\"text-align: right;\"><em><strong>VEJA MAIS &nbsp; &nbsp;<a href=\"http:\/\/categero.org.br\/?p=10084\" target=\"_blank\" rel=\"noopener noreferrer\">&nbsp;Not\u00edcias &nbsp;desta igreja em nosso Portal<\/a><\/strong><\/em><\/p>\n","protected":false},"excerpt":{"rendered":"<p>A interioza\u00e7\u00e3o de Categer\u00f3 no Sul, primeira cidade do Interior do Estado VEJA MAIS &nbsp; &nbsp;&nbsp;Not\u00edcias &nbsp;desta igreja em nosso Portal Existe uma imagem de Santo Antonio de Categer\u00f3, de 1,30m de altura na igreja S\u00e3o Paulo Ap\u00f3stolo, na cidade de Canoas. Essa devo\u00e7\u00e3o foi iniciada em 14 de mar\u00e7o do ano de 2000. A [&hellip;]<\/p>\n","protected":false},"author":1,"featured_media":10077,"parent":12333,"menu_order":0,"comment_status":"closed","ping_status":"closed","template":"","meta":{"ngg_post_thumbnail":0,"footnotes":""},"class_list":["post-178","page","type-page","status-publish","has-post-thumbnail","hentry"],"_links":{"self":[{"href":"https:\/\/categero.org.br\/antigo\/index.php?rest_route=\/wp\/v2\/pages\/178","targetHints":{"allow":["GET"]}}],"collection":[{"href":"https:\/\/categero.org.br\/antigo\/index.php?rest_route=\/wp\/v2\/pages"}],"about":[{"href":"https:\/\/categero.org.br\/antigo\/index.php?rest_route=\/wp\/v2\/types\/page"}],"author":[{"embeddable":true,"href":"https:\/\/categero.org.br\/antigo\/index.php?rest_route=\/wp\/v2\/users\/1"}],"replies":[{"embeddable":true,"href":"https:\/\/categero.org.br\/antigo\/index.php?rest_route=%2Fwp%2Fv2%2Fcomments&post=178"}],"version-history":[{"count":12,"href":"https:\/\/categero.org.br\/antigo\/index.php?rest_route=\/wp\/v2\/pages\/178\/revisions"}],"predecessor-version":[{"id":12365,"href":"https:\/\/categero.org.br\/antigo\/index.php?rest_route=\/wp\/v2\/pages\/178\/revisions\/12365"}],"up":[{"embeddable":true,"href":"https:\/\/categero.org.br\/antigo\/index.php?rest_route=\/wp\/v2\/pages\/12333"}],"wp:featuredmedia":[{"embeddable":true,"href":"https:\/\/categero.org.br\/antigo\/index.php?rest_route=\/wp\/v2\/media\/10077"}],"wp:attachment":[{"href":"https:\/\/categero.org.br\/antigo\/index.php?rest_route=%2Fwp%2Fv2%2Fmedia&parent=178"}],"curies":[{"name":"wp","href":"https:\/\/api.w.org\/{rel}","templated":true}]}}