{"id":1757,"date":"2011-01-14T12:00:40","date_gmt":"2011-01-14T12:00:40","guid":{"rendered":"http:\/\/www.categero.org.br\/?page_id=1757"},"modified":"2017-03-07T09:03:32","modified_gmt":"2017-03-07T12:03:32","slug":"baia-de-camara-de-lobosportugal-procissao-de-cinzas","status":"publish","type":"page","link":"https:\/\/categero.org.br\/antigo\/?page_id=1757","title":{"rendered":"EU &#8211; Baia de C\u00e2mara de Lobos\/Portugal &#8211; Par\u00f3quia Santa Cec\u00edlia"},"content":{"rendered":"<div id=\"attachment_3422\" style=\"width: 510px\" class=\"wp-caption aligncenter\"><a href=\"http:\/\/www.categero.org.br\/wp-content\/uploads\/2011\/01\/Proc-Cinzas-emdnoticias-ponto-pt-barra-multimpidia.jpg\"><img loading=\"lazy\" decoding=\"async\" aria-describedby=\"caption-attachment-3422\" class=\"wp-image-3422 \" title=\"Proc Cinzas emdnoticias ponto pt barra multimpidia\" src=\"http:\/\/www.categero.org.br\/wp-content\/uploads\/2011\/01\/Proc-Cinzas-emdnoticias-ponto-pt-barra-multimpidia-300x208.jpg\" alt=\"\" width=\"500\" height=\"347\" \/><\/a><p id=\"caption-attachment-3422\" class=\"wp-caption-text\">Foto 12 \u2013 todas imagens da Prociss\u00e3o junto ao altar. Categer\u00f3 \u00e9 a quarta da direita .<\/p><\/div>\n<p style=\"text-align: justify;\"><em>H\u00e1 uma imagem de Santo Ant\u00f4nio de Categer\u00f3, na Baia de C\u00e2mara de Lobos, no Arquip\u00e9lago da Ilha da Madeira,\u00a0em Portugal. Segundo que localizamos a partir da postagem do cronista, Pedro de Freitas, em seu site <a href=\"http:\/\/www.concelhodecamaradelobos.com\/index.html\">http:\/\/www.concelhodecamaradelobos.com\/index.html<\/a> , pesquisando no buscador do site por Santo Ant\u00f3nio de Noto ou Prociss\u00e3o de Cinzas. <\/em><\/p>\n<p style=\"text-align: justify;\"><em>Quanto aonde est\u00e1 entronizada ou guardada essa imagem de Santo Ant\u00f4nio de Noto nos parece ser na <\/em><em>Par\u00f3quia de Santa Cec\u00edlia constitu\u00edda juridicamente em Novembro de 1960<\/em><em>. (Vide p\u00e1gina 19, 2\u00aa linha ao alto, do 2\u00ba Anexo) As imagens da prociss\u00e3o eram e ainda acontece de\u00a0serem mantidas em casas de devotos , bem como \u00e9 prov\u00e1vel que seja uma imagem de &#8220;Roca&#8221;. \u00a0O texto do cronista nos revela uma tradi\u00e7\u00e3o muito antiga retomada no in\u00edcio deste s\u00e9culo e que por certo est\u00e1 vinculada a uma das par\u00f3quias daquele Conselho. Consta em anexo a esta p\u00e1gina e em &#8220;ensaios&#8221; do portal.<\/em><\/p>\n<p style=\"text-align: justify;\"><em>A igreja de Santa Cec\u00edlia,\u00a0de C\u00e2mara dos Logos na Ilha da Madeira \u00e9 encontrada pelo link <\/em><a href=\"http:\/\/www.cspsc.pt\/paroquia\/francisco_secular.html\">http:\/\/www.cspsc.pt\/paroquia\/francisco_secular.html<\/a>, tendo por endere\u00e7o f\u00edsico: \u00a0Caminho de S. Bernardino, n\u00ba83,\u00a09300- 037 C\u00e2mara de Lobos \u00a0ou\u00a0\u00a0Rua Conde Torres Bela, n\u00ba13,\u00a09300 C\u00e2mara de Lobos. \u00a0Telefones: 291 942123 Fax: 291 9417441 e email:\u00a0<a href=\"mailto:francisco.caldeira@hotmail.com\">francisco-caldeira@hotmail.com<\/a><\/p>\n<p style=\"text-align: center;\"><a href=\"http:\/\/www.categero.org.br\/wp-content\/uploads\/2011\/01\/foto9.jpg\"><img loading=\"lazy\" decoding=\"async\" class=\"aligncenter size-medium wp-image-3424\" title=\"foto9\" src=\"http:\/\/www.categero.org.br\/wp-content\/uploads\/2011\/01\/foto9-300x197.jpg\" alt=\"Foto 09 \u2013 andor categer\u00f3 ao longe.\" width=\"300\" height=\"197\" \/><\/a><\/p>\n<p style=\"text-align: justify;\"><em><strong>Tem uma chamada bastante coloquial: \u00a0 Seja Bem-vindo ao site oficial da<\/strong> <strong>P<\/strong><strong>ar\u00f3quia de<\/strong> <strong>S<\/strong><strong>anta<\/strong> <strong>C<\/strong><strong>ec\u00edlia<\/strong><br \/>\nEm meu nome pessoal e em nome de todos os paroquianos, uma sauda\u00e7\u00e3o muito amiga .\u00a0Somos uma par\u00f3quia ainda jovem. Apostamos e tentamos ser neste local, C\u00e2mara de Lobos, e neste tempo fermento de Boa Nova de Jesus Cristo.\u00a0Estamos ao vosso inteiro e total dispor. Pode contactar-nos pessoalmente ou atrav\u00e9s do telefone, correio electr\u00f3nico ou outro meio. Bem haja!<br \/>\n<\/em><\/p>\n<p style=\"text-align: justify;\">\u00c9 seu p\u00e1roco o\u00a0Pe Francisco Caldeira,\u00a0desde 04\/12\/92.<\/p>\n<p style=\"text-align: justify;\"><em>Temos a imagem do beato Ant\u00f4nio de \u00a0Categer\u00f3 (aqui Santo Ant\u00f3nio de Noto) referentes a Prociss\u00e3o de Cinzas do ano passado (2010) publicadas no ve\u00edculo de Comunica\u00e7\u00e3o Social <\/em><a href=\"http:\/\/dnoticias.pt\/multimedia\/fotoreportagem\/206720-procissao-da-cinzas\">http:\/\/dnoticias.pt\/multimedia\/fotoreportagem\/206720-procissao-da-cinzas<\/a>, onde constam 3 (tr\u00eas) fotos, de 14 postadas sobre o evento, as de n\u00fameros 9, 12 e 14 mostram o beato, na sequ\u00eancia:<\/p>\n<p>09 \u2013 andor categer\u00f3 ao longe<\/p>\n<p>12 \u2013 todos junto ao altar<\/p>\n<p>14 na prociss\u00e3o ao longe<\/p>\n<p style=\"text-align: justify;\"><em>Anexos os trabalhos \u00a0que auxiliaram a localizar Categer\u00f3 em Portugal:<\/em><\/p>\n<p style=\"text-align: justify;\"><em>1. Prociss\u00e3o de Cinzas em Portugal (C\u00e2mara de Lobos) em\u00a0\u00a0<a href=\"http:\/\/www.categero.org.br\/wp-content\/uploads\/2011\/01\/DOC.docx\">DOC<\/a>;<\/em><\/p>\n<p style=\"text-align: justify;\"><em>2. Relat\u00f3rio\u00a0\u00a0de atividades da Par\u00f3quia Santa Cec\u00edlia em\u00a0<a href=\"http:\/\/www.categero.org.br\/wp-content\/uploads\/2011\/01\/PDF.pdf\">PDF<\/a><\/em><\/p>\n<div id=\"attachment_3425\" style=\"width: 509px\" class=\"wp-caption aligncenter\"><a href=\"http:\/\/www.categero.org.br\/wp-content\/uploads\/2011\/01\/foto-14.jpg\"><img loading=\"lazy\" decoding=\"async\" aria-describedby=\"caption-attachment-3425\" class=\" wp-image-3425\" title=\"foto 14\" src=\"http:\/\/www.categero.org.br\/wp-content\/uploads\/2011\/01\/foto-14-300x222.jpg\" alt=\"\" width=\"499\" height=\"369\" \/><\/a><p id=\"caption-attachment-3425\" class=\"wp-caption-text\">Foto 14 na prociss\u00e3o vista ao longe.<\/p><\/div>\n","protected":false},"excerpt":{"rendered":"<p>H\u00e1 uma imagem de Santo Ant\u00f4nio de Categer\u00f3, na Baia de C\u00e2mara de Lobos, no Arquip\u00e9lago da Ilha da Madeira,\u00a0em Portugal. Segundo que localizamos a partir da postagem do cronista, Pedro de Freitas, em seu site http:\/\/www.concelhodecamaradelobos.com\/index.html , pesquisando no buscador do site por Santo Ant\u00f3nio de Noto ou Prociss\u00e3o de Cinzas. Quanto aonde est\u00e1 [&hellip;]<\/p>\n","protected":false},"author":1,"featured_media":8610,"parent":33,"menu_order":0,"comment_status":"closed","ping_status":"closed","template":"","meta":{"ngg_post_thumbnail":0,"footnotes":""},"class_list":["post-1757","page","type-page","status-publish","has-post-thumbnail","hentry"],"_links":{"self":[{"href":"https:\/\/categero.org.br\/antigo\/index.php?rest_route=\/wp\/v2\/pages\/1757","targetHints":{"allow":["GET"]}}],"collection":[{"href":"https:\/\/categero.org.br\/antigo\/index.php?rest_route=\/wp\/v2\/pages"}],"about":[{"href":"https:\/\/categero.org.br\/antigo\/index.php?rest_route=\/wp\/v2\/types\/page"}],"author":[{"embeddable":true,"href":"https:\/\/categero.org.br\/antigo\/index.php?rest_route=\/wp\/v2\/users\/1"}],"replies":[{"embeddable":true,"href":"https:\/\/categero.org.br\/antigo\/index.php?rest_route=%2Fwp%2Fv2%2Fcomments&post=1757"}],"version-history":[{"count":8,"href":"https:\/\/categero.org.br\/antigo\/index.php?rest_route=\/wp\/v2\/pages\/1757\/revisions"}],"predecessor-version":[{"id":12105,"href":"https:\/\/categero.org.br\/antigo\/index.php?rest_route=\/wp\/v2\/pages\/1757\/revisions\/12105"}],"up":[{"embeddable":true,"href":"https:\/\/categero.org.br\/antigo\/index.php?rest_route=\/wp\/v2\/pages\/33"}],"wp:featuredmedia":[{"embeddable":true,"href":"https:\/\/categero.org.br\/antigo\/index.php?rest_route=\/wp\/v2\/media\/8610"}],"wp:attachment":[{"href":"https:\/\/categero.org.br\/antigo\/index.php?rest_route=%2Fwp%2Fv2%2Fmedia&parent=1757"}],"curies":[{"name":"wp","href":"https:\/\/api.w.org\/{rel}","templated":true}]}}