{"id":1753,"date":"2011-01-14T11:00:40","date_gmt":"2011-01-14T11:00:40","guid":{"rendered":"http:\/\/www.categero.org.br\/?page_id=1753"},"modified":"2014-02-07T05:51:24","modified_gmt":"2014-02-07T08:51:24","slug":"8-africa","status":"publish","type":"page","link":"https:\/\/categero.org.br\/antigo\/?page_id=1753","title":{"rendered":"8. \u00c1frica"},"content":{"rendered":"<p style=\"text-align: center;\"><strong>P\u00e1gina em prepara\u00e7\u00e3o<\/strong><\/p>\n<p style=\"text-align: center;\">(pesquisa)<\/p>\n<p>Angola &#8211; <a href=\"http:\/\/www.categero.org.br\/angola-citacao-historica-de-categero\/\">Fato hist\u00f3rico<\/a><\/p>\n<p>&#8211; Congo<\/p>\n<p>&#8211; Eti\u00f3pia<\/p>\n<p>&#8211; L\u00edbia<\/p>\n<p>&#8211; Mo\u00e7ambique<\/p>\n<p>&#8211; Sud\u00e3o<\/p>\n","protected":false},"excerpt":{"rendered":"<p>P\u00e1gina em prepara\u00e7\u00e3o (pesquisa) Angola &#8211; Fato hist\u00f3rico &#8211; Congo &#8211; Eti\u00f3pia &#8211; L\u00edbia &#8211; Mo\u00e7ambique &#8211; Sud\u00e3o<\/p>\n","protected":false},"author":1,"featured_media":0,"parent":6,"menu_order":0,"comment_status":"open","ping_status":"open","template":"","meta":{"ngg_post_thumbnail":0,"footnotes":""},"class_list":["post-1753","page","type-page","status-publish","hentry"],"_links":{"self":[{"href":"https:\/\/categero.org.br\/antigo\/index.php?rest_route=\/wp\/v2\/pages\/1753","targetHints":{"allow":["GET"]}}],"collection":[{"href":"https:\/\/categero.org.br\/antigo\/index.php?rest_route=\/wp\/v2\/pages"}],"about":[{"href":"https:\/\/categero.org.br\/antigo\/index.php?rest_route=\/wp\/v2\/types\/page"}],"author":[{"embeddable":true,"href":"https:\/\/categero.org.br\/antigo\/index.php?rest_route=\/wp\/v2\/users\/1"}],"replies":[{"embeddable":true,"href":"https:\/\/categero.org.br\/antigo\/index.php?rest_route=%2Fwp%2Fv2%2Fcomments&post=1753"}],"version-history":[{"count":4,"href":"https:\/\/categero.org.br\/antigo\/index.php?rest_route=\/wp\/v2\/pages\/1753\/revisions"}],"predecessor-version":[{"id":7321,"href":"https:\/\/categero.org.br\/antigo\/index.php?rest_route=\/wp\/v2\/pages\/1753\/revisions\/7321"}],"up":[{"embeddable":true,"href":"https:\/\/categero.org.br\/antigo\/index.php?rest_route=\/wp\/v2\/pages\/6"}],"wp:attachment":[{"href":"https:\/\/categero.org.br\/antigo\/index.php?rest_route=%2Fwp%2Fv2%2Fmedia&parent=1753"}],"curies":[{"name":"wp","href":"https:\/\/api.w.org\/{rel}","templated":true}]}}