{"id":17,"date":"2010-09-27T22:31:48","date_gmt":"2010-09-27T22:31:48","guid":{"rendered":"http:\/\/www.categero.org.br\/?page_id=17"},"modified":"2017-11-28T20:38:04","modified_gmt":"2017-11-28T23:38:04","slug":"ilha-de-marajo-pa-eva-abufaiad","status":"publish","type":"page","link":"https:\/\/categero.org.br\/antigo\/?page_id=17","title":{"rendered":"2. Regi\u00e3o Norte &#8211; PA\/Ilha de Maraj\u00f3 &#8211; Eva Abufaiad"},"content":{"rendered":"<p style=\"text-align: center;\">&nbsp;<\/p>\n<p style=\"text-align: center;\">&nbsp;<\/p>\n<p style=\"text-align: right;\"><em><strong>VEJA MAIS&nbsp; <a href=\"http:\/\/categero.org.br\/?p=10322\" target=\"_blank\" rel=\"noopener noreferrer\">Not\u00ed\u00adcias&nbsp; desta Capela em nosso Portal<\/a><\/strong><\/em><\/p>\n<p style=\"text-align: center;\"><a href=\"http:\/\/www.categero.org.br\/wp-content\/uploads\/2010\/09\/Em-Maraj\u00f3.gif\"><img loading=\"lazy\" decoding=\"async\" width=\"218\" height=\"300\" title=\"Em Maraj\u00f3\" class=\"size-medium wp-image-18\" alt=\"\" src=\"http:\/\/www.categero.org.br\/wp-content\/uploads\/2010\/09\/Em-Maraj\u00f3-218x300.gif\"\/><\/a><\/p>\n<p style=\"text-align: center;\"><strong>O Categer\u00f3 da Ilha de Maraj\u00f3<\/strong><\/p>\n<p style=\"text-align: right;\"><em><strong> VEJA MAIS &nbsp; &nbsp;&nbsp;<a href=\"http:\/\/categero.org.br\/?p=10322\" target=\"_blank\" rel=\"noopener noreferrer\">Not\u00edcias &nbsp;desta Capela&nbsp;em nosso Portal<\/a><\/strong><\/em><\/p>\n<p style=\"text-align: justify;\">.<br \/>\nH\u00e1 uma imagem de Categer\u00f3 na Ilha de Maraj\u00f3, na propriedade de Eva Abufaiad. Ela informa que a imagem est\u00e1 em posse de sua fam\u00edla h\u00e1 mais de 40 anos.<br \/>\nA pe\u00e7a Sacra foi adquirida em um leil\u00e3o de arte por sua irm\u00e3 a desembargadora Eliana Abuafaiad.<br \/>\nInforma a Devota Eva que alguns turistas retornam a Ilha de Maraj\u00f3, al\u00e9m de amazonenses devotos, s\u00f3 para o agradecimento de gra\u00e7as alcan\u00e7adas.<br \/>\nA foto ilustrativa da p\u00e1gina \u00e9 o Santo Ant\u00f4nio de Categer\u00f3 da Ilha de Maraj\u00f3 da fam\u00edlia Abufaiad.<\/p>\n<p style=\"text-align: center;\"><img loading=\"lazy\" decoding=\"async\" width=\"312\" height=\"234\" alt=\"7640_291308017668098_938497140_n\" src=\"http:\/\/categero.org.br\/wp-content\/uploads\/2015\/07\/7640_291308017668098_938497140_n.jpg\"\/><\/p>\n<p style=\"text-align: justify;\">&#8220;Eva Abufaiad&#8221;&lt;<a href=\"evaabufaiad@yahoo.com.br\">evaabufaiad@yahoo.com.br<\/a>&gt;<\/p>\n<p style=\"text-align: right;\"><em><strong>VEJA MAIS &nbsp; &nbsp;&nbsp;<a href=\"http:\/\/categero.org.br\/?p=10322\" target=\"_blank\" rel=\"noopener noreferrer\">Not\u00edcias &nbsp;desta Capela&nbsp;em nosso Portal<\/a><\/strong><\/em><\/p>\n<p style=\"text-align: center;\"><a href=\"http:\/\/www.categero.org.br\/wp-content\/uploads\/2010\/09\/Ilha-de-Maraj\u00f3.jpg\"><img loading=\"lazy\" decoding=\"async\" width=\"240\" height=\"180\" title=\"Ilha de Maraj\u00f3\" class=\"wp-image-2849 alignnone\" alt=\"\" src=\"http:\/\/www.categero.org.br\/wp-content\/uploads\/2010\/09\/Ilha-de-Maraj\u00f3-300x225.jpg\"\/><\/a><\/p>\n","protected":false},"excerpt":{"rendered":"<p>&nbsp; &nbsp; VEJA MAIS&nbsp; Not\u00ed\u00adcias&nbsp; desta Capela em nosso Portal O Categer\u00f3 da Ilha de Maraj\u00f3 VEJA MAIS &nbsp; &nbsp;&nbsp;Not\u00edcias &nbsp;desta Capela&nbsp;em nosso Portal . H\u00e1 uma imagem de Categer\u00f3 na Ilha de Maraj\u00f3, na propriedade de Eva Abufaiad. Ela informa que a imagem est\u00e1 em posse de sua fam\u00edla h\u00e1 mais de 40 anos. [&hellip;]<\/p>\n","protected":false},"author":1,"featured_media":12136,"parent":12863,"menu_order":0,"comment_status":"open","ping_status":"open","template":"","meta":{"ngg_post_thumbnail":0,"footnotes":""},"class_list":["post-17","page","type-page","status-publish","has-post-thumbnail","hentry"],"_links":{"self":[{"href":"https:\/\/categero.org.br\/antigo\/index.php?rest_route=\/wp\/v2\/pages\/17","targetHints":{"allow":["GET"]}}],"collection":[{"href":"https:\/\/categero.org.br\/antigo\/index.php?rest_route=\/wp\/v2\/pages"}],"about":[{"href":"https:\/\/categero.org.br\/antigo\/index.php?rest_route=\/wp\/v2\/types\/page"}],"author":[{"embeddable":true,"href":"https:\/\/categero.org.br\/antigo\/index.php?rest_route=\/wp\/v2\/users\/1"}],"replies":[{"embeddable":true,"href":"https:\/\/categero.org.br\/antigo\/index.php?rest_route=%2Fwp%2Fv2%2Fcomments&post=17"}],"version-history":[{"count":10,"href":"https:\/\/categero.org.br\/antigo\/index.php?rest_route=\/wp\/v2\/pages\/17\/revisions"}],"predecessor-version":[{"id":12771,"href":"https:\/\/categero.org.br\/antigo\/index.php?rest_route=\/wp\/v2\/pages\/17\/revisions\/12771"}],"up":[{"embeddable":true,"href":"https:\/\/categero.org.br\/antigo\/index.php?rest_route=\/wp\/v2\/pages\/12863"}],"wp:featuredmedia":[{"embeddable":true,"href":"https:\/\/categero.org.br\/antigo\/index.php?rest_route=\/wp\/v2\/media\/12136"}],"wp:attachment":[{"href":"https:\/\/categero.org.br\/antigo\/index.php?rest_route=%2Fwp%2Fv2%2Fmedia&parent=17"}],"curies":[{"name":"wp","href":"https:\/\/api.w.org\/{rel}","templated":true}]}}