{"id":1645,"date":"2011-01-11T10:58:24","date_gmt":"2011-01-11T10:58:24","guid":{"rendered":"http:\/\/www.categero.org.br\/?page_id=1645"},"modified":"2013-12-13T09:24:24","modified_gmt":"2013-12-13T12:24:24","slug":"30-2005-rosa-egipciaca-uma-santa-africana-no-brasil-colonial","status":"publish","type":"page","link":"https:\/\/categero.org.br\/antigo\/?page_id=1645","title":{"rendered":"RS\/2005 &#8211; Rosa Egipc\u00edaca: Uma Santa Africana no Brasil Colonial"},"content":{"rendered":"<p>\u00a0<strong>Rosa Egipc\u00edaca: Uma Santa Africana no Brasil Colonial<\/strong><\/p>\n<p>Autor: Luiz Mott<\/p>\n<p>Trabalho acad\u00eamico publicado no Cadernos IHU id\u00e9ias ano 3 \u2013 n\u00ba 38 \u2013 2005 \u2013 1679-Unissinos \u2013 S\u00e3o Leopoldo\/RS.<\/p>\n<p><em>Est\u00e1 destacado ao in\u00edcio da publica\u00e7\u00e3o: Cadernos <\/em><em>IHU <\/em><em>Id\u00e9ias: <\/em>Apresenta artigos produzidos pelos convidados-palestrantes dos eventos promovidos pelo IHU. A diversidade dos temas, abrangendo as mais diferentes \u00e1reas do conhecimento, \u00e9 um dado a ser destacado nesta publica\u00e7\u00e3o, al\u00e9m de seu car\u00e1ter cient\u00edfico e de agrad\u00e1vel leitura.<\/p>\n<p>\u00a0<a href=\"http:\/\/www.categero.org.br\/wp-content\/uploads\/2011\/01\/Sta-Ros-Egipciaca-Categero.jpg\"><img loading=\"lazy\" decoding=\"async\" title=\"Sta Ros Egipciaca Categero\" src=\"http:\/\/www.categero.org.br\/wp-content\/uploads\/2011\/01\/Sta-Ros-Egipciaca-Categero-300x300.jpg\" alt=\"\" width=\"300\" height=\"300\" \/><\/a>Capa do Livro publicado pelo Autor de 750 p\u00e1gs pela Ed. Beltran\/RJ<\/p>\n<p>A publica\u00e7\u00e3o trata de um PDF com 26 p\u00e1ginas,\u00a0onde consta \u00a0um resumo biogr\u00e1fico da vida da escrava que ficou conhecida como Santo Rosa Egipc\u00edaca. Trazida de sua terra natal na \u00c1frica, aos 6 anos de\u00a0 idade, sem pai, m\u00e3e ou qualquer parente e vendida ao Brasil. Do abuso continuado de seu senhor, no Rio de Janeiro, \u00e0 prostitui\u00e7\u00e3o por anos com mineiros em Minas Gerais e seu retorno ao Rio, at\u00e9 ser reconhecida como uma Santa pela sociedade e como r\u00e9 pela Santa Inquisi\u00e7\u00e3o de Lisboa. Na p\u00e1gina 12 h\u00e1 uma cita\u00e7\u00e3o de Santo Ant\u00f4nio de Categer\u00f3, Catiger\u00f3 e de Noto.<\/p>\n<p>Local de onde retiramos este material: <a href=\"http:\/\/www.ihu.unisinos.br\/uploads\/publicacoes\/edicoes\/1158330564.59pdf.pdf\">http:\/\/www.ihu.unisinos.br\/uploads\/publicacoes\/edicoes\/1158330564.59pdf.pdf<\/a><\/p>\n<p>Nosso \u00a0<a href=\"http:\/\/www.categero.org.br\/wp-content\/uploads\/2011\/01\/Luiz-Mott.pdf\">Luiz Mott<\/a>\u00a0 do material dispon\u00edvel<\/p>\n<p>Sobre o autor:<\/p>\n<p><strong>Luiz Mott <\/strong>(1946), natural de S\u00e3o Paulo\/SP, \u00e9 professor titular de Antropologia na Universidade Federal<a href=\"http:\/\/www.categero.org.br\/wp-content\/uploads\/2011\/01\/Luiz-Mott-Categero.bmp\"><img loading=\"lazy\" decoding=\"async\" class=\"size-full wp-image-1647  alignleft\" title=\"Luiz Mott Categero\" src=\"http:\/\/www.categero.org.br\/wp-content\/uploads\/2011\/01\/Luiz-Mott-Categero.bmp\" alt=\"\" width=\"83\" height=\"119\" \/><\/a>\u00a0da Bahia (UFBA), desde 1980. \u00c9 graduado em Ci\u00eancias Sociais, pela Universidade de S\u00e3o Paulo (USP), 1968; mestre em Etnologia, pela Universit\u00e9 de Paris IV (Sorbonne), Fran\u00e7a, 1971; e doutor em Ci\u00eancias Sociais, pela Universidade Estadual de Campinas (UNICAMP), 1975. Sua tese de doutorado intitula-se <em>A Feira de Brejo Grande. <\/em><em>Sergipe<\/em>. \u00c9 p\u00f3s-doutor em Etno-Hist\u00f3ria, pelo Arquivo Nacional da Torre do Tombo (ANTT), Portugal, 1983.<\/p>\n<p><strong>Algumas publica\u00e7\u00f5es do autor:<\/strong><\/p>\n<p><em>Cr\u00f4nicas de um gay assumido<\/em>. Rio de Janeiro: Record, 2003. p.317; <em>Homossexualidade<\/em>: Mitos e Verdades. Salvador: Editora Grupo Gay da Bahia, 2003 p.132<\/p>\n<p><em>Matei porque odeio gay<\/em>. Salvador: Editora Grupo Gay da Bahia 2003, v.1. p.256<\/p>\n<p><em>O crime anti-homossexual no Brasil<\/em>. Salvador: Editora Grupo Gay da Bahia, 2002. p.180<\/p>\n<p><em>Causa Mortis: <\/em>Homofobia. Salvador: Editora Grupo Gay da Bahia, 2001, v.1. p.164<\/p>\n<p><em>A Cena Gay em Salvador em Tempos de Aids<\/em>. Salvador: Editora Grupo<\/p>\n<p>Gay da Bahia\/Minist\u00e9rio da Sa\u00fade, 2000. p.150.<\/p>\n<p><em>Rosa Egipc\u00edaca: <\/em>Uma Santa Africana no Brasil. Rio de Janeiro: Bertrand, 1993. 750 p\u00e1gs.<\/p>\n","protected":false},"excerpt":{"rendered":"<p>\u00a0Rosa Egipc\u00edaca: Uma Santa Africana no Brasil Colonial Autor: Luiz Mott Trabalho acad\u00eamico publicado no Cadernos IHU id\u00e9ias ano 3 \u2013 n\u00ba 38 \u2013 2005 \u2013 1679-Unissinos \u2013 S\u00e3o Leopoldo\/RS. Est\u00e1 destacado ao in\u00edcio da publica\u00e7\u00e3o: Cadernos IHU Id\u00e9ias: Apresenta artigos produzidos pelos convidados-palestrantes dos eventos promovidos pelo IHU. A diversidade dos temas, abrangendo as [&hellip;]<\/p>\n","protected":false},"author":1,"featured_media":0,"parent":3844,"menu_order":0,"comment_status":"closed","ping_status":"closed","template":"","meta":{"ngg_post_thumbnail":0,"footnotes":""},"class_list":["post-1645","page","type-page","status-publish","hentry"],"_links":{"self":[{"href":"https:\/\/categero.org.br\/antigo\/index.php?rest_route=\/wp\/v2\/pages\/1645","targetHints":{"allow":["GET"]}}],"collection":[{"href":"https:\/\/categero.org.br\/antigo\/index.php?rest_route=\/wp\/v2\/pages"}],"about":[{"href":"https:\/\/categero.org.br\/antigo\/index.php?rest_route=\/wp\/v2\/types\/page"}],"author":[{"embeddable":true,"href":"https:\/\/categero.org.br\/antigo\/index.php?rest_route=\/wp\/v2\/users\/1"}],"replies":[{"embeddable":true,"href":"https:\/\/categero.org.br\/antigo\/index.php?rest_route=%2Fwp%2Fv2%2Fcomments&post=1645"}],"version-history":[{"count":3,"href":"https:\/\/categero.org.br\/antigo\/index.php?rest_route=\/wp\/v2\/pages\/1645\/revisions"}],"predecessor-version":[{"id":5942,"href":"https:\/\/categero.org.br\/antigo\/index.php?rest_route=\/wp\/v2\/pages\/1645\/revisions\/5942"}],"up":[{"embeddable":true,"href":"https:\/\/categero.org.br\/antigo\/index.php?rest_route=\/wp\/v2\/pages\/3844"}],"wp:attachment":[{"href":"https:\/\/categero.org.br\/antigo\/index.php?rest_route=%2Fwp%2Fv2%2Fmedia&parent=1645"}],"curies":[{"name":"wp","href":"https:\/\/api.w.org\/{rel}","templated":true}]}}