{"id":153,"date":"2010-10-01T01:22:00","date_gmt":"2010-10-01T01:22:00","guid":{"rendered":"http:\/\/www.categero.org.br\/?page_id=153"},"modified":"2017-05-18T18:02:16","modified_gmt":"2017-05-18T21:02:16","slug":"6-regiao-sulbr","status":"publish","type":"page","link":"https:\/\/categero.org.br\/antigo\/?page_id=153","title":{"rendered":"6. Regi\u00e3o Sul\/Br &#8211; Imagens do Beato Ant\u00f4nio de Categer\u00f3"},"content":{"rendered":"<p style=\"text-align: center;\"><img loading=\"lazy\" decoding=\"async\" class=\"aligncenter size-full wp-image-12343\" src=\"http:\/\/categero.org.br\/wp-content\/uploads\/2010\/10\/Regi\u00e3o-Sul.jpg\" alt=\"\" width=\"425\" height=\"283\" srcset=\"https:\/\/categero.org.br\/antigo\/wp-content\/uploads\/2010\/10\/Regi\u00e3o-Sul.jpg 425w, https:\/\/categero.org.br\/antigo\/wp-content\/uploads\/2010\/10\/Regi\u00e3o-Sul-300x200.jpg 300w, https:\/\/categero.org.br\/antigo\/wp-content\/uploads\/2010\/10\/Regi\u00e3o-Sul-75x50.jpg 75w, https:\/\/categero.org.br\/antigo\/wp-content\/uploads\/2010\/10\/Regi\u00e3o-Sul-120x80.jpg 120w\" sizes=\"auto, (max-width: 425px) 100vw, 425px\" \/><\/p>\n<p>Na Regi\u00e3o Sul do Brasil, os levantamentos sobre imagens do Beato Ant\u00f4nio de Categer\u00f3, j\u00e1 est\u00e3o consolidadas, nos Estados do Rio Grande do Sul e de Santa Catarina, ficando para uma pr\u00f3xima etapa da pesquisa, o Estado do Paran\u00e1.<\/p>\n<p>.<\/p>\n<p><em><strong>Paran\u00e1<\/strong><\/em><\/p>\n<p><a href=\"http:\/\/categero.org.br\/2-altares-da-fe\/6-regiao-sulbr\/o-beato-antonio-de-categero-no-estado-de-santa-catarina\/\" target=\"_blank\" rel=\"noopener noreferrer\"><span style=\"color: #0000ff;\"><em><strong>Santa Catarina e os templos e locais com imagens do Beato<\/strong><\/em><\/span><\/a><\/p>\n<p><span style=\"color: #3366ff;\"><em><strong><a style=\"color: #3366ff;\" href=\"http:\/\/categero.org.br\/2-altares-da-fe\/6-regiao-sulbr\/rio-grande-do-sul-e-o-templos-e-locais-com-imagens-do-beato\/\" target=\"_blank\" rel=\"noopener noreferrer\">Rio Grande do Sul e o templos e locais com imagens do Beato<\/a><\/strong><\/em><\/span><\/p>\n<p>&nbsp;<\/p>\n<p>&nbsp;<\/p>\n<p style=\"text-align: center;\"><img loading=\"lazy\" decoding=\"async\" class=\"aligncenter size-full wp-image-12343\" src=\"http:\/\/categero.org.br\/wp-content\/uploads\/2010\/10\/Regi\u00e3o-Sul.jpg\" alt=\"\" width=\"425\" height=\"283\" srcset=\"https:\/\/categero.org.br\/antigo\/wp-content\/uploads\/2010\/10\/Regi\u00e3o-Sul.jpg 425w, https:\/\/categero.org.br\/antigo\/wp-content\/uploads\/2010\/10\/Regi\u00e3o-Sul-300x200.jpg 300w, https:\/\/categero.org.br\/antigo\/wp-content\/uploads\/2010\/10\/Regi\u00e3o-Sul-75x50.jpg 75w, https:\/\/categero.org.br\/antigo\/wp-content\/uploads\/2010\/10\/Regi\u00e3o-Sul-120x80.jpg 120w\" sizes=\"auto, (max-width: 425px) 100vw, 425px\" \/><\/p>\n","protected":false},"excerpt":{"rendered":"<p>Na Regi\u00e3o Sul do Brasil, os levantamentos sobre imagens do Beato Ant\u00f4nio de Categer\u00f3, j\u00e1 est\u00e3o consolidadas, nos Estados do Rio Grande do Sul e de Santa Catarina, ficando para uma pr\u00f3xima etapa da pesquisa, o Estado do Paran\u00e1. . Paran\u00e1 Santa Catarina e os templos e locais com imagens do Beato Rio Grande do [&hellip;]<\/p>\n","protected":false},"author":1,"featured_media":12346,"parent":6,"menu_order":0,"comment_status":"closed","ping_status":"closed","template":"","meta":{"ngg_post_thumbnail":0,"footnotes":""},"class_list":["post-153","page","type-page","status-publish","has-post-thumbnail","hentry"],"_links":{"self":[{"href":"https:\/\/categero.org.br\/antigo\/index.php?rest_route=\/wp\/v2\/pages\/153","targetHints":{"allow":["GET"]}}],"collection":[{"href":"https:\/\/categero.org.br\/antigo\/index.php?rest_route=\/wp\/v2\/pages"}],"about":[{"href":"https:\/\/categero.org.br\/antigo\/index.php?rest_route=\/wp\/v2\/types\/page"}],"author":[{"embeddable":true,"href":"https:\/\/categero.org.br\/antigo\/index.php?rest_route=\/wp\/v2\/users\/1"}],"replies":[{"embeddable":true,"href":"https:\/\/categero.org.br\/antigo\/index.php?rest_route=%2Fwp%2Fv2%2Fcomments&post=153"}],"version-history":[{"count":28,"href":"https:\/\/categero.org.br\/antigo\/index.php?rest_route=\/wp\/v2\/pages\/153\/revisions"}],"predecessor-version":[{"id":12353,"href":"https:\/\/categero.org.br\/antigo\/index.php?rest_route=\/wp\/v2\/pages\/153\/revisions\/12353"}],"up":[{"embeddable":true,"href":"https:\/\/categero.org.br\/antigo\/index.php?rest_route=\/wp\/v2\/pages\/6"}],"wp:featuredmedia":[{"embeddable":true,"href":"https:\/\/categero.org.br\/antigo\/index.php?rest_route=\/wp\/v2\/media\/12346"}],"wp:attachment":[{"href":"https:\/\/categero.org.br\/antigo\/index.php?rest_route=%2Fwp%2Fv2%2Fmedia&parent=153"}],"curies":[{"name":"wp","href":"https:\/\/api.w.org\/{rel}","templated":true}]}}