{"id":1503,"date":"2010-12-21T01:25:20","date_gmt":"2010-12-21T01:25:20","guid":{"rendered":"http:\/\/www.categero.org.br\/?page_id=1503"},"modified":"2018-12-12T14:23:38","modified_gmt":"2018-12-12T17:23:38","slug":"mgitapecerica-igreja-n%c2%aa-s%c2%aa-do-rosario","status":"publish","type":"page","link":"https:\/\/categero.org.br\/antigo\/?page_id=1503","title":{"rendered":"MG\/Itapecerica &#8211; Igreja N\u00aa S\u00aa do Ros\u00e1rio"},"content":{"rendered":"<p><a href=\"http:\/\/www.categero.org.br\/wp-content\/uploads\/2010\/12\/NSRosPr-Itapecerica-a.jpg\"><img loading=\"lazy\" decoding=\"async\" class=\"alignleft size-full wp-image-1504\" title=\"NSRosPr Itapecerica a\" src=\"http:\/\/www.categero.org.br\/wp-content\/uploads\/2010\/12\/NSRosPr-Itapecerica-a.jpg\" alt=\"\" width=\"200\" height=\"150\" \/><\/a><a href=\"http:\/\/www.categero.org.br\/wp-content\/uploads\/2010\/12\/IgrejaNSRosPrItapecirica1.jpg\"><img loading=\"lazy\" decoding=\"async\" class=\"alignright size-medium wp-image-1506\" title=\"OLYMPUS DIGITAL CAMERA\" src=\"http:\/\/www.categero.org.br\/wp-content\/uploads\/2010\/12\/IgrejaNSRosPrItapecirica1-225x300.jpg\" alt=\"\" width=\"225\" height=\"300\" \/><\/a><\/p>\n<p><a href=\"http:\/\/www.paroquiaitapecericamg.com.br\/\">http:\/\/www.paroquiaitapecericamg.com.br\/<\/a> &#8211;\u00a0 T\u00eam oito \u00a0igrejas citadas, na par\u00f3quia de S\u00e3o Bento do Itapecerica, das \u00a0quais al\u00e9m da N\u00aaS\u00aa do Ros\u00e1iro, desejo pesquisar a exist\u00eancia \u00a0de categer\u00f3s, nelas.<\/p>\n<p>Acreditamos que haja a imagem do Santo por ele receber \u00a0homenagens na Festa. Inclusive uma foto postada, permite i \u00a0inferir que a est\u00e1tua, a qual est\u00e1 a esquerda de quem olha o \u00a0Altar principal, em uma parede que o antecede, junto a outra \u00a0imagem bem maior, seja o \u00a0Categer\u00f3. \u00c9 uma imagem pequena que deve ter, no m\u00e1ximo, 30 cm. Tamb\u00e9m h\u00e1 outros dois santos do outro lado da parede.<\/p>\n<p>Este linck mostra a cita\u00e7\u00e3o de homenagem a Santo Ant\u00f4nio de Categer\u00f3, por ocasi\u00e3o dos festejos &#8211; \u00a0\u00a0<a href=\"http:\/\/www.paroquiaitapecericamg.com.br\/Rosarioreinado.html\">http:\/\/www.paroquiaitapecericamg.com.br\/Rosarioreinado.html<\/a> e transcrito abaixo:<\/p>\n<p>A FESTA DO REINADO EM ITAPECERICA &#8211; MG<\/p>\n<p>\u201cMeus irm\u00e3os e irm\u00e3s: a Festa do Reinado extravasa a felicidade e a alegria do cora\u00e7\u00e3o das pessoas que organizam e participam desse momento, que \u00e9 um momento de F\u00e9 (religiosidade), e depois, tamb\u00e9m \u00e9 folcl\u00f3rico, hist\u00f3rico, cultural.<br \/>\nA Festa acontece para louvar a Deus e homenagear Nossa Senhora (do Ros\u00e1rio, das Merc\u00eas, de Aparecida) e os Santos (Benedito, o mouro; Domingos de Gusm\u00e3o e Catarina de Sena; Bento, de N\u00farsia; <strong>Ant\u00f4nio Categer\u00f3<\/strong> e Efig\u00eania). Nossa Senhora, a M\u00e3e de Jesus e os Santos foram pessoas felizes e alegres, porque, viveram em sintonia com o Evangelho de Nosso Senhor Jesus Cristo. N\u00e3o podemos esquecer que Jesus era pessoa imensamente feliz.<\/p>\n<p>N\u00e3o \u00e9 a toa que o povo canta com muito fervor a musica: \u201cCristo \u00e9 a felicidade\u201d. No Antigo, ou primeiro Testamento, encontramos hist\u00f3rias de pessoas que viveram felizes na presen\u00e7a de Deus. A Carta aos Hebreus, no Cap\u00edtulo 11, lembra o testemunho de f\u00e9 dessas pessoas. Vale a pena ler tamb\u00e9m os cap\u00edtulos 12 e 13 dessa Carta. Somos convidados \u201ca prosseguir com perseveran\u00e7a a nossa caminhada, mantendo os olhos fixos em Jesus, rodeados dessa grande nuvem de testemunhas, ou seja, os santos\u201d.(Hb 12,1-2)\u00a0 Abra\u00e3o, Mois\u00e9s, todos os Profetas &#8230;&#8230;, a Virgem Maria, Efig\u00eania, Catarina, Benedito, Bento, Domingos e Ant\u00f4nio foram felizes. Por qu\u00ea?<br \/>\nParticipar da Festa do Reinado, e da Comunidade, \u00e9 ser feliz. Que beleza \u00e9 a Festa do Reinado em Itapecerica! Entram na festa e na dan\u00e7a: homens e mulheres, o jovem e a crian\u00e7a, o adulto e o idoso, o negro e o branco, o acad\u00eamico e o analfabeto, o padre e o leigo, o pobre e o rico, o alto e o baixo, o gordo e o magro, \u201co feio e o bonito\u201d, o pol\u00edtico e o eleitor, o nativo e o visitante.<br \/>\nN\u00e3o h\u00e1 viol\u00eancia, somente pequenas ocorr\u00eancias. \u00c9 pr\u00f3prio da festa n\u00e3o ter um hor\u00e1rio r\u00edgido.\u00a0 Isso \u00e9 ter\u00a0 liberdade, tempo para cantar e encontrar os irm\u00e3os, daqui e de fora.. No cativeiro o tempo todo \u00e9 trabalhar (para os senhores de engenhos: os de ontem e os de hoje). Muitas pessoas dizem: \u201cem Itapecerica tem festa demais!\u201d Mas \u00e9 bom, o povo daqui, ainda poder fazer festas. Tem lugar que j\u00e1 n\u00e3o pode mais. E o povo que faz festa \u00e9 feliz. Algu\u00e9m j\u00e1 viu defunto fazer festa? \u201cOi! Viva Deus, viva Deus Nosso Senhor&#8230;\u201d Vivas\u00a0 a nossa Senhora e aos Santos. Viva o povo, feliz. Viva a Vida. Desapare\u00e7a tudo, o que a destr\u00f3i.<br \/>\nVamos conhecer um pouco a hist\u00f3ria de Nossa Senhora do Ros\u00e1rio, das Merc\u00eas e dos Santos do Reinado?\u00a0\u201c<\/p>\n<p>Pe. Pedro Gondim. 08\/2007<\/p>\n","protected":false},"excerpt":{"rendered":"<p>http:\/\/www.paroquiaitapecericamg.com.br\/ &#8211;\u00a0 T\u00eam oito \u00a0igrejas citadas, na par\u00f3quia de S\u00e3o Bento do Itapecerica, das \u00a0quais al\u00e9m da N\u00aaS\u00aa do Ros\u00e1iro, desejo pesquisar a exist\u00eancia \u00a0de categer\u00f3s, nelas. Acreditamos que haja a imagem do Santo por ele receber \u00a0homenagens na Festa. Inclusive uma foto postada, permite i \u00a0inferir que a est\u00e1tua, a qual est\u00e1 a esquerda [&hellip;]<\/p>\n","protected":false},"author":1,"featured_media":8488,"parent":8870,"menu_order":0,"comment_status":"closed","ping_status":"closed","template":"","meta":{"ngg_post_thumbnail":0,"footnotes":""},"class_list":["post-1503","page","type-page","status-publish","has-post-thumbnail","hentry"],"_links":{"self":[{"href":"https:\/\/categero.org.br\/antigo\/index.php?rest_route=\/wp\/v2\/pages\/1503","targetHints":{"allow":["GET"]}}],"collection":[{"href":"https:\/\/categero.org.br\/antigo\/index.php?rest_route=\/wp\/v2\/pages"}],"about":[{"href":"https:\/\/categero.org.br\/antigo\/index.php?rest_route=\/wp\/v2\/types\/page"}],"author":[{"embeddable":true,"href":"https:\/\/categero.org.br\/antigo\/index.php?rest_route=\/wp\/v2\/users\/1"}],"replies":[{"embeddable":true,"href":"https:\/\/categero.org.br\/antigo\/index.php?rest_route=%2Fwp%2Fv2%2Fcomments&post=1503"}],"version-history":[{"count":5,"href":"https:\/\/categero.org.br\/antigo\/index.php?rest_route=\/wp\/v2\/pages\/1503\/revisions"}],"predecessor-version":[{"id":13281,"href":"https:\/\/categero.org.br\/antigo\/index.php?rest_route=\/wp\/v2\/pages\/1503\/revisions\/13281"}],"up":[{"embeddable":true,"href":"https:\/\/categero.org.br\/antigo\/index.php?rest_route=\/wp\/v2\/pages\/8870"}],"wp:featuredmedia":[{"embeddable":true,"href":"https:\/\/categero.org.br\/antigo\/index.php?rest_route=\/wp\/v2\/media\/8488"}],"wp:attachment":[{"href":"https:\/\/categero.org.br\/antigo\/index.php?rest_route=%2Fwp%2Fv2%2Fmedia&parent=1503"}],"curies":[{"name":"wp","href":"https:\/\/api.w.org\/{rel}","templated":true}]}}