{"id":1500,"date":"2010-12-21T01:01:14","date_gmt":"2010-12-21T01:01:14","guid":{"rendered":"http:\/\/www.categero.org.br\/?page_id=1500"},"modified":"2014-03-25T16:16:42","modified_gmt":"2014-03-25T19:16:42","slug":"rjcampos-igreja-n%c2%aas%c2%aa-da-conceicao","status":"publish","type":"page","link":"https:\/\/categero.org.br\/antigo\/?page_id=1500","title":{"rendered":"RJ\/Campos &#8211; Igreja N\u00aaS\u00aa da Concei\u00e7\u00e3o"},"content":{"rendered":"<p style=\"text-align: center;\"><strong><a href=\"http:\/\/www.categero.org.br\/wp-content\/uploads\/2010\/12\/Igr-NS-Concei\u00e7\u00e3o.jpg\"><img loading=\"lazy\" decoding=\"async\" class=\"size-medium wp-image-1501  aligncenter\" title=\"Igr NS Concei\u00e7\u00e3o\" alt=\"\" src=\"http:\/\/www.categero.org.br\/wp-content\/uploads\/2010\/12\/Igr-NS-Concei\u00e7\u00e3o-300x216.jpg\" width=\"300\" height=\"216\" \/><\/a><\/strong><\/p>\n<p><strong>Categer\u00f3 no turismo religioso do Caminho de Santo Amaro em Campos\/RJ<\/strong><\/p>\n<h3>Religi\u00e3o<\/h3>\n<p>H\u00e1 uma imagem de Santo Antonio de Categer\u00f3 na Igreja de N\u00aa S\u00aa da Concei\u00e7\u00e3o em Campos\/RJ<\/p>\n<p>Local de onde obtivemos a informa\u00e7\u00e3o: <a href=\"http:\/\/www.ururau.com.br\/cidades7370_TURISMO_RELIGIOSO_Caminho_de_Santo_Amaro_passar%C3%A1_por_diversas_igrejas\">http:\/\/www.ururau.com.br\/cidades7370_TURISMO_RELIGIOSO_Caminho_de_Santo_Amaro_passar%C3%A1_por_diversas_igrejas<\/a><\/p>\n<p>Publicada em 17 de dezembro de 2010 \u00b7 05:05<\/p>\n<p>Tamb\u00e9m ratificado no Portal da cidade de Campos\/RS:<\/p>\n<p><a href=\"http:\/\/www.campos.rj.gov.br\/exibirNoticia.php?id_noticia=5115\">http:\/\/www.campos.rj.gov.br\/exibirNoticia.php?id_noticia=5115<\/a><\/p>\n<ul>\n<li>O trajeto que fi\u00e9is percorrem anualmente no dia 15 de janeiro, dia de Santo Amaro, ira se transformar em roteiro tur\u00edstico. Para tanto, a Secretaria de Desenvolvimento Econ\u00f4mico e Petr\u00f3leo, atrav\u00e9s do Departamento de Turismo, realizou um passeio t\u00e9cnico no \u201cCaminho de Santo Amaro\u201d como parte do roteiro tur\u00edstico que no pr\u00f3ximo ano ser\u00e1 iniciado atrav\u00e9s das ag\u00eancias e operadoras de turismo, inaugurando o turismo<\/li>\n<\/ul>\n<p>Uma comitiva de profissionais e representantes do setor percorreu todo o trajeto, que teve in\u00edcio na Catedral do Sant\u00edssimo Salvador, passando pelas igrejas de S\u00e3o Francisco, do Carmo e de S\u00e3o Benedito, de onde o grupo se deslocou para a Baixada Campista, terminando o percurso na Igreja de Santo Amaro.<\/p>\n<p>O objetivo do passeio foi alcan\u00e7ado, com o levantamento de informa\u00e7\u00f5es importantes e a defini\u00e7\u00e3o, por exemplo, de que todas as igrejas do Caminho de Santo Amaro receber\u00e3o um marco zero com informa\u00e7\u00f5es da sua hist\u00f3ria, al\u00e9m de um portal de informa\u00e7\u00f5es de interesse geral. Outro ponto definido \u00e9 que ser\u00e1 feita uma sinaliza\u00e7\u00e3o tur\u00edstica por todo o percurso, com a finalidade de orientar e direcionar o caminhante, assim como preparo de materiais como mapa e folhetos informativos para serem distribu\u00eddos.<\/p>\n<p>As pessoas ser\u00e3o orientadas, atrav\u00e9s de placas indicativas que a Emut instalar\u00e1 e que ter\u00e3o a fun\u00e7\u00e3o tamb\u00e9m, de divulgar o Caminho. O mais interessante \u00e9 que ser\u00e1 dada a op\u00e7\u00e3o ao turista de fazer o percurso a p\u00e9 pela \u00e1rea central, com op\u00e7\u00e3o de roteiro adicional e, tamb\u00e9m, de fazer o roteiro completo, tomando uma van para conhecer tamb\u00e9m as igrejas da baixada at\u00e9 chegar a Santo Amaro.<\/p>\n<p>O roteiro contar\u00e1 com a participa\u00e7\u00e3o dos padres respons\u00e1veis pelas igrejas, que ter\u00e3o uma reuni\u00e3o nos pr\u00f3ximos dias com o Departamento de Turismo, para discutir os detalhes do projeto. No passeio, o grupo conversou com o p\u00e1roco da Catedral, Padre Walace, e de Santo Amaro, Padre Ramiro. Ambos se colocaram \u00e0 disposi\u00e7\u00e3o para transformar o Caminho de Santo Amaro num grande sucesso.<\/p>\n<p>Durante o passeio, a comitiva atestou a riqueza do turismo religioso no munic\u00edpio, que abriga preciosidades como o sino da Igreja de S\u00e3o Francisco, ainda em funcionamento, que badala a cada 15 minutos, e a imagem do santo feita em barro e fechada em vidro, desde \u00e0 constru\u00e7\u00e3o.<\/p>\n<p><strong>Outro ponto interessante<\/strong> encontrado pelo grupo foi a imagem na Igreja Nossa Senhora da Concei\u00e7\u00e3o, na ala lateral da nave, <strong>do santo africano, o Santo Ant\u00f4nio do Categer\u00f3<\/strong>, tamb\u00e9m cultuado no candombl\u00e9. J\u00e1 na Baixada, um dos destaques ficou por conta do menor orat\u00f3rio do munic\u00edpio e da regi\u00e3o, localizado em Goytacazes. O local chama a aten\u00e7\u00e3o pelo espa\u00e7o m\u00ednimo de cerca de um metro e meio de comprimento e de largura, que re\u00fane os fi\u00e9is do lado de fora, j\u00e1 na rua para a reza do ter\u00e7o e das vig\u00edlias e venera\u00e7\u00e3o a \u00a0Nossa Senhora de F\u00e1tima receptivo em Campos.<\/p>\n<p>Dentre as igrejas da regi\u00e3o destacam-se:<\/p>\n<ul>\n<li>A Igreja de Jesus Cristo dos Santos dos \u00daltimos Dias (situada ao lado do Hospital Ferreira Machado e construida no final do s\u00e9culo XX)<\/li>\n<li>Capela Nossa Senhora do Ros\u00e1rio (constru\u00edda em Campo Limpo no s\u00e9culo XVIII)<\/li>\n<li>Capela Nossa Senhora do Ros\u00e1rio (situada em Donana e constru\u00edda na primeira metade do s\u00e9culo XVII)<\/li>\n<li>Capela Santo In\u00e1cio (constru\u00edda no s\u00e9culo XVII e \u00e9 localizada no conjunto arquitet\u00f4nico do Solar do Col\u00e9gio &#8211; Lapa)<\/li>\n<li>Mosteiro de S\u00e3o Bento (em Mussurepe, 30\u00a0km de Campos e constru\u00eddo no s\u00e9culo XVII)<\/li>\n<li>Catedral do Sant\u00edssimo Salvador (O atrativo situa-se na Pra\u00e7a S\u00e3o Salvador no centro comercial de Campos. A Igreja Matriz sobressai do conjunto arquitet\u00f4nico, por sua impon\u00eancia e localiza\u00e7\u00e3o &#8211; de frente para o Rio Para\u00edba do Sul)<\/li>\n<li>Igreja Nossa Senhora do Ros\u00e1rio do Saco (mais conhecida com Igreja do Saco, tendo sido constru\u00edda no final do s\u00e9culo XIX)<\/li>\n<li>Igreja Nossa Senhora de F\u00e1tima (constru\u00edda em 1995)<\/li>\n<li>Igreja de Santo Amaro (constru\u00edda em 1735)<\/li>\n<li>Igreja de S\u00e3o Gon\u00e7alo (fundada em 20 de abril de 1722 e localizada em Goitacases)<\/li>\n<li>Igreja Nossa Senhora da Boa Morte (obras conclu\u00eddas em 17 de agosto de 1846 e sua arquitetura imita o g\u00f3tico nas portas e janelas)<\/li>\n<li>Igreja Nossa Senhora do Ros\u00e1rio (constru\u00edda entre os anos 1720 e 1740 e \u00e9 localizada na Avenida 7 de setembro)<\/li>\n<li>Igreja de Santa Efig\u00eania (constru\u00edda entre 1853 e 1870)<\/li>\n<li>Igreja Nossa Senhora da Concei\u00e7\u00e3o (no distrito de Travess\u00e3o e constru\u00edda pelos padres jesu\u00edtas no final do s\u00e9culo XIX)<\/li>\n<li>Igreja Igreja Nossa Senhora da Penha (em Morro do Coco, a 48\u00a0km da sede de Campos e constru\u00edda em meado do s\u00e9culo XIX)<\/li>\n<li>Igreja Nossa Senhora do Carmo (na rua 13 de Maio, constru\u00edda em 1797)<\/li>\n<li>Igreja Nossa Senhora da Lapa (constru\u00edda em 1748)<\/li>\n<li>Igreja S\u00e3o Francisco de Assis (constru\u00edda em 1652)<\/li>\n<li>Igreja de Santo Ant\u00f4nio (em Guarus, constru\u00edda em 1796)<\/li>\n<li>Igreja de S\u00e3o Benedito (abertura solene em 1875)<\/li>\n<li>Igreja de S\u00e3o Sebasti\u00e3o (constru\u00edda no s\u00e9culo XIX).<\/li>\n<li>Santu\u00e1rio Menino Jesus (Travess\u00e3o contruida meados do XX)<\/li>\n<\/ul>\n<p><strong>O trajeto utilizado pelos fi\u00e9is para pagar promessas se transformou em \u201cCaminho de Santo Amaro&#8221;.<\/strong><\/p>\n","protected":false},"excerpt":{"rendered":"<p>Categer\u00f3 no turismo religioso do Caminho de Santo Amaro em Campos\/RJ Religi\u00e3o H\u00e1 uma imagem de Santo Antonio de Categer\u00f3 na Igreja de N\u00aa S\u00aa da Concei\u00e7\u00e3o em Campos\/RJ Local de onde obtivemos a informa\u00e7\u00e3o: http:\/\/www.ururau.com.br\/cidades7370_TURISMO_RELIGIOSO_Caminho_de_Santo_Amaro_passar%C3%A1_por_diversas_igrejas Publicada em 17 de dezembro de 2010 \u00b7 05:05 Tamb\u00e9m ratificado no Portal da cidade de Campos\/RS: http:\/\/www.campos.rj.gov.br\/exibirNoticia.php?id_noticia=5115 O [&hellip;]<\/p>\n","protected":false},"author":1,"featured_media":8512,"parent":8865,"menu_order":0,"comment_status":"open","ping_status":"open","template":"","meta":{"ngg_post_thumbnail":0,"footnotes":""},"class_list":["post-1500","page","type-page","status-publish","has-post-thumbnail","hentry"],"_links":{"self":[{"href":"https:\/\/categero.org.br\/antigo\/index.php?rest_route=\/wp\/v2\/pages\/1500","targetHints":{"allow":["GET"]}}],"collection":[{"href":"https:\/\/categero.org.br\/antigo\/index.php?rest_route=\/wp\/v2\/pages"}],"about":[{"href":"https:\/\/categero.org.br\/antigo\/index.php?rest_route=\/wp\/v2\/types\/page"}],"author":[{"embeddable":true,"href":"https:\/\/categero.org.br\/antigo\/index.php?rest_route=\/wp\/v2\/users\/1"}],"replies":[{"embeddable":true,"href":"https:\/\/categero.org.br\/antigo\/index.php?rest_route=%2Fwp%2Fv2%2Fcomments&post=1500"}],"version-history":[{"count":4,"href":"https:\/\/categero.org.br\/antigo\/index.php?rest_route=\/wp\/v2\/pages\/1500\/revisions"}],"predecessor-version":[{"id":8887,"href":"https:\/\/categero.org.br\/antigo\/index.php?rest_route=\/wp\/v2\/pages\/1500\/revisions\/8887"}],"up":[{"embeddable":true,"href":"https:\/\/categero.org.br\/antigo\/index.php?rest_route=\/wp\/v2\/pages\/8865"}],"wp:featuredmedia":[{"embeddable":true,"href":"https:\/\/categero.org.br\/antigo\/index.php?rest_route=\/wp\/v2\/media\/8512"}],"wp:attachment":[{"href":"https:\/\/categero.org.br\/antigo\/index.php?rest_route=%2Fwp%2Fv2%2Fmedia&parent=1500"}],"curies":[{"name":"wp","href":"https:\/\/api.w.org\/{rel}","templated":true}]}}