{"id":1493,"date":"2010-12-16T22:24:27","date_gmt":"2010-12-16T22:24:27","guid":{"rendered":"http:\/\/www.categero.org.br\/?page_id=1493"},"modified":"2013-12-13T09:23:15","modified_gmt":"2013-12-13T12:23:15","slug":"29-categero-e-a-historia-de-sergipe-nos-cadernos-do-ichsufop","status":"publish","type":"page","link":"https:\/\/categero.org.br\/antigo\/?page_id=1493","title":{"rendered":"SE\/2008 &#8211; Categer\u00f3 e sua Hist\u00f3ria em Sergipe nos Cadernos do ICHS\/UFOP"},"content":{"rendered":"<p>\u00a0Cadernos de Hist\u00f3ria, vol. IV, n.\u00ba 2, ano 2, pp. 14-24 do Universidade Federal De Ouro Preto Instituto De Ci\u00eancias Humanas E Sociais<\/p>\n<p>T\u00edtulo: A festa do Ros\u00e1rio dos homens pretos na cidade de S\u00e3o Crist\u00f3v\u00e3o (SE)<\/p>\n<p>\u00a0Mestranda em Sociologia (NPPCS\/UFS)<\/p>\n<p>Vanessa dos Santos Oliveira:- Licenciada em Hist\u00f3ria<\/p>\n<p>pela Universidade Federal de Sergipe.<\/p>\n<p>Ver\u00f4nica Maria Meneses Nunes. Licenciada em Hist\u00f3ria<\/p>\n<p>pela Universidade Federal de Sergipe.<\/p>\n<p>Mestre em Mem\u00f3ria Social e Documento pela Universidade Federal do Estado do Rio de Janeiro (UNI-RIO).<\/p>\n<p>Resumo &#8211; As irmandades foram no Brasil os principais ve\u00edculos de difus\u00e3o do \u00a0catolicismo popular, contribuindo para a manuten\u00e7\u00e3o do culto, assist\u00eancia material e espiritual da popula\u00e7\u00e3o. Caracterizado pela devo\u00e7\u00e3o\/promessa, esse modelo de catolicismo tinha nas festas aos santos um dos mais importantes momentos da religiosidade popular. Nesse sentido, este artigo faz uso da contribui\u00e7\u00e3o de fontes prim\u00e1rias para perceber as mudan\u00e7as ocorridas na festa dedicada a Nossa Senhora do Ros\u00e1rio durante o s\u00e9culo XIX e in\u00edcio do s\u00e9culo XX. Nota do Portal: Na p\u00e1gina 4, de um total de 11, consta Santo Ant\u00f4nio de Catigerona, dentro do seguinte \u00a0texto: \u201cCom a segrega\u00e7\u00e3o do campo sagrado, os pretos constitu\u00edram seus pr\u00f3prios espa\u00e7os de devo\u00e7\u00e3o. As irmandades negras eram comumente dedicadas a Nossa Senhora do Ros\u00e1rio, S\u00e3o Benedito, Santo Ant\u00f4nio de Catigerona, Santa Ifig\u00eania, Santo Elesb\u00e3o ou Nossa Senhora dos Prazeres.\u201d<\/p>\n<p>Baixe o texto completo em PDF aqui.<\/p>\n<p>Nossa c\u00f3pia <a href=\"http:\/\/www.categero.org.br\/wp-content\/uploads\/2010\/12\/29-pdf.pdf\">29 pdf<\/a>deste trabalho.<\/p>\n<p>\u00a0Local de onde obtivemos este material pags 1\/24 da Revista do Corpo Discente do Departamento de Hist\u00f3ria da Universidade Federal de Ouro Preto (eletr\u00f4nica): \u00a0<a href=\"http:\/\/www.ichs.ufop.br\/cadernosdehistoria\">www.ichs.ufop.br\/cadernosdehistoria<\/a><\/p>\n<p>\u00a0Local de onde pode ser baixada a revista inteira: <a href=\"http:\/\/www.ichs.ufop.br\/cadernosdehistoria\/download\/CadernosDeHistoria-04-Completo.pdf\">http:\/\/www.ichs.ufop.br\/cadernosdehistoria\/download\/CadernosDeHistoria-04-Completo.pdf<\/a><\/p>\n","protected":false},"excerpt":{"rendered":"<p>\u00a0Cadernos de Hist\u00f3ria, vol. IV, n.\u00ba 2, ano 2, pp. 14-24 do Universidade Federal De Ouro Preto Instituto De Ci\u00eancias Humanas E Sociais T\u00edtulo: A festa do Ros\u00e1rio dos homens pretos na cidade de S\u00e3o Crist\u00f3v\u00e3o (SE) \u00a0Mestranda em Sociologia (NPPCS\/UFS) Vanessa dos Santos Oliveira:- Licenciada em Hist\u00f3ria pela Universidade Federal de Sergipe. Ver\u00f4nica Maria [&hellip;]<\/p>\n","protected":false},"author":1,"featured_media":0,"parent":3840,"menu_order":0,"comment_status":"closed","ping_status":"closed","template":"","meta":{"ngg_post_thumbnail":0,"footnotes":""},"class_list":["post-1493","page","type-page","status-publish","hentry"],"_links":{"self":[{"href":"https:\/\/categero.org.br\/antigo\/index.php?rest_route=\/wp\/v2\/pages\/1493","targetHints":{"allow":["GET"]}}],"collection":[{"href":"https:\/\/categero.org.br\/antigo\/index.php?rest_route=\/wp\/v2\/pages"}],"about":[{"href":"https:\/\/categero.org.br\/antigo\/index.php?rest_route=\/wp\/v2\/types\/page"}],"author":[{"embeddable":true,"href":"https:\/\/categero.org.br\/antigo\/index.php?rest_route=\/wp\/v2\/users\/1"}],"replies":[{"embeddable":true,"href":"https:\/\/categero.org.br\/antigo\/index.php?rest_route=%2Fwp%2Fv2%2Fcomments&post=1493"}],"version-history":[{"count":3,"href":"https:\/\/categero.org.br\/antigo\/index.php?rest_route=\/wp\/v2\/pages\/1493\/revisions"}],"predecessor-version":[{"id":5928,"href":"https:\/\/categero.org.br\/antigo\/index.php?rest_route=\/wp\/v2\/pages\/1493\/revisions\/5928"}],"up":[{"embeddable":true,"href":"https:\/\/categero.org.br\/antigo\/index.php?rest_route=\/wp\/v2\/pages\/3840"}],"wp:attachment":[{"href":"https:\/\/categero.org.br\/antigo\/index.php?rest_route=%2Fwp%2Fv2%2Fmedia&parent=1493"}],"curies":[{"name":"wp","href":"https:\/\/api.w.org\/{rel}","templated":true}]}}