{"id":1488,"date":"2010-12-16T21:02:10","date_gmt":"2010-12-16T21:02:10","guid":{"rendered":"http:\/\/www.categero.org.br\/?page_id=1488"},"modified":"2013-12-13T09:24:10","modified_gmt":"2013-12-13T12:24:10","slug":"revista-eletronica-com-calendario-tematico-etnico-afro-cita-categero","status":"publish","type":"page","link":"https:\/\/categero.org.br\/antigo\/?page_id=1488","title":{"rendered":"Revista Eletr\u00f4nica com Calend\u00e1rio Tem\u00e1tico \u00c9tnico (Afro) \u2013 cita Categer\u00f3"},"content":{"rendered":"<p>A Professora V\u00e9ra Neusa Lopes \u00e9 \u00a0Licenciada em Ci\u00eancias Sociais e Especialista em Planejamento Educacional.<\/p>\n<p>\u00a0Produziu atrav\u00e9s da REVISTA DO PROFESSOR (Eletr\u00f4nica), em Porto Alegre, na edi\u00e7\u00e3o de \u00a0abril\/junho de \u00a02003, das p\u00e1ginas 26 a 31, uma editoria \u201cSala de Aula\u201d \u00a0\u2013 \u00a0inovando a id\u00e9ia de um Calend\u00e1rio Tem\u00e1tico (afro), \u00a0para nele destacar os indiv\u00edduos da ra\u00e7a negra que contribu\u00edram para o desenvolvimento das quest\u00f5es dos africanos ou da pr\u00f3pria sociedade. Vultos da negritude nacional e do mundo todo constam do referido calend\u00e1rio.<\/p>\n<p>Em sua\u00a0 proposta que\u00a0 apresentava a orienta\u00e7\u00e3o para montagem f\u00edsica desse calend\u00e1rio e apresentava os homenageados, nas respectivas datas. No dia 14 \u2013 de mar\u00e7o, consta a \u00a0\u201cMorte, em 1549, do franciscano Santo Ant\u00f4nio de Categer\u00f3\u201d.<\/p>\n<p>Transcrevemos abaixo, parte do texto porduzido pela cientista e professora na revista, bem como esse texto completo, que pode ser baixado de nosso pr\u00f3prio site ou do local onde o encontramos na Internet:<\/p>\n<p>\u201c&#8230; Tomamos a constru\u00e7\u00e3o e o uso do calend\u00e1rio \u00e9tnico como exemplo do que pode ser feito nas escolas para mudar o entendimento de que <em>ser diferente \u00e9 ser inferior. <\/em>Esse recurso dar\u00e1 visibilidade aos afro-descendentes e a outros n\u00e3o-brancos da sociedade brasileira, ajudando-os a se encontrarem e a se reconhecerem como sujeitos da hist\u00f3ria , no passado, no presente e no futuro. O calend\u00e1rio \u00e9tnico contribuir\u00e1, comcerteza, para: &#8211; a recupera\u00e7\u00e3o da mem\u00f3ria hist\u00f3rica, revisando o papel desempenhado por africanos livres e escravizados e afrodescendentes, na forma\u00e7\u00e3o da sociedade brasileira; &#8211; o resgate e a revaloriza\u00e7\u00e3o da cultura negra , como um dos fatores de constru\u00e7\u00e3o da cultura brasileira ;- a visibilidade de personagens (pessoas e grupos) que, como sujeitos\u00a0 hist\u00f3ricos, devem servir de modelo, de refer\u00eancia para todos e, particularmente, aos afrodescendentes; &#8211; o conhecimento de fatos hist\u00f3ricos que contaram com a participa\u00e7\u00e3o her\u00f3ica de africanos e afro-descendentes.\u201d&#8230;<\/p>\n<p>V\u00e9ra Neusa Lopes<\/p>\n<p>A autora tem um longo curr\u00edculo na internet de trabalhos sobre esse tema e tamb\u00e9m:<\/p>\n<p>&#8211; Integrante do Coletivo de Educadores Negros &#8211; APNs (Agentes da Pastoral dos Negros) Regional Sul3\/CNBB.<\/p>\n<p>&#8211; Pessoa refer\u00eancia indicada para desempenhar o papel de representante da Pastoral Afro na unidade federada Rio Grande do Sul.<\/p>\n<p>&#8211; Tramando falas e olhares, compartilhando saberes<br \/>\nCo-autoria deste livro com Jos\u00e9 Ant\u00f4nio dos Santos e Rita de C\u00e1ssia Camisol\u00e3o (orgs.) Editora da UFRGS, 2008, 160 p\u00e1gs.<\/p>\n<p>&#8211; O site do Prof. Luiz Carlos dos Santos <a href=\"http:\/\/www.icsandos.pro.br\/\">www.Icsandos.pro.br<\/a> confere 9 (nove) indica\u00e7\u00f5es bibliogr\u00e1ficas \u00e0 professora Vera.<\/p>\n<p>Local onde obtivemos o presente trabalho: <a href=\"http:\/\/www.smec.salvador.ba.gov.br\/site\/documentos\/espaco-virtual\/espaco-praxis-pedagogicas\/BANCO%20DE%20SUGEST%C3%95ES%20DE%20ATIVIDADES\/calendario%20etnico.pdf\">http:\/\/www.smec.salvador.ba.gov.br\/site\/documentos\/espaco-virtual\/espaco-praxis-pedagogicas\/BANCO%20DE%20SUGEST%C3%95ES%20DE%20ATIVIDADES\/calendario%20etnico.pdf<\/a><\/p>\n<p>\u00a0Nosso <a href=\"http:\/\/www.categero.org.br\/wp-content\/uploads\/2010\/12\/calendario-etnico.pdf\">calendario etnico<\/a>dispon\u00edvel do mesmo material.<\/p>\n","protected":false},"excerpt":{"rendered":"<p>A Professora V\u00e9ra Neusa Lopes \u00e9 \u00a0Licenciada em Ci\u00eancias Sociais e Especialista em Planejamento Educacional. \u00a0Produziu atrav\u00e9s da REVISTA DO PROFESSOR (Eletr\u00f4nica), em Porto Alegre, na edi\u00e7\u00e3o de \u00a0abril\/junho de \u00a02003, das p\u00e1ginas 26 a 31, uma editoria \u201cSala de Aula\u201d \u00a0\u2013 \u00a0inovando a id\u00e9ia de um Calend\u00e1rio Tem\u00e1tico (afro), \u00a0para nele destacar os indiv\u00edduos [&hellip;]<\/p>\n","protected":false},"author":1,"featured_media":0,"parent":3844,"menu_order":0,"comment_status":"closed","ping_status":"closed","template":"","meta":{"ngg_post_thumbnail":0,"footnotes":""},"class_list":["post-1488","page","type-page","status-publish","hentry"],"_links":{"self":[{"href":"https:\/\/categero.org.br\/antigo\/index.php?rest_route=\/wp\/v2\/pages\/1488","targetHints":{"allow":["GET"]}}],"collection":[{"href":"https:\/\/categero.org.br\/antigo\/index.php?rest_route=\/wp\/v2\/pages"}],"about":[{"href":"https:\/\/categero.org.br\/antigo\/index.php?rest_route=\/wp\/v2\/types\/page"}],"author":[{"embeddable":true,"href":"https:\/\/categero.org.br\/antigo\/index.php?rest_route=\/wp\/v2\/users\/1"}],"replies":[{"embeddable":true,"href":"https:\/\/categero.org.br\/antigo\/index.php?rest_route=%2Fwp%2Fv2%2Fcomments&post=1488"}],"version-history":[{"count":2,"href":"https:\/\/categero.org.br\/antigo\/index.php?rest_route=\/wp\/v2\/pages\/1488\/revisions"}],"predecessor-version":[{"id":5939,"href":"https:\/\/categero.org.br\/antigo\/index.php?rest_route=\/wp\/v2\/pages\/1488\/revisions\/5939"}],"up":[{"embeddable":true,"href":"https:\/\/categero.org.br\/antigo\/index.php?rest_route=\/wp\/v2\/pages\/3844"}],"wp:attachment":[{"href":"https:\/\/categero.org.br\/antigo\/index.php?rest_route=%2Fwp%2Fv2%2Fmedia&parent=1488"}],"curies":[{"name":"wp","href":"https:\/\/api.w.org\/{rel}","templated":true}]}}