{"id":148,"date":"2010-10-01T01:16:53","date_gmt":"2010-10-01T01:16:53","guid":{"rendered":"http:\/\/www.categero.org.br\/?page_id=148"},"modified":"2017-02-03T08:47:59","modified_gmt":"2017-02-03T11:47:59","slug":"sao-paulosp-santuario-de-vila-formosa","status":"publish","type":"page","link":"https:\/\/categero.org.br\/antigo\/?page_id=148","title":{"rendered":"SP\/S\u00e3o Paulo &#8211; Igreja e Gruta ao Beato de Categer\u00f3 da ICAB"},"content":{"rendered":"<p>&nbsp;<\/p>\n<p style=\"text-align: right;\"><em><strong>VEJA MAIS \u00a0 \u00a0<a href=\"http:\/\/categero.org.br\/?p=10996\" target=\"_blank\">\u00a0<\/a><a href=\"http:\/\/categero.org.br\/?p=11610\" target=\"_blank\">Not\u00edcias \u00a0desta igreja em nosso Portal<\/a><\/strong><\/em><\/p>\n<p style=\"text-align: center;\"><strong>Santu\u00e1rio da ICAB com igreja e gruta<br \/>\nem honra ao Beato Ant\u00f4nio de Categer\u00f3 em S\u00e3o Paulo<\/strong><\/p>\n<p style=\"text-align: center;\"><img loading=\"lazy\" decoding=\"async\" class=\"aligncenter wp-image-11603\" src=\"http:\/\/categero.org.br\/wp-content\/uploads\/2010\/10\/12095305_457103451159133_3495080327488983755_o.jpg\" alt=\"12095305_457103451159133_3495080327488983755_o\" width=\"286\" height=\"382\" srcset=\"https:\/\/categero.org.br\/antigo\/wp-content\/uploads\/2010\/10\/12095305_457103451159133_3495080327488983755_o.jpg 768w, https:\/\/categero.org.br\/antigo\/wp-content\/uploads\/2010\/10\/12095305_457103451159133_3495080327488983755_o-225x300.jpg 225w, https:\/\/categero.org.br\/antigo\/wp-content\/uploads\/2010\/10\/12095305_457103451159133_3495080327488983755_o-495x660.jpg 495w\" sizes=\"auto, (max-width: 286px) 100vw, 286px\" \/><\/p>\n<p style=\"text-align: center;\"><strong>Existem, pelo menos, quatro imagens\u00a0do beato Antonio de Categer\u00f3 no Santu\u00e1rio<br \/>\n<\/strong><strong>na rua Tauand\u00e9, n\u00ba20, em S\u00e3o Paulo <\/strong>(que iremos mostrar nas postagens)<\/p>\n<p style=\"text-align: right;\"><em><strong>VEJA MAIS \u00a0 \u00a0<a href=\"http:\/\/categero.org.br\/?p=10996\" target=\"_blank\">\u00a0<\/a><a href=\"http:\/\/categero.org.br\/?p=11610\" target=\"_blank\">Not\u00edcias \u00a0desta igreja em nosso Portal<\/a><\/strong><\/em><\/p>\n<p>&nbsp;<\/p>\n<p style=\"text-align: center;\"><img loading=\"lazy\" decoding=\"async\" class=\"aligncenter wp-image-11604\" src=\"http:\/\/categero.org.br\/wp-content\/uploads\/2010\/10\/10303471_779657095462842_8732191911778421554_n.jpg\" alt=\"10303471_779657095462842_8732191911778421554_n\" width=\"404\" height=\"539\" srcset=\"https:\/\/categero.org.br\/antigo\/wp-content\/uploads\/2010\/10\/10303471_779657095462842_8732191911778421554_n.jpg 720w, https:\/\/categero.org.br\/antigo\/wp-content\/uploads\/2010\/10\/10303471_779657095462842_8732191911778421554_n-225x300.jpg 225w, https:\/\/categero.org.br\/antigo\/wp-content\/uploads\/2010\/10\/10303471_779657095462842_8732191911778421554_n-495x660.jpg 495w\" sizes=\"auto, (max-width: 404px) 100vw, 404px\" \/><\/p>\n<p style=\"text-align: justify;\">No local h\u00e1 uma Gruta a Santo Ant\u00f4nio de Categer\u00f3, na rua Tauand\u00e9, 20, \u00e0 direita da avenida Eduardo Cotching indo para o bairro, a altura do n\u00ba 1.070. Da avenida v\u00ea-se a torre branca de janelas verdes da igreja. Quem chega pensa logo que o ritual \u00e9 catolico romano. Mas \u00e9 a Igreja Catolica Apostolica Brasileira, fundada em 1938 pelo bispo de Maura, Don Carlos Duarte da Costa. D. Carlos j\u00e1 faleceu. Est\u00e1 no c\u00e9u&#8221;, diz D. Luigi.<\/p>\n<div id=\"attachment_11605\" style=\"width: 396px\" class=\"wp-caption aligncenter\"><img loading=\"lazy\" decoding=\"async\" aria-describedby=\"caption-attachment-11605\" class=\"wp-image-11605\" src=\"http:\/\/categero.org.br\/wp-content\/uploads\/2010\/10\/DSC04250.jpg\" alt=\"DSC04250\" width=\"386\" height=\"289\" srcset=\"https:\/\/categero.org.br\/antigo\/wp-content\/uploads\/2010\/10\/DSC04250.jpg 4896w, https:\/\/categero.org.br\/antigo\/wp-content\/uploads\/2010\/10\/DSC04250-300x225.jpg 300w, https:\/\/categero.org.br\/antigo\/wp-content\/uploads\/2010\/10\/DSC04250-768x576.jpg 768w, https:\/\/categero.org.br\/antigo\/wp-content\/uploads\/2010\/10\/DSC04250-1024x768.jpg 1024w, https:\/\/categero.org.br\/antigo\/wp-content\/uploads\/2010\/10\/DSC04250-495x371.jpg 495w, https:\/\/categero.org.br\/antigo\/wp-content\/uploads\/2010\/10\/DSC04250-80x60.jpg 80w, https:\/\/categero.org.br\/antigo\/wp-content\/uploads\/2010\/10\/DSC04250-161x120.jpg 161w\" sizes=\"auto, (max-width: 386px) 100vw, 386px\" \/><p id=\"caption-attachment-11605\" class=\"wp-caption-text\">Fachada, com a imagem de Categer\u00f3, na Gruta, bem \u00e0 direita, abaixo da cruz; e a placa, mostrada acima da imagem do Beato, nesta postagem, bastante grande, est\u00e1 na fachada do pr\u00e9dio, pouco acima e \u00e0 direita da cruz da cerca.<\/p><\/div>\n<p style=\"text-align: right;\"><em><strong>VEJA MAIS \u00a0 \u00a0<a href=\"http:\/\/categero.org.br\/?p=10996\" target=\"_blank\">\u00a0<\/a><a href=\"http:\/\/categero.org.br\/?p=11610\" target=\"_blank\">Not\u00edcias \u00a0desta igreja em nosso Portal<\/a><\/strong><\/em><\/p>\n<p><a href=\"http:\/\/categero.org.br\/wp-content\/uploads\/2010\/10\/Baner-Vila-Formosa.jpg\"><img loading=\"lazy\" decoding=\"async\" class=\"aligncenter size-medium wp-image-8545\" src=\"http:\/\/categero.org.br\/wp-content\/uploads\/2010\/10\/Baner-Vila-Formosa-300x149.jpg\" alt=\"Baner Vila Formosa\" width=\"300\" height=\"149\" srcset=\"https:\/\/categero.org.br\/antigo\/wp-content\/uploads\/2010\/10\/Baner-Vila-Formosa-300x149.jpg 300w, https:\/\/categero.org.br\/antigo\/wp-content\/uploads\/2010\/10\/Baner-Vila-Formosa.jpg 397w\" sizes=\"auto, (max-width: 300px) 100vw, 300px\" \/><\/a><\/p>\n","protected":false},"excerpt":{"rendered":"<p>&nbsp; VEJA MAIS \u00a0 \u00a0\u00a0Not\u00edcias \u00a0desta igreja em nosso Portal Santu\u00e1rio da ICAB com igreja e gruta em honra ao Beato Ant\u00f4nio de Categer\u00f3 em S\u00e3o Paulo Existem, pelo menos, quatro imagens\u00a0do beato Antonio de Categer\u00f3 no Santu\u00e1rio na rua Tauand\u00e9, n\u00ba20, em S\u00e3o Paulo (que iremos mostrar nas postagens) VEJA MAIS \u00a0 \u00a0\u00a0Not\u00edcias \u00a0desta [&hellip;]<\/p>\n","protected":false},"author":1,"featured_media":8545,"parent":8867,"menu_order":0,"comment_status":"closed","ping_status":"closed","template":"","meta":{"ngg_post_thumbnail":0,"footnotes":""},"class_list":["post-148","page","type-page","status-publish","has-post-thumbnail","hentry"],"_links":{"self":[{"href":"https:\/\/categero.org.br\/antigo\/index.php?rest_route=\/wp\/v2\/pages\/148","targetHints":{"allow":["GET"]}}],"collection":[{"href":"https:\/\/categero.org.br\/antigo\/index.php?rest_route=\/wp\/v2\/pages"}],"about":[{"href":"https:\/\/categero.org.br\/antigo\/index.php?rest_route=\/wp\/v2\/types\/page"}],"author":[{"embeddable":true,"href":"https:\/\/categero.org.br\/antigo\/index.php?rest_route=\/wp\/v2\/users\/1"}],"replies":[{"embeddable":true,"href":"https:\/\/categero.org.br\/antigo\/index.php?rest_route=%2Fwp%2Fv2%2Fcomments&post=148"}],"version-history":[{"count":16,"href":"https:\/\/categero.org.br\/antigo\/index.php?rest_route=\/wp\/v2\/pages\/148\/revisions"}],"predecessor-version":[{"id":11664,"href":"https:\/\/categero.org.br\/antigo\/index.php?rest_route=\/wp\/v2\/pages\/148\/revisions\/11664"}],"up":[{"embeddable":true,"href":"https:\/\/categero.org.br\/antigo\/index.php?rest_route=\/wp\/v2\/pages\/8867"}],"wp:featuredmedia":[{"embeddable":true,"href":"https:\/\/categero.org.br\/antigo\/index.php?rest_route=\/wp\/v2\/media\/8545"}],"wp:attachment":[{"href":"https:\/\/categero.org.br\/antigo\/index.php?rest_route=%2Fwp%2Fv2%2Fmedia&parent=148"}],"curies":[{"name":"wp","href":"https:\/\/api.w.org\/{rel}","templated":true}]}}