{"id":1472,"date":"2010-12-14T19:07:45","date_gmt":"2010-12-14T19:07:45","guid":{"rendered":"http:\/\/www.categero.org.br\/?page_id=1472"},"modified":"2014-03-25T16:14:19","modified_gmt":"2014-03-25T19:14:19","slug":"mgtiradentes-igreja-rosario-dos-pretos","status":"publish","type":"page","link":"https:\/\/categero.org.br\/antigo\/?page_id=1472","title":{"rendered":"MG\/Tiradentes &#8211; Igreja Ros\u00e1rio dos Pretos"},"content":{"rendered":"<p>Novas fotos e informa\u00e7\u00f5es: por Andr\u00e9a Neves de Minas Gerais, inclusive, a da igreja de Tiradentes, abaixo, a qual substitu\u00edmos pela foto que estava postada e n\u00e3o era a da igreja.<br \/>\n<a href=\"http:\/\/www.categero.org.br\/altares-da-fe\/igreja-n%C2%AA-s%C2%AA-do-rosario-de-tiradentesmg\/\">&#8211; Aprecie as belas fotos &#8211;<\/a><\/p>\n<p><a href=\"http:\/\/www.categero.org.br\/wp-content\/uploads\/2012\/06\/01P-Igreja-Nossa-Senhora-do-Ros+\u00edrio-de-Tiradentes.jpg\"><img loading=\"lazy\" decoding=\"async\" class=\"aligncenter size-medium wp-image-4799\" title=\"01(P) Igreja Nossa Senhora do Ros+\u00edrio de Tiradentes\" alt=\"\" src=\"http:\/\/www.categero.org.br\/wp-content\/uploads\/2012\/06\/01P-Igreja-Nossa-Senhora-do-Ros+\u00edrio-de-Tiradentes-300x224.jpg\" width=\"300\" height=\"224\" \/><\/a><\/p>\n<p>H\u00e1 uma imagem de Categer\u00f3 na igreja Ros\u00e1rio dos Pretos na cidade de Tiradentes, em Minas Gerais.<\/p>\n<p>A p\u00e1gina de um site do governo do Estado Mineiro cita Santo Ant\u00f4nio de Cartagerona (nessa grafia), como imagem existente no altar do lado esquerda dessa igreja. Eis o linck: <a href=\"http:\/\/www.tiradentes.mg.gov.br\/visitar\/rosario.html\">http:\/\/www.tiradentes.mg.gov.br\/visitar\/rosario.html<\/a><\/p>\n<p>Um outro linck oportuniza um tour pela igreja, cita alguns santos mas, n\u00e3o faz refer\u00eancia a Categer\u00f3: <a href=\"http:\/\/rosesoriano.multiply.com\/photos\/album\/431\/431\">http:\/\/rosesoriano.multiply.com\/photos\/album\/431\/431<\/a><\/p>\n<p>A localiza\u00e7\u00e3o dessa imagem foi obtida atrav\u00e9s da disserta\u00e7\u00e3o de Mestrado em Hist\u00f3ria de Daniela Dos Santos Souza, DEVO\u00c7\u00c3O E IDENTIDADE: O culto de Nossa Senhora dos Rem\u00e9dios na Irmandade do Ros\u00e1rio de S\u00e3o Jo\u00e3o del-Rei \u2013 s\u00e9culos XVIII e XIX. Trabalho com187 p\u00e1ginas onde nas p\u00e1ginas 40\/50 ela refere o autor sanjoanense, Ant\u00f4nio Gaio Sobrinho que fala da imagem de Santo Ant\u00f4nio de Noto (Catalagerona ou Categer\u00f3), como a imagem que existe no Ros\u00e1rio dos Pretos em Tiradentes, inclusive documentada. <em><\/em><\/p>\n<p><em>Sendo uma igreja hist\u00f3rica ela tem hor\u00e1rio de visita\u00e7\u00e3o <\/em>Localiza\u00e7\u00e3o: Rua Direita &#8211; Centro. Ingresso:R$2 \u00a0Visita\u00e7\u00e3o: Quarta a segunda-feira, das 09h \u00e0s 16h.<em><\/em><\/p>\n<p><a href=\"http:\/\/categero.org.br\/wp-content\/uploads\/2010\/12\/Naner-Cdiade-Tiradentes.jpg\"><img loading=\"lazy\" decoding=\"async\" class=\"aligncenter size-medium wp-image-8505\" alt=\"Naner Cdiade Tiradentes\" src=\"http:\/\/categero.org.br\/wp-content\/uploads\/2010\/12\/Naner-Cdiade-Tiradentes-300x149.jpg\" width=\"300\" height=\"149\" srcset=\"https:\/\/categero.org.br\/antigo\/wp-content\/uploads\/2010\/12\/Naner-Cdiade-Tiradentes-300x149.jpg 300w, https:\/\/categero.org.br\/antigo\/wp-content\/uploads\/2010\/12\/Naner-Cdiade-Tiradentes.jpg 397w\" sizes=\"auto, (max-width: 300px) 100vw, 300px\" \/><\/a><\/p>\n","protected":false},"excerpt":{"rendered":"<p>Novas fotos e informa\u00e7\u00f5es: por Andr\u00e9a Neves de Minas Gerais, inclusive, a da igreja de Tiradentes, abaixo, a qual substitu\u00edmos pela foto que estava postada e n\u00e3o era a da igreja. &#8211; Aprecie as belas fotos &#8211; H\u00e1 uma imagem de Categer\u00f3 na igreja Ros\u00e1rio dos Pretos na cidade de Tiradentes, em Minas Gerais. A [&hellip;]<\/p>\n","protected":false},"author":1,"featured_media":8505,"parent":8870,"menu_order":0,"comment_status":"closed","ping_status":"closed","template":"","meta":{"ngg_post_thumbnail":0,"footnotes":""},"class_list":["post-1472","page","type-page","status-publish","has-post-thumbnail","hentry"],"_links":{"self":[{"href":"https:\/\/categero.org.br\/antigo\/index.php?rest_route=\/wp\/v2\/pages\/1472","targetHints":{"allow":["GET"]}}],"collection":[{"href":"https:\/\/categero.org.br\/antigo\/index.php?rest_route=\/wp\/v2\/pages"}],"about":[{"href":"https:\/\/categero.org.br\/antigo\/index.php?rest_route=\/wp\/v2\/types\/page"}],"author":[{"embeddable":true,"href":"https:\/\/categero.org.br\/antigo\/index.php?rest_route=\/wp\/v2\/users\/1"}],"replies":[{"embeddable":true,"href":"https:\/\/categero.org.br\/antigo\/index.php?rest_route=%2Fwp%2Fv2%2Fcomments&post=1472"}],"version-history":[{"count":6,"href":"https:\/\/categero.org.br\/antigo\/index.php?rest_route=\/wp\/v2\/pages\/1472\/revisions"}],"predecessor-version":[{"id":8885,"href":"https:\/\/categero.org.br\/antigo\/index.php?rest_route=\/wp\/v2\/pages\/1472\/revisions\/8885"}],"up":[{"embeddable":true,"href":"https:\/\/categero.org.br\/antigo\/index.php?rest_route=\/wp\/v2\/pages\/8870"}],"wp:featuredmedia":[{"embeddable":true,"href":"https:\/\/categero.org.br\/antigo\/index.php?rest_route=\/wp\/v2\/media\/8505"}],"wp:attachment":[{"href":"https:\/\/categero.org.br\/antigo\/index.php?rest_route=%2Fwp%2Fv2%2Fmedia&parent=1472"}],"curies":[{"name":"wp","href":"https:\/\/api.w.org\/{rel}","templated":true}]}}