{"id":1471,"date":"2010-12-14T19:34:21","date_gmt":"2010-12-14T19:34:21","guid":{"rendered":"http:\/\/www.categero.org.br\/?page_id=1471"},"modified":"2014-03-25T16:13:45","modified_gmt":"2014-03-25T19:13:45","slug":"mgsao-joao-del-rei-igreja-da-irmandade-do-rosario","status":"publish","type":"page","link":"https:\/\/categero.org.br\/antigo\/?page_id=1471","title":{"rendered":"MG\/S\u00e3o Jo\u00e3o Del Rei &#8211; Igreja da Irmandade do Ros\u00e1rio"},"content":{"rendered":"<p style=\"text-align: center;\"><a href=\"http:\/\/www.categero.org.br\/wp-content\/uploads\/2010\/12\/rosario-SJDelRei.jpg\"><img loading=\"lazy\" decoding=\"async\" class=\"size-medium wp-image-1476 alignnone\" title=\"rosario SJDelRei\" alt=\"\" src=\"http:\/\/www.categero.org.br\/wp-content\/uploads\/2010\/12\/rosario-SJDelRei-252x300.jpg\" width=\"252\" height=\"300\" \/><\/a><\/p>\n<p>H\u00e1 uma imgem de Categer\u00f3 na \u00a0Igreja da Irmandade do Ros\u00e1rio, na cidade de S\u00e3o Jo\u00e3o Del Rei, em Minas Gerais. A informa\u00e7\u00e3o da localiza\u00e7\u00e3o dessa imagem foi obtida atrav\u00e9s da disserta\u00e7\u00e3o de Mestrado em Hist\u00f3ria de Daniela Dos Santos Souza, DEVO\u00c7\u00c3O E IDENTIDADE: O culto de Nossa Senhora dos Rem\u00e9dios na Irmandade do Ros\u00e1rio de S\u00e3o Jo\u00e3o del-Rei \u2013 s\u00e9culos XVIII e XIX.<\/p>\n<p><a href=\"http:\/\/www.sjdr.com.br\/historia\/igrejas_monumentos\/rosario\/rosario.html#altares\">http:\/\/www.sjdr.com.br\/historia\/igrejas_monumentos\/rosario\/rosario.html#altares<\/a><\/p>\n<p>O site do linck acima cita Categer\u00f3 como \u201cSanto Ant\u00f4nio de Catalagirona\u201d e o situa como estando no lado direito do Altar principal de quem olha. Pela informa\u00e7\u00e3o do Livro de Cardoso Vale, <em>Mem\u00f3ria Hist\u00f3rica de Prados, seria u<\/em>ma imagem grande (+ de 1,3m) a direita (de frente) no altar principal, ele segura algo, talvez uma b\u00edblia, nas m\u00e3os e bra\u00e7os, meio espichados.<\/p>\n<p>J\u00e1 o autor sanjoenense Ant\u00f4nio Gaio Sobrinho, no seu livro <em>Sanjoanidades: <\/em>um passeio hist\u00f3rico e tur\u00edstico por S\u00e3o Jo\u00e3o del-Rei. S\u00e3o Jo\u00e3o del-Rei\/MG: A Voz do Lenheiro, (1997), pp. 35-36. refere \u201cAl\u00e9m de S\u00e3o Benedito, Santo Ant\u00f4nio de Catalagerona teve prefer\u00eancia entre os irm\u00e3os pretos da irmandade sanjoanense. Tamb\u00e9m conhecido como Categer\u00f3, nasceu na Sic\u00edlia, It\u00e1lia, em 1490. Foi cativo e obteve alforria por causa dos in\u00fameros milagres que praticou. Morreu em 1550 e foi beatificado em 1589. Ant\u00f4nio Gaio Sobrinho afirma que a imagem de Santo Ant\u00f4nio de Catalagerona, acolhida na Irmandade do Ros\u00e1rio de S\u00e3o Jo\u00e3o del-Rei, \u00e9 na verdade a imagem de Santo Ant\u00f4nio de Noto, como a que existe no Ros\u00e1rio dos Pretos em Tiradentes, inclusive documentada.<\/p>\n","protected":false},"excerpt":{"rendered":"<p>H\u00e1 uma imgem de Categer\u00f3 na \u00a0Igreja da Irmandade do Ros\u00e1rio, na cidade de S\u00e3o Jo\u00e3o Del Rei, em Minas Gerais. A informa\u00e7\u00e3o da localiza\u00e7\u00e3o dessa imagem foi obtida atrav\u00e9s da disserta\u00e7\u00e3o de Mestrado em Hist\u00f3ria de Daniela Dos Santos Souza, DEVO\u00c7\u00c3O E IDENTIDADE: O culto de Nossa Senhora dos Rem\u00e9dios na Irmandade do Ros\u00e1rio [&hellip;]<\/p>\n","protected":false},"author":1,"featured_media":8503,"parent":8870,"menu_order":0,"comment_status":"closed","ping_status":"closed","template":"","meta":{"ngg_post_thumbnail":0,"footnotes":""},"class_list":["post-1471","page","type-page","status-publish","has-post-thumbnail","hentry"],"_links":{"self":[{"href":"https:\/\/categero.org.br\/antigo\/index.php?rest_route=\/wp\/v2\/pages\/1471","targetHints":{"allow":["GET"]}}],"collection":[{"href":"https:\/\/categero.org.br\/antigo\/index.php?rest_route=\/wp\/v2\/pages"}],"about":[{"href":"https:\/\/categero.org.br\/antigo\/index.php?rest_route=\/wp\/v2\/types\/page"}],"author":[{"embeddable":true,"href":"https:\/\/categero.org.br\/antigo\/index.php?rest_route=\/wp\/v2\/users\/1"}],"replies":[{"embeddable":true,"href":"https:\/\/categero.org.br\/antigo\/index.php?rest_route=%2Fwp%2Fv2%2Fcomments&post=1471"}],"version-history":[{"count":4,"href":"https:\/\/categero.org.br\/antigo\/index.php?rest_route=\/wp\/v2\/pages\/1471\/revisions"}],"predecessor-version":[{"id":8884,"href":"https:\/\/categero.org.br\/antigo\/index.php?rest_route=\/wp\/v2\/pages\/1471\/revisions\/8884"}],"up":[{"embeddable":true,"href":"https:\/\/categero.org.br\/antigo\/index.php?rest_route=\/wp\/v2\/pages\/8870"}],"wp:featuredmedia":[{"embeddable":true,"href":"https:\/\/categero.org.br\/antigo\/index.php?rest_route=\/wp\/v2\/media\/8503"}],"wp:attachment":[{"href":"https:\/\/categero.org.br\/antigo\/index.php?rest_route=%2Fwp%2Fv2%2Fmedia&parent=1471"}],"curies":[{"name":"wp","href":"https:\/\/api.w.org\/{rel}","templated":true}]}}