{"id":1463,"date":"2010-12-14T17:47:49","date_gmt":"2010-12-14T17:47:49","guid":{"rendered":"http:\/\/www.categero.org.br\/?page_id=1463"},"modified":"2013-12-13T09:25:53","modified_gmt":"2013-12-13T12:25:53","slug":"28-2010-sao-del-reimg-devocao-e-identidade-o-culto-de-nossa-senhora-dos-remedios-na-irmandade-do-rosario","status":"publish","type":"page","link":"https:\/\/categero.org.br\/antigo\/?page_id=1463","title":{"rendered":"MG\/2010 &#8211; Devo\u00e7\u00e3o e Identidade: O culto de Nossa Senhora dos Rem\u00e9dios na Irmandade do Ros\u00e1rio"},"content":{"rendered":"<p>Autora: Daniela Dos Santos Souza<\/p>\n<p><strong>\u00a0<\/strong>DEVO\u00c7\u00c3O E IDENTIDADE: O culto de Nossa Senhora dos Rem\u00e9dios na Irmandade do Ros\u00e1rio de S\u00e3o Jo\u00e3o del-Rei \u2013 s\u00e9culos XVIII e XIX, Com187 p\u00e1ginas. Disserta\u00e7\u00e3o apresentada ao Programa de P\u00f3s- Gradua\u00e7\u00e3o em Hist\u00f3ria da Universidade Federal de S\u00e3o Jo\u00e3o del-Rei como requisito parcial para a obten\u00e7\u00e3o do grau de Mestre em Hist\u00f3ria<\/p>\n<p>\u00a0Nota do Portal: Nas p\u00e1gina 49 e 50 existem cita\u00e7\u00f5es sobre Santo Ant\u00f4nio de Noto, Catalagerona e Categer\u00f3 e o porqu\u00ea dessas diferen\u00e7as denominativas.<\/p>\n<p>\u00a0Universidade Federal De S\u00e3o Jo\u00e3o Del-Rei &#8211; Departamento De Ci\u00eancias Sociais &#8211; Curso De P\u00f3s-Gradua\u00e7\u00e3o Em Hist\u00f3ria<\/p>\n<p>\u00a0Resumo &#8211; Esta pesquisa analisa a devo\u00e7\u00e3o \u00e0 Nossa Senhora dos Rem\u00e9dios, estruturada na Irmandade do Ros\u00e1rio em S\u00e3o Jo\u00e3o del-Rei, Minas Gerais, desde o s\u00e9culo XVIII, e a sua popularidade na primeira metade do XIX. O estudo traz \u00e0 tona a discuss\u00e3o sobre as estrat\u00e9gias de forma\u00e7\u00e3o de identidades coletivas de grupos diversos, que interagiam num mesmo espa\u00e7o de sociabilidade. Nessa reflex\u00e3o, a devo\u00e7\u00e3o \u00e9 compreendida enquanto um\u00a0 processo de constru\u00e7\u00e3o de coes\u00e3o grupal, que tem como catalisadores dois aspectos simb\u00f3licos atrelados \u00e0 imagem da santa: o da liberdade e o da sa\u00fade. Dentre os aspectos analisados, destacam-se o contexto em que a irmandade\u00a0 estava inserida e suas transforma\u00e7\u00f5es ao longo do tempo; o perfil dos embros\u00a0 participantes, a organiza\u00e7\u00e3o dos grupos no interior da confraria, bem como suas estrat\u00e9gias de preserva\u00e7\u00e3o hier\u00e1rquicas; as devo\u00e7\u00f5es estruturadas na institui\u00e7\u00e3o e seus aspectos simb\u00f3licos. A pesquisa utiliza os m\u00e9todos de an\u00e1lise quantitativos e qualitativos, assim como o cruzamento onom\u00e1stico, todos propostos pela micro-hist\u00f3ria.<\/p>\n<p>\u00a0Local onde foi obtido a c\u00f3pia deste trabalho: <a href=\"http:\/\/www.ufsj.edu.br\/portal2-repositorio\/File\/pghis\/Dissertacao%20%20Daniela%20Santos%20Souza.pdf\">http:\/\/www.ufsj.edu.br\/portal2-repositorio\/File\/pghis\/Dissertacao%20%20Daniela%20Santos%20Souza.pdf<\/a><\/p>\n<p>\u00a0Nossa c\u00f3pia em <a href=\"http:\/\/www.categero.org.br\/wp-content\/uploads\/2010\/12\/PDF.pdf\">PDF<\/a>, tamb\u00e9m, dispon\u00edvel.<\/p>\n","protected":false},"excerpt":{"rendered":"<p>Autora: Daniela Dos Santos Souza \u00a0DEVO\u00c7\u00c3O E IDENTIDADE: O culto de Nossa Senhora dos Rem\u00e9dios na Irmandade do Ros\u00e1rio de S\u00e3o Jo\u00e3o del-Rei \u2013 s\u00e9culos XVIII e XIX, Com187 p\u00e1ginas. Disserta\u00e7\u00e3o apresentada ao Programa de P\u00f3s- Gradua\u00e7\u00e3o em Hist\u00f3ria da Universidade Federal de S\u00e3o Jo\u00e3o del-Rei como requisito parcial para a obten\u00e7\u00e3o do grau de [&hellip;]<\/p>\n","protected":false},"author":1,"featured_media":0,"parent":3840,"menu_order":0,"comment_status":"closed","ping_status":"closed","template":"","meta":{"ngg_post_thumbnail":0,"footnotes":""},"class_list":["post-1463","page","type-page","status-publish","hentry"],"_links":{"self":[{"href":"https:\/\/categero.org.br\/antigo\/index.php?rest_route=\/wp\/v2\/pages\/1463","targetHints":{"allow":["GET"]}}],"collection":[{"href":"https:\/\/categero.org.br\/antigo\/index.php?rest_route=\/wp\/v2\/pages"}],"about":[{"href":"https:\/\/categero.org.br\/antigo\/index.php?rest_route=\/wp\/v2\/types\/page"}],"author":[{"embeddable":true,"href":"https:\/\/categero.org.br\/antigo\/index.php?rest_route=\/wp\/v2\/users\/1"}],"replies":[{"embeddable":true,"href":"https:\/\/categero.org.br\/antigo\/index.php?rest_route=%2Fwp%2Fv2%2Fcomments&post=1463"}],"version-history":[{"count":2,"href":"https:\/\/categero.org.br\/antigo\/index.php?rest_route=\/wp\/v2\/pages\/1463\/revisions"}],"predecessor-version":[{"id":5959,"href":"https:\/\/categero.org.br\/antigo\/index.php?rest_route=\/wp\/v2\/pages\/1463\/revisions\/5959"}],"up":[{"embeddable":true,"href":"https:\/\/categero.org.br\/antigo\/index.php?rest_route=\/wp\/v2\/pages\/3840"}],"wp:attachment":[{"href":"https:\/\/categero.org.br\/antigo\/index.php?rest_route=%2Fwp%2Fv2%2Fmedia&parent=1463"}],"curies":[{"name":"wp","href":"https:\/\/api.w.org\/{rel}","templated":true}]}}