{"id":1459,"date":"2010-12-13T23:54:19","date_gmt":"2010-12-13T23:54:19","guid":{"rendered":"http:\/\/www.categero.org.br\/?page_id=1459"},"modified":"2013-12-13T09:27:57","modified_gmt":"2013-12-13T12:27:57","slug":"rj-educacao-em-linha-ano-iv-n%c2%ba12-abriljunho-de-2010","status":"publish","type":"page","link":"https:\/\/categero.org.br\/antigo\/?page_id=1459","title":{"rendered":"RJ &#8211; Educa\u00e7\u00e3o em Linha \u2013 ano IV n\u00ba12 \u2013 abril\/junho de 2010"},"content":{"rendered":"<p>T\u00edtulo da Revista Eletr\u00f4nica: Da costa africana \u00e0 costa brasileira, com um total de 64 p\u00e1ginas.<\/p>\n<p>Elabora\u00e7\u00e3o: Secretaria de Educa\u00e7\u00e3o do Rio de Janeiro<\/p>\n<p>Breve resumo: A revista est\u00e1 composta de 30 artigos, com autores de nomeada, tratando da negritude e a heran\u00e7a cultural, ling\u00fc\u00edstica, de religi\u00e3o, da arte religiosa, na est\u00e9tica, na luta contra a escravagismo e outros aspectos da hist\u00f3ria de todas as manifesta\u00e7\u00f5es dos povos oriundos da \u00c1frica trazidos para o Brasil.<\/p>\n<p>No texto: \u201cO ros\u00e1rio da negritude e o devocion\u00e1rio cat\u00f3lico afro-brasileiro\u201d de autoria de Francisco J. A. Ramalho \u2013 Advogado, Mestre em Direito, Pesquisador e Assessor Cultural, na p\u00e1gina 59 est\u00e1 citado Categer\u00f3, entre outros santos africanos.<\/p>\n<p>Local onde foi obtido o trabalho: <a href=\"http:\/\/www.educacao.rj.gov.br\/revista\/EducacaoemLinha12.pdf\">www.educacao.rj.gov.br\/revista\/EducacaoemLinha12.pdf<\/a><\/p>\n<p>C\u00f3pia em <a href=\"http:\/\/www.categero.org.br\/wp-content\/uploads\/2010\/12\/pdf.pdf\">pdf<\/a> que tamb\u00e9m\u00a0disponibilizamos do trabalho.<\/p>\n","protected":false},"excerpt":{"rendered":"<p>T\u00edtulo da Revista Eletr\u00f4nica: Da costa africana \u00e0 costa brasileira, com um total de 64 p\u00e1ginas. Elabora\u00e7\u00e3o: Secretaria de Educa\u00e7\u00e3o do Rio de Janeiro Breve resumo: A revista est\u00e1 composta de 30 artigos, com autores de nomeada, tratando da negritude e a heran\u00e7a cultural, ling\u00fc\u00edstica, de religi\u00e3o, da arte religiosa, na est\u00e9tica, na luta contra [&hellip;]<\/p>\n","protected":false},"author":1,"featured_media":0,"parent":3848,"menu_order":0,"comment_status":"closed","ping_status":"closed","template":"","meta":{"ngg_post_thumbnail":0,"footnotes":""},"class_list":["post-1459","page","type-page","status-publish","hentry"],"_links":{"self":[{"href":"https:\/\/categero.org.br\/antigo\/index.php?rest_route=\/wp\/v2\/pages\/1459","targetHints":{"allow":["GET"]}}],"collection":[{"href":"https:\/\/categero.org.br\/antigo\/index.php?rest_route=\/wp\/v2\/pages"}],"about":[{"href":"https:\/\/categero.org.br\/antigo\/index.php?rest_route=\/wp\/v2\/types\/page"}],"author":[{"embeddable":true,"href":"https:\/\/categero.org.br\/antigo\/index.php?rest_route=\/wp\/v2\/users\/1"}],"replies":[{"embeddable":true,"href":"https:\/\/categero.org.br\/antigo\/index.php?rest_route=%2Fwp%2Fv2%2Fcomments&post=1459"}],"version-history":[{"count":2,"href":"https:\/\/categero.org.br\/antigo\/index.php?rest_route=\/wp\/v2\/pages\/1459\/revisions"}],"predecessor-version":[{"id":5985,"href":"https:\/\/categero.org.br\/antigo\/index.php?rest_route=\/wp\/v2\/pages\/1459\/revisions\/5985"}],"up":[{"embeddable":true,"href":"https:\/\/categero.org.br\/antigo\/index.php?rest_route=\/wp\/v2\/pages\/3848"}],"wp:attachment":[{"href":"https:\/\/categero.org.br\/antigo\/index.php?rest_route=%2Fwp%2Fv2%2Fmedia&parent=1459"}],"curies":[{"name":"wp","href":"https:\/\/api.w.org\/{rel}","templated":true}]}}