{"id":1444,"date":"2010-12-12T15:09:48","date_gmt":"2010-12-12T15:09:48","guid":{"rendered":"http:\/\/www.categero.org.br\/?page_id=1444"},"modified":"2013-12-13T09:23:05","modified_gmt":"2013-12-13T12:23:05","slug":"27-2001-niteroirj-escrava-anastacia-construcao-de-um-simbolo-e-a-re-construcao","status":"publish","type":"page","link":"https:\/\/categero.org.br\/antigo\/?page_id=1444","title":{"rendered":"RJ\/2001 \u2013 Escrava Anast\u00e1cia: constru\u00e7\u00e3o de um s\u00edmbolo e a re-constru\u00e7\u00e3o &#8230;."},"content":{"rendered":"<p><strong>Escrava Anast\u00e1cia: constru\u00e7\u00e3o de um s\u00edmbolo e a re-constru\u00e7\u00e3o da mem\u00f3ria e identidade dos membros da Irmandade do Ros\u00e1rio e S\u00e3o Benedito dos Homens Pretos<\/strong><\/p>\n<p>Autora:\u00a0 M\u00f4nica Dias de Souza<\/p>\n<p>Disserta\u00e7\u00e3o para a obten\u00e7\u00e3o do grau de mestre em Hist\u00f3ria<\/p>\n<p>Universidade Federal Fluminense \u2013 Instituto de Ci\u00eancias Humanas e Filosofia<\/p>\n<p>Departamento de P\u00f3s-Gradua\u00e7\u00e3o em Hist\u00f3ria<\/p>\n<p>Orienta\u00e7\u00e3o: Prof\u00ba Dr. Marcos Alvito Pereira de Souza<\/p>\n<p>Resumo: este trabalho tem como objeto de estudo a cria\u00e7\u00e3o simb\u00f3lica da escrava Aast\u00e1cia, ocorrida ao longo da d\u00e9cada de setenta, no Rio de Janeiro, fruto da reconstru\u00e7\u00e3o da mem\u00f3ria e da identidade da Irmandade do Ros\u00e1rio e S\u00e3o Benedito dos Homens Pretos e do contexto hist\u00f3rico do per\u00edodo, que visa sobretudo,\u00a0 as transforma\u00e7\u00f5es referentes \u00e0s representa\u00e7\u00f5es da escrava, ou seja, imagens e relatos de sua vida, elaboradas no decorrer da forma\u00e7\u00e3o do s\u00edmbolo.<\/p>\n<p>Nota do Portal: A cita\u00e7\u00e3o de Santo Ant\u00f4nio de Categer\u00f3 ocorre no item 105, das refer\u00eancias bibliogr\u00e1ficas do trabalho, em sua p\u00e1gina 165.<\/p>\n<p>Nossa c\u00f3pia em <a href=\"http:\/\/www.categero.org.br\/wp-content\/uploads\/2010\/12\/27.pdf\">27<\/a> do trabalho<\/p>\n<p>\u00a0Local onde obtemos o referente trabalho:\u00a0 <a href=\"http:\/\/www.historia.uff.br\/stricto\/teses\/Dissert-2001_SOUZA_Monica_Dias-S.pdf\">http:\/\/www.historia.uff.br\/stricto\/teses\/Dissert-2001_SOUZA_Monica_Dias-S.pdf<\/a><\/p>\n","protected":false},"excerpt":{"rendered":"<p>Escrava Anast\u00e1cia: constru\u00e7\u00e3o de um s\u00edmbolo e a re-constru\u00e7\u00e3o da mem\u00f3ria e identidade dos membros da Irmandade do Ros\u00e1rio e S\u00e3o Benedito dos Homens Pretos Autora:\u00a0 M\u00f4nica Dias de Souza Disserta\u00e7\u00e3o para a obten\u00e7\u00e3o do grau de mestre em Hist\u00f3ria Universidade Federal Fluminense \u2013 Instituto de Ci\u00eancias Humanas e Filosofia Departamento de P\u00f3s-Gradua\u00e7\u00e3o em Hist\u00f3ria [&hellip;]<\/p>\n","protected":false},"author":1,"featured_media":0,"parent":3840,"menu_order":0,"comment_status":"closed","ping_status":"closed","template":"","meta":{"ngg_post_thumbnail":0,"footnotes":""},"class_list":["post-1444","page","type-page","status-publish","hentry"],"_links":{"self":[{"href":"https:\/\/categero.org.br\/antigo\/index.php?rest_route=\/wp\/v2\/pages\/1444","targetHints":{"allow":["GET"]}}],"collection":[{"href":"https:\/\/categero.org.br\/antigo\/index.php?rest_route=\/wp\/v2\/pages"}],"about":[{"href":"https:\/\/categero.org.br\/antigo\/index.php?rest_route=\/wp\/v2\/types\/page"}],"author":[{"embeddable":true,"href":"https:\/\/categero.org.br\/antigo\/index.php?rest_route=\/wp\/v2\/users\/1"}],"replies":[{"embeddable":true,"href":"https:\/\/categero.org.br\/antigo\/index.php?rest_route=%2Fwp%2Fv2%2Fcomments&post=1444"}],"version-history":[{"count":3,"href":"https:\/\/categero.org.br\/antigo\/index.php?rest_route=\/wp\/v2\/pages\/1444\/revisions"}],"predecessor-version":[{"id":5926,"href":"https:\/\/categero.org.br\/antigo\/index.php?rest_route=\/wp\/v2\/pages\/1444\/revisions\/5926"}],"up":[{"embeddable":true,"href":"https:\/\/categero.org.br\/antigo\/index.php?rest_route=\/wp\/v2\/pages\/3840"}],"wp:attachment":[{"href":"https:\/\/categero.org.br\/antigo\/index.php?rest_route=%2Fwp%2Fv2%2Fmedia&parent=1444"}],"curies":[{"name":"wp","href":"https:\/\/api.w.org\/{rel}","templated":true}]}}