{"id":138,"date":"2010-10-01T01:09:22","date_gmt":"2010-10-01T01:09:22","guid":{"rendered":"http:\/\/www.categero.org.br\/?page_id=138"},"modified":"2017-01-31T13:46:35","modified_gmt":"2017-01-31T16:46:35","slug":"sao-paulosp-igreja-de-santo-amaro","status":"publish","type":"page","link":"https:\/\/categero.org.br\/antigo\/?page_id=138","title":{"rendered":"SP\/S\u00e3o Paulo &#8211; Igreja de Santo Amaro"},"content":{"rendered":"<p style=\"text-align: right;\"><em><strong><span style=\"color: #ff0000;\">VEJA<\/span> \u00a0 \u00a0 <a href=\"http:\/\/categero.org.br\/?p=11441\" target=\"_blank\">\u00a0<\/a><a href=\"http:\/\/categero.org.br\/?p=11569\" target=\"_blank\">Not\u00edcias \u00a0de Categer\u00f3 desta Matriz em nosso Portal<\/a><\/strong><\/em><\/p>\n<p><a href=\"http:\/\/categero.org.br\/wp-content\/uploads\/2010\/10\/P1020502-Edit-Internet.jpg\"><img loading=\"lazy\" decoding=\"async\" class=\"aligncenter size-medium wp-image-8554\" src=\"http:\/\/categero.org.br\/wp-content\/uploads\/2010\/10\/P1020502-Edit-Internet-300x224.jpg\" alt=\"P1020502-Edit Internet\" width=\"300\" height=\"224\" srcset=\"https:\/\/categero.org.br\/antigo\/wp-content\/uploads\/2010\/10\/P1020502-Edit-Internet-300x224.jpg 300w, https:\/\/categero.org.br\/antigo\/wp-content\/uploads\/2010\/10\/P1020502-Edit-Internet-495x371.jpg 495w, https:\/\/categero.org.br\/antigo\/wp-content\/uploads\/2010\/10\/P1020502-Edit-Internet-80x60.jpg 80w, https:\/\/categero.org.br\/antigo\/wp-content\/uploads\/2010\/10\/P1020502-Edit-Internet-161x120.jpg 161w, https:\/\/categero.org.br\/antigo\/wp-content\/uploads\/2010\/10\/P1020502-Edit-Internet.jpg 691w\" sizes=\"auto, (max-width: 300px) 100vw, 300px\" \/><\/a><\/p>\n<p>H\u00e1 uma imagem de Categer\u00f3 na igreja de Santo Amaro, na cidade de S\u00e3o Paulo, \u2013 SP.<\/p>\n<p>Nota &#8211; O Portal est\u00e1 coletando e buscando novos dados sobre o Beato Ant\u00f4nio de Categer\u00f3, na igreja de Santo Amaro, que ir\u00e1 processar e melhorar a informa\u00e7\u00e3o<\/p>\n<p style=\"text-align: right;\"><em><strong><span style=\"color: #ff0000;\">VEJA<\/span> \u00a0 \u00a0 <a href=\"http:\/\/categero.org.br\/?p=11441\" target=\"_blank\">\u00a0<\/a><a href=\"http:\/\/categero.org.br\/?p=11569\" target=\"_blank\">Not\u00edcias \u00a0de Categer\u00f3 desta Matriz em nosso Portal<\/a><\/strong><\/em><\/p>\n<p><a href=\"http:\/\/categero.org.br\/wp-content\/uploads\/2010\/10\/Igr-Sto-Amaro-SP.jpg\"><img loading=\"lazy\" decoding=\"async\" class=\"aligncenter size-medium wp-image-8555\" src=\"http:\/\/categero.org.br\/wp-content\/uploads\/2010\/10\/Igr-Sto-Amaro-SP-300x149.jpg\" alt=\"Igr Sto Amaro SP\" width=\"300\" height=\"149\" srcset=\"https:\/\/categero.org.br\/antigo\/wp-content\/uploads\/2010\/10\/Igr-Sto-Amaro-SP-300x149.jpg 300w, https:\/\/categero.org.br\/antigo\/wp-content\/uploads\/2010\/10\/Igr-Sto-Amaro-SP.jpg 397w\" sizes=\"auto, (max-width: 300px) 100vw, 300px\" \/><\/a><\/p>\n","protected":false},"excerpt":{"rendered":"<p>VEJA \u00a0 \u00a0 \u00a0Not\u00edcias \u00a0de Categer\u00f3 desta Matriz em nosso Portal H\u00e1 uma imagem de Categer\u00f3 na igreja de Santo Amaro, na cidade de S\u00e3o Paulo, \u2013 SP. Nota &#8211; O Portal est\u00e1 coletando e buscando novos dados sobre o Beato Ant\u00f4nio de Categer\u00f3, na igreja de Santo Amaro, que ir\u00e1 processar e melhorar a [&hellip;]<\/p>\n","protected":false},"author":1,"featured_media":8555,"parent":8867,"menu_order":0,"comment_status":"open","ping_status":"open","template":"","meta":{"ngg_post_thumbnail":0,"footnotes":""},"class_list":["post-138","page","type-page","status-publish","has-post-thumbnail","hentry"],"_links":{"self":[{"href":"https:\/\/categero.org.br\/antigo\/index.php?rest_route=\/wp\/v2\/pages\/138","targetHints":{"allow":["GET"]}}],"collection":[{"href":"https:\/\/categero.org.br\/antigo\/index.php?rest_route=\/wp\/v2\/pages"}],"about":[{"href":"https:\/\/categero.org.br\/antigo\/index.php?rest_route=\/wp\/v2\/types\/page"}],"author":[{"embeddable":true,"href":"https:\/\/categero.org.br\/antigo\/index.php?rest_route=\/wp\/v2\/users\/1"}],"replies":[{"embeddable":true,"href":"https:\/\/categero.org.br\/antigo\/index.php?rest_route=%2Fwp%2Fv2%2Fcomments&post=138"}],"version-history":[{"count":7,"href":"https:\/\/categero.org.br\/antigo\/index.php?rest_route=\/wp\/v2\/pages\/138\/revisions"}],"predecessor-version":[{"id":11577,"href":"https:\/\/categero.org.br\/antigo\/index.php?rest_route=\/wp\/v2\/pages\/138\/revisions\/11577"}],"up":[{"embeddable":true,"href":"https:\/\/categero.org.br\/antigo\/index.php?rest_route=\/wp\/v2\/pages\/8867"}],"wp:featuredmedia":[{"embeddable":true,"href":"https:\/\/categero.org.br\/antigo\/index.php?rest_route=\/wp\/v2\/media\/8555"}],"wp:attachment":[{"href":"https:\/\/categero.org.br\/antigo\/index.php?rest_route=%2Fwp%2Fv2%2Fmedia&parent=138"}],"curies":[{"name":"wp","href":"https:\/\/api.w.org\/{rel}","templated":true}]}}