{"id":136,"date":"2010-10-01T01:05:06","date_gmt":"2010-10-01T01:05:06","guid":{"rendered":"http:\/\/www.categero.org.br\/?page_id=136"},"modified":"2017-02-05T20:55:11","modified_gmt":"2017-02-05T23:55:11","slug":"sao-paulosp-igreja-de-santa-edviges","status":"publish","type":"page","link":"https:\/\/categero.org.br\/antigo\/?page_id=136","title":{"rendered":"SP\/S\u00e3o Paulo -Igreja de Santa Edviges: Beato de Categer\u00f3  existiu ou nunca existiu?"},"content":{"rendered":"<p style=\"text-align: center;\"><strong>SP\/SP &#8211; O Beato Ant\u00f4nio de Categer\u00f3 nesta Igreja &#8230; existiu ou nunca existiu?<\/strong><\/p>\n<p style=\"text-align: right;\"><span style=\"color: #ff0000;\">Nota do Portal (PESQUISA)<\/span>\u00a0&#8211; Estaomos coletando e buscando dados, para processar e melhorar a informa\u00e7\u00e3o<\/p>\n<p style=\"text-align: justify;\">Na p\u00e1gina 71, do livro &#8220;Santo Ant\u00f4nio de Categer\u00f3 -Sinal prof\u00e9tico de empenho pelos pobres&#8221;, de autoria do Monsenhor Salvatore Guastella, religioso italiano especializado em biografias de santifica\u00e7\u00f5es do Vale do Noto, na Sic\u00edlia, It\u00e1lia, consta que \u00a0h\u00e1 um altar dedicado, nesta igreja de Santa Edwiges. Em havendo o altar, citado, seria coerente que houvesse uma imagem de Categer\u00f3. na igreja de Santa Edviges, na cidade de S\u00e3o Paulo, \u2013 SP.<\/p>\n<p style=\"text-align: justify;\">Outra fonte que fala do surgimento da devo\u00e7\u00e3o de Santa Edviges em S\u00e3o Paulo \u00e9 o livro com a Hist\u00f3ria da Irmandade do Ros\u00e1rio dos Homens Pretos da cidade de S\u00e3o Paulo, de autoria do Comendador Raul Joviano do Amaral, intitulado &#8220;Os Pretos do Ros\u00e1rio de S\u00e3o Paulo&#8221;. Nas p\u00e1ginas 55 e 56 est\u00e1 narrada a chegada da devo\u00e7\u00e3o de Santa Edviges, \u00e0 igreja de Nossa Senhora do Ros\u00e1rio, por um grupo de senhoras da sociedade paulistas.<\/p>\n<p style=\"text-align: justify;\">Essa refer\u00eancia \u00e9 do ano de 1938 e foi amplamente divulgada no A Gazeta, de 4 de abril, com a ben\u00e7\u00e3o e entroniza\u00e7\u00e3o da imagem, al\u00e9m de um translado processional solene, por ser a primeira &#8220;ef\u00edgie&#8221;, diz o texto ao referir a primeira imagem da Santa exposta para devo\u00e7\u00e3o p\u00fablica na cidade de S\u00e3o Paulo.<\/p>\n<p style=\"text-align: justify;\">A igreja de Santa Edviges, existente na cidade S\u00e3o Paulo, se situa na Estrada das L\u00e1grimas, 910 &#8211; bairro Sacom\u00e3 e tem\u00a0telefone: (11) 2274 2853. A data de funda\u00e7\u00e3o dessa igreja \u00e9 posterior a data da devo\u00e7\u00e3o de Santa Edviges, na igreja do Ros\u00e1rio, em 1938. Em visita a igreja no bairro do Sacom\u00e3, em S\u00e3o Paulo, n\u00e3o houve qualquer confirma\u00e7\u00e3o de conex\u00e3o, da devo\u00e7\u00e3o do Ros\u00e1rio, \u00e0 Santa Edviges, com a funda\u00e7\u00e3o da igreja.<\/p>\n<p style=\"text-align: justify;\">Assim, na igreja de Santa Edviges, no bairro Sacom\u00e3, em S\u00e3o Paulo, n\u00e3o h\u00e1, parecendo tamb\u00e9m, nunca ter existido, qualquer resqu\u00edcio da devo\u00e7\u00e3o ao Beato Ant\u00f4nio de Categer\u00f3, que pode ter dividido,em alguma \u00e9poca, altar com a referida santa.<\/p>\n<p>&nbsp;<\/p>\n<div class=\"kp-header\" data-ved=\"0ahUKEwjVz9nB-d3RAhVDvJAKHT_UDncQ3z4IpQEoAA\">\n<div class=\"_axe _T9h kp-rgc\">\n<div class=\"_cFb\">\n<div class=\"_tN _IWg _HWg mod\" data-md=\"16\" data-hveid=\"172\" data-ved=\"0ahUKEwjVz9nB-d3RAhVDvJAKHT_UDncQhygIrAEwEg\">\n<div class=\"_fdf\">\n<div class=\"_Q1n\">\n<div class=\"kno-ecr-pt kno-fb-ctx\" data-ved=\"0ahUKEwjVz9nB-d3RAhVDvJAKHT_UDncQ3B0ItQEoATAS\">\n<div id=\"attachment_11555\" style=\"width: 202px\" class=\"wp-caption aligncenter\"><img loading=\"lazy\" decoding=\"async\" aria-describedby=\"caption-attachment-11555\" class=\"wp-image-11555 size-full\" src=\"http:\/\/categero.org.br\/wp-content\/uploads\/2010\/10\/images.jpg\" alt=\"images\" width=\"192\" height=\"263\" \/><p id=\"caption-attachment-11555\" class=\"wp-caption-text\">Edviges Rainha da Pol\u00f3nia<\/p><\/div>\n<\/div>\n<div class=\"_gdf kno-fb-ctx\" style=\"text-align: justify;\">Edviges de Anjou foi rainha da Pol\u00f4nia a partir de 1384 e gr\u00e3-duquesa da Litu\u00e2nia a partir de 18 de fevereiro de 1386 at\u00e9 1392.<a class=\"fl q _KCd _tWc\" href=\"http:\/\/pt.wikipedia.org\/wiki\/Edviges_da_Pol%C3%B3nia\" data-ved=\"0ahUKEwjVz9nB-d3RAhVDvJAKHT_UDncQmhMIuQEwEw\">Wikip\u00e9dia<\/a><\/div>\n<\/div>\n<\/div>\n<\/div>\n<\/div>\n<\/div>\n<\/div>\n<div class=\"_G1d _wle _xle\">\n<div class=\"_RBg\">\n<div class=\"mod\" data-md=\"30\" data-ved=\"0ahUKEwjVz9nB-d3RAhVDvJAKHT_UDncQkCkIugEoAjAU\"><span class=\"_xdb\"><a class=\"fl\" href=\"https:\/\/www.google.com.br\/search?sa=X&amp;biw=1422&amp;bih=938&amp;q=edviges+da+pol%C3%B3nia+nascimento&amp;stick=H4sIAAAAAAAAAOPgE-LQz9U3MDGtLNESy0620i9IzS_ISQVSRcX5eVZJ-UV5ADGRVOkkAAAA&amp;ved=0ahUKEwjVz9nB-d3RAhVDvJAKHT_UDncQ6BMIvQEoADAV\" data-ved=\"0ahUKEwjVz9nB-d3RAhVDvJAKHT_UDncQ6BMIvQEoADAV\">Nascimento<\/a>: <\/span><span class=\"_Xbe kno-fv\">1373, <a class=\"fl\" href=\"https:\/\/www.google.com.br\/search?sa=X&amp;biw=1422&amp;bih=938&amp;q=Buda+(Hungria)&amp;stick=H4sIAAAAAAAAAOPgE-LQz9U3MDGtLFECs_JyDTK0xLKTrfQLUvMLclKBVFFxfp5VUn5RHgBptnaILgAAAA&amp;ved=0ahUKEwjVz9nB-d3RAhVDvJAKHT_UDncQmxMIvgEoATAV\" data-ved=\"0ahUKEwjVz9nB-d3RAhVDvJAKHT_UDncQmxMIvgEoATAV\">Buda<\/a><\/span><\/div>\n<div class=\"mod\" data-md=\"1001\" data-hveid=\"191\" data-ved=\"0ahUKEwjVz9nB-d3RAhVDvJAKHT_UDncQkCkIvwEoBDAW\">\n<div class=\"_eFb\">\n<div class=\"_mr kno-fb-ctx\" data-attrid=\"kc:\/people\/deceased_person:died\" data-ved=\"0ahUKEwjVz9nB-d3RAhVDvJAKHT_UDncQyxMIwAEoADAW\"><span class=\"_xdb\"><a class=\"fl\" href=\"https:\/\/www.google.com.br\/search?sa=X&amp;biw=1422&amp;bih=938&amp;q=edviges+da+pol%C3%B3nia+falecimento&amp;stick=H4sIAAAAAAAAAOPgE-LQz9U3MDGtLNGSz0620i9IzS_ISdVPSU1OTSxOTYkvSC0qzs-zSslMTQEApaz0Ey0AAAA&amp;ved=0ahUKEwjVz9nB-d3RAhVDvJAKHT_UDncQ6BMIwQEoADAW\" data-ved=\"0ahUKEwjVz9nB-d3RAhVDvJAKHT_UDncQ6BMIwQEoADAW\">Falecimento<\/a>: <\/span><span class=\"_Xbe kno-fv\">17 de julho de 1399, <a class=\"fl\" href=\"https:\/\/www.google.com.br\/search?sa=X&amp;biw=1422&amp;bih=938&amp;q=Crac%C3%B3via&amp;stick=H4sIAAAAAAAAAOPgE-LQz9U3MDGtLFGCsCwNK7Xks5Ot9AtS8wtyUvVTUpNTE4tTU-ILUouK8_OsUjJTUwCjnZChNwAAAA&amp;ved=0ahUKEwjVz9nB-d3RAhVDvJAKHT_UDncQmxMIwgEoATAW\" data-ved=\"0ahUKEwjVz9nB-d3RAhVDvJAKHT_UDncQmxMIwgEoATAW\">Crac\u00f3via, Pol\u00f4nia<\/a><\/span><\/div>\n<\/div>\n<\/div>\n<div class=\"mod\" data-md=\"1001\" data-hveid=\"195\" data-ved=\"0ahUKEwjVz9nB-d3RAhVDvJAKHT_UDncQkCkIwwEoBTAX\">\n<div class=\"_eFb\">\n<div class=\"_mr kno-fb-ctx\" data-attrid=\"kc:\/people\/person:spouse\" data-ved=\"0ahUKEwjVz9nB-d3RAhVDvJAKHT_UDncQyxMIxAEoADAX\"><span class=\"_xdb\"><a class=\"fl\" href=\"https:\/\/www.google.com.br\/search?sa=X&amp;biw=1422&amp;bih=938&amp;q=edviges+da+pol%C3%B3nia+c%C3%B4njuge&amp;stick=H4sIAAAAAAAAAOPgE-LQz9U3MDGtLNGSyE620i9IzS_ISQVSRcX5eVbFBfmlxakAhg2s5iYAAAA&amp;ved=0ahUKEwjVz9nB-d3RAhVDvJAKHT_UDncQ6BMIxQEoADAX\" data-ved=\"0ahUKEwjVz9nB-d3RAhVDvJAKHT_UDncQ6BMIxQEoADAX\">C\u00f4njuge<\/a>: <\/span><span class=\"_Xbe kno-fv\"><a class=\"fl\" href=\"https:\/\/www.google.com.br\/search?sa=X&amp;biw=1422&amp;bih=938&amp;q=Vladislau+II+Jagel%C3%A3o+da+Pol%C3%B4nia&amp;stick=H4sIAAAAAAAAAOPgE-LQz9U3MDGtLFECs5IKioq1JLKTrfQLUvMLclKBVFFxfp5VcUF-aXEqAIaCOqUwAAAA&amp;ved=0ahUKEwjVz9nB-d3RAhVDvJAKHT_UDncQmxMIxgEoATAX\" data-ved=\"0ahUKEwjVz9nB-d3RAhVDvJAKHT_UDncQmxMIxgEoATAX\">Vladislau II Jagel\u00e3o da Pol\u00f4nia<\/a> (de 1386 a 1399)<\/span><\/div>\n<\/div>\n<\/div>\n<div class=\"mod\" data-md=\"1001\" data-hveid=\"199\" data-ved=\"0ahUKEwjVz9nB-d3RAhVDvJAKHT_UDncQkCkIxwEoBjAY\">\n<div class=\"_eFb\">\n<div class=\"_mr kno-fb-ctx\" data-attrid=\"kc:\/people\/deceased_person:place of burial\" data-ved=\"0ahUKEwjVz9nB-d3RAhVDvJAKHT_UDncQyxMIyAEoADAY\"><span class=\"_xdb\"><a class=\"fl\" href=\"https:\/\/www.google.com.br\/search?sa=X&amp;biw=1422&amp;bih=938&amp;q=edviges+da+pol%C3%B3nia+local+de+enterro&amp;stick=H4sIAAAAAAAAAOPgE-LQz9U3MDGtLNHSyk620i9IzS_ISdVPSU1OTSxOTYkvSC0qzs-zKshJTE5VyE9TSCotykzMAQBOlO3EOAAAAA&amp;ved=0ahUKEwjVz9nB-d3RAhVDvJAKHT_UDncQ6BMIyQEoADAY\" data-ved=\"0ahUKEwjVz9nB-d3RAhVDvJAKHT_UDncQ6BMIyQEoADAY\">Local de enterro<\/a>: <\/span><span class=\"_Xbe kno-fv\"><a class=\"fl\" href=\"https:\/\/www.google.com.br\/search?sa=X&amp;biw=1422&amp;bih=938&amp;q=Catedral+de+Wawel&amp;stick=H4sIAAAAAAAAAOPgE-LQz9U3MDGtLFHiBLMsDYrjtbSyk630C1LzC3JS9VNSk1MTi1NT4gtSi4rz86wKchKTUxXy0xSSSosyE3MAi2qv8kMAAAA&amp;ved=0ahUKEwjVz9nB-d3RAhVDvJAKHT_UDncQmxMIygEoATAY\" data-ved=\"0ahUKEwjVz9nB-d3RAhVDvJAKHT_UDncQmxMIygEoATAY\">Catedral de Wawel, Crac\u00f3via, Pol\u00f4nia<\/a><\/span><\/div>\n<\/div>\n<\/div>\n<div class=\"mod\" data-md=\"1001\" data-hveid=\"203\" data-ved=\"0ahUKEwjVz9nB-d3RAhVDvJAKHT_UDncQkCkIywEoBzAZ\">\n<div class=\"_eFb\">\n<div class=\"_mr kno-fb-ctx\" data-attrid=\"kc:\/people\/person:children\" data-ved=\"0ahUKEwjVz9nB-d3RAhVDvJAKHT_UDncQyxMIzAEoADAZ\"><span class=\"_xdb\"><a class=\"fl\" href=\"https:\/\/www.google.com.br\/search?sa=X&amp;biw=1422&amp;bih=938&amp;q=edviges+da+pol%C3%B3nia+filha&amp;stick=H4sIAAAAAAAAAOPgE-LQz9U3MDGtLNGSyk620i9IzS_ISQVSRcX5eVbJGZk5KUWpeQCjfa16KAAAAA&amp;ved=0ahUKEwjVz9nB-d3RAhVDvJAKHT_UDncQ6BMIzQEoADAZ\" data-ved=\"0ahUKEwjVz9nB-d3RAhVDvJAKHT_UDncQ6BMIzQEoADAZ\">Filha<\/a>: <\/span><span class=\"_Xbe kno-fv\"><a class=\"fl\" href=\"https:\/\/www.google.com.br\/search?sa=X&amp;biw=1422&amp;bih=938&amp;q=bonifacja&amp;stick=H4sIAAAAAAAAAOPgE-LQz9U3MDGtLFHiArEyitLKi5K0pLKTrfQLUvMLclKBVFFxfp5VckZmTkpRah4AtdgzFzQAAAA&amp;ved=0ahUKEwjVz9nB-d3RAhVDvJAKHT_UDncQmxMIzgEoATAZ\" data-ved=\"0ahUKEwjVz9nB-d3RAhVDvJAKHT_UDncQmxMIzgEoATAZ\">Elizabeth Bonifacia of Poland<\/a><\/span><\/div>\n<\/div>\n<\/div>\n<div class=\"mod\" data-md=\"1001\" data-hveid=\"207\" data-ved=\"0ahUKEwjVz9nB-d3RAhVDvJAKHT_UDncQkCkIzwEoCDAa\">\n<div class=\"_eFb\">\n<div class=\"_mr kno-fb-ctx\" data-attrid=\"hw:\/collection\/monarchs:royal line\" data-ved=\"0ahUKEwjVz9nB-d3RAhVDvJAKHT_UDncQyxMI0AEoADAa\"><span class=\"_xdb\"><a class=\"fl\" href=\"https:\/\/www.google.com.br\/search?sa=X&amp;biw=1422&amp;bih=938&amp;q=edviges+da+pol%C3%B3nia+linhagem+real&amp;stick=H4sIAAAAAAAAAOPgE-LQz9U3MDGtLNFSyii30k_Oz8lJTS7JzM_Tz83PSyxKzii2KsqvTMxRyMnMSwUAGeNCczAAAAA&amp;ved=0ahUKEwjVz9nB-d3RAhVDvJAKHT_UDncQ6BMI0QEoADAa\" data-ved=\"0ahUKEwjVz9nB-d3RAhVDvJAKHT_UDncQ6BMI0QEoADAa\">Linhagem Real<\/a>: <\/span><span class=\"_Xbe kno-fv\"><a class=\"fl\" href=\"https:\/\/www.google.com.br\/search?sa=X&amp;biw=1422&amp;bih=938&amp;q=Casa+capetiana+de+Anjou&amp;stick=H4sIAAAAAAAAAOPgE-LQz9U3MDGtLFHiArGMCtMz0gy1lDLKrfST83NyUpNLMvPz9HPz8xKLkjOKrYryKxNzFHIy81IBZ-TMhDwAAAA&amp;ved=0ahUKEwjVz9nB-d3RAhVDvJAKHT_UDncQmxMI0gEoATAa\" data-ved=\"0ahUKEwjVz9nB-d3RAhVDvJAKHT_UDncQmxMI0gEoATAa\">Casa capetiana de Anjou<\/a><\/span><\/div>\n<\/div>\n<\/div>\n<\/div>\n<\/div>\n<div class=\"_tN _Wtj mod\" data-md=\"13\" data-ved=\"0ahUKEwjVz9nB-d3RAhVDvJAKHT_UDncQkCkI0wEoCTAb\">\n<div class=\"_W5e _X5e\"><a href=\"https:\/\/www.google.com.br\/search?sa=X&amp;biw=1422&amp;bih=938&amp;q=Edviges+da+Pol%C3%B3nia&amp;stick=H4sIAAAAAAAAAONgFuLQz9U3MDGtLFGCs7SkspOt9AtS8wtyUoFUUXF-nlVxZkpqeWJlMQBrSLteMgAAAA&amp;ved=0ahUKEwjVz9nB-d3RAhVDvJAKHT_UDncQMQjUASgAMBs\" data-ved=\"0ahUKEwjVz9nB-d3RAhVDvJAKHT_UDncQMQjUASgAMBs\">Pesquisas relacionadas<\/a><\/div>\n<\/div>\n<div class=\"_W5e _X5e\" style=\"text-align: center;\">.<\/div>\n<div class=\"_W5e _X5e\" style=\"text-align: center;\"><a href=\"http:\/\/santuariosantaedwiges.com.br\/\" target=\"_blank\"><strong>Link da igreja de Santa Edviges:\u00a0<\/strong><\/a><\/div>\n<div class=\"_tN _Wtj mod\" data-md=\"13\" data-ved=\"0ahUKEwjVz9nB-d3RAhVDvJAKHT_UDncQkCkI0wEoCTAb\">\n<div class=\"_W5e _X5e\" style=\"text-align: center;\"><\/div>\n<div class=\"_W5e _X5e\" style=\"text-align: center;\"><img loading=\"lazy\" decoding=\"async\" class=\"aligncenter size-full wp-image-11557\" src=\"http:\/\/categero.org.br\/wp-content\/uploads\/2010\/10\/Banner-Sta-Edwiges.jpg\" alt=\"Banner Sta Edwiges\" width=\"425\" height=\"283\" srcset=\"https:\/\/categero.org.br\/antigo\/wp-content\/uploads\/2010\/10\/Banner-Sta-Edwiges.jpg 425w, https:\/\/categero.org.br\/antigo\/wp-content\/uploads\/2010\/10\/Banner-Sta-Edwiges-300x200.jpg 300w, https:\/\/categero.org.br\/antigo\/wp-content\/uploads\/2010\/10\/Banner-Sta-Edwiges-75x50.jpg 75w, https:\/\/categero.org.br\/antigo\/wp-content\/uploads\/2010\/10\/Banner-Sta-Edwiges-120x80.jpg 120w\" sizes=\"auto, (max-width: 425px) 100vw, 425px\" \/><\/div>\n<\/div>\n","protected":false},"excerpt":{"rendered":"<p>SP\/SP &#8211; O Beato Ant\u00f4nio de Categer\u00f3 nesta Igreja &#8230; existiu ou nunca existiu? Nota do Portal (PESQUISA)\u00a0&#8211; Estaomos coletando e buscando dados, para processar e melhorar a informa\u00e7\u00e3o Na p\u00e1gina 71, do livro &#8220;Santo Ant\u00f4nio de Categer\u00f3 -Sinal prof\u00e9tico de empenho pelos pobres&#8221;, de autoria do Monsenhor Salvatore Guastella, religioso italiano especializado em biografias [&hellip;]<\/p>\n","protected":false},"author":1,"featured_media":11557,"parent":8867,"menu_order":0,"comment_status":"closed","ping_status":"closed","template":"","meta":{"ngg_post_thumbnail":0,"footnotes":""},"class_list":["post-136","page","type-page","status-publish","has-post-thumbnail","hentry"],"_links":{"self":[{"href":"https:\/\/categero.org.br\/antigo\/index.php?rest_route=\/wp\/v2\/pages\/136","targetHints":{"allow":["GET"]}}],"collection":[{"href":"https:\/\/categero.org.br\/antigo\/index.php?rest_route=\/wp\/v2\/pages"}],"about":[{"href":"https:\/\/categero.org.br\/antigo\/index.php?rest_route=\/wp\/v2\/types\/page"}],"author":[{"embeddable":true,"href":"https:\/\/categero.org.br\/antigo\/index.php?rest_route=\/wp\/v2\/users\/1"}],"replies":[{"embeddable":true,"href":"https:\/\/categero.org.br\/antigo\/index.php?rest_route=%2Fwp%2Fv2%2Fcomments&post=136"}],"version-history":[{"count":15,"href":"https:\/\/categero.org.br\/antigo\/index.php?rest_route=\/wp\/v2\/pages\/136\/revisions"}],"predecessor-version":[{"id":11755,"href":"https:\/\/categero.org.br\/antigo\/index.php?rest_route=\/wp\/v2\/pages\/136\/revisions\/11755"}],"up":[{"embeddable":true,"href":"https:\/\/categero.org.br\/antigo\/index.php?rest_route=\/wp\/v2\/pages\/8867"}],"wp:featuredmedia":[{"embeddable":true,"href":"https:\/\/categero.org.br\/antigo\/index.php?rest_route=\/wp\/v2\/media\/11557"}],"wp:attachment":[{"href":"https:\/\/categero.org.br\/antigo\/index.php?rest_route=%2Fwp%2Fv2%2Fmedia&parent=136"}],"curies":[{"name":"wp","href":"https:\/\/api.w.org\/{rel}","templated":true}]}}