{"id":1337,"date":"2010-11-10T00:47:58","date_gmt":"2010-11-10T00:47:58","guid":{"rendered":"http:\/\/www.categero.org.br\/?page_id=1337"},"modified":"2013-12-13T09:23:20","modified_gmt":"2013-12-13T12:23:20","slug":"25-para-alem-de-salvador-e-do-reconcavo-baiano-o-culto-aos-santos-na-america-portuguesa","status":"publish","type":"page","link":"https:\/\/categero.org.br\/antigo\/?page_id=1337","title":{"rendered":"SP\/2010 &#8211; Para al\u00e9m de Salvador e do Rec\u00f4ncavo Baiano: o culto aos santos na Am\u00e9rica Portuguesa"},"content":{"rendered":"<p><a href=\"http:\/\/www.categero.org.br\/wp-content\/uploads\/2010\/11\/25.-DOC.doc\">25. <\/a>Endere\u00e7o de onde foi obtido o material:\u00a0 <a href=\"http:\/\/www.scielo.br\/scielo.php?pid=S0101-90742010000100014&amp;script=sci_arttext&amp;tlng=pt\">http:\/\/www.scielo.br\/scielo.php?pid=S0101-90742010000100014&amp;script=sci_arttext&amp;tlng=pt<\/a><\/p>\n<p>Beyond Salvador and the Rec\u00f4ncavo baiano: cult to the saints in Portuguese America<\/p>\n<p style=\"text-align: center;\"><strong>Autoria: T\u00e2nia Maria Pinto de Santana<\/strong><\/p>\n<p>Mestre em Hist\u00f3ria &#8211; Professora do Centro de Humanidades e Letras &#8211; UFRB &#8211; Universidade Federal do Rec\u00f4ncavo da Bahia &#8211; CEP. 44380-000, Cachoeira, Bahia, Brasil. E-mail: <span style=\"text-decoration: underline;\"><a href=\"mailto:tmpsantana@ig.com.br\">tmpsantana@ig.com.br<\/a><\/span><\/p>\n<p>Hist\u00f3ria (S\u00e3o Paulo) <em>version<\/em>\u00a0ISSN 1980-4369\u00a0<\/p>\n<p>&#8211; C\u00f3pia: <a href=\"http:\/\/www.categero.org.br\/wp-content\/uploads\/2010\/11\/25.-DOC1.doc\">25. DOC<\/a> baixar aqui.<\/p>\n<p><strong>Hist\u00f3ria\u00a0vol.29\u00a0no.1\u00a0Franca\u00a0\u00a02010 <\/strong>doi: 10.1590\/S0101-90742010000100014\u00a0<\/p>\n<p><strong>DOSSI\u00ca: HIST\u00d3RIA E RELIGIOSIDADES<\/strong><\/p>\n<p>Resumo<\/p>\n<p>Este texto pretende discutir alguns aspectos ligados \u00e0 quest\u00e3o dos poucos avan\u00e7os da catequese cat\u00f3lica entre os negros, proposta pelo Clero na Am\u00e9rica &#8211; tomando como refer\u00eancia a cidade de Salvador e seu Rec\u00f4ncavo. Esses estariam ligados \u00e0 sobreviv\u00eancia de pr\u00e1ticas pr\u00e9-crist\u00e3s entre os africanos e seus descendentes. Marcados pela presen\u00e7a dos elementos c\u00f3smicos em suas concep\u00e7\u00f5es religiosas, esses priorizaram em suas cren\u00e7as, a rela\u00e7\u00e3o com os elementos da natureza, fazendo prevalecer uma experi\u00eancia religiosa que colocava \u00e0 margem conte\u00fados b\u00e1sicos transmitidos atrav\u00e9s da doutrina e dos ritos institu\u00eddos pela Igreja Cat\u00f3lica.<\/p>\n<p><strong>Palavras-chave:<\/strong> Catequese; Devo\u00e7\u00e3o; Col\u00f4nia; Negros.<\/p>\n<hr size=\"1\" noshade=\"noshade\" \/><strong>ABSTRACT<\/strong><\/p>\n<p>This text intends to discuss some aspects referent to the few advances of the Catholic catechism among the blacks, proposed by the Clergy in America &#8211; taking as reference the city of Salvador and its Rec\u00f4ncavo. These would be linked to the survival of pre-Christian practices among the Africans and their descendants. Marked by the presence of the cosmic elements in their religious concepts, these prioritized in their beliefs, the relation with the elements from the nature, prevailing a religious experience that laid aside basic contents transmitted through the doctrine and the rites established by the Catholic Church.<\/p>\n<p><strong>Keywords:<\/strong> Catechism; Devotion; Colony; The black People.<\/p>\n<p>Portal: Cont\u00e9m uma cita\u00e7\u00e3o de Categer\u00f3 mas \u00e9 bastante abrangente para ambienta\u00e7\u00e3o do tema.<\/p>\n","protected":false},"excerpt":{"rendered":"<p>25. Endere\u00e7o de onde foi obtido o material:\u00a0 http:\/\/www.scielo.br\/scielo.php?pid=S0101-90742010000100014&amp;script=sci_arttext&amp;tlng=pt Beyond Salvador and the Rec\u00f4ncavo baiano: cult to the saints in Portuguese America Autoria: T\u00e2nia Maria Pinto de Santana Mestre em Hist\u00f3ria &#8211; Professora do Centro de Humanidades e Letras &#8211; UFRB &#8211; Universidade Federal do Rec\u00f4ncavo da Bahia &#8211; CEP. 44380-000, Cachoeira, Bahia, Brasil. E-mail: [&hellip;]<\/p>\n","protected":false},"author":1,"featured_media":0,"parent":3840,"menu_order":0,"comment_status":"closed","ping_status":"closed","template":"","meta":{"ngg_post_thumbnail":0,"footnotes":""},"class_list":["post-1337","page","type-page","status-publish","hentry"],"_links":{"self":[{"href":"https:\/\/categero.org.br\/antigo\/index.php?rest_route=\/wp\/v2\/pages\/1337","targetHints":{"allow":["GET"]}}],"collection":[{"href":"https:\/\/categero.org.br\/antigo\/index.php?rest_route=\/wp\/v2\/pages"}],"about":[{"href":"https:\/\/categero.org.br\/antigo\/index.php?rest_route=\/wp\/v2\/types\/page"}],"author":[{"embeddable":true,"href":"https:\/\/categero.org.br\/antigo\/index.php?rest_route=\/wp\/v2\/users\/1"}],"replies":[{"embeddable":true,"href":"https:\/\/categero.org.br\/antigo\/index.php?rest_route=%2Fwp%2Fv2%2Fcomments&post=1337"}],"version-history":[{"count":3,"href":"https:\/\/categero.org.br\/antigo\/index.php?rest_route=\/wp\/v2\/pages\/1337\/revisions"}],"predecessor-version":[{"id":5929,"href":"https:\/\/categero.org.br\/antigo\/index.php?rest_route=\/wp\/v2\/pages\/1337\/revisions\/5929"}],"up":[{"embeddable":true,"href":"https:\/\/categero.org.br\/antigo\/index.php?rest_route=\/wp\/v2\/pages\/3840"}],"wp:attachment":[{"href":"https:\/\/categero.org.br\/antigo\/index.php?rest_route=%2Fwp%2Fv2%2Fmedia&parent=1337"}],"curies":[{"name":"wp","href":"https:\/\/api.w.org\/{rel}","templated":true}]}}