{"id":1333,"date":"2010-11-10T00:26:19","date_gmt":"2010-11-10T00:26:19","guid":{"rendered":"http:\/\/www.categero.org.br\/?page_id=1333"},"modified":"2018-07-10T10:48:57","modified_gmt":"2018-07-10T13:48:57","slug":"sp-igreja-da-ordem-3%c2%aa-de-sao-francisco-de-assis","status":"publish","type":"page","link":"https:\/\/categero.org.br\/antigo\/?page_id=1333","title":{"rendered":"SP &#8211; Descri\u00e7\u00e3o da Igreja da Ordem 3\u00aa de S\u00e3o Francisco de Assis"},"content":{"rendered":"<p style=\"text-align: center;\"><strong>Descri\u00e7\u00e3o t\u00e9cnica da Igreja e, localiza\u00e7\u00e3o de Categer\u00f3 por RosangelaAP<\/strong><\/p>\n<p>O Blog Rosangelaap,\u201d Espa\u00e7o para reflex\u00f5es, dica e not\u00edcias sobre arte, tecnologia e educa\u00e7\u00e3o\u201d, na data de 06 de agosto, postou uma s\u00e9rie de textos de palestras,conforme cr\u00e9ditos, no endere\u00e7o abaixo, onde cita Categer\u00f3:<\/p>\n<p><a href=\"http:\/\/rosangelaap.blogspot.com\/2010\/09\/exposicao-fragmentos-do-barroco.html\"><span style=\"text-decoration: underline;\">http:\/\/rosangelaap.blogspot.com\/2010\/09\/exposicao-fragmentos-do-barroco.html<\/span><\/a><\/p>\n<p>\u00c9 uma excelente descri\u00e7\u00e3o das mais antigas igrejas de S\u00e3o Paulo, entre os textos descritivos apresentados, nas palestras est\u00e3o:,Convento e Igreja de S\u00e3o Francisco, S\u00e9 de S\u00e3o Paulo, Igreja da Ordem Terceira do Carmo, Igreja de S\u00e3o Gon\u00e7alo e Igreja da Ordem Terceira. de S\u00e3o Francisco de Assis, este \u00faltimo onde h\u00e1 a descri\u00e7\u00e3o do posicionamento de Categer\u00f3, no templo e, abaixo reproduzido.<br \/>\n<a href=\"http:\/\/rosangelaap.blogspot.com\/2010\/09\/exposicao-fragmentos-do-barroco.html\">Exposi\u00e7\u00e3o Fragmentos do Barroco Paulista &#8211; Palestra e visita guiada pelo Centro hist\u00f3rico<\/a><\/p>\n<p>BARROCO MEM\u00d3RIA VIVA \u2013 BARROCO PAULISTANO<br \/>\nProf. Dr. Percival Tirapeli \u2013 PROEX\/Vice Diretoria IA<br \/>\nBolsista: Ana Ventura.<br \/>\nExposi\u00e7\u00e3o Fragmentos do Barroco Paulista \u2013 Galeria IA\/UNESP.<br \/>\nPalestras Sexta, dia 6 de agosto, 9h \u00e0s 12h. Abertura da Exposi\u00e7\u00e3o: 18h.<br \/>\nS\u00e1bado, 07 de agosto de 2010, 9h \u00e0s 13h.<\/p>\n<p><strong>Igreja da Ordem Terceira. de S\u00e3o Francisco de Assis <\/strong><\/p>\n<p>A Ordem Terceira da Penit\u00eancia data de 1676, mas sua capela ligada por um arco \u00e0 igreja franciscana teve suas obras conclu\u00eddas apenas em 1736, correspondendo hoje ao espa\u00e7o compreendido entre os ret\u00e1bulos de S\u00e3o Miguel e da Imaculada Concei\u00e7\u00e3o.<\/p>\n<p>Em 1783 os frades doaram um terreno para que a irmandade ampliasse a capela; quatro anos depois, ganharam uma entrada pelo Largo de S\u00e3o Francisco. Sua fachada foi alinhada \u00e0 da igreja do convento e fechada a comunica\u00e7\u00e3o interna (arco na parede do transepto) entre os dois pr\u00e9dios.<\/p>\n<p>Originalmente, a capela possu\u00eda planta octogonal; a atual configura\u00e7\u00e3o, em forma de cruz, surgiu em 1787. Trata-se de um dos dois \u00fanicos exemplos de igrejas com planta poligonal em S\u00e3o Paulo (o outro \u00e9 a Igreja da Luz). A autoria dos dois projetos est\u00e1 ligada a Frei Galv\u00e3o, que pertencia ao convento de S\u00e3o Francisco, onde realizou muitas obras (Toledo, 2001, p.38). Na conflu\u00eancia entre os bra\u00e7os e o tronco da cruz encontra-se a ab\u00f3bada octogonal, com um zimb\u00f3rio que confere ao templo uma expressiva ilumina\u00e7\u00e3o natural. As paredes do transepto s\u00e3o ornamentadas por grandes cartelas compostas de concheados em estilo rococ\u00f3.<\/p>\n<p>Entre 1736 e 1740, foi executado um novo ret\u00e1bulo-mor, em local que corresponde, hoje, ao bra\u00e7o direito do transepto. Muito provavelmente seja uma obra do entalhador Luiz Rodrigues Lisboa. Tal ret\u00e1bulo abrigou entre 1741 e 1783 o grupo do Senhor Crucificado com S\u00e3o Francisco recebendo as Chagas.Nos bra\u00e7os do transepto formam-se duas capelas, cada qual com seu ret\u00e1bulo. Do lado da ep\u00edstola, de 1736, em estilo D. Jo\u00e3o V, sob a influ\u00eancia romana, \u00e9 dedicado a N. Sra. da Concei\u00e7\u00e3o e, no lado oposto, o de S\u00e3o Miguel Arcanjo, este \u00faltimo proveniente da antiga igreja do mosteiro de S\u00e3o Bento paulistano. O arco cruzeiro \u00e9 ladeado pelos altares de N. Sra. das Dores e S\u00e3o Lu\u00eds, Rei de Fran\u00e7a. O ret\u00e1bulo-mor, que atualmente abriga o conjunto escult\u00f3rico do Ser\u00e1fico, \u00e9 de autoria de Jos\u00e9 de Oliveira Fernandes, realizado por volta de 1791, com elementos do barroco joanino e rococ\u00f3. A nave apresenta tribunas com balc\u00e3o e, abaixo destas, seis ret\u00e1bulos em estilo rococ\u00f3, consagrados, do lado da Ep\u00edstola a Santo Ant\u00f4nio de <strong>Categer\u00f3<\/strong>, Santo Ivo e Santa Isabel de Portugal e, do lado do Evangelho, \u00e0 Divina Justi\u00e7a, Santa Margarida de Cortona e Santo Ant\u00f4nio de P\u00e1dua (Bonazzi da Costa, 2001, p.68-71). Segundo Ortmann, tais ret\u00e1bulos foram executados entre 1823 e 1828 sendo dois pelo mestre Floriano Jos\u00e9 e quatro pelo entalhador Guilherme Francisco Vieira.<\/p>\n<p>O conjunto constitui um dos mais representativos exemplos de talha, remanescente dos s\u00e9culos XVIII e XIX, em S\u00e3o Paulo, sendo que o ret\u00e1bulo consagrado \u00e0 Santa Margarida de Cortona, \u00e9 o \u00fanico remanescente que conserva a policromia original, tendo sido os demais raspados e novamente dourados no s\u00e9culo XX.<\/p>\n<p>O precioso acervo de talha dourada guarda ainda um representativo conjunto de pinturas remanescentes do per\u00edodo colonial. Segundo Ortmann, h\u00e1 nos arquivos da Ordem, registros referentes aos nomes dos seguintes pintores: Jo\u00e3o Pereira da Silva, Jos\u00e9 Patr\u00edcio e um terceiro apelidado de \u201cQuadros\u201d. No teto da nave encontram-se pinturas representando S\u00e3o Francisco entregando a regra aos Irm\u00e3os Terceiros, Santa Bona e Santo L\u00facio, e pain\u00e9is para a capela-mor, de autoria de Jos\u00e9 Patr\u00edcio, pintados entre 1790\/1791. A cena \u00e9 emoldurada por um cord\u00e3o filigranado que lhe d\u00e1 a apar\u00eancia de \u201cum pequeno broche colocado sobre uma fina folha de ouro que se enrola ao seu redor\u201d. O mesmo pintor executou sete pain\u00e9is na c\u00fapula entre 1791\/1792 \u2013 mas dois foram retirados para a abertura dos zimb\u00f3rios.<\/p>\n<p>O forro da capela-mor possui grande pintura desse artista executada entre 1790\/1791, representando S\u00e3o Francisco subindo ao c\u00e9u em um carro de fogo. A cena \u00e9 ladeada por um grupo de frades admirando o milagre, e o conjunto \u00e9 arrematado, nos cantos, por concheados e guirlandas de flores.<\/p>\n<p>Na capela-mor, duas telas retratam um bispo sentado, tendo a seus p\u00e9s S\u00e3o Francisco ajoelhado de um lado e seis religiosos; do outro, a figura do pai de S\u00e3o Francisco. No entanto h\u00e1 controv\u00e9rsias a respeito da autoria de tais trabalhos: Ortmann as atribuiu, em 1951 ao pintor Quadros, mas, em 1954, D. Clemente da Silva-Nigra as atribuiu a Jos\u00e9 Patr\u00edcio da Silva Manso. Jo\u00e3o Pereira da Silva executou em 1768, telas que se acham no corredor da capela, sacristia e dos altares colaterais. H\u00e1 quatro pain\u00e9is na capela da Concei\u00e7\u00e3o (1792\/1793), e seis junto ao ret\u00e1bulo de S\u00e3o Miguel, que j\u00e1 constam do invent\u00e1rio das alfaias de 1756.<\/p>\n<p>Em 1843, foram pintados por Quadros seis pain\u00e9is: quatro retratos, para a \u00e1rea sob o coro e dois para a capela-mor, representando a ren\u00fancia e a morte de S. Francisco. A igreja da Ordem Terceira das Chagas do Ser\u00e1fico Pai S\u00e3o Francisco guarda o maior conjunto de pinturas atribu\u00eddas a Jos\u00e9 Patr\u00edcio da Silva Manso.<\/p>\n<p><em>Excerto extra\u00eddo de Tirapeli, Percival &#8211; Igrejas Paulistas \u2013 Barroco e Rococ\u00f3, S.P., Ed. UNESP\/Imprensa Oficial do Estado, 2003.<\/em><\/p>\n","protected":false},"excerpt":{"rendered":"<p>Descri\u00e7\u00e3o t\u00e9cnica da Igreja e, localiza\u00e7\u00e3o de Categer\u00f3 por RosangelaAP O Blog Rosangelaap,\u201d Espa\u00e7o para reflex\u00f5es, dica e not\u00edcias sobre arte, tecnologia e educa\u00e7\u00e3o\u201d, na data de 06 de agosto, postou uma s\u00e9rie de textos de palestras,conforme cr\u00e9ditos, no endere\u00e7o abaixo, onde cita Categer\u00f3: http:\/\/rosangelaap.blogspot.com\/2010\/09\/exposicao-fragmentos-do-barroco.html \u00c9 uma excelente descri\u00e7\u00e3o das mais antigas igrejas de S\u00e3o [&hellip;]<\/p>\n","protected":false},"author":1,"featured_media":0,"parent":3848,"menu_order":0,"comment_status":"closed","ping_status":"closed","template":"","meta":{"ngg_post_thumbnail":0,"footnotes":""},"class_list":["post-1333","page","type-page","status-publish","hentry"],"_links":{"self":[{"href":"https:\/\/categero.org.br\/antigo\/index.php?rest_route=\/wp\/v2\/pages\/1333","targetHints":{"allow":["GET"]}}],"collection":[{"href":"https:\/\/categero.org.br\/antigo\/index.php?rest_route=\/wp\/v2\/pages"}],"about":[{"href":"https:\/\/categero.org.br\/antigo\/index.php?rest_route=\/wp\/v2\/types\/page"}],"author":[{"embeddable":true,"href":"https:\/\/categero.org.br\/antigo\/index.php?rest_route=\/wp\/v2\/users\/1"}],"replies":[{"embeddable":true,"href":"https:\/\/categero.org.br\/antigo\/index.php?rest_route=%2Fwp%2Fv2%2Fcomments&post=1333"}],"version-history":[{"count":3,"href":"https:\/\/categero.org.br\/antigo\/index.php?rest_route=\/wp\/v2\/pages\/1333\/revisions"}],"predecessor-version":[{"id":13173,"href":"https:\/\/categero.org.br\/antigo\/index.php?rest_route=\/wp\/v2\/pages\/1333\/revisions\/13173"}],"up":[{"embeddable":true,"href":"https:\/\/categero.org.br\/antigo\/index.php?rest_route=\/wp\/v2\/pages\/3848"}],"wp:attachment":[{"href":"https:\/\/categero.org.br\/antigo\/index.php?rest_route=%2Fwp%2Fv2%2Fmedia&parent=1333"}],"curies":[{"name":"wp","href":"https:\/\/api.w.org\/{rel}","templated":true}]}}