{"id":133,"date":"2010-10-01T01:03:01","date_gmt":"2010-10-01T01:03:01","guid":{"rendered":"http:\/\/www.categero.org.br\/?page_id=133"},"modified":"2017-01-09T08:08:03","modified_gmt":"2017-01-09T11:08:03","slug":"sao-paulosp-igreja-de-santa-cruz-das-almas-enforcadas","status":"publish","type":"page","link":"https:\/\/categero.org.br\/antigo\/?page_id=133","title":{"rendered":"SP\/S\u00e3o Paulo &#8211; Igr Santa Cruz das Almas Enforcadas"},"content":{"rendered":"<p style=\"text-align: right;\"><em><strong> VEJA MAIS \u00a0 \u00a0\u00a0<a href=\"http:\/\/categero.org.br\/?p=11280\" target=\"_blank\">Not\u00edcias \u00a0desta igreja em nosso Portal<\/a><\/strong><\/em><\/p>\n<p style=\"text-align: right;\"><img loading=\"lazy\" decoding=\"async\" class=\"wp-image-11278 aligncenter\" src=\"http:\/\/categero.org.br\/wp-content\/uploads\/2010\/10\/4357260158_bf1907f1ea_b-1.jpg\" alt=\"4357260158_bf1907f1ea_b\" width=\"500\" height=\"667\" srcset=\"https:\/\/categero.org.br\/antigo\/wp-content\/uploads\/2010\/10\/4357260158_bf1907f1ea_b-1.jpg 768w, https:\/\/categero.org.br\/antigo\/wp-content\/uploads\/2010\/10\/4357260158_bf1907f1ea_b-1-225x300.jpg 225w, https:\/\/categero.org.br\/antigo\/wp-content\/uploads\/2010\/10\/4357260158_bf1907f1ea_b-1-495x660.jpg 495w\" sizes=\"auto, (max-width: 500px) 100vw, 500px\" \/><\/p>\n<p style=\"text-align: right;\"><em><strong>VEJA MAIS \u00a0 \u00a0\u00a0<a href=\"http:\/\/categero.org.br\/?p=11280\" target=\"_blank\">Not\u00edcias \u00a0desta igreja em nosso Portal<\/a><\/strong><\/em><\/p>\n<p style=\"text-align: justify;\">H\u00e1 uma imagem de Categer\u00f3 na igreja de Santa Cruz das Almas Enforcadas, onde os condenados \u00e0 forca, no Brasil col\u00f4nia, passavam a \u00faltima noite.<\/p>\n<p style=\"text-align: justify;\">A imagem do Beato de Categer\u00f3\u00a0\u00a0\u00e9 em tamanho natural, bem t\u00edpica das imagens produzidas \u00e0 \u00e9poca, provavelmente, mais de duzentos anos. N\u00e3o existe documenta\u00e7\u00e3o para pesquisar e atestar sua origem, j\u00e1 que o templo tem sua situa\u00e7\u00e3o de regulariza\u00e7\u00e3o, id\u00eantica \u00e0s igrejas criadas para esse tipo de finalidade ou pertencentes a irmandades religiosas de negros e seus descendentes.\u00a0\u00a0Como todas imagens antigas do\u00a0Beato de Categer\u00f3 sua batina \u00e9 muito \u00a0escura e segura um crucifixo a frente do corpo, identificando-lhe como franciscano, na cintura \u00e0 esquerda,\u00a0\u00a0o t\u00edpico cord\u00e3o de tr\u00eas\u00a0n\u00f3s e o ros\u00e1rio pendurado, no outro lado.<\/p>\n<p>No Google Maps est\u00e1 a foto dela abaixo, bem como o Link de localiza\u00e7\u00e3o;\u00a0<a href=\"https:\/\/maps.google.com.br\/maps?hl=pt-BR&amp;tab=wl\">https:\/\/maps.google.com.br\/maps?hl=pt-BR&amp;tab=wl<\/a><\/p>\n<p><a href=\"http:\/\/categero.org.br\/wp-content\/uploads\/2010\/10\/SP-Igreja-de-Santa-Cruz-das-Almas-Enforcadas.jpg\"><img loading=\"lazy\" decoding=\"async\" class=\"aligncenter size-medium wp-image-4990\" src=\"http:\/\/categero.org.br\/wp-content\/uploads\/2010\/10\/SP-Igreja-de-Santa-Cruz-das-Almas-Enforcadas-300x195.jpg\" alt=\"SP - Igreja de Santa Cruz das Almas Enforcadas\" width=\"300\" height=\"195\" srcset=\"https:\/\/categero.org.br\/antigo\/wp-content\/uploads\/2010\/10\/SP-Igreja-de-Santa-Cruz-das-Almas-Enforcadas-300x195.jpg 300w, https:\/\/categero.org.br\/antigo\/wp-content\/uploads\/2010\/10\/SP-Igreja-de-Santa-Cruz-das-Almas-Enforcadas-495x322.jpg 495w, https:\/\/categero.org.br\/antigo\/wp-content\/uploads\/2010\/10\/SP-Igreja-de-Santa-Cruz-das-Almas-Enforcadas-75x50.jpg 75w, https:\/\/categero.org.br\/antigo\/wp-content\/uploads\/2010\/10\/SP-Igreja-de-Santa-Cruz-das-Almas-Enforcadas.jpg 1017w\" sizes=\"auto, (max-width: 300px) 100vw, 300px\" \/><\/a><\/p>\n<p style=\"text-align: justify;\">Pra\u00e7a da Liberdade, 238 &#8211; Centro\/SP<br \/>\nFone: (11) 3208 7591<br \/>\nMissas, diariamente, em v\u00e1rios hor\u00e1rios. Garantidamente, pela manh\u00e3, ao meio dia e \u00e0 tardinha.<br \/>\nP\u00e1roco por ocasi\u00e3o da visita do portal em mar\u00e7o de 2014, Pe. \u00a0Reinaldo Em\u00edlio. Paulistano identificado com a causa da africanidade e, principalmente, um devoto do Beato Ant\u00f4nio de Categer\u00f3, com hist\u00f3rico pessoal e familiar (sua v\u00f3) com o beato e sua voca\u00e7\u00e3o sacerdotal cat\u00f3lica.<\/p>\n<p style=\"text-align: right;\"><em><strong>VEJA MAIS \u00a0 \u00a0\u00a0<a href=\"http:\/\/categero.org.br\/?p=11280\" target=\"_blank\">Not\u00edcias \u00a0desta igreja em nosso Portal<\/a><\/strong><\/em><\/p>\n<p><a href=\"http:\/\/categero.org.br\/wp-content\/uploads\/2010\/10\/Baner-Cruz-das-Alm-Enf1.jpg\"><img loading=\"lazy\" decoding=\"async\" class=\"aligncenter size-medium wp-image-8552\" src=\"http:\/\/categero.org.br\/wp-content\/uploads\/2010\/10\/Baner-Cruz-das-Alm-Enf1-300x149.jpg\" alt=\"Baner Cruz das Alm Enf\" width=\"300\" height=\"149\" srcset=\"https:\/\/categero.org.br\/antigo\/wp-content\/uploads\/2010\/10\/Baner-Cruz-das-Alm-Enf1-300x149.jpg 300w, https:\/\/categero.org.br\/antigo\/wp-content\/uploads\/2010\/10\/Baner-Cruz-das-Alm-Enf1.jpg 397w\" sizes=\"auto, (max-width: 300px) 100vw, 300px\" \/><\/a><\/p>\n","protected":false},"excerpt":{"rendered":"<p>VEJA MAIS \u00a0 \u00a0\u00a0Not\u00edcias \u00a0desta igreja em nosso Portal VEJA MAIS \u00a0 \u00a0\u00a0Not\u00edcias \u00a0desta igreja em nosso Portal H\u00e1 uma imagem de Categer\u00f3 na igreja de Santa Cruz das Almas Enforcadas, onde os condenados \u00e0 forca, no Brasil col\u00f4nia, passavam a \u00faltima noite. A imagem do Beato de Categer\u00f3\u00a0\u00a0\u00e9 em tamanho natural, bem t\u00edpica das [&hellip;]<\/p>\n","protected":false},"author":1,"featured_media":8552,"parent":8867,"menu_order":0,"comment_status":"closed","ping_status":"closed","template":"","meta":{"ngg_post_thumbnail":0,"footnotes":""},"class_list":["post-133","page","type-page","status-publish","has-post-thumbnail","hentry"],"_links":{"self":[{"href":"https:\/\/categero.org.br\/antigo\/index.php?rest_route=\/wp\/v2\/pages\/133","targetHints":{"allow":["GET"]}}],"collection":[{"href":"https:\/\/categero.org.br\/antigo\/index.php?rest_route=\/wp\/v2\/pages"}],"about":[{"href":"https:\/\/categero.org.br\/antigo\/index.php?rest_route=\/wp\/v2\/types\/page"}],"author":[{"embeddable":true,"href":"https:\/\/categero.org.br\/antigo\/index.php?rest_route=\/wp\/v2\/users\/1"}],"replies":[{"embeddable":true,"href":"https:\/\/categero.org.br\/antigo\/index.php?rest_route=%2Fwp%2Fv2%2Fcomments&post=133"}],"version-history":[{"count":10,"href":"https:\/\/categero.org.br\/antigo\/index.php?rest_route=\/wp\/v2\/pages\/133\/revisions"}],"predecessor-version":[{"id":11292,"href":"https:\/\/categero.org.br\/antigo\/index.php?rest_route=\/wp\/v2\/pages\/133\/revisions\/11292"}],"up":[{"embeddable":true,"href":"https:\/\/categero.org.br\/antigo\/index.php?rest_route=\/wp\/v2\/pages\/8867"}],"wp:featuredmedia":[{"embeddable":true,"href":"https:\/\/categero.org.br\/antigo\/index.php?rest_route=\/wp\/v2\/media\/8552"}],"wp:attachment":[{"href":"https:\/\/categero.org.br\/antigo\/index.php?rest_route=%2Fwp%2Fv2%2Fmedia&parent=133"}],"curies":[{"name":"wp","href":"https:\/\/api.w.org\/{rel}","templated":true}]}}