{"id":13275,"date":"2018-12-12T13:41:40","date_gmt":"2018-12-12T16:41:40","guid":{"rendered":"http:\/\/categero.org.br\/?page_id=13275"},"modified":"2018-12-12T13:41:40","modified_gmt":"2018-12-12T16:41:40","slug":"mg-bicas-ermida-de-categero-e-santa-maria-madalena","status":"publish","type":"page","link":"https:\/\/categero.org.br\/antigo\/?page_id=13275","title":{"rendered":"MG\/Bicas \u2013 Ermida de Categer\u00f3 e Santa Maria Madalena"},"content":{"rendered":"\n<p><br \/><br \/><\/p>\n\n\n\n<p>Mais uma devo\u00e7\u00e3o de Categer\u00f3 \u00e9 localizada no interior mineiro<\/p>\n\n\n\n<p style=\"text-align:left\">Esse material sobre a exist\u00eancia do Beato Santo Ant\u00f4nio de Categer\u00f3, na localidade Bicas, em Minas Gerais, foi h\u00e1 bastante tempo, recolhido um excerto de texto, do Scrib, que transcrevemos abaixo:<\/p>\n\n\n\n<p><\/p>\n\n\n\n<div class=\"wp-block-image\"><figure class=\"aligncenter is-resized\"><img loading=\"lazy\" decoding=\"async\" src=\"http:\/\/categero.org.br\/wp-content\/uploads\/2018\/12\/22--768x1024.jpg\" alt=\"\" class=\"wp-image-13278\" width=\"249\" height=\"332\" srcset=\"https:\/\/categero.org.br\/antigo\/wp-content\/uploads\/2018\/12\/22--768x1024.jpg 768w, https:\/\/categero.org.br\/antigo\/wp-content\/uploads\/2018\/12\/22--225x300.jpg 225w, https:\/\/categero.org.br\/antigo\/wp-content\/uploads\/2018\/12\/22--495x660.jpg 495w, https:\/\/categero.org.br\/antigo\/wp-content\/uploads\/2018\/12\/22-.jpg 1944w\" sizes=\"auto, (max-width: 249px) 100vw, 249px\" \/><\/figure><\/div>\n\n\n\n<p>\u00a0H\u00e1 uma Ermida com o nome de Santo Ant\u00f4nio de Categer\u00f3 e Santa Maria Madalena e, tamb\u00e9m, o projeto de constru\u00e7\u00e3o de um a Capela ao beato Ant\u00f4nio de Categer\u00f3, na cidade de Bicas, no Estado de Minas Gerais.<\/p>\n\n\n\n<p>A Ermida se situa na \u00a0Av. Pres. Get\u00falio Vargas, ao lado do Cemit\u00e9rio, onde h\u00e1 a \u00a0constru\u00e7\u00e3o (do que seria) a futura capela de Santo Antonio de Categer\u00f3, onde est\u00e1 a Ermida de Catager\u00f3 e Santa Maria Madalena. Fonte onde buscamos nossa informa\u00e7\u00e3o: \u00a0<a href=\"http:\/\/pt.scribd.com\/doc\/24138361\/Cacos-de-Historia-e-Memoria-Alguns-Logradouros-de-Bicas-MG\">http:\/\/pt.scribd.com\/doc\/24138361\/Cacos-de-Historia-e-Memoria-Alguns-Logradouros-de-Bicas-MG <\/a>\u00a0<\/p>\n\n\n\n<p>O texto foi retirado da descri\u00e7\u00e3o oficial da Prefeitura de Bicas, sobre a Rua Jos\u00e9 Candido Moreira, no Link do Scribd. Como o nome dessa rua foi constitu\u00eddo pela\u00a0Lei n\u00ba 159, de 04.07.59,\u00a0 sendo um fato com mais de meio s\u00e9culo de exist\u00eancia. Assim, tamb\u00e9m, no que se refira a futura capela de Santo Ant\u00f4nio de Categer\u00f3, Quanto a\u00a0Ermida de Santo Ant\u00f4nio de Catager\u00f3 e Santa Maria Madalena, parece que nada se alterou e continua um pequenino pr\u00e9dio junto ao cemit\u00e9rio.<\/p>\n\n\n\n<div class=\"wp-block-image\"><figure class=\"aligncenter is-resized\"><img loading=\"lazy\" decoding=\"async\" src=\"http:\/\/categero.org.br\/wp-content\/uploads\/2018\/12\/Capela-de-cemit\u00e9rio.jpg\" alt=\"\" class=\"wp-image-13276\" width=\"123\" height=\"183\" srcset=\"https:\/\/categero.org.br\/antigo\/wp-content\/uploads\/2018\/12\/Capela-de-cemit\u00e9rio.jpg 616w, https:\/\/categero.org.br\/antigo\/wp-content\/uploads\/2018\/12\/Capela-de-cemit\u00e9rio-201x300.jpg 201w, https:\/\/categero.org.br\/antigo\/wp-content\/uploads\/2018\/12\/Capela-de-cemit\u00e9rio-495x739.jpg 495w\" sizes=\"auto, (max-width: 123px) 100vw, 123px\" \/><\/figure><\/div>\n\n\n\n<p>Muitas realiza\u00e7\u00f5es na igreja Matriz de Bicas,\u00a0 consagrada a S\u00e3o Jos\u00e9, apresentam a\u00e7\u00f5es que a comunidade da Ermida de Santo Ant\u00f4nio de Categer\u00f3 e Santa Madalena, comparecem com a fam\u00edlia e seus filhos recebem sacramentos, como calend\u00e1rio que descentraliza essas a\u00e7\u00f5es, comparecendo cl\u00e9rigos da igreja Matriz de S\u00e3o Jos\u00e9, na Ermida.<\/p>\n\n\n\n<p><div>Assim, breve formalizaremos a p\u00e1gina do Beato Ant\u00f4nio de Categer\u00f3 em Bicas, Minas Gerais, com links de postagens com as diversas a\u00e7\u00f5es que levam o nome de nosso beato santo e se desenvolvem na comunidade e na igreja Matriz.<\/div><\/p>\n\n\n\n<div class=\"wp-block-image\"><figure class=\"aligncenter is-resized\"><img loading=\"lazy\" decoding=\"async\" src=\"http:\/\/categero.org.br\/wp-content\/uploads\/2018\/12\/3551732700_923a26c0cd_o-1.jpg\" alt=\"\" class=\"wp-image-13279\" width=\"332\" height=\"222\" srcset=\"https:\/\/categero.org.br\/antigo\/wp-content\/uploads\/2018\/12\/3551732700_923a26c0cd_o-1.jpg 448w, https:\/\/categero.org.br\/antigo\/wp-content\/uploads\/2018\/12\/3551732700_923a26c0cd_o-1-300x201.jpg 300w, https:\/\/categero.org.br\/antigo\/wp-content\/uploads\/2018\/12\/3551732700_923a26c0cd_o-1-75x50.jpg 75w, https:\/\/categero.org.br\/antigo\/wp-content\/uploads\/2018\/12\/3551732700_923a26c0cd_o-1-120x80.jpg 120w\" sizes=\"auto, (max-width: 332px) 100vw, 332px\" \/><\/figure><\/div>\n\n\n\n<p><div>\u00a0<\/div><\/p>\n\n\n\n<p class=\"has-background has-luminous-vivid-amber-background-color\"><\/p>\n","protected":false},"excerpt":{"rendered":"<p>Mais uma devo\u00e7\u00e3o de Categer\u00f3 \u00e9 localizada no interior mineiro Esse material sobre a exist\u00eancia do Beato Santo Ant\u00f4nio de Categer\u00f3, na localidade Bicas, em Minas Gerais, foi h\u00e1 bastante tempo, recolhido um excerto de texto, do Scrib, que transcrevemos abaixo: \u00a0H\u00e1 uma Ermida com o nome de Santo Ant\u00f4nio de Categer\u00f3 e Santa Maria [&hellip;]<\/p>\n","protected":false},"author":1,"featured_media":13278,"parent":8870,"menu_order":0,"comment_status":"open","ping_status":"closed","template":"","meta":{"ngg_post_thumbnail":0,"footnotes":""},"class_list":["post-13275","page","type-page","status-publish","has-post-thumbnail","hentry"],"_links":{"self":[{"href":"https:\/\/categero.org.br\/antigo\/index.php?rest_route=\/wp\/v2\/pages\/13275","targetHints":{"allow":["GET"]}}],"collection":[{"href":"https:\/\/categero.org.br\/antigo\/index.php?rest_route=\/wp\/v2\/pages"}],"about":[{"href":"https:\/\/categero.org.br\/antigo\/index.php?rest_route=\/wp\/v2\/types\/page"}],"author":[{"embeddable":true,"href":"https:\/\/categero.org.br\/antigo\/index.php?rest_route=\/wp\/v2\/users\/1"}],"replies":[{"embeddable":true,"href":"https:\/\/categero.org.br\/antigo\/index.php?rest_route=%2Fwp%2Fv2%2Fcomments&post=13275"}],"version-history":[{"count":1,"href":"https:\/\/categero.org.br\/antigo\/index.php?rest_route=\/wp\/v2\/pages\/13275\/revisions"}],"predecessor-version":[{"id":13280,"href":"https:\/\/categero.org.br\/antigo\/index.php?rest_route=\/wp\/v2\/pages\/13275\/revisions\/13280"}],"up":[{"embeddable":true,"href":"https:\/\/categero.org.br\/antigo\/index.php?rest_route=\/wp\/v2\/pages\/8870"}],"wp:featuredmedia":[{"embeddable":true,"href":"https:\/\/categero.org.br\/antigo\/index.php?rest_route=\/wp\/v2\/media\/13278"}],"wp:attachment":[{"href":"https:\/\/categero.org.br\/antigo\/index.php?rest_route=%2Fwp%2Fv2%2Fmedia&parent=13275"}],"curies":[{"name":"wp","href":"https:\/\/api.w.org\/{rel}","templated":true}]}}