{"id":1322,"date":"2010-11-09T20:45:56","date_gmt":"2010-11-09T20:45:56","guid":{"rendered":"http:\/\/www.categero.org.br\/?page_id=1322"},"modified":"2013-12-13T09:24:01","modified_gmt":"2013-12-13T12:24:01","slug":"categero-e-os-casais-santos-de-hoje","status":"publish","type":"page","link":"https:\/\/categero.org.br\/antigo\/?page_id=1322","title":{"rendered":"PA\/2010 &#8211; Categer\u00f3 e os Casais Santos de hoje"},"content":{"rendered":"<p>Uma das mais lindas cita\u00e7\u00f5es sobre Categer\u00f3 que j\u00e1 encontrei durante as minhas pesquisas &#8211; postado na Internet se\u00a0inicia por uma manifesta\u00e7\u00e3o transcrita\u00a0e transmitida pelo\u00a0atual Papa.<\/p>\n<p>Assim:\u00a0\u00a0\u00a0 &#8220;A fam\u00edlia \u00e9 fundamental para a vida de uma sociedade sadia&#8221; (Papa Bento XVI &#8211; 25\/03\/2010). Foi postado na ter\u00e7a-feira, 13 de julho de 2010 no blog: <a href=\"http:\/\/casaiscarmelitas.blogspot.com\/2010\/07\/casais-santos.html\">http:\/\/casaiscarmelitas.blogspot.com\/2010\/07\/casais-santos.html<\/a><\/p>\n<p>E, eticamente, informava no blog, que o\u00a0o endere\u00e7o de onde obtiveram o material era outro bog cat\u00f3lico, este\u00a0da Para\u00edba: <a href=\"http:\/\/www.piox.org.br\/index.php?option=com_content&amp;task=view&amp;id=10771&amp;Itemid=110\">http:\/\/www.piox.org.br\/index.php?option=com_content&amp;task=view&amp;id=10771&amp;Itemid=110<\/a><\/p>\n<p>Eis o texto e,nele, a cita\u00e7\u00e3o a Categer\u00f3:<\/p>\n<p style=\"text-align: center;\"><strong>Casais santos!<\/strong><\/p>\n<p><a href=\"http:\/\/piox.net\/images\/stories\/casal120710.jpg\" target=\"_blank\"><\/a><a href=\"http:\/\/piox.net\/images\/stories\/casal120710.jpg\" target=\"_blank\"><\/a>Muita gente pensa que somente pessoas solteiras podem atingir a santidade, o que \u00e9 um engano absoluto.\u00a0\u00a0\u00a0\u00a0<br \/>\nOs casais s\u00e3o chamados a viver a santidade dentro do casamento e independente de ambos, ou um deles ser(em) mais ass\u00edduo(s) nesse prop\u00f3sito, pode-se alcan\u00e7ar a santidade, que \u00e9 uma qualidade dispon\u00edvel a qualquer filho de Deus, casado ou n\u00e3o.<\/p>\n<p>Recentemente, o Santo Padre o Papa Jo\u00e3o Paulo II, canonizou um casal. A novidade nesse caso foi exatamente a canoniza\u00e7\u00e3o de ambos (marido e esposa), sendo que, normalmente apenas um dos c\u00f4njuges alcan\u00e7ava o est\u00e1gio de santidade. Todavia, isso acrescentou muito na f\u00e9 de muitos casais, que nem se davam conta de que a pr\u00f3pria Maria Sant\u00edssima e S\u00e3o Jos\u00e9 eram casados e nem por isso deixaram de ser santos.<\/p>\n<p><strong>Tamb\u00e9m Santo Ant\u00f4nio de Categer\u00f3, irm\u00e3o da Terceira Ordem de S\u00e3o Francisco, era casado e tinha um filho<\/strong>; Santa M\u00f4nica, m\u00e3e de Santo Agostinho, tinha tanta f\u00e9, que rezou por quarenta anos para a convers\u00e3o do filho e a Igreja, sabiamente, reconheceu sua santidade; Santa Isabel e S\u00e3o Zacarias educaram na f\u00e9 seu filho, aquele que devia anunciar o Cristo, S\u00e3o Jo\u00e3o Batista; Santa Teodora, de Alexandria, perseguida pelo dem\u00f4nio, foi tamb\u00e9m uma santa casada.<\/p>\n<p>Muitos outros casos existiram e \u00e9 desejo de Jo\u00e3o Paulo II canonizar mais casais que tiveram uma vida de santidade, como testemunho para outros casais do mundo inteiro.<\/p>\n<p>Quem recebeu o sacramento do matrim\u00f4nio tem, na vida com o seu c\u00f4njuge e com os seus filhos, mat\u00e9ria-prima para uma vida de santidade.<\/p>\n<p>Lemos em 1 Tes. 4, 3-5;7-8: <strong>&#8216;A vontade de Deus \u00e9 que sejais santos e que vos afasteis da imoralidade sexual. Saiba cada um de v\u00f3s viver seu matrim\u00f4nio com santidade e honra, sem se deixar levar pelas paix\u00f5es, como fazem os pag\u00e3os que n\u00e3o conhecem a Deus. Deus n\u00e3o nos chamou para a impureza, mas para a santidade. Portanto, quem rejeita esta instru\u00e7\u00e3o n\u00e3o \u00e9 a um homem que est\u00e1 rejeitando, mas ao pr\u00f3prio Deus que vos d\u00e1 tamb\u00e9m o seu Esp\u00edrito Santo.&#8217;<\/strong><\/p>\n<p>Pe\u00e7a, com sua reta decis\u00e3o em fazer a vontade Deus, a gra\u00e7a da plenitude do Esp\u00edrito Santo, o Santificador em voc\u00ea, para que aconte\u00e7a uma m\u00fatua santifica\u00e7\u00e3o no seio familiar que Deus lhe deu a gra\u00e7a de constituir neste mundo e para o c\u00e9u.<\/p>\n","protected":false},"excerpt":{"rendered":"<p>Uma das mais lindas cita\u00e7\u00f5es sobre Categer\u00f3 que j\u00e1 encontrei durante as minhas pesquisas &#8211; postado na Internet se\u00a0inicia por uma manifesta\u00e7\u00e3o transcrita\u00a0e transmitida pelo\u00a0atual Papa. Assim:\u00a0\u00a0\u00a0 &#8220;A fam\u00edlia \u00e9 fundamental para a vida de uma sociedade sadia&#8221; (Papa Bento XVI &#8211; 25\/03\/2010). Foi postado na ter\u00e7a-feira, 13 de julho de 2010 no blog: http:\/\/casaiscarmelitas.blogspot.com\/2010\/07\/casais-santos.html [&hellip;]<\/p>\n","protected":false},"author":1,"featured_media":0,"parent":3844,"menu_order":0,"comment_status":"closed","ping_status":"closed","template":"","meta":{"ngg_post_thumbnail":0,"footnotes":""},"class_list":["post-1322","page","type-page","status-publish","hentry"],"_links":{"self":[{"href":"https:\/\/categero.org.br\/antigo\/index.php?rest_route=\/wp\/v2\/pages\/1322","targetHints":{"allow":["GET"]}}],"collection":[{"href":"https:\/\/categero.org.br\/antigo\/index.php?rest_route=\/wp\/v2\/pages"}],"about":[{"href":"https:\/\/categero.org.br\/antigo\/index.php?rest_route=\/wp\/v2\/types\/page"}],"author":[{"embeddable":true,"href":"https:\/\/categero.org.br\/antigo\/index.php?rest_route=\/wp\/v2\/users\/1"}],"replies":[{"embeddable":true,"href":"https:\/\/categero.org.br\/antigo\/index.php?rest_route=%2Fwp%2Fv2%2Fcomments&post=1322"}],"version-history":[{"count":2,"href":"https:\/\/categero.org.br\/antigo\/index.php?rest_route=\/wp\/v2\/pages\/1322\/revisions"}],"predecessor-version":[{"id":5937,"href":"https:\/\/categero.org.br\/antigo\/index.php?rest_route=\/wp\/v2\/pages\/1322\/revisions\/5937"}],"up":[{"embeddable":true,"href":"https:\/\/categero.org.br\/antigo\/index.php?rest_route=\/wp\/v2\/pages\/3844"}],"wp:attachment":[{"href":"https:\/\/categero.org.br\/antigo\/index.php?rest_route=%2Fwp%2Fv2%2Fmedia&parent=1322"}],"curies":[{"name":"wp","href":"https:\/\/api.w.org\/{rel}","templated":true}]}}