{"id":13102,"date":"2018-06-21T23:43:36","date_gmt":"2018-06-22T02:43:36","guid":{"rendered":"http:\/\/categero.org.br\/?page_id=13102"},"modified":"2018-06-27T08:43:46","modified_gmt":"2018-06-27T11:43:46","slug":"20a-oracao","status":"publish","type":"page","link":"https:\/\/categero.org.br\/antigo\/?page_id=13102","title":{"rendered":"20\u00aa Ora\u00e7\u00e3o &#8211; A primeira ora\u00e7\u00e3o do Bispo Rolim a Santo Ant\u00f4nio de Categer\u00f3"},"content":{"rendered":"<p>&nbsp;<\/p>\n<p>&nbsp;<\/p>\n<p><span lang=\"pt\"><span style=\"color: #000000; font-family: Calibri;\">\u00d3h! meu glorioso e amabil\u00edssimo S. Antonio, eu vos ofere\u00e7o estas ora\u00e7\u00f5es e suspiros, em honra e venera\u00e7\u00e3o de vossas her\u00f3icas virtudes e santidade admir\u00e1vel, e vos pe\u00e7o humildemente me alcanceis de Deus Senhor Nosso e de sua M\u00e3e Sant\u00edssima uma resolu\u00e7\u00e3o firm\u00edssima de seguir os vossos exemplos, e imitar as vossas a\u00e7\u00f5es, para que, dirigindo os passos da minha vida pelos da vossa, caminhe seguro neste vale de l\u00e1grimas \u00e0 eterna felicidade. Tamb\u00e9m vos rogo me consigais do mesmo Senhor o rem\u00e9dio de todas as minhas necessidades, assim espirituais como corporais e a gra\u00e7a&#8230; (aqui as pede o o que desejar). Por vosso interm\u00e9dio espero alcan\u00e7ar estes benef\u00edcios do alt\u00edssimo, e fico mui seguro de que n\u00e3o faltareis com a vossa prote\u00e7\u00e3o, a quem, como eu, confia tanto no vosso amparo. Pe\u00e7o-vos me valhais na hora da minha morte para que saindo com vit\u00f3ria dos combates informais, v\u00e1 lograr para sempre a perfeita liberdade dos filhos de Deus em vossa companhia.<br \/>\nAssim seja.<br \/>\n(3 Pai-Nossos, 3 Ave-Marias e 3 Gl\u00f3ria Patri)<\/span><\/span><\/p>\n<p><span lang=\"pt\"><span style=\"color: #000000; font-family: Calibri;\">S\u00e3o Paulo 11 de novembro de 1968.<\/span><\/span><\/p>\n<p><span lang=\"pt\"><span style=\"color: #000000; font-family: Calibri;\">Paulo Rolim Loureiro<br \/>\nBispo Aux e Vig. Geral <\/span><\/span><\/p>\n<p>.<\/p>\n<p><span lang=\"pt\"><span style=\"color: #000000; font-family: Calibri;\">(*) \u2013 Ora\u00e7\u00e3o coletada, em uma, das quatro faces, de tamanho A\/5, com estampa em foto\/santinho, da igreja da Ordem Terceira Franciscana, de S\u00e3o Paulo. Foi editado sobre o Beato Ant\u00f4nio de Categer\u00f3, com tratamento de \u201csanto\u201d, incluindo bela foto da imagem da est\u00e1tua do beato, existente naquele templo. A ora\u00e7\u00e3o e um resumo biogr\u00e1fico, que devem ser da lavra do Bispo Dom Paulo Rolim Loureiro, Bispo Auxiliar e Vig\u00e1rio Geral de S\u00e3o Paulo. O santinho \u00e9 uma produ\u00e7\u00e3o institucional da OTF, dessa igreja, gravado com a data de 11 de novembro de 1958.<\/span><\/span><\/p>\n<p><span lang=\"pt\"><span style=\"color: #000000; font-family: Calibri;\">Chama a aten\u00e7\u00e3o, que em tr\u00eas e dez anos, ap\u00f3s &#8211; respectivamente, o Bispo Paulo Rolim Loureiro, lan\u00e7a materiais sobre o Beato Ant\u00f4nio de Categer\u00f3, tamb\u00e9m, pela Igreja Matriz de Nossa Senhora do \u00d3. E, esse foi o in\u00edcio dessa devo\u00e7\u00e3o na Matriz do \u00d3.&nbsp; Em 1961, atrav\u00e9s de uma estampa simples e comum de santinho colorido (padr\u00e3o) com ora\u00e7\u00e3o no verso. Ora\u00e7\u00e3o diferente da publicada acima, no santinho da igreja franciscana. J\u00e1, em 1968, \u00e9 publicada a mesma novena, que consta neste santinho da igreja franciscana, e o santinho que o Bispo produziu, para a Matriz do \u00d3; constam de um livreto sobre a vida do Bem-aventurado Ant\u00f4nio de Categer\u00f3, escrito pelo Acad\u00eamico Crist\u00e3o de Letras paulista, Victor Manoel de Azevedo. Atesta serem o material produzido pelo Bispo Rolim, visto no santinho do \u00d3, constar que h\u00e1 a aprova\u00e7\u00e3o eclesi\u00e1stica.<\/span><\/span><\/p>\n<p><span lang=\"pt\"><span style=\"color: #000000; font-family: Calibri;\">Obs.: As quest\u00f5es decorrentes de analises e outras pesquisas sobre as diferen\u00e7as em ora\u00e7\u00f5es, tipos de estampas, data e autorias, ser\u00e3o tratadas a parte.<\/span><\/span><\/p>\n","protected":false},"excerpt":{"rendered":"<p>&nbsp; &nbsp; \u00d3h! meu glorioso e amabil\u00edssimo S. Antonio, eu vos ofere\u00e7o estas ora\u00e7\u00f5es e suspiros, em honra e venera\u00e7\u00e3o de vossas her\u00f3icas virtudes e santidade admir\u00e1vel, e vos pe\u00e7o humildemente me alcanceis de Deus Senhor Nosso e de sua M\u00e3e Sant\u00edssima uma resolu\u00e7\u00e3o firm\u00edssima de seguir os vossos exemplos, e imitar as vossas a\u00e7\u00f5es, [&hellip;]<\/p>\n","protected":false},"author":1,"featured_media":0,"parent":3719,"menu_order":20,"comment_status":"closed","ping_status":"closed","template":"","meta":{"ngg_post_thumbnail":0,"footnotes":""},"class_list":["post-13102","page","type-page","status-publish","hentry"],"_links":{"self":[{"href":"https:\/\/categero.org.br\/antigo\/index.php?rest_route=\/wp\/v2\/pages\/13102","targetHints":{"allow":["GET"]}}],"collection":[{"href":"https:\/\/categero.org.br\/antigo\/index.php?rest_route=\/wp\/v2\/pages"}],"about":[{"href":"https:\/\/categero.org.br\/antigo\/index.php?rest_route=\/wp\/v2\/types\/page"}],"author":[{"embeddable":true,"href":"https:\/\/categero.org.br\/antigo\/index.php?rest_route=\/wp\/v2\/users\/1"}],"replies":[{"embeddable":true,"href":"https:\/\/categero.org.br\/antigo\/index.php?rest_route=%2Fwp%2Fv2%2Fcomments&post=13102"}],"version-history":[{"count":5,"href":"https:\/\/categero.org.br\/antigo\/index.php?rest_route=\/wp\/v2\/pages\/13102\/revisions"}],"predecessor-version":[{"id":13115,"href":"https:\/\/categero.org.br\/antigo\/index.php?rest_route=\/wp\/v2\/pages\/13102\/revisions\/13115"}],"up":[{"embeddable":true,"href":"https:\/\/categero.org.br\/antigo\/index.php?rest_route=\/wp\/v2\/pages\/3719"}],"wp:attachment":[{"href":"https:\/\/categero.org.br\/antigo\/index.php?rest_route=%2Fwp%2Fv2%2Fmedia&parent=13102"}],"curies":[{"name":"wp","href":"https:\/\/api.w.org\/{rel}","templated":true}]}}