{"id":13068,"date":"2018-06-21T21:37:58","date_gmt":"2018-06-22T00:37:58","guid":{"rendered":"http:\/\/categero.org.br\/?page_id=13068"},"modified":"2018-06-21T23:51:22","modified_gmt":"2018-06-22T02:51:22","slug":"21a-orac-versejando-em-oracao-as-oracoes-da-tetralogia","status":"publish","type":"page","link":"https:\/\/categero.org.br\/antigo\/?page_id=13068","title":{"rendered":"21\u00aa &#8211; Ora\u00e7\u00e3o -Versejando, em ora\u00e7\u00e3o, \u00e0s ora\u00e7\u00f5es da tetralogia"},"content":{"rendered":"<p><img loading=\"lazy\" decoding=\"async\" width=\"241\" height=\"318\" class=\"aligncenter size-full wp-image-11870\" alt=\"\" src=\"http:\/\/categero.org.br\/wp-content\/uploads\/2017\/02\/3.-Categer\u00f3-Meio-corpo-Color-e1529627649519.jpg\"\/><\/p>\n<p>&nbsp;<\/p>\n<p>(*) Links que explicam o versejar do poemeto <a href=\"http:\/\/categero.org.br\/1-manifestacoes-da-fe\/oracoes\/meu-anjo-da-guarda-categero\/\">(Quando ainda, s\u00f3 a trilogia)<\/a> &nbsp; abaixo completa a tetralogia<\/p>\n<p style=\"padding-left: 150px;\"><span style=\"color: #800000;\"><strong>Sobre meu ato de contri\u00e7\u00e3o &nbsp;&nbsp; (<a href=\"http:\/\/categero.org.br\/1-manifestacoes-da-fe\/oracoes\/1a-oracao-de-minha-triologia\/\">&#8230;&#8230;..<\/a><\/strong>1) <\/span><\/p>\n<p style=\"padding-left: 150px;\"><span style=\"color: #993300;\">Eis me aqui Senhor, para Categer\u00f3\u2026 &nbsp;(<a href=\"http:\/\/categero.org.br\/1-manifestacoes-da-fe\/oracoes\/2a-oracao-de-minha-trilogia\/\">&#8230;&#8230;<\/a>2)<\/span><br \/>\n<span style=\"color: #993300;\">nossa proposta de clamor;<\/span><\/p>\n<p style=\"padding-left: 150px;\"><span style=\"color: #993300;\">(3) Salve! beato Ant\u00f4nio de Categer\u00f3\u2026 &nbsp;<a href=\"http:\/\/categero.org.br\/1-manifestacoes-da-fe\/oracoes\/3a-oracao-de-minha-trilogia\/\">(&#8230;&#8230;<\/a>(3)<\/span><br \/>\n<span style=\"color: #993300;\">nossa proposta de curti\u00e7\u00e3o;&nbsp;<\/span><\/p>\n<p style=\"padding-left: 150px;\"><span style=\"color: #993300;\">&nbsp;Oh! \u00c0 canoniza\u00e7\u00e3o do Beato de Categer\u00f3,&nbsp; <a href=\"http:\/\/categero.org.br\/1-manifestacoes-da-fe\/oracoes\/16a-or-pela-santificacao-do-beato\/\">(&#8230;&#8230;<\/a>(4)<\/span><br \/>\n<span style=\"color: #993300;\">&nbsp;<\/span><span style=\"color: #993300;\">nosso objetivo e encontro, de todas as metas. &nbsp;&nbsp;<\/span><\/p>\n<p style=\"text-align: center;\"><span style=\"display: inline !important; float: none; background-color: transparent; color: #333333; cursor: text; font-family: Georgia,'Times New Roman','Bitstream Charter',Times,serif; font-size: 16px; font-style: normal; font-variant: normal; font-weight: 400; letter-spacing: normal; orphans: 2; text-align: left; text-decoration: none; text-indent: 0px; text-transform: none; -webkit-text-stroke-width: 0px; white-space: normal; word-spacing: 0px;\">(*) O poemeto &#8211; &#8220;Sobre meu ato de contri\u00e7\u00e3o&#8221;, tem seus vers\u00edculos numerados e com link para o respectivo, poemeto\/ora\u00e7\u00e3o da Tetralogia ao Beato Ant\u00f4nio de Categer\u00f3.<\/span><\/p>\n","protected":false},"excerpt":{"rendered":"<p>&nbsp; (*) Links que explicam o versejar do poemeto (Quando ainda, s\u00f3 a trilogia) &nbsp; abaixo completa a tetralogia Sobre meu ato de contri\u00e7\u00e3o &nbsp;&nbsp; (&#8230;&#8230;..1) Eis me aqui Senhor, para Categer\u00f3\u2026 &nbsp;(&#8230;&#8230;2) nossa proposta de clamor; (3) Salve! beato Ant\u00f4nio de Categer\u00f3\u2026 &nbsp;(&#8230;&#8230;(3) nossa proposta de curti\u00e7\u00e3o;&nbsp; &nbsp;Oh! \u00c0 canoniza\u00e7\u00e3o do Beato de Categer\u00f3,&nbsp; [&hellip;]<\/p>\n","protected":false},"author":1,"featured_media":6914,"parent":3719,"menu_order":21,"comment_status":"closed","ping_status":"closed","template":"","meta":{"ngg_post_thumbnail":0,"footnotes":""},"class_list":["post-13068","page","type-page","status-publish","has-post-thumbnail","hentry"],"_links":{"self":[{"href":"https:\/\/categero.org.br\/antigo\/index.php?rest_route=\/wp\/v2\/pages\/13068","targetHints":{"allow":["GET"]}}],"collection":[{"href":"https:\/\/categero.org.br\/antigo\/index.php?rest_route=\/wp\/v2\/pages"}],"about":[{"href":"https:\/\/categero.org.br\/antigo\/index.php?rest_route=\/wp\/v2\/types\/page"}],"author":[{"embeddable":true,"href":"https:\/\/categero.org.br\/antigo\/index.php?rest_route=\/wp\/v2\/users\/1"}],"replies":[{"embeddable":true,"href":"https:\/\/categero.org.br\/antigo\/index.php?rest_route=%2Fwp%2Fv2%2Fcomments&post=13068"}],"version-history":[{"count":7,"href":"https:\/\/categero.org.br\/antigo\/index.php?rest_route=\/wp\/v2\/pages\/13068\/revisions"}],"predecessor-version":[{"id":13111,"href":"https:\/\/categero.org.br\/antigo\/index.php?rest_route=\/wp\/v2\/pages\/13068\/revisions\/13111"}],"up":[{"embeddable":true,"href":"https:\/\/categero.org.br\/antigo\/index.php?rest_route=\/wp\/v2\/pages\/3719"}],"wp:featuredmedia":[{"embeddable":true,"href":"https:\/\/categero.org.br\/antigo\/index.php?rest_route=\/wp\/v2\/media\/6914"}],"wp:attachment":[{"href":"https:\/\/categero.org.br\/antigo\/index.php?rest_route=%2Fwp%2Fv2%2Fmedia&parent=13068"}],"curies":[{"name":"wp","href":"https:\/\/api.w.org\/{rel}","templated":true}]}}