{"id":12908,"date":"2018-06-11T12:39:58","date_gmt":"2018-06-11T15:39:58","guid":{"rendered":"http:\/\/categero.org.br\/?page_id=12908"},"modified":"2018-06-21T22:20:52","modified_gmt":"2018-06-22T01:20:52","slug":"maristella-padao-guimaraes-do-oracaopura-blogspot","status":"publish","type":"page","link":"https:\/\/categero.org.br\/antigo\/?page_id=12908","title":{"rendered":"19\u00aa &#8211; Ora\u00e7\u00e3o &#8211; Por Maristella (Mari) do oracaopura.blogspot"},"content":{"rendered":"<p>&nbsp;<\/p>\n<p style=\"text-align: center;\"><img loading=\"lazy\" decoding=\"async\" width=\"296\" height=\"391\" class=\"aligncenter wp-image-12865\" alt=\"\" src=\"http:\/\/categero.org.br\/wp-content\/uploads\/2017\/11\/3.-Categer\u00f3-Meio-corpo-Color.jpg\" srcset=\"https:\/\/categero.org.br\/antigo\/wp-content\/uploads\/2017\/11\/3.-Categer\u00f3-Meio-corpo-Color.jpg 482w, https:\/\/categero.org.br\/antigo\/wp-content\/uploads\/2017\/11\/3.-Categer\u00f3-Meio-corpo-Color-227x300.jpg 227w\" sizes=\"auto, (max-width: 296px) 100vw, 296px\" \/><\/p>\n<p style=\"text-align: right;\"><em><strong>Link &#8211; &nbsp;<a href=\"http:\/\/categero.org.br\/?p=11452\" target=\"_blank\" rel=\"noopener noreferrer\">Datas de Categer\u00f3 &#8211; Nota do Portal<br \/>\n<\/a><\/strong><\/em><em><strong>Link &#8211; &nbsp;<a href=\"http:\/\/categero.org.br\/?p=11933\" target=\"_blank\" rel=\"noopener noreferrer\">Perfil, Linha do Tempo e Vaticano &#8211; Nota do Portal<\/a><\/strong><\/em><\/p>\n<p style=\"text-align: center;\"><img loading=\"lazy\" decoding=\"async\" width=\"429\" height=\"336\" class=\"aligncenter size-full wp-image-13044\" alt=\"\" src=\"http:\/\/categero.org.br\/wp-content\/uploads\/2018\/06\/Virgem_Maria_M_e_de_Deus_2.JPG.jpeg.jpg\" srcset=\"https:\/\/categero.org.br\/antigo\/wp-content\/uploads\/2018\/06\/Virgem_Maria_M_e_de_Deus_2.JPG.jpeg.jpg 429w, https:\/\/categero.org.br\/antigo\/wp-content\/uploads\/2018\/06\/Virgem_Maria_M_e_de_Deus_2.JPG.jpeg-300x235.jpg 300w\" sizes=\"auto, (max-width: 429px) 100vw, 429px\" \/><\/p>\n<p style=\"text-align: center;\"><strong>Querido e Bem Aventurado<br \/>\nSanto Ant\u00f4nio de Categer\u00f3!<\/strong><\/p>\n<p>Santo Ant\u00f4nio de Categer\u00f3!<\/p>\n<p>Meu cora\u00e7\u00e3o suplica um milagre!<\/p>\n<p>Penso em vosso amor constantemente.<\/p>\n<p>Ajuda-me a realizar este sonho que faz a alma pulsar.<\/p>\n<p>Quem sabe, no horizonte infinito do vosso amor,<\/p>\n<p>encontre guarida, meu desejo, forte.<\/p>\n<p>Perd\u00e3o, n\u00e3o vivo no sobrenatural&#8230;.bem queria, mas n\u00e3o consigo!<\/p>\n<p>Meu cora\u00e7\u00e3o \u00e9 humano&#8230;sonhador, esperan\u00e7a \u00e9 minha motiva\u00e7\u00e3o!<\/p>\n<p>Venha me ajudar, querido Santo de Categer\u00f3,<\/p>\n<p>interceda ao Pai, por mim, pelo meu pedido,<\/p>\n<p>que com ousadia vos pe\u00e7o, neste momento.<\/p>\n<p>Prometo como testemunho da minha f\u00e9,<\/p>\n<p>ir em vossa Igreja acender uma vela e,<\/p>\n<p>assistir uma Missa.<\/p>\n<p>Am\u00e9m.<\/p>\n<p style=\"text-align: right;\"><span style=\"display: inline !important; float: none; background-color: transparent; color: #333333; cursor: text; font-family: Georgia,'Times New Roman','Bitstream Charter',Times,serif; font-size: 16px; font-style: normal; font-variant: normal; font-weight: 400; letter-spacing: normal; orphans: 2; text-align: left; text-decoration: none; text-indent: 0px; text-transform: none; -webkit-text-stroke-width: 0px; white-space: normal; word-spacing: 0px;\">Fonte: Maristella Pad\u00e3o Guimar\u00e3es<br \/>\n<a href=\"http:\/\/oracaopura.blogspot.com\/2011\/04\/prece-milagrosa-para-alcancar-uma-graca.html\">www.oracaopura.blogspot.com.br<\/a><\/span><\/p>\n<p>Exposi\u00e7\u00e3o da autora e coment\u00e1rios de seus seguidores sobre Categer\u00f3:&nbsp;<\/p>\n<p><a href=\"http:\/\/oracaopura.blogspot.com\/2008\/09\/santo-antnio-de-categer.html\">http:\/\/oracaopura.blogspot.com\/2008\/09\/santo-antnio-de-categer.html<\/a>&nbsp;S\u00e3o 35 coment\u00e1rios. Muitos deles com links identificados, poss\u00edveis de seus autores serem contatados. O primeiro coment\u00e1rio est\u00e1 na data em 03\/09\/2008. Isso d\u00e1 uma ideia de que a data\u00e7\u00e3o da postagem sobre o Beato Ant\u00f4nio de Categer\u00f3, de sua ora\u00e7\u00e3o e breve resumo de vida \u00e9 pr\u00f3ximo dessa data.&nbsp;<\/p>\n<p style=\"text-align: right;\"><em><strong>Link &#8211; &nbsp;<a href=\"http:\/\/categero.org.br\/?p=11452\" target=\"_blank\" rel=\"noopener noreferrer\">Datas de Categer\u00f3 &#8211; Nota do Portal<br \/>\n<\/a><\/strong><\/em><em><strong>Link &#8211; &nbsp;<a href=\"http:\/\/categero.org.br\/?p=11933\" target=\"_blank\" rel=\"noopener noreferrer\">Perfil, Linha do Tempo e Vaticano &#8211; Nota do Portal<\/a><\/strong><\/em><\/p>\n<p style=\"text-align: center;\"><img loading=\"lazy\" decoding=\"async\" width=\"397\" height=\"198\" class=\"aligncenter size-full wp-image-13043\" alt=\"\" src=\"http:\/\/categero.org.br\/wp-content\/uploads\/2018\/06\/Bane-Ora\u00e7-Purat-1-1.jpg\" srcset=\"https:\/\/categero.org.br\/antigo\/wp-content\/uploads\/2018\/06\/Bane-Ora\u00e7-Purat-1-1.jpg 397w, https:\/\/categero.org.br\/antigo\/wp-content\/uploads\/2018\/06\/Bane-Ora\u00e7-Purat-1-1-300x150.jpg 300w\" sizes=\"auto, (max-width: 397px) 100vw, 397px\" \/>.<\/p>\n","protected":false},"excerpt":{"rendered":"<p>&nbsp; Link &#8211; &nbsp;Datas de Categer\u00f3 &#8211; Nota do Portal Link &#8211; &nbsp;Perfil, Linha do Tempo e Vaticano &#8211; Nota do Portal Querido e Bem Aventurado Santo Ant\u00f4nio de Categer\u00f3! Santo Ant\u00f4nio de Categer\u00f3! Meu cora\u00e7\u00e3o suplica um milagre! Penso em vosso amor constantemente. Ajuda-me a realizar este sonho que faz a alma pulsar. Quem [&hellip;]<\/p>\n","protected":false},"author":1,"featured_media":13043,"parent":3719,"menu_order":19,"comment_status":"closed","ping_status":"closed","template":"","meta":{"ngg_post_thumbnail":0,"footnotes":""},"class_list":["post-12908","page","type-page","status-publish","has-post-thumbnail","hentry"],"_links":{"self":[{"href":"https:\/\/categero.org.br\/antigo\/index.php?rest_route=\/wp\/v2\/pages\/12908","targetHints":{"allow":["GET"]}}],"collection":[{"href":"https:\/\/categero.org.br\/antigo\/index.php?rest_route=\/wp\/v2\/pages"}],"about":[{"href":"https:\/\/categero.org.br\/antigo\/index.php?rest_route=\/wp\/v2\/types\/page"}],"author":[{"embeddable":true,"href":"https:\/\/categero.org.br\/antigo\/index.php?rest_route=\/wp\/v2\/users\/1"}],"replies":[{"embeddable":true,"href":"https:\/\/categero.org.br\/antigo\/index.php?rest_route=%2Fwp%2Fv2%2Fcomments&post=12908"}],"version-history":[{"count":13,"href":"https:\/\/categero.org.br\/antigo\/index.php?rest_route=\/wp\/v2\/pages\/12908\/revisions"}],"predecessor-version":[{"id":13077,"href":"https:\/\/categero.org.br\/antigo\/index.php?rest_route=\/wp\/v2\/pages\/12908\/revisions\/13077"}],"up":[{"embeddable":true,"href":"https:\/\/categero.org.br\/antigo\/index.php?rest_route=\/wp\/v2\/pages\/3719"}],"wp:featuredmedia":[{"embeddable":true,"href":"https:\/\/categero.org.br\/antigo\/index.php?rest_route=\/wp\/v2\/media\/13043"}],"wp:attachment":[{"href":"https:\/\/categero.org.br\/antigo\/index.php?rest_route=%2Fwp%2Fv2%2Fmedia&parent=12908"}],"curies":[{"name":"wp","href":"https:\/\/api.w.org\/{rel}","templated":true}]}}