{"id":12898,"date":"2018-02-22T14:42:07","date_gmt":"2018-02-22T17:42:07","guid":{"rendered":"http:\/\/categero.org.br\/?page_id=12898"},"modified":"2018-06-21T22:20:32","modified_gmt":"2018-06-22T01:20:32","slug":"18a-oracao-do-site-espaco-mistico-a-santo-antonio-de-catigiro","status":"publish","type":"page","link":"https:\/\/categero.org.br\/antigo\/?page_id=12898","title":{"rendered":"18\u00aa Ora\u00e7\u00e3o &#8211; Do Site Espa\u00e7o M\u00edstico na Internet"},"content":{"rendered":"<p style=\"text-align: center;\"><img loading=\"lazy\" decoding=\"async\" width=\"296\" height=\"391\" class=\"aligncenter wp-image-12865\" alt=\"\" src=\"http:\/\/categero.org.br\/wp-content\/uploads\/2017\/11\/3.-Categer\u00f3-Meio-corpo-Color.jpg\" srcset=\"https:\/\/categero.org.br\/antigo\/wp-content\/uploads\/2017\/11\/3.-Categer\u00f3-Meio-corpo-Color.jpg 482w, https:\/\/categero.org.br\/antigo\/wp-content\/uploads\/2017\/11\/3.-Categer\u00f3-Meio-corpo-Color-227x300.jpg 227w\" sizes=\"auto, (max-width: 296px) 100vw, 296px\" \/>&nbsp;<\/p>\n<p style=\"text-align: center;\"><strong>Ora\u00e7\u00e3o de Santo Ant\u00f4nio de Catigir\u00f3<\/strong><\/p>\n<p>&nbsp;<\/p>\n<p>H\u00f3! Glorioso Santo Ant\u00f4nio de Catiger\u00f3, poderoso intercessor daqueles<br \/>\nque a v\u00f3s recorrem, com f\u00e9 e confian\u00e7a. Recorrem implorando vosso<br \/>\naux\u00edlio e a vossa prote\u00e7\u00e3o. Olhai, am\u00e1vel santo&#8230; olhai as necessidades que<br \/>\nafligem a nossa vida, seja de ordem espiritual, como material. Afastai para<br \/>\nlonge de n\u00f3s, as doen\u00e7as, persegui\u00e7\u00f5es, maus esp\u00edritos e desemprego,<br \/>\nd\u00edvidas, tenta\u00e7\u00f5es, v\u00edcios, pecados, feiti\u00e7os e bruxarias.<br \/>\nEm particular, pedimos que nos alcance &#8211; de Deus, a gra\u00e7a que<br \/>\nnecessitamos com urg\u00eancia &nbsp;&nbsp;(fa\u00e7a o pedido).<br \/>\nN\u00e3o sairemos de vossos p\u00e9s sem alcan\u00e7ar a gra\u00e7a que tanto<br \/>\nnecessitamos. Nunca ouvimos dizer que algu\u00e9m quando recorreu a vossa prote\u00e7\u00e3o,<br \/>\nn\u00e3o teve sido exaurido e amparado, na sua ora\u00e7\u00e3o.<br \/>\nTudo pedimos em nome de Jesus nosso salvador.<br \/>\nAmem.<\/p>\n<p style=\"text-align: center;\"><strong>&nbsp;&#8211; &#8211; &#8211; &#8211; &#8211; &#8211; &#8211;<\/strong><\/p>\n<p style=\"text-align: right;\">Sem expressar, diretamente, ressalva que a ora\u00e7\u00e3o faz parte de uma trezena. E, assim,<br \/>\nrecomenda rezar: 13 Aves Maria, 13 Pais Nossos e, 13 Glorias ao Pai.<br \/>\nFazendo em 13 sexta feiras seguidas;<br \/>\n<a href=\"http:\/\/www.mistico.com\/p\/oracoes\/oracao_santo_antonio_de_catigiro_6201039.html\">www.mistico.com\/p\/oracoes\/oracao_santo_antonio_de_catigiro_6201039.html<br \/>\n<\/a><em>A ora\u00e7\u00e3o foi publicada nesse site em<\/em> <em>12\/09\/13<\/em><\/p>\n<p style=\"text-align: center;\">Na postagem&nbsp; do www.mistico n\u00e3o h\u00e1 espa\u00e7o para coment\u00e1rios.<\/p>\n<p style=\"text-align: right;\">&nbsp;<\/p>\n<p>&nbsp;<\/p>\n","protected":false},"excerpt":{"rendered":"<p>&nbsp; Ora\u00e7\u00e3o de Santo Ant\u00f4nio de Catigir\u00f3 &nbsp; H\u00f3! Glorioso Santo Ant\u00f4nio de Catiger\u00f3, poderoso intercessor daqueles que a v\u00f3s recorrem, com f\u00e9 e confian\u00e7a. Recorrem implorando vosso aux\u00edlio e a vossa prote\u00e7\u00e3o. Olhai, am\u00e1vel santo&#8230; olhai as necessidades que afligem a nossa vida, seja de ordem espiritual, como material. Afastai para longe de n\u00f3s, [&hellip;]<\/p>\n","protected":false},"author":1,"featured_media":0,"parent":3719,"menu_order":18,"comment_status":"closed","ping_status":"closed","template":"","meta":{"ngg_post_thumbnail":0,"footnotes":""},"class_list":["post-12898","page","type-page","status-publish","hentry"],"_links":{"self":[{"href":"https:\/\/categero.org.br\/antigo\/index.php?rest_route=\/wp\/v2\/pages\/12898","targetHints":{"allow":["GET"]}}],"collection":[{"href":"https:\/\/categero.org.br\/antigo\/index.php?rest_route=\/wp\/v2\/pages"}],"about":[{"href":"https:\/\/categero.org.br\/antigo\/index.php?rest_route=\/wp\/v2\/types\/page"}],"author":[{"embeddable":true,"href":"https:\/\/categero.org.br\/antigo\/index.php?rest_route=\/wp\/v2\/users\/1"}],"replies":[{"embeddable":true,"href":"https:\/\/categero.org.br\/antigo\/index.php?rest_route=%2Fwp%2Fv2%2Fcomments&post=12898"}],"version-history":[{"count":10,"href":"https:\/\/categero.org.br\/antigo\/index.php?rest_route=\/wp\/v2\/pages\/12898\/revisions"}],"predecessor-version":[{"id":13091,"href":"https:\/\/categero.org.br\/antigo\/index.php?rest_route=\/wp\/v2\/pages\/12898\/revisions\/13091"}],"up":[{"embeddable":true,"href":"https:\/\/categero.org.br\/antigo\/index.php?rest_route=\/wp\/v2\/pages\/3719"}],"wp:attachment":[{"href":"https:\/\/categero.org.br\/antigo\/index.php?rest_route=%2Fwp%2Fv2%2Fmedia&parent=12898"}],"curies":[{"name":"wp","href":"https:\/\/api.w.org\/{rel}","templated":true}]}}