{"id":1275,"date":"2010-11-06T23:03:37","date_gmt":"2010-11-06T23:03:37","guid":{"rendered":"http:\/\/www.categero.org.br\/?page_id=1275"},"modified":"2014-04-09T15:54:24","modified_gmt":"2014-04-09T18:54:24","slug":"spitu-igreja-nossa-senhora-da-candelaria","status":"publish","type":"page","link":"https:\/\/categero.org.br\/antigo\/?page_id=1275","title":{"rendered":"SP\/Itu &#8211; Igreja Nossa Senhora da Candel\u00e1ria (Old)"},"content":{"rendered":"<p>&nbsp;<\/p>\n<p>&nbsp;<\/p>\n<p>&nbsp;<\/p>\n<p>&nbsp;<\/p>\n<p><a href=\"http:\/\/www.categero.org.br\/wp-content\/uploads\/2010\/11\/Candelaria-de-Itu.jpg\"><img loading=\"lazy\" decoding=\"async\" class=\"aligncenter size-full wp-image-1278\" title=\"Candelaria de Itu\" alt=\"\" src=\"http:\/\/www.categero.org.br\/wp-content\/uploads\/2010\/11\/Candelaria-de-Itu.jpg\" width=\"74\" height=\"109\" \/><\/a>H\u00e1 uma imagem de Categer\u00f3 na Igreja Nossa Senhora da Candel\u00e1ria, em Itu, no Estado de S\u00e3o Paulo. &#8220;Tal cuidado \u00e9 percebido tamb\u00e9m no interior desse templo, ainda hoje reduto principal dos afro-descendentes da cidade, que sempre ali demonstram sua devo\u00e7\u00e3o pelos santos cat\u00f3licos negros, como o Padroeiro local, Santo Ant\u00f4nio de Catiger\u00f3 e, mais recentemente, Santa Josefina Bakhita.&#8221;<\/p>\n<p>A informa\u00e7\u00e3o foi obtida no Blog: \u00a0<a href=\"http:\/\/www.itu.com.br\/colunistas\/artigo.asp?cod_conteudo=13478\"><strong>http:\/\/www.itu.com.br\/colunistas\/artigo.asp?cod_conteudo=13478<\/strong><\/a>\u00a0de Salathiel de Souza, postado em 18 de abril de 2008.<\/p>\n<p>O\u00a0bloguista descreve a igreja, seus santos, fazendo uma abordagem a S\u00e3o Benedito &#8211; desde sua igreja nas proximidades, a Santo Ant\u00f4nio de Categer\u00f3 e a Santo Expedito &#8211;\u00a0 a quem faz uma longa digress\u00e3o.<\/p>\n<p><a href=\"http:\/\/www.categero.org.br\/wp-content\/uploads\/2010\/11\/BannCandelde-Itu.jpg\"><img loading=\"lazy\" decoding=\"async\" class=\"aligncenter size-full wp-image-1279\" title=\"BannCandelde Itu\" alt=\"\" src=\"http:\/\/www.categero.org.br\/wp-content\/uploads\/2010\/11\/BannCandelde-Itu.jpg\" width=\"109\" height=\"86\" \/><\/a><\/p>\n<p>&nbsp;<\/p>\n<p>O endere\u00e7o dessa igreja, obtido no Google Maps \u00e9 Pra\u00e7a Padre Miguel, Centro de Itu, CEP 13.300-169, fone )11) 4023-0638<\/p>\n<p>com o endere\u00e7o\u00a0<a href=\"https:\/\/maps.google.com.br\/maps?hl=pt-BR&amp;tab=wl\">https:\/\/maps.google.com.br\/maps?hl=pt-BR&amp;tab=wl<\/a>\u00a0da foto abaixo:<\/p>\n<p><a href=\"http:\/\/categero.org.br\/wp-content\/uploads\/2010\/11\/SP-ITU-Igreja-da-NS-da-Candel\u00e1ria.jpg\"><img loading=\"lazy\" decoding=\"async\" class=\"aligncenter size-medium wp-image-4984\" alt=\"SP ITU - - Igreja da NS da Candel\u00e1ria\" src=\"http:\/\/categero.org.br\/wp-content\/uploads\/2010\/11\/SP-ITU-Igreja-da-NS-da-Candel\u00e1ria-300x166.jpg\" width=\"300\" height=\"166\" srcset=\"https:\/\/categero.org.br\/antigo\/wp-content\/uploads\/2010\/11\/SP-ITU-Igreja-da-NS-da-Candel\u00e1ria-300x166.jpg 300w, https:\/\/categero.org.br\/antigo\/wp-content\/uploads\/2010\/11\/SP-ITU-Igreja-da-NS-da-Candel\u00e1ria-1024x569.jpg 1024w, https:\/\/categero.org.br\/antigo\/wp-content\/uploads\/2010\/11\/SP-ITU-Igreja-da-NS-da-Candel\u00e1ria-495x275.jpg 495w, https:\/\/categero.org.br\/antigo\/wp-content\/uploads\/2010\/11\/SP-ITU-Igreja-da-NS-da-Candel\u00e1ria.jpg 1224w\" sizes=\"auto, (max-width: 300px) 100vw, 300px\" \/><\/a><\/p>\n","protected":false},"excerpt":{"rendered":"<p>&nbsp; &nbsp; &nbsp; &nbsp; H\u00e1 uma imagem de Categer\u00f3 na Igreja Nossa Senhora da Candel\u00e1ria, em Itu, no Estado de S\u00e3o Paulo. &#8220;Tal cuidado \u00e9 percebido tamb\u00e9m no interior desse templo, ainda hoje reduto principal dos afro-descendentes da cidade, que sempre ali demonstram sua devo\u00e7\u00e3o pelos santos cat\u00f3licos negros, como o Padroeiro local, Santo Ant\u00f4nio [&hellip;]<\/p>\n","protected":false},"author":1,"featured_media":8533,"parent":9061,"menu_order":0,"comment_status":"closed","ping_status":"closed","template":"","meta":{"ngg_post_thumbnail":0,"footnotes":""},"class_list":["post-1275","page","type-page","status-publish","has-post-thumbnail","hentry"],"_links":{"self":[{"href":"https:\/\/categero.org.br\/antigo\/index.php?rest_route=\/wp\/v2\/pages\/1275","targetHints":{"allow":["GET"]}}],"collection":[{"href":"https:\/\/categero.org.br\/antigo\/index.php?rest_route=\/wp\/v2\/pages"}],"about":[{"href":"https:\/\/categero.org.br\/antigo\/index.php?rest_route=\/wp\/v2\/types\/page"}],"author":[{"embeddable":true,"href":"https:\/\/categero.org.br\/antigo\/index.php?rest_route=\/wp\/v2\/users\/1"}],"replies":[{"embeddable":true,"href":"https:\/\/categero.org.br\/antigo\/index.php?rest_route=%2Fwp%2Fv2%2Fcomments&post=1275"}],"version-history":[{"count":8,"href":"https:\/\/categero.org.br\/antigo\/index.php?rest_route=\/wp\/v2\/pages\/1275\/revisions"}],"predecessor-version":[{"id":4983,"href":"https:\/\/categero.org.br\/antigo\/index.php?rest_route=\/wp\/v2\/pages\/1275\/revisions\/4983"}],"up":[{"embeddable":true,"href":"https:\/\/categero.org.br\/antigo\/index.php?rest_route=\/wp\/v2\/pages\/9061"}],"wp:featuredmedia":[{"embeddable":true,"href":"https:\/\/categero.org.br\/antigo\/index.php?rest_route=\/wp\/v2\/media\/8533"}],"wp:attachment":[{"href":"https:\/\/categero.org.br\/antigo\/index.php?rest_route=%2Fwp%2Fv2%2Fmedia&parent=1275"}],"curies":[{"name":"wp","href":"https:\/\/api.w.org\/{rel}","templated":true}]}}