{"id":12477,"date":"2017-05-22T15:53:30","date_gmt":"2017-05-22T18:53:30","guid":{"rendered":"http:\/\/categero.org.br\/?page_id=12477"},"modified":"2017-05-24T14:43:17","modified_gmt":"2017-05-24T17:43:17","slug":"categero-futebol-clube-uma-equipe-sete-da-periferia-de-florianopolis","status":"publish","type":"page","link":"https:\/\/categero.org.br\/antigo\/?page_id=12477","title":{"rendered":"Categer\u00f3 Futebol Clube, buscamos saber sua atua\u00e7\u00e3o em Florian\u00f3polis"},"content":{"rendered":"<p><img loading=\"lazy\" decoding=\"async\" class=\"wp-image-11870 aligncenter\" src=\"http:\/\/categero.org.br\/wp-content\/uploads\/2017\/02\/3.-Categer%C3%B3-Meio-corpo-Color.jpg\" sizes=\"auto, (max-width: 169px) 100vw, 169px\" srcset=\"http:\/\/categero.org.br\/wp-content\/uploads\/2017\/02\/3.-Categer\u00f3-Meio-corpo-Color.jpg 482w, http:\/\/categero.org.br\/wp-content\/uploads\/2017\/02\/3.-Categer\u00f3-Meio-corpo-Color-227x300.jpg 227w\" alt=\"\" width=\"169\" height=\"223\"\/>Existe uma equipe de Futebol de campo, da periferia&nbsp;catarinense, com o nome de Categer\u00f3 Futebol Clube.&nbsp;Ele&nbsp;tem Facebook, mas, desatualizado. Est\u00e1 sumido da m\u00eddia desde 2013.<\/p>\n<p>Ser\u00e1 fun\u00e7\u00e3o desta p\u00e1gina, contar a hist\u00f3ria e as realiza\u00e7\u00f5es dessa iniciativa, que mesmo laica, leva o nome do Beato Ant\u00f4nio Ant\u00f4nio de Categer\u00f3. Este \u00e9 um santo popular cat\u00f3lico, franciscano e&nbsp;negro. Beato em 14 de abril de 1599 pela diocese de Noto\/It\u00e1lia e com processo de &#8220;Santifica\u00e7\u00e3o&#8221;, em andamento pela igreja de Santa Maria de Jesus, da mesma diocese notina, citada.&nbsp;<\/p>\n<p>Veja os dados que j\u00e1 levantamos sobre o Categer\u00f3 F.C.<\/p>\n<p>.<\/p>\n<p><a href=\"http:\/\/categero.org.br\/categero-futebol-clube-uma-equipe-sete-da-periferia-de-florianopolis\/\" target=\"_blank\" rel=\"noopener noreferrer\"><span style=\"color: #3366ff;\"><em><strong><img loading=\"lazy\" decoding=\"async\" class=\" wp-image-12491 alignleft\" src=\"http:\/\/categero.org.br\/wp-content\/uploads\/2017\/05\/Categero-FC-PNG.png\" alt=\"\" width=\"278\" height=\"333\" srcset=\"https:\/\/categero.org.br\/antigo\/wp-content\/uploads\/2017\/05\/Categero-FC-PNG.png 378w, https:\/\/categero.org.br\/antigo\/wp-content\/uploads\/2017\/05\/Categero-FC-PNG-250x300.png 250w\" sizes=\"auto, (max-width: 278px) 100vw, 278px\" \/><\/strong><\/em><\/span><\/a><\/p>\n<p>&nbsp;<\/p>\n<p>&nbsp;<\/p>\n<p>&nbsp;<\/p>\n<p><a href=\"http:\/\/categero.org.br\/categero-futebol-clube-provavelmente-seja-do-bairro-de-monte-verde\/\" target=\"_blank\" rel=\"noopener noreferrer\"><span style=\"color: #3366ff;\"><em><strong>Categer\u00f3 Futebol Clube \u00e9 uma equipe da periferia do futebol catarinense<\/strong><\/em><\/span><\/a><\/p>\n<p><span style=\"color: #3366ff;\"><em><strong><a href=\"http:\/\/categero.org.br\/postagem-de-categero-futebol-clube-datada-de-12-01-12-no-seu-faceebook\/\" target=\"_blank\" rel=\"noopener noreferrer\">&nbsp;Postagem de Categer\u00f3 Futebol Clube datada de 12-01-12, no seu Faceebook<\/a>&nbsp;<\/strong><\/em><\/span><\/p>\n<p>&nbsp;<\/p>\n<p>.<\/p>\n<p style=\"text-align: center;\"><img loading=\"lazy\" decoding=\"async\" class=\"aligncenter size-full wp-image-12467\" src=\"http:\/\/categero.org.br\/wp-content\/uploads\/2017\/05\/Banner-CatgrFC.jpg\" alt=\"\" width=\"425\" height=\"283\" srcset=\"https:\/\/categero.org.br\/antigo\/wp-content\/uploads\/2017\/05\/Banner-CatgrFC.jpg 425w, https:\/\/categero.org.br\/antigo\/wp-content\/uploads\/2017\/05\/Banner-CatgrFC-300x200.jpg 300w, https:\/\/categero.org.br\/antigo\/wp-content\/uploads\/2017\/05\/Banner-CatgrFC-75x50.jpg 75w, https:\/\/categero.org.br\/antigo\/wp-content\/uploads\/2017\/05\/Banner-CatgrFC-120x80.jpg 120w\" sizes=\"auto, (max-width: 425px) 100vw, 425px\" \/><\/p>\n","protected":false},"excerpt":{"rendered":"<p>Existe uma equipe de Futebol de campo, da periferia&nbsp;catarinense, com o nome de Categer\u00f3 Futebol Clube.&nbsp;Ele&nbsp;tem Facebook, mas, desatualizado. Est\u00e1 sumido da m\u00eddia desde 2013. Ser\u00e1 fun\u00e7\u00e3o desta p\u00e1gina, contar a hist\u00f3ria e as realiza\u00e7\u00f5es dessa iniciativa, que mesmo laica, leva o nome do Beato Ant\u00f4nio Ant\u00f4nio de Categer\u00f3. Este \u00e9 um santo popular cat\u00f3lico, [&hellip;]<\/p>\n","protected":false},"author":1,"featured_media":12467,"parent":12323,"menu_order":0,"comment_status":"closed","ping_status":"closed","template":"","meta":{"ngg_post_thumbnail":0,"footnotes":""},"class_list":["post-12477","page","type-page","status-publish","has-post-thumbnail","hentry"],"_links":{"self":[{"href":"https:\/\/categero.org.br\/antigo\/index.php?rest_route=\/wp\/v2\/pages\/12477","targetHints":{"allow":["GET"]}}],"collection":[{"href":"https:\/\/categero.org.br\/antigo\/index.php?rest_route=\/wp\/v2\/pages"}],"about":[{"href":"https:\/\/categero.org.br\/antigo\/index.php?rest_route=\/wp\/v2\/types\/page"}],"author":[{"embeddable":true,"href":"https:\/\/categero.org.br\/antigo\/index.php?rest_route=\/wp\/v2\/users\/1"}],"replies":[{"embeddable":true,"href":"https:\/\/categero.org.br\/antigo\/index.php?rest_route=%2Fwp%2Fv2%2Fcomments&post=12477"}],"version-history":[{"count":8,"href":"https:\/\/categero.org.br\/antigo\/index.php?rest_route=\/wp\/v2\/pages\/12477\/revisions"}],"predecessor-version":[{"id":12501,"href":"https:\/\/categero.org.br\/antigo\/index.php?rest_route=\/wp\/v2\/pages\/12477\/revisions\/12501"}],"up":[{"embeddable":true,"href":"https:\/\/categero.org.br\/antigo\/index.php?rest_route=\/wp\/v2\/pages\/12323"}],"wp:featuredmedia":[{"embeddable":true,"href":"https:\/\/categero.org.br\/antigo\/index.php?rest_route=\/wp\/v2\/media\/12467"}],"wp:attachment":[{"href":"https:\/\/categero.org.br\/antigo\/index.php?rest_route=%2Fwp%2Fv2%2Fmedia&parent=12477"}],"curies":[{"name":"wp","href":"https:\/\/api.w.org\/{rel}","templated":true}]}}