{"id":124,"date":"2010-10-01T00:54:13","date_gmt":"2010-10-01T00:54:13","guid":{"rendered":"http:\/\/www.categero.org.br\/?page_id=124"},"modified":"2017-03-04T20:21:00","modified_gmt":"2017-03-04T23:21:00","slug":"sao-paulosp-igreja-de-nossa-senhora-da-acripta","status":"publish","type":"page","link":"https:\/\/categero.org.br\/antigo\/?page_id=124","title":{"rendered":"SP\/S\u00e3o Paulo &#8211; Igreja de N\u00aa S\u00aa Achiropita"},"content":{"rendered":"<p style=\"text-align: right;\"><em><strong>VEJA MAIS \u00a0 \u00a0<a href=\"http:\/\/categero.org.br\/?p=10996\" target=\"_blank\">\u00a0Not\u00edcias \u00a0desta igreja em nosso Portal<\/a><\/strong><\/em><\/p>\n<p style=\"text-align: justify;\"><img loading=\"lazy\" decoding=\"async\" class=\"wp-image-10989 aligncenter\" src=\"http:\/\/categero.org.br\/wp-content\/uploads\/2010\/10\/Achiropta.jpg\" alt=\"achiropta\" width=\"287\" height=\"383\" srcset=\"https:\/\/categero.org.br\/antigo\/wp-content\/uploads\/2010\/10\/Achiropta.jpg 480w, https:\/\/categero.org.br\/antigo\/wp-content\/uploads\/2010\/10\/Achiropta-225x300.jpg 225w\" sizes=\"auto, (max-width: 287px) 100vw, 287px\" \/>Eis a imagem do Beato Ant\u00f4nio de Categer\u00f3 na kgreja N\u00aa S\u00aa da Achir\u00f3pita em S\u00e3o Paulo, recentemente, mar\u00e7o de 2016, entronizada.<\/p>\n<p style=\"text-align: right;\"><em><strong>VEJA MAIS \u00a0 \u00a0<a href=\"http:\/\/categero.org.br\/?p=10996\" target=\"_blank\">\u00a0Not\u00edcias \u00a0desta igreja em nosso Portal<\/a><\/strong><\/em><\/p>\n<p style=\"text-align: justify;\">A pequena imagem de aproximadamente uns 25 cm, se encontra num ret\u00e1bulo lateral, a direita de um Santo Ant\u00f4nio de P\u00e1dua, de aproximadamente um metro, que tem na sua esquerda uma imagem de \u00a0S\u00e3o Francisco, uns cinco cent\u00edmetros menor, que o Categer\u00f3. Os tr\u00eas franciscanos comp\u00f5e um altar lateral de singela beleza.<\/p>\n<p style=\"text-align: center;\"><img loading=\"lazy\" decoding=\"async\" class=\"aligncenter wp-image-10992\" src=\"http:\/\/categero.org.br\/wp-content\/uploads\/2010\/10\/12596218_585348964955792_786062685_n.jpg\" alt=\"12596218_585348964955792_786062685_n\" width=\"351\" height=\"468\" srcset=\"https:\/\/categero.org.br\/antigo\/wp-content\/uploads\/2010\/10\/12596218_585348964955792_786062685_n.jpg 480w, https:\/\/categero.org.br\/antigo\/wp-content\/uploads\/2010\/10\/12596218_585348964955792_786062685_n-225x300.jpg 225w\" sizes=\"auto, (max-width: 351px) 100vw, 351px\" \/><\/p>\n<p style=\"text-align: justify;\">Recebemos informa\u00e7\u00e3o, da nossa Irm\u00e3, &#8220;<a href=\"http:\/\/categero.org.br\/?p=9241\">Tia Eliza de Categer\u00f3<\/a>&#8220;, sobre a exist\u00eancia, \u00a0a\u00a0partir de mar\u00e7o deste ano (2016), da imagem do Beato Ant\u00f4nio de \u00a0Categer\u00f3, na Igreja de Nossa Senhora Achiropita, no Bexiga, em S\u00e3o Paulo\/SP.<\/p>\n<p style=\"text-align: justify;\"><a href=\"http:\/\/categero.org.br\/?p=9241\">Tia Eliza<\/a> informou, tamb\u00e9m, \u00a0que foi uma mo\u00e7a frequentadora de sua capela e, tamb\u00e9m, da igreja de N\u00aa S\u00aa Achiropita, disse ter procurado o padre pedindo pela exist\u00eancia do Beato Ant\u00f4nio de Categer\u00f3, naquela igreja. E que a imagem foi adquirida pela par\u00f3quia para compor o altar.<\/p>\n<p style=\"text-align: right;\"><em><strong>VEJA MAIS \u00a0 \u00a0<a href=\"http:\/\/categero.org.br\/?p=10996\" target=\"_blank\">\u00a0Not\u00edcias \u00a0desta igreja em nosso Portal<\/a><\/strong><\/em><\/p>\n<div>\n<div id=\"photo-stack\">R. Treze de Maio, 478, Bela Vista &#8211; S\u00e3o Paulo, 01327-000\u00a0\u200e<\/div>\n<\/div>\n<div>\n<div>\n<div>\u00a0(11) 3283-1294\u00a0\u200e\u00a0\u00b7\u00a0<a href=\"http:\/\/maps.google.com.br\/local_url?dq=S%C3%A3o+Paulo+%E2%80%93+Igreja+de+Nossa+Senhora+da+Achiropita&amp;q=http:\/\/www.achiropita.org.br\/&amp;ved=0CBUQ5AQ&amp;sa=X&amp;ei=kvGjUY2aIo6gtweWsYHIDQ&amp;s=ANYYN7kJPVbRqxL48YzjbwHYf-BiTCr2gw\" target=\"_blank\">achiropita.org.br<\/a>\u00a0 \u00a0Email: \u00a0<a href=\"mailto:contato@achiropita.org.br\">contato@achiropita.org.br<\/a><\/div>\n<\/div>\n<\/div>\n<p>Link do Google Maps de localiza\u00e7\u00e3o:\u00a0<a href=\"https:\/\/maps.google.com.br\/maps?hl=pt-BR&amp;tab=wl\">https:\/\/maps.google.com.br\/maps?hl=pt-BR&amp;tab=wl<\/a><\/p>\n<p style=\"text-align: center;\"><img loading=\"lazy\" decoding=\"async\" class=\"aligncenter size-full wp-image-10994\" src=\"http:\/\/categero.org.br\/wp-content\/uploads\/2010\/10\/Baner-da-Acripiota-2.jpg\" alt=\"baner-da-acripiota-2\" width=\"397\" height=\"198\" srcset=\"https:\/\/categero.org.br\/antigo\/wp-content\/uploads\/2010\/10\/Baner-da-Acripiota-2.jpg 397w, https:\/\/categero.org.br\/antigo\/wp-content\/uploads\/2010\/10\/Baner-da-Acripiota-2-300x150.jpg 300w\" sizes=\"auto, (max-width: 397px) 100vw, 397px\" \/><\/p>\n","protected":false},"excerpt":{"rendered":"<p>VEJA MAIS \u00a0 \u00a0\u00a0Not\u00edcias \u00a0desta igreja em nosso Portal Eis a imagem do Beato Ant\u00f4nio de Categer\u00f3 na kgreja N\u00aa S\u00aa da Achir\u00f3pita em S\u00e3o Paulo, recentemente, mar\u00e7o de 2016, entronizada. VEJA MAIS \u00a0 \u00a0\u00a0Not\u00edcias \u00a0desta igreja em nosso Portal A pequena imagem de aproximadamente uns 25 cm, se encontra num ret\u00e1bulo lateral, a direita [&hellip;]<\/p>\n","protected":false},"author":1,"featured_media":10994,"parent":8867,"menu_order":0,"comment_status":"closed","ping_status":"closed","template":"","meta":{"ngg_post_thumbnail":0,"footnotes":""},"class_list":["post-124","page","type-page","status-publish","has-post-thumbnail","hentry"],"_links":{"self":[{"href":"https:\/\/categero.org.br\/antigo\/index.php?rest_route=\/wp\/v2\/pages\/124","targetHints":{"allow":["GET"]}}],"collection":[{"href":"https:\/\/categero.org.br\/antigo\/index.php?rest_route=\/wp\/v2\/pages"}],"about":[{"href":"https:\/\/categero.org.br\/antigo\/index.php?rest_route=\/wp\/v2\/types\/page"}],"author":[{"embeddable":true,"href":"https:\/\/categero.org.br\/antigo\/index.php?rest_route=\/wp\/v2\/users\/1"}],"replies":[{"embeddable":true,"href":"https:\/\/categero.org.br\/antigo\/index.php?rest_route=%2Fwp%2Fv2%2Fcomments&post=124"}],"version-history":[{"count":15,"href":"https:\/\/categero.org.br\/antigo\/index.php?rest_route=\/wp\/v2\/pages\/124\/revisions"}],"predecessor-version":[{"id":11544,"href":"https:\/\/categero.org.br\/antigo\/index.php?rest_route=\/wp\/v2\/pages\/124\/revisions\/11544"}],"up":[{"embeddable":true,"href":"https:\/\/categero.org.br\/antigo\/index.php?rest_route=\/wp\/v2\/pages\/8867"}],"wp:featuredmedia":[{"embeddable":true,"href":"https:\/\/categero.org.br\/antigo\/index.php?rest_route=\/wp\/v2\/media\/10994"}],"wp:attachment":[{"href":"https:\/\/categero.org.br\/antigo\/index.php?rest_route=%2Fwp%2Fv2%2Fmedia&parent=124"}],"curies":[{"name":"wp","href":"https:\/\/api.w.org\/{rel}","templated":true}]}}