{"id":12333,"date":"2017-05-18T16:44:40","date_gmt":"2017-05-18T19:44:40","guid":{"rendered":"http:\/\/categero.org.br\/?page_id=12333"},"modified":"2018-04-14T15:40:06","modified_gmt":"2018-04-14T18:40:06","slug":"rio-grande-do-sul-e-o-templos-e-locais-com-imagens-do-beato","status":"publish","type":"page","link":"https:\/\/categero.org.br\/antigo\/?page_id=12333","title":{"rendered":"Rio Grande do Sul: templos e locais com imagens do Beato"},"content":{"rendered":"<p style=\"text-align: center;\"><img loading=\"lazy\" decoding=\"async\" width=\"297\" height=\"198\" class=\"aligncenter wp-image-12344\" alt=\"\" src=\"http:\/\/categero.org.br\/wp-content\/uploads\/2010\/10\/Banner-RS.jpg\" srcset=\"https:\/\/categero.org.br\/antigo\/wp-content\/uploads\/2010\/10\/Banner-RS.jpg 425w, https:\/\/categero.org.br\/antigo\/wp-content\/uploads\/2010\/10\/Banner-RS-300x200.jpg 300w, https:\/\/categero.org.br\/antigo\/wp-content\/uploads\/2010\/10\/Banner-RS-75x50.jpg 75w, https:\/\/categero.org.br\/antigo\/wp-content\/uploads\/2010\/10\/Banner-RS-120x80.jpg 120w\" sizes=\"auto, (max-width: 297px) 100vw, 297px\" \/><\/p>\n<p>Rela\u00e7\u00e3o de templos e outros locais de devo\u00e7\u00e3o existentes com imagens do Beato Ant\u00f4nio de Categer\u00f3 no Estado do Rio Grande do Sul&nbsp;no Brasil.<\/p>\n<p>&nbsp;<\/p>\n<h3 style=\"padding-left: 90px;\">Porto Alegre<\/h3>\n<p style=\"padding-left: 90px;\">RS\/Porto Alegre &#8211; <a href=\"http:\/\/www.categero.org.br\/?page_id=186\" target=\"_blank\" rel=\"noopener noreferrer\">Igreja de S\u00e3o Carlos<\/a><\/p>\n<p style=\"padding-left: 90px;\">RS\/Porto Alegre &#8211; <a href=\"http:\/\/categero.org.br\/2-altares-da-fe\/6-regiao-sulbr\/rio-grande-do-sul-e-o-templos-e-locais-com-imagens-do-beato\/poars-gruta-um-novo-espaco-na-igreja-sao-carlos\/\" target=\"_blank\" rel=\"noopener noreferrer\">Gruta da igreja S\u00e3o Carlos<\/a><\/p>\n<p style=\"padding-left: 90px;\">RS\/Porto Alegre &#8211; <a href=\"http:\/\/categero.org.br\/2-altares-da-fe\/6-regiao-sulbr\/rio-grande-do-sul-e-o-templos-e-locais-com-imagens-do-beato\/poars-igreja-sao-francisco-de-assis\/\" target=\"_blank\" rel=\"noopener noreferrer\">Igreja S\u00e3o Francisco de Assis<\/a>&nbsp;(Retirada a imagem)<\/p>\n<p style=\"padding-left: 90px;\">RS\/Porto Alegre &#8211; <a href=\"http:\/\/categero.org.br\/2-altares-da-fe\/6-regiao-sulbr\/rio-grande-do-sul-e-o-templos-e-locais-com-imagens-do-beato\/poars-paroquia-nossa-senhora-das-gracas\/\" target=\"_blank\" rel=\"noopener noreferrer\">Par\u00f3quia Nossa Senhora das Gra\u00e7as<\/a><\/p>\n<p style=\"padding-left: 90px;\">RS\/Porto Alegre &#8211; <a href=\"http:\/\/categero.org.br\/2-altares-da-fe\/6-regiao-sulbr\/rio-grande-do-sul-e-o-templos-e-locais-com-imagens-do-beato\/paulo-navossat-historiador-em-assessao-elevando-categero-no-mundo-academico\/\" target=\"_blank\" rel=\"noopener noreferrer\">Paulo Navosat planificando o Mestrado sobre Categer\u00f3<\/a><\/p>\n<p style=\"padding-left: 90px;\">RS\/Porto Alegre &#8211; <a href=\"http:\/\/categero.org.br\/?page_id=9886\" target=\"_blank\" rel=\"noopener noreferrer\">Pra\u00e7a Santo Ant\u00f4nio de Categer\u00f3 no Bairro Restinga<\/a><\/p>\n<p style=\"padding-left: 90px;\">RS\/Porto Alegre &#8211; <a href=\"http:\/\/www.categero.org.br\/?page_id=209\" target=\"_blank\" rel=\"noopener noreferrer\">Santu\u00e1rio de Nossa Senhora Aparecida<\/a><\/p>\n<p style=\"padding-left: 90px;\">RS\/Porto Alegre &#8211;&nbsp;<a href=\"http:\/\/categero.org.br\/2-altares-da-fe\/6-regiao-sulbr\/rio-grande-do-sul-e-o-templos-e-locais-com-imagens-do-beato\/924-2\/\" target=\"_blank\" rel=\"noopener noreferrer\">Orat\u00f3rio&nbsp;no Jornal abc\/JCB<br \/>\n<\/a><\/p>\n<p style=\"padding-left: 90px;\">RS\/Porto Alegre &#8211; <a href=\"http:\/\/categero.org.br\/2-altares-da-fe\/6-regiao-sulbr\/rio-grande-do-sul-e-o-templos-e-locais-com-imagens-do-beato\/porto-alegrers-capelania-catolica-da-brigada-militar\/\" target=\"_blank\" rel=\"noopener noreferrer\">Capelania Cat\u00f3lica da Brigada Militar<\/a><\/p>\n<h3 style=\"padding-left: 90px;\">.<\/h3>\n<h3 style=\"padding-left: 90px;\">Regi\u00e3o Metropolitana<\/h3>\n<p style=\"padding-left: 90px;\">RS\/Alvorada &#8211; <a href=\"http:\/\/categero.org.br\/2-altares-da-fe\/6-regiao-sulbr\/rio-grande-do-sul-e-o-templos-e-locais-com-imagens-do-beato\/alvoradars-24%C2%BA-bpm-tem-categero\/\" target=\"_blank\" rel=\"noopener noreferrer\">24\u00ba BPM tem Categer\u00f3<\/a><\/p>\n<p style=\"padding-left: 90px;\">RS\/Canoas &#8211; &nbsp;<a href=\"http:\/\/categero.org.br\/2-altares-da-fe\/6-regiao-sulbr\/rio-grande-do-sul-e-o-templos-e-locais-com-imagens-do-beato\/2006-canoasrs-categero-e-entronizado-no-cpm\/\" target=\"_blank\" rel=\"noopener noreferrer\">Gruta no CPM &nbsp;e &nbsp;15\u00ba BPM<\/a><\/p>\n<p style=\"padding-left: 90px;\">RS\/Canoas &#8211; <a href=\"http:\/\/categero.org.br\/2-altares-da-fe\/6-regiao-sulbr\/rio-grande-do-sul-e-o-templos-e-locais-com-imagens-do-beato\/canoasrs-igreja-sao-paulo-apostolo\/\" target=\"_blank\" rel=\"noopener noreferrer\">Igreja S\u00e3o Paulo Ap\u00f3stolo<\/a><\/p>\n<p style=\"padding-left: 90px;\">RS\/S\u00e3o Leopoldo &#8211; <a href=\"http:\/\/categero.org.br\/2-altares-da-fe\/6-regiao-sulbr\/rio-grande-do-sul-e-o-templos-e-locais-com-imagens-do-beato\/sao-leopoldors-associacao-africana-santo-antonio-de-categero\/\" target=\"_blank\" rel=\"noopener noreferrer\">Associa\u00e7\u00e3o Afric Sto Ant\u00f4nio de Categer<\/a>\u00f3<\/p>\n<p style=\"padding-left: 90px;\">.<\/p>\n<h3 style=\"padding-left: 90px;\">Interior do Estado<\/h3>\n<p style=\"padding-left: 90px;\">RS\/Cap\u00e3o da Canoa &#8211; &nbsp;<a href=\"http:\/\/categero.org.br\/2-altares-da-fe\/6-regiao-sulbr\/rio-grande-do-sul-e-o-templos-e-locais-com-imagens-do-beato\/capao-da-canoars-igreja-de-sao-jose\/\" target=\"_blank\" rel=\"noopener noreferrer\">Capela S\u00e3o Jos\u00e9<\/a><\/p>\n<p style=\"padding-left: 90px;\">RS\/S\u00e3o Ant\u00f4nio da Patrulha&nbsp;&#8211; <a href=\"http:\/\/categero.org.br\/?page_id=10670\" target=\"_blank\" rel=\"noopener noreferrer\">Caminhos da F\u00e9<\/a><\/p>\n<p style=\"padding-left: 90px;\">RS\/S\u00e3o Luiz de Gonzaga &#8211; <a href=\"http:\/\/categero.org.br\/2-altares-da-fe\/6-regiao-sulbr\/rio-grande-do-sul-e-o-templos-e-locais-com-imagens-do-beato\/rssao-luiz-gonzaga-capela-de-sao-paulo\/\" target=\"_blank\" rel=\"noopener noreferrer\">Capela S\u00e3o Paulo<\/a><\/p>\n<p>&nbsp;<\/p>\n<p>.<\/p>\n<p>.<\/p>\n<p style=\"text-align: center;\"><a href=\"http:\/\/categero.org.br\/wp-content\/uploads\/2010\/10\/JCB-Catgar-2.jpg\"><img loading=\"lazy\" decoding=\"async\" width=\"300\" height=\"149\" class=\"aligncenter size-medium wp-image-8563\" alt=\"JCB Catgar 2\" src=\"http:\/\/categero.org.br\/wp-content\/uploads\/2010\/10\/JCB-Catgar-2-300x149.jpg\" srcset=\"https:\/\/categero.org.br\/antigo\/wp-content\/uploads\/2010\/10\/JCB-Catgar-2-300x149.jpg 300w, https:\/\/categero.org.br\/antigo\/wp-content\/uploads\/2010\/10\/JCB-Catgar-2.jpg 397w\" sizes=\"auto, (max-width: 300px) 100vw, 300px\" \/><\/a><\/p>\n","protected":false},"excerpt":{"rendered":"<p>Rela\u00e7\u00e3o de templos e outros locais de devo\u00e7\u00e3o existentes com imagens do Beato Ant\u00f4nio de Categer\u00f3 no Estado do Rio Grande do Sul&nbsp;no Brasil. &nbsp; Porto Alegre RS\/Porto Alegre &#8211; Igreja de S\u00e3o Carlos RS\/Porto Alegre &#8211; Gruta da igreja S\u00e3o Carlos RS\/Porto Alegre &#8211; Igreja S\u00e3o Francisco de Assis&nbsp;(Retirada a imagem) RS\/Porto Alegre &#8211; [&hellip;]<\/p>\n","protected":false},"author":1,"featured_media":12344,"parent":153,"menu_order":0,"comment_status":"closed","ping_status":"closed","template":"","meta":{"ngg_post_thumbnail":0,"footnotes":""},"class_list":["post-12333","page","type-page","status-publish","has-post-thumbnail","hentry"],"_links":{"self":[{"href":"https:\/\/categero.org.br\/antigo\/index.php?rest_route=\/wp\/v2\/pages\/12333","targetHints":{"allow":["GET"]}}],"collection":[{"href":"https:\/\/categero.org.br\/antigo\/index.php?rest_route=\/wp\/v2\/pages"}],"about":[{"href":"https:\/\/categero.org.br\/antigo\/index.php?rest_route=\/wp\/v2\/types\/page"}],"author":[{"embeddable":true,"href":"https:\/\/categero.org.br\/antigo\/index.php?rest_route=\/wp\/v2\/users\/1"}],"replies":[{"embeddable":true,"href":"https:\/\/categero.org.br\/antigo\/index.php?rest_route=%2Fwp%2Fv2%2Fcomments&post=12333"}],"version-history":[{"count":14,"href":"https:\/\/categero.org.br\/antigo\/index.php?rest_route=\/wp\/v2\/pages\/12333\/revisions"}],"predecessor-version":[{"id":13006,"href":"https:\/\/categero.org.br\/antigo\/index.php?rest_route=\/wp\/v2\/pages\/12333\/revisions\/13006"}],"up":[{"embeddable":true,"href":"https:\/\/categero.org.br\/antigo\/index.php?rest_route=\/wp\/v2\/pages\/153"}],"wp:featuredmedia":[{"embeddable":true,"href":"https:\/\/categero.org.br\/antigo\/index.php?rest_route=\/wp\/v2\/media\/12344"}],"wp:attachment":[{"href":"https:\/\/categero.org.br\/antigo\/index.php?rest_route=%2Fwp%2Fv2%2Fmedia&parent=12333"}],"curies":[{"name":"wp","href":"https:\/\/api.w.org\/{rel}","templated":true}]}}