{"id":12323,"date":"2017-05-18T16:13:40","date_gmt":"2017-05-18T19:13:40","guid":{"rendered":"http:\/\/categero.org.br\/?page_id=12323"},"modified":"2017-06-16T22:53:08","modified_gmt":"2017-06-17T01:53:08","slug":"o-beato-antonio-de-categero-no-estado-de-santa-catarina","status":"publish","type":"page","link":"https:\/\/categero.org.br\/antigo\/?page_id=12323","title":{"rendered":"Santa Catarina: templos e locais com imagens do Beato"},"content":{"rendered":"<p>&nbsp;<\/p>\n<p style=\"text-align: center;\"><img loading=\"lazy\" decoding=\"async\" class=\"aligncenter wp-image-11870\" src=\"http:\/\/categero.org.br\/wp-content\/uploads\/2017\/02\/3.-Categer\u00f3-Meio-corpo-Color.jpg\" alt=\"\" width=\"182\" height=\"240\"\/><\/p>\n<p>Rela\u00e7\u00e3o de templos e outros locais existem imagens do Beato Ant\u00f4nio de Categer\u00f3 no Estado de Santa Catarina no Brasil.<\/p>\n<p>.<\/p>\n<p><a href=\"http:\/\/categero.org.br\/12304-2\/\" target=\"_blank\" rel=\"noopener noreferrer\"><strong><em><span style=\"color: #0000ff;\">SC\/Floripa &#8211; A pesquisa em Santa Catarina &#8211; 8mai a 1\u00bajun\/17 &nbsp;<\/span><\/em><\/strong><span style=\"color: #0000ff;\">(um rascunho)<\/span><\/a><\/p>\n<p><strong><em><a href=\"http:\/\/categero.org.br\/2-altares-da-fe\/6-regiao-sulbr\/o-beato-antonio-de-categero-no-estado-de-santa-catarina\/igreja-sao-francisco-florianopolissc\/\" target=\"_blank\" rel=\"noopener noreferrer\">SC\/Floripa &#8211; Igreja S\u00e3o Francisco da Penit\u00eancia<\/a>&nbsp;<\/em><\/strong><\/p>\n<p><a href=\"http:\/\/categero.org.br\/a-igreja-de-na-sa-do-rosario-em-florianopolis-mas-dos-homens-pretos\/\" target=\"_blank\" rel=\"noopener noreferrer\"><span style=\"color: #0000ff;\"><em><strong>SC\/Floripa &#8211; Igreja de N\u00aa S\u00aa do Ros\u00e1rio e S\u00e3o Benedito<\/strong><\/em><\/span><\/a><\/p>\n<p><a href=\"http:\/\/categero.org.br\/noticias-do-beato-antonio-de-categero-na-area-de-treinamento-esportivo-em-floripa\/\" target=\"_blank\" rel=\"noopener noreferrer\"><span style=\"color: #3366ff;\"><em><strong>SC\/Floripa &#8211; Complexo Esportivo Categer\u00f3<\/strong><\/em><\/span><\/a><\/p>\n<p><span style=\"color: #3366ff;\"><em><strong><a href=\"http:\/\/categero.org.br\/canil-matas-de-catigero-tambem-divulga-o-nome-do-beato-em-floripa-e-brasil\/\" target=\"_blank\" rel=\"noopener noreferrer\">SC\/Floripa &#8211; Canil Matas de Catiger\u00f3<\/a>&nbsp;<\/strong><\/em><\/span><\/p>\n<p><a href=\"http:\/\/categero.org.br\/categero-futebol-clube-uma-equipe-sete-da-periferia-de-florianopolis\/\" target=\"_blank\" rel=\"noopener noreferrer\"><em><strong><span style=\"color: #3366ff;\">SC\/Floripa &#8211; Categer\u00f3 Futebol Club<\/span>e&nbsp;<\/strong><\/em><\/a><\/p>\n<p><span style=\"color: #3366ff;\"><strong><em>SC\/Floripa &#8211; Capelania Cat\u00f3lica da PMSC<\/em><\/strong><\/span><\/p>\n<p><em><strong><span style=\"color: #3366ff;\">SC\/Floripa &#8211; Pesquisas Acad\u00eamicas UFSC e UDESC<\/span><\/strong><\/em><\/p>\n<p><a href=\"http:\/\/categero.org.br\/2-altares-da-fe\/6-regiao-sulbr\/o-beato-antonio-de-categero-no-estado-de-santa-catarina\/sclages-existe-imagem-do-beato-antonio-de-categero-nessa-cidade-catarinense\/\" target=\"_blank\" rel=\"noopener noreferrer\"><em><strong>SC\/Lages &#8211; Imagem que participou de exposi\u00e7\u00e3o na c\u00e2mara de Vereadores (em busca)<\/strong><\/em><\/a><\/p>\n<p>..<br \/>\n<img loading=\"lazy\" decoding=\"async\" class=\"aligncenter size-full wp-image-12310\" src=\"http:\/\/categero.org.br\/wp-content\/uploads\/2017\/05\/Banner-de-SC-1.jpg\" alt=\"\" width=\"425\" height=\"283\" srcset=\"https:\/\/categero.org.br\/antigo\/wp-content\/uploads\/2017\/05\/Banner-de-SC-1.jpg 425w, https:\/\/categero.org.br\/antigo\/wp-content\/uploads\/2017\/05\/Banner-de-SC-1-300x200.jpg 300w, https:\/\/categero.org.br\/antigo\/wp-content\/uploads\/2017\/05\/Banner-de-SC-1-75x50.jpg 75w, https:\/\/categero.org.br\/antigo\/wp-content\/uploads\/2017\/05\/Banner-de-SC-1-120x80.jpg 120w\" sizes=\"auto, (max-width: 425px) 100vw, 425px\" \/><\/p>\n","protected":false},"excerpt":{"rendered":"<p>&nbsp; Rela\u00e7\u00e3o de templos e outros locais existem imagens do Beato Ant\u00f4nio de Categer\u00f3 no Estado de Santa Catarina no Brasil. . SC\/Floripa &#8211; A pesquisa em Santa Catarina &#8211; 8mai a 1\u00bajun\/17 &nbsp;(um rascunho) SC\/Floripa &#8211; Igreja S\u00e3o Francisco da Penit\u00eancia&nbsp; SC\/Floripa &#8211; Igreja de N\u00aa S\u00aa do Ros\u00e1rio e S\u00e3o Benedito SC\/Floripa &#8211; [&hellip;]<\/p>\n","protected":false},"author":1,"featured_media":12310,"parent":153,"menu_order":0,"comment_status":"closed","ping_status":"closed","template":"","meta":{"ngg_post_thumbnail":0,"footnotes":""},"class_list":["post-12323","page","type-page","status-publish","has-post-thumbnail","hentry"],"_links":{"self":[{"href":"https:\/\/categero.org.br\/antigo\/index.php?rest_route=\/wp\/v2\/pages\/12323","targetHints":{"allow":["GET"]}}],"collection":[{"href":"https:\/\/categero.org.br\/antigo\/index.php?rest_route=\/wp\/v2\/pages"}],"about":[{"href":"https:\/\/categero.org.br\/antigo\/index.php?rest_route=\/wp\/v2\/types\/page"}],"author":[{"embeddable":true,"href":"https:\/\/categero.org.br\/antigo\/index.php?rest_route=\/wp\/v2\/users\/1"}],"replies":[{"embeddable":true,"href":"https:\/\/categero.org.br\/antigo\/index.php?rest_route=%2Fwp%2Fv2%2Fcomments&post=12323"}],"version-history":[{"count":17,"href":"https:\/\/categero.org.br\/antigo\/index.php?rest_route=\/wp\/v2\/pages\/12323\/revisions"}],"predecessor-version":[{"id":12583,"href":"https:\/\/categero.org.br\/antigo\/index.php?rest_route=\/wp\/v2\/pages\/12323\/revisions\/12583"}],"up":[{"embeddable":true,"href":"https:\/\/categero.org.br\/antigo\/index.php?rest_route=\/wp\/v2\/pages\/153"}],"wp:featuredmedia":[{"embeddable":true,"href":"https:\/\/categero.org.br\/antigo\/index.php?rest_route=\/wp\/v2\/media\/12310"}],"wp:attachment":[{"href":"https:\/\/categero.org.br\/antigo\/index.php?rest_route=%2Fwp%2Fv2%2Fmedia&parent=12323"}],"curies":[{"name":"wp","href":"https:\/\/api.w.org\/{rel}","templated":true}]}}