{"id":12320,"date":"2017-05-18T15:59:09","date_gmt":"2017-05-18T18:59:09","guid":{"rendered":"http:\/\/categero.org.br\/?page_id=12320"},"modified":"2017-05-18T17:46:45","modified_gmt":"2017-05-18T20:46:45","slug":"sclages-existe-imagem-do-beato-antonio-de-categero-nessa-cidade-catarinense","status":"publish","type":"page","link":"https:\/\/categero.org.br\/antigo\/?page_id=12320","title":{"rendered":"SC\/Lages &#8211; Existe imagem do Beato Ant\u00f4nio de Categer\u00f3 nessa cidade catarinense"},"content":{"rendered":"<p style=\"text-align: right;\">&nbsp;Um evento ocorrido nos primeiros dias de novembro<br \/>\ndo ano de 2012, no&nbsp; Espa\u00e7o Cultural Malinverni<br \/>\nFilho da C\u00e2mara de Vereadores, dessa cidade,<br \/>\ncita imagens cat\u00f3licas&nbsp;expostas, sendo<br \/>\numa delas o Beato Ant\u00f4nio de Categer\u00f3.<\/p>\n<p style=\"text-align: right;\">Vamos buscar saber se era uma<br \/>\nimagem particular, ou se foi do acervo de alguma igreja.<\/p>\n<p style=\"text-align: right;\">Deve-se salientar, que outras tr\u00eas imagens, tamb\u00e9m, &nbsp;<br \/>\ncompunham a exposi\u00e7\u00e3o&nbsp;cuja&nbsp;coordenadora foi Sonia Maria Pereira.<br \/>\nNosso trabalho se dirige a localizar essa coordenadora e buscar mais<br \/>\ninforma\u00e7\u00f5es sobre a imagem usada na exposi\u00e7\u00e3o.<br \/>\nNo entanto, a referida postagem, transcrita para nosso acervo,<br \/>\n\u00e9 clara sobre tal exist\u00eancia e passa a compor um primeiro<br \/>\nmomento do Beato Ant\u00f4nio de Categer\u00f3<br \/>\nno Interior de Santa Catarina.<br \/>\n.<br \/>\n<a href=\"http:\/\/categero.org.br\/citacao-de-imagem-do-beato-antonio-de-categero-na-cidade-de-lagessc\/\" target=\"_blank\" rel=\"noopener noreferrer\"><strong><em>Cita\u00e7\u00e3o de imagem do Beato Ant\u00f4nio de Categer\u00f3 na cidade de Lages\/SC<\/em><\/strong><\/a><\/p>\n<p style=\"text-align: right;\">.<\/p>\n<p style=\"text-align: center;\"><img loading=\"lazy\" decoding=\"async\" class=\"aligncenter size-full wp-image-12317\" src=\"http:\/\/categero.org.br\/wp-content\/uploads\/2017\/05\/Banner-de-SC_Lages.jpg\" alt=\"\" width=\"425\" height=\"283\" srcset=\"https:\/\/categero.org.br\/antigo\/wp-content\/uploads\/2017\/05\/Banner-de-SC_Lages.jpg 425w, https:\/\/categero.org.br\/antigo\/wp-content\/uploads\/2017\/05\/Banner-de-SC_Lages-300x200.jpg 300w, https:\/\/categero.org.br\/antigo\/wp-content\/uploads\/2017\/05\/Banner-de-SC_Lages-75x50.jpg 75w, https:\/\/categero.org.br\/antigo\/wp-content\/uploads\/2017\/05\/Banner-de-SC_Lages-120x80.jpg 120w\" sizes=\"auto, (max-width: 425px) 100vw, 425px\" \/><\/p>\n","protected":false},"excerpt":{"rendered":"<p>&nbsp;Um evento ocorrido nos primeiros dias de novembro do ano de 2012, no&nbsp; Espa\u00e7o Cultural Malinverni Filho da C\u00e2mara de Vereadores, dessa cidade, cita imagens cat\u00f3licas&nbsp;expostas, sendo uma delas o Beato Ant\u00f4nio de Categer\u00f3. Vamos buscar saber se era uma imagem particular, ou se foi do acervo de alguma igreja. Deve-se salientar, que outras tr\u00eas [&hellip;]<\/p>\n","protected":false},"author":1,"featured_media":12317,"parent":12323,"menu_order":0,"comment_status":"closed","ping_status":"closed","template":"","meta":{"ngg_post_thumbnail":0,"footnotes":""},"class_list":["post-12320","page","type-page","status-publish","has-post-thumbnail","hentry"],"_links":{"self":[{"href":"https:\/\/categero.org.br\/antigo\/index.php?rest_route=\/wp\/v2\/pages\/12320","targetHints":{"allow":["GET"]}}],"collection":[{"href":"https:\/\/categero.org.br\/antigo\/index.php?rest_route=\/wp\/v2\/pages"}],"about":[{"href":"https:\/\/categero.org.br\/antigo\/index.php?rest_route=\/wp\/v2\/types\/page"}],"author":[{"embeddable":true,"href":"https:\/\/categero.org.br\/antigo\/index.php?rest_route=\/wp\/v2\/users\/1"}],"replies":[{"embeddable":true,"href":"https:\/\/categero.org.br\/antigo\/index.php?rest_route=%2Fwp%2Fv2%2Fcomments&post=12320"}],"version-history":[{"count":3,"href":"https:\/\/categero.org.br\/antigo\/index.php?rest_route=\/wp\/v2\/pages\/12320\/revisions"}],"predecessor-version":[{"id":12363,"href":"https:\/\/categero.org.br\/antigo\/index.php?rest_route=\/wp\/v2\/pages\/12320\/revisions\/12363"}],"up":[{"embeddable":true,"href":"https:\/\/categero.org.br\/antigo\/index.php?rest_route=\/wp\/v2\/pages\/12323"}],"wp:featuredmedia":[{"embeddable":true,"href":"https:\/\/categero.org.br\/antigo\/index.php?rest_route=\/wp\/v2\/media\/12317"}],"wp:attachment":[{"href":"https:\/\/categero.org.br\/antigo\/index.php?rest_route=%2Fwp%2Fv2%2Fmedia&parent=12320"}],"curies":[{"name":"wp","href":"https:\/\/api.w.org\/{rel}","templated":true}]}}