{"id":12230,"date":"2017-04-23T23:35:39","date_gmt":"2017-04-24T02:35:39","guid":{"rendered":"http:\/\/categero.org.br\/?page_id=12230"},"modified":"2018-06-21T22:23:46","modified_gmt":"2018-06-22T01:23:46","slug":"oracao-pela-santificacao-do-beato-traduzida-para-o-italiano","status":"publish","type":"page","link":"https:\/\/categero.org.br\/antigo\/?page_id=12230","title":{"rendered":"17\u00aa &#8211; Ora\u00e7\u00e3o &#8211; pela Santifica\u00e7\u00e3o do Beato traduzida para o italiano"},"content":{"rendered":"<p style=\"text-align: right;\"><span style=\"color: #ff0000;\"><strong><em>Ora\u00e7\u00e3o em Italiano<\/em><\/strong><\/span><\/p>\n<p><img loading=\"lazy\" decoding=\"async\" width=\"187\" height=\"264\" class=\"aligncenter wp-image-12118\" alt=\"\" src=\"http:\/\/categero.org.br\/wp-content\/uploads\/2014\/01\/3.-Categer\u00f3-Meio-corpo-PB.jpg\" srcset=\"https:\/\/categero.org.br\/antigo\/wp-content\/uploads\/2014\/01\/3.-Categer\u00f3-Meio-corpo-PB.jpg 464w, https:\/\/categero.org.br\/antigo\/wp-content\/uploads\/2014\/01\/3.-Categer\u00f3-Meio-corpo-PB-212x300.jpg 212w\" sizes=\"auto, (max-width: 187px) 100vw, 187px\" \/><\/p>\n<p style=\"text-align: center;\"><strong>Preghiera<\/strong><\/p>\n<p style=\"text-align: center;\"><strong>La santificazione del Beato<\/strong><\/p>\n<p style=\"text-align: right;\"><em><a href=\"http:\/\/categero.org.br\/1-manifestacoes-da-fe\/oracoes\/16a-or-pela-santificacao-do-beato\/\">(Ora\u00e7\u00e3o traduzida para o portugu\u00eas)<\/a><\/em><\/p>\n<p>&nbsp;<\/p>\n<p style=\"padding-left: 150px;\">Altissimo Padre &#8230;<br \/>\nRafforza e rinnova guardia<br \/>\nLa nostra fede in Cristo<br \/>\nE la nostra devozione a Categer\u00f3.<\/p>\n<p style=\"padding-left: 150px;\">E che tu &#8211; Padre&#8230;<br \/>\nSignore degli eserciti,<br \/>\nBless proposta<br \/>\nConsacrare il santo nome<br \/>\nBeato Antonio de Categer\u00f3,<br \/>\nPer Patrono della Pubblica Sicurezza in Brasile.<\/p>\n<p style=\"padding-left: 150px;\">Che la luz de Cristo<br \/>\nmostrarci la via,<br \/>\numanizzare,<br \/>\nAiutaci a decidere,<br \/>\ne renderci migliori.<\/p>\n<p style=\"padding-left: 150px;\">E tuttavia,<br \/>\nillumini i responsabili,<br \/>\nl&#8217;elaborazione di decisioni e ordinanze,<br \/>\nIl processo di canonizzazione,<br \/>\ncon la Congregazione per le Cause dei Santi<br \/>\nil Vaticano, proveniente, la chiesa di Santa Maria di Ges\u00f9,<br \/>\nla curia diocesana della citt\u00e0 di Noto,<br \/>\nin Italia, cos\u00ec come altre iniziative<br \/>\ndevozionale, religiosa, di nomi di luogo e dei patrocini<br \/>\nil mondo.<\/p>\n<p style=\"padding-left: 150px;\">Pu\u00f2 Beato Antonio de Categer\u00f3,<br \/>\nPatrono delle Caritas diocesane<br \/>\ncitt\u00e0 di Noto, Italia,<br \/>\nInoltre, essere consacrato<br \/>\nPatrono del brasiliano Pubblica Sicurezza.<\/p>\n<p style=\"padding-left: 150px;\">&nbsp;<\/p>\n<p style=\"padding-left: 150px;\">Santo Antonio de Categer\u00f3,<br \/>\nPrega per noi &#8230;.<br \/>\nSanto Antonio de Categer\u00f3,<br \/>\nAiutateci a perseverare su questa strada &#8230;.<br \/>\nSanto Antonio de Categer\u00f3,<br \/>\nEssere nostro intercessore in Cristo&#8230;<\/p>\n<p style=\"padding-left: 120px; text-align: left;\"><em><br \/>\n<img loading=\"lazy\" decoding=\"async\" width=\"158\" height=\"158\" class=\"wp-image-12235 alignleft\" alt=\"\" src=\"http:\/\/categero.org.br\/wp-content\/uploads\/2017\/04\/Veronica-da-ora\u00e7\u00e3o.jpg\" srcset=\"https:\/\/categero.org.br\/antigo\/wp-content\/uploads\/2017\/04\/Veronica-da-ora\u00e7\u00e3o.jpg 768w, https:\/\/categero.org.br\/antigo\/wp-content\/uploads\/2017\/04\/Veronica-da-ora\u00e7\u00e3o-150x150.jpg 150w, https:\/\/categero.org.br\/antigo\/wp-content\/uploads\/2017\/04\/Veronica-da-ora\u00e7\u00e3o-300x300.jpg 300w, https:\/\/categero.org.br\/antigo\/wp-content\/uploads\/2017\/04\/Veronica-da-ora\u00e7\u00e3o-50x50.jpg 50w, https:\/\/categero.org.br\/antigo\/wp-content\/uploads\/2017\/04\/Veronica-da-ora\u00e7\u00e3o-495x495.jpg 495w\" sizes=\"auto, (max-width: 158px) 100vw, 158px\" \/>Traduzida para o italiano pela:<br \/>\nVer\u00f4nica Soares da Silva, que mora na It\u00e1lia,<br \/>\nh\u00e1 20 anos.&nbsp;Na&nbsp;Lombardia,&nbsp;lago Maggiore<br \/>\nAmiga da publicit\u00e1ria Gabi de Luca,<br \/>\nfilha da Tia Eliza de Categer\u00f3,<br \/>\nda cidade de S\u00e3o Paulo\/SP<\/em><\/p>\n<p style=\"padding-left: 150px; text-align: center;\"><img loading=\"lazy\" decoding=\"async\" width=\"141\" height=\"113\" class=\"aligncenter size-full wp-image-6188\" alt=\"\" src=\"http:\/\/categero.org.br\/wp-content\/uploads\/2014\/01\/Eu-It\u00e1lia-Av\u00f3la-4.jpg\"\/><\/p>\n<div class=\"_5wd4 _1nc7 _2_-t direction_ltr\">&nbsp;<\/div>\n<div class=\"_5wd4 _1nc7 direction_ltr\">\n<div class=\"_h8t\">\n<div class=\"_5wd9\">\n<div class=\"_5wde _n4o\">\n<div class=\"_5w1r _3_om _5wdf\">\n<div class=\"_4gx_\">\n<div class=\"_d97\"><span class=\"_5yl5\">No norte da Italia lago maggiore<\/span><\/div>\n<\/div>\n<\/div>\n<\/div>\n<\/div>\n<\/div>\n<\/div>\n<div class=\"_5wd4 _1nc7 direction_ltr _2cnu\">\n<div class=\"_h8t\">\n<div class=\"_5wd9\">\n<div class=\"_5wde _n4o\">\n<div class=\"_5w1r _3_om _5wdf\">\n<div class=\"_4gx_\">\n<div class=\"_d97\"><span class=\"_5yl5\">Lombardia<\/span><\/div>\n<\/div>\n<\/div>\n<\/div>\n<\/div>\n<\/div>\n<\/div>\n","protected":false},"excerpt":{"rendered":"<p>Ora\u00e7\u00e3o em Italiano Preghiera La santificazione del Beato (Ora\u00e7\u00e3o traduzida para o portugu\u00eas) &nbsp; Altissimo Padre &#8230; Rafforza e rinnova guardia La nostra fede in Cristo E la nostra devozione a Categer\u00f3. E che tu &#8211; Padre&#8230; Signore degli eserciti, Bless proposta Consacrare il santo nome Beato Antonio de Categer\u00f3, Per Patrono della Pubblica Sicurezza [&hellip;]<\/p>\n","protected":false},"author":1,"featured_media":6465,"parent":3719,"menu_order":17,"comment_status":"closed","ping_status":"closed","template":"","meta":{"ngg_post_thumbnail":0,"footnotes":""},"class_list":["post-12230","page","type-page","status-publish","has-post-thumbnail","hentry"],"_links":{"self":[{"href":"https:\/\/categero.org.br\/antigo\/index.php?rest_route=\/wp\/v2\/pages\/12230","targetHints":{"allow":["GET"]}}],"collection":[{"href":"https:\/\/categero.org.br\/antigo\/index.php?rest_route=\/wp\/v2\/pages"}],"about":[{"href":"https:\/\/categero.org.br\/antigo\/index.php?rest_route=\/wp\/v2\/types\/page"}],"author":[{"embeddable":true,"href":"https:\/\/categero.org.br\/antigo\/index.php?rest_route=\/wp\/v2\/users\/1"}],"replies":[{"embeddable":true,"href":"https:\/\/categero.org.br\/antigo\/index.php?rest_route=%2Fwp%2Fv2%2Fcomments&post=12230"}],"version-history":[{"count":10,"href":"https:\/\/categero.org.br\/antigo\/index.php?rest_route=\/wp\/v2\/pages\/12230\/revisions"}],"predecessor-version":[{"id":13092,"href":"https:\/\/categero.org.br\/antigo\/index.php?rest_route=\/wp\/v2\/pages\/12230\/revisions\/13092"}],"up":[{"embeddable":true,"href":"https:\/\/categero.org.br\/antigo\/index.php?rest_route=\/wp\/v2\/pages\/3719"}],"wp:featuredmedia":[{"embeddable":true,"href":"https:\/\/categero.org.br\/antigo\/index.php?rest_route=\/wp\/v2\/media\/6465"}],"wp:attachment":[{"href":"https:\/\/categero.org.br\/antigo\/index.php?rest_route=%2Fwp%2Fv2%2Fmedia&parent=12230"}],"curies":[{"name":"wp","href":"https:\/\/api.w.org\/{rel}","templated":true}]}}