{"id":12204,"date":"2017-04-13T09:42:03","date_gmt":"2017-04-13T12:42:03","guid":{"rendered":"http:\/\/categero.org.br\/?page_id=12204"},"modified":"2018-06-27T08:36:29","modified_gmt":"2018-06-27T11:36:29","slug":"16a-or-pela-santificacao-do-beato","status":"publish","type":"page","link":"https:\/\/categero.org.br\/antigo\/?page_id=12204","title":{"rendered":"16\u00aa &#8211; Ora\u00e7\u00e3o &#8211; Pela santifica\u00e7\u00e3o do Beato"},"content":{"rendered":"<address>&nbsp;<\/address>\n<address><em><strong>Link \u2013 &nbsp;<a href=\"http:\/\/categero.org.br\/?p=11452\" target=\"_blank\" rel=\"noopener noreferrer\">Datas de Categer\u00f3<br \/>\n<\/a><\/strong><\/em><em><strong>Link \u2013 &nbsp;<a href=\"http:\/\/categero.org.br\/?p=11933\" target=\"_blank\" rel=\"noopener noreferrer\">Perfil, Linha do Tempo e Vaticano<\/a><\/strong><\/em><\/address>\n<address>&nbsp;<span style=\"color: #ff0000;\">Ora\u00e7\u00e3o em portugu\u00eas<\/span><\/address>\n<address>&nbsp;<\/address>\n<address><img loading=\"lazy\" decoding=\"async\" width=\"232\" height=\"306\" class=\"aligncenter\" alt=\"3-categero-meio-corpo-color\" src=\"http:\/\/categero.org.br\/wp-content\/uploads\/2016\/12\/3.-Categer%C3%B3-Meio-corpo-Color.jpg\"\/><\/address>\n<address style=\"padding-left: 150px;\">&nbsp;<\/address>\n<address style=\"padding-left: 150px;\">&nbsp;<\/address>\n<address style=\"padding-left: 150px;\"><span style=\"color: #0000ff;\">Meu ato de contri\u00e7\u00e3o<\/span><br \/>\n<span style=\"color: #0000ff;\">Nossa proposta de contri\u00e7\u00e3o<\/span><br \/>\n<span style=\"color: #0000ff;\">Eis me aqui Senhor, com Categer\u00f3<\/span><br \/>\n<span style=\"color: #0000ff;\">Nossa proposta de clamor<\/span><br \/>\n<span style=\"color: #0000ff;\">Salve oh beato Ant\u00f4nio de Categer\u00f3<\/span><br \/>\n<span style=\"color: #0000ff;\">Nossa proposta de curti\u00e7\u00e3o<\/span><br \/>\n<span style=\"color: #0000ff;\">\u00c0 canoniza\u00e7\u00e3o do Beato de Categer\u00f3 pelo Vaticano<br \/>\nNosso objetivo e encontro de todas as metas&nbsp;<\/span>&nbsp;&nbsp;<\/address>\n<address style=\"padding-left: 150px;\">&#8212;&#8212;&#8212;&#8212;&#8212;&#8212;&#8212;&#8212;&#8212;&#8212;&#8212;&#8212;&#8212;&#8212;&#8212;&#8212;&#8212;&#8212;&#8212;<\/address>\n<address style=\"padding-left: 150px;\">&nbsp;<\/address>\n<address style=\"padding-left: 150px;\"><a href=\"http:\/\/Link \u2013 &nbsp;Datas de Categer\u00f3 Link \u2013 &nbsp;Perfil, Linha do Tempo e Vaticano\">(Ora\u00e7\u00e3o traduzida para o italiano)<\/a><\/address>\n<address style=\"padding-left: 150px;\">&nbsp;<\/address>\n<address style=\"padding-left: 150px;\">&nbsp;<strong>Pela santifica\u00e7\u00e3o do Beato<\/strong><\/address>\n<address style=\"padding-left: 150px;\">&nbsp;&nbsp;<\/address>\n<address style=\"padding-left: 150px;\">Pai alt\u00edssimo\u2026&nbsp;<\/address>\n<address style=\"padding-left: 150px;\">Fortalece, guarda e renova<\/address>\n<address style=\"padding-left: 150px;\">Nossa f\u00e9 em Cristo<\/address>\n<address style=\"padding-left: 150px;\">E nossa devo\u00e7\u00e3o em Categer\u00f3.<\/address>\n<address style=\"padding-left: 150px;\">&nbsp;<\/address>\n<address style=\"padding-left: 150px;\">E, que v\u00f3s &nbsp;\u2013 Pai&#8230;<\/address>\n<address style=\"padding-left: 150px;\">Senhor dos Ex\u00e9rcitos,<\/address>\n<address style=\"padding-left: 150px;\">aben\u00e7oe a proposta de&nbsp;<\/address>\n<address style=\"padding-left: 150px;\">Consagrar o santo nome<\/address>\n<address style=\"padding-left: 150px;\">Do Beato Ant\u00f4nio de Categer\u00f3,<\/address>\n<address style=\"padding-left: 150px;\">Para Padroeiro da Seguran\u00e7a P\u00fablica no Brasil.<\/address>\n<p style=\"padding-left: 150px;\">Que a luz de Cristo<br \/>\nnos mostre o caminho,<br \/>\nnos humanize.<br \/>\nAjude-<span style=\"display: inline !important; float: none; background-color: transparent; color: #333333; cursor: text; font-family: Georgia,'Times New Roman','Bitstream Charter',Times,serif; font-size: 16px; font-style: normal; font-variant: normal; font-weight: 400; letter-spacing: normal; orphans: 2; text-align: left; text-decoration: none; text-indent: 0px; text-transform: none; -webkit-text-stroke-width: 0px; white-space: normal; word-spacing: 0px;\">nos <\/span> a decidir,<br \/>\ntornando-nos melhores.<\/p>\n<address style=\"padding-left: 150px;\">E, ainda,<\/address>\n<address style=\"padding-left: 150px;\">ilumine as pessoas respons\u00e1veis,<\/address>\n<address style=\"padding-left: 150px;\">pelas decis\u00f5es de tramita\u00e7\u00e3o e&nbsp;despacho,<\/address>\n<address style=\"padding-left: 150px;\">do processo de Canoniza\u00e7\u00e3o,<\/address>\n<address style=\"padding-left: 150px;\">do Beato Ant\u00f4nio de Categer\u00f3,<br \/>\njunto a Congrega\u00e7\u00e3o para as causas do Santos<\/address>\n<address style=\"padding-left: 150px;\">no Vaticano, oriundo, da igreja de Santa Maria de Jesus,<\/address>\n<address style=\"padding-left: 150px;\">da C\u00faria diocesana da cidade de Noto,&nbsp;<\/address>\n<address style=\"padding-left: 150px;\">na It\u00e1lia, bem como outras iniciativas<\/address>\n<address style=\"padding-left: 150px;\">devocionais, confessionais, de topon\u00edmia e patronatos<\/address>\n<address style=\"padding-left: 150px;\">pelo mundo.<\/address>\n<address style=\"padding-left: 150px;\">&nbsp;<\/address>\n<address style=\"padding-left: 150px;\">Que o Beato Ant\u00f4nio de Categer\u00f3,<br \/>\nPadroeiro da C\u00e1ritas Diocesana da<br \/>\ncidade de Noto, na It\u00e1lia,<\/address>\n<address style=\"padding-left: 150px;\">tamb\u00e9m, seja consagrado<\/address>\n<address style=\"padding-left: 150px;\">Padroeiro da Seguran\u00e7a P\u00fablica Brasileira.<\/address>\n<address style=\"padding-left: 150px;\">&nbsp;<\/address>\n<address style=\"padding-left: 150px;\">Santo Antonio de Categer\u00f3,<\/address>\n<address style=\"padding-left: 150px;\">Rogai por n\u00f3s \u2026.<\/address>\n<address style=\"padding-left: 150px;\">Santo Antonio de Categer\u00f3,<\/address>\n<address style=\"padding-left: 150px;\">Ajuda-nos a perseverar neste caminho\u2026.<\/address>\n<address style=\"padding-left: 150px;\">Santo Antonio de Categer\u00f3,<\/address>\n<address style=\"padding-left: 150px;\">Seja nosso intercessor&nbsp;em Cristo\u2026.<\/address>\n<address style=\"padding-left: 150px;\">&nbsp;<\/address>\n<address style=\"padding-left: 150px;\"><em><strong>Link \u2013 &nbsp;<a href=\"http:\/\/categero.org.br\/?p=11452\" target=\"_blank\" rel=\"noopener noreferrer\">Datas de Categer\u00f3<br \/>\n<\/a><\/strong><\/em><em><strong>Link \u2013 &nbsp;<a href=\"http:\/\/categero.org.br\/?p=11933\" target=\"_blank\" rel=\"noopener noreferrer\">Perfil, Linha do Tempo e Vaticano<\/a><\/strong><\/em><\/address>\n","protected":false},"excerpt":{"rendered":"<p>&nbsp; Link \u2013 &nbsp;Datas de Categer\u00f3 Link \u2013 &nbsp;Perfil, Linha do Tempo e Vaticano &nbsp;Ora\u00e7\u00e3o em portugu\u00eas &nbsp; &nbsp; &nbsp; Meu ato de contri\u00e7\u00e3o Nossa proposta de contri\u00e7\u00e3o Eis me aqui Senhor, com Categer\u00f3 Nossa proposta de clamor Salve oh beato Ant\u00f4nio de Categer\u00f3 Nossa proposta de curti\u00e7\u00e3o \u00c0 canoniza\u00e7\u00e3o do Beato de Categer\u00f3 pelo [&hellip;]<\/p>\n","protected":false},"author":1,"featured_media":11041,"parent":3719,"menu_order":16,"comment_status":"closed","ping_status":"closed","template":"","meta":{"ngg_post_thumbnail":0,"footnotes":""},"class_list":["post-12204","page","type-page","status-publish","has-post-thumbnail","hentry"],"_links":{"self":[{"href":"https:\/\/categero.org.br\/antigo\/index.php?rest_route=\/wp\/v2\/pages\/12204","targetHints":{"allow":["GET"]}}],"collection":[{"href":"https:\/\/categero.org.br\/antigo\/index.php?rest_route=\/wp\/v2\/pages"}],"about":[{"href":"https:\/\/categero.org.br\/antigo\/index.php?rest_route=\/wp\/v2\/types\/page"}],"author":[{"embeddable":true,"href":"https:\/\/categero.org.br\/antigo\/index.php?rest_route=\/wp\/v2\/users\/1"}],"replies":[{"embeddable":true,"href":"https:\/\/categero.org.br\/antigo\/index.php?rest_route=%2Fwp%2Fv2%2Fcomments&post=12204"}],"version-history":[{"count":11,"href":"https:\/\/categero.org.br\/antigo\/index.php?rest_route=\/wp\/v2\/pages\/12204\/revisions"}],"predecessor-version":[{"id":13114,"href":"https:\/\/categero.org.br\/antigo\/index.php?rest_route=\/wp\/v2\/pages\/12204\/revisions\/13114"}],"up":[{"embeddable":true,"href":"https:\/\/categero.org.br\/antigo\/index.php?rest_route=\/wp\/v2\/pages\/3719"}],"wp:featuredmedia":[{"embeddable":true,"href":"https:\/\/categero.org.br\/antigo\/index.php?rest_route=\/wp\/v2\/media\/11041"}],"wp:attachment":[{"href":"https:\/\/categero.org.br\/antigo\/index.php?rest_route=%2Fwp%2Fv2%2Fmedia&parent=12204"}],"curies":[{"name":"wp","href":"https:\/\/api.w.org\/{rel}","templated":true}]}}