{"id":1208,"date":"2010-11-06T03:53:33","date_gmt":"2010-11-06T03:53:33","guid":{"rendered":"http:\/\/www.categero.org.br\/?page_id=1208"},"modified":"2014-03-25T16:13:12","modified_gmt":"2014-03-25T19:13:12","slug":"sabaramg-paroquia-nossa-senhora-do-rosario","status":"publish","type":"page","link":"https:\/\/categero.org.br\/antigo\/?page_id=1208","title":{"rendered":"MG\/Sabar\u00e1 &#8211; Par\u00f3quia Nossa Senhora do Ros\u00e1rio"},"content":{"rendered":"<p style=\"text-align: center;\"><a href=\"http:\/\/www.categero.org.br\/wp-content\/uploads\/2010\/11\/Categero-de-Sabara.jpg\"><img loading=\"lazy\" decoding=\"async\" class=\"aligncenter size-full wp-image-1209\" title=\"Categero de Sabara\" alt=\"\" src=\"http:\/\/www.categero.org.br\/wp-content\/uploads\/2010\/11\/Categero-de-Sabara.jpg\" width=\"324\" height=\"244\" \/><\/a><\/p>\n<p>H\u00e1 uma imagem de Santo Ant\u00f4nio de Categer\u00f3 ou Cartegerona na igreja Nossa Senhora do Ros\u00e1rio da cidade de Sabar\u00e1 em Minas Gerais. A referida imagem est\u00e1 na foto acima e consta do Blog: <a href=\"http:\/\/rosariosabara.blogspot.com\/2010\/11\/bodas-de-vinho-70-anos-criacao-paroquia.html\">http:\/\/rosariosabara.blogspot.com\/2010\/11\/bodas-de-vinho-70-anos-criacao-paroquia.html<\/a> de onde retiramos a informa\u00e7\u00e3o.<\/p>\n<p>No Blog h\u00e1 o convite para os festejos de 70 anos da igreja como uma s\u00e9rie de solenidades.<\/p>\n<p>H\u00e1 tamb\u00e9m\u00a0uma reportagem bastante interessante sobre os preparativos aos\u00a0festejos de 70 anos da cria\u00e7\u00e3o da par\u00f3quia, com 28 fotos, datadas de 2 de outubro de 2010, relatando\u00a0a composi\u00e7\u00e3o do cortejo da prociss\u00e3o em sua forma tradicional e centen\u00e1ria naquela regi\u00e3o que vale a pena ser visto.<\/p>\n<p>E ali est\u00e1 um andor com uma imagem grande de Santo Ant\u00f4nio de Categer\u00f3 e tamb\u00e9m a denomina\u00e7\u00e3o de Santo Antonio de Cartagerona, por eles expressa. Ale consta,ainda, a convoca\u00e7\u00e3o e convites espec\u00edficos de atividades dos festejos com texto abaixo.<\/p>\n<p style=\"text-align: center;\"><strong>Festa de Nossa Senhora do Ros\u00e1rio<\/strong><\/p>\n<p>A Par\u00f3quia Nossa Senhora do Ros\u00e1rio se prepara para a Solene festividade \u00e0 sua Padroeira, a Senhora do Santo Ros\u00e1rio. Ser\u00e3o dias de celebra\u00e7\u00e3o da F\u00e9 e da vida ao redor daquela que disse SIM destemidamente ao projeto de Salva\u00e7\u00e3o, que se fez serva da Palavra Criativa e Criadora de Deus. A mesma que se manteve de p\u00e9 \u00e0 cruz de seu filho sem jamais fraquejar. Aquela que acolheu a comunidade crist\u00e3 nascente, que fez a experi\u00eancia de pentecostes, testemunhou a f\u00e9 e foi elevada aos c\u00e9us e que ainda hoje, atrav\u00e9s da mem\u00f3ria de seu sim e de sua profunda entrega, continua a estimular milhares de fi\u00e9is em todo mundo a fazer o mesmo: Escutar a palavra de Deus, dizer sim a ela e, por seu interm\u00e9dio, gerar a salva\u00e7\u00e3o para o mundo<\/p>\n<p><a href=\"http:\/\/rosariosabara.blogspot.com\/2010\/11\/bodas-de-vinho-70-anos-criacao-paroquia.html\">http:\/\/rosariosabara.blogspot.com\/2010\/11\/bodas-de-vinho-70-anos-criacao-paroquia.html<\/a><\/p>\n<p><a href=\"http:\/\/categero.org.br\/wp-content\/uploads\/2010\/11\/Baner-Sabara-mg.jpg\"><img loading=\"lazy\" decoding=\"async\" class=\"aligncenter size-medium wp-image-8500\" alt=\"Baner Sabara mg\" src=\"http:\/\/categero.org.br\/wp-content\/uploads\/2010\/11\/Baner-Sabara-mg-300x149.jpg\" width=\"300\" height=\"149\" srcset=\"https:\/\/categero.org.br\/antigo\/wp-content\/uploads\/2010\/11\/Baner-Sabara-mg-300x149.jpg 300w, https:\/\/categero.org.br\/antigo\/wp-content\/uploads\/2010\/11\/Baner-Sabara-mg.jpg 397w\" sizes=\"auto, (max-width: 300px) 100vw, 300px\" \/><\/a><\/p>\n","protected":false},"excerpt":{"rendered":"<p>H\u00e1 uma imagem de Santo Ant\u00f4nio de Categer\u00f3 ou Cartegerona na igreja Nossa Senhora do Ros\u00e1rio da cidade de Sabar\u00e1 em Minas Gerais. A referida imagem est\u00e1 na foto acima e consta do Blog: http:\/\/rosariosabara.blogspot.com\/2010\/11\/bodas-de-vinho-70-anos-criacao-paroquia.html de onde retiramos a informa\u00e7\u00e3o. No Blog h\u00e1 o convite para os festejos de 70 anos da igreja como uma [&hellip;]<\/p>\n","protected":false},"author":1,"featured_media":8500,"parent":8870,"menu_order":0,"comment_status":"closed","ping_status":"closed","template":"","meta":{"ngg_post_thumbnail":0,"footnotes":""},"class_list":["post-1208","page","type-page","status-publish","has-post-thumbnail","hentry"],"_links":{"self":[{"href":"https:\/\/categero.org.br\/antigo\/index.php?rest_route=\/wp\/v2\/pages\/1208","targetHints":{"allow":["GET"]}}],"collection":[{"href":"https:\/\/categero.org.br\/antigo\/index.php?rest_route=\/wp\/v2\/pages"}],"about":[{"href":"https:\/\/categero.org.br\/antigo\/index.php?rest_route=\/wp\/v2\/types\/page"}],"author":[{"embeddable":true,"href":"https:\/\/categero.org.br\/antigo\/index.php?rest_route=\/wp\/v2\/users\/1"}],"replies":[{"embeddable":true,"href":"https:\/\/categero.org.br\/antigo\/index.php?rest_route=%2Fwp%2Fv2%2Fcomments&post=1208"}],"version-history":[{"count":5,"href":"https:\/\/categero.org.br\/antigo\/index.php?rest_route=\/wp\/v2\/pages\/1208\/revisions"}],"predecessor-version":[{"id":8883,"href":"https:\/\/categero.org.br\/antigo\/index.php?rest_route=\/wp\/v2\/pages\/1208\/revisions\/8883"}],"up":[{"embeddable":true,"href":"https:\/\/categero.org.br\/antigo\/index.php?rest_route=\/wp\/v2\/pages\/8870"}],"wp:featuredmedia":[{"embeddable":true,"href":"https:\/\/categero.org.br\/antigo\/index.php?rest_route=\/wp\/v2\/media\/8500"}],"wp:attachment":[{"href":"https:\/\/categero.org.br\/antigo\/index.php?rest_route=%2Fwp%2Fv2%2Fmedia&parent=1208"}],"curies":[{"name":"wp","href":"https:\/\/api.w.org\/{rel}","templated":true}]}}