{"id":12,"date":"2010-09-27T22:24:19","date_gmt":"2010-09-27T22:24:19","guid":{"rendered":"http:\/\/www.categero.org.br\/?page_id=12"},"modified":"2017-11-28T20:06:57","modified_gmt":"2017-11-28T23:06:57","slug":"conteudo-de-altares-da-fe","status":"publish","type":"page","link":"https:\/\/categero.org.br\/antigo\/?page_id=12","title":{"rendered":"1. Conte\u00fado de Altares da F\u00e9"},"content":{"rendered":"<p>1. Conte\u00fado de Altares da F\u00e9<\/p>\n<p>Gostar\u00edamos de ter registrados neste Portal todos os locais em que se processe venera\u00e7\u00e3o ao Beato Ant\u00f4nio de Categer\u00f3, de Noto, Et\u00edope, ou outra de suas designa\u00e7\u00f5es. Sejam as imagens entronizadas em igrejas ou em grupos de ora\u00e7\u00e3o e irmandades. Seja a simples entroniza\u00e7\u00e3o em uma empresa, entidade ou institui\u00e7\u00e3o. Em fim, qualquer local no qual a imagem de nosso vener\u00e1vel possa ser diponibilizada \u00e0 devo\u00e7\u00e3o p\u00fablica.<br \/>\nNossos cadastros est\u00e3o sendo realizados por Regi\u00e3o do Brasil:<\/p>\n<p>2. <a href=\"http:\/\/categero.org.br\/2-altares-da-fe\/12863-2\/\" target=\"_blank\" rel=\"noopener noreferrer\">Regi\u00e3o Norte (Br)<\/a><\/p>\n<p>3. <a href=\"http:\/\/www.categero.org.br\/?page_id=20 \">Regi\u00e3o Nordeste (Br)<\/a><\/p>\n<p>4. <a href=\"http:\/\/www.categero.org.br\/?page_id=29 \">Regi\u00e3o Centro Oeste (Br)<\/a><\/p>\n<p>5. <a href=\"http:\/\/www.categero.org.br\/?page_id=31 \">Regi\u00e3o Sudeste (Br)<\/a><\/p>\n<p>6. <a href=\"http:\/\/www.categero.org.br\/?page_id=153 \">Regi\u00e3o Sul (br)<\/a><\/p>\n<p>7. <a href=\"http:\/\/www.categero.org.br\/?page_id=33 \">Europa\/It\u00e1lia e Portugal<\/a><\/p>\n<p>Encarecemos que nos comuniquem, se poss\u00edvel, por este Portal fornecedendo os detalhes de localiza\u00e7\u00e3o, data, foto e outros dados da referida &#8220;Devo\u00e7\u00e3o&#8221;.<\/p>\n<p>Estamos iniciando nosso cadastro a partir das regi\u00f5es brasileiras, por\u00e9m nos interessamos em cadastrar devo\u00e7\u00f5es em qualquer parte do mundo.<\/p>\n<p>Nos informe pelo email <a href=\"mailto:administrador@categero.org.br\">administrador@categero.org.br<\/a> ou pelas ferramentas dispon\u00edveis no &#8220;Livro de Visitas&#8221; e &#8220;Gra\u00e7as e Depoimentos&#8221; da barra de menus ou ainda por <a href=\"mailto:pinheiro-61@hotmail.com\">pinheiro-61@hotmail.com<\/a>\u00e0 devo\u00e7\u00e3o p\u00fablica.<\/p>\n","protected":false},"excerpt":{"rendered":"<p>1. Conte\u00fado de Altares da F\u00e9 Gostar\u00edamos de ter registrados neste Portal todos os locais em que se processe venera\u00e7\u00e3o ao Beato Ant\u00f4nio de Categer\u00f3, de Noto, Et\u00edope, ou outra de suas designa\u00e7\u00f5es. Sejam as imagens entronizadas em igrejas ou em grupos de ora\u00e7\u00e3o e irmandades. Seja a simples entroniza\u00e7\u00e3o em uma empresa, entidade ou [&hellip;]<\/p>\n","protected":false},"author":1,"featured_media":0,"parent":6,"menu_order":0,"comment_status":"closed","ping_status":"closed","template":"","meta":{"ngg_post_thumbnail":0,"footnotes":""},"class_list":["post-12","page","type-page","status-publish","hentry"],"_links":{"self":[{"href":"https:\/\/categero.org.br\/antigo\/index.php?rest_route=\/wp\/v2\/pages\/12","targetHints":{"allow":["GET"]}}],"collection":[{"href":"https:\/\/categero.org.br\/antigo\/index.php?rest_route=\/wp\/v2\/pages"}],"about":[{"href":"https:\/\/categero.org.br\/antigo\/index.php?rest_route=\/wp\/v2\/types\/page"}],"author":[{"embeddable":true,"href":"https:\/\/categero.org.br\/antigo\/index.php?rest_route=\/wp\/v2\/users\/1"}],"replies":[{"embeddable":true,"href":"https:\/\/categero.org.br\/antigo\/index.php?rest_route=%2Fwp%2Fv2%2Fcomments&post=12"}],"version-history":[{"count":5,"href":"https:\/\/categero.org.br\/antigo\/index.php?rest_route=\/wp\/v2\/pages\/12\/revisions"}],"predecessor-version":[{"id":12870,"href":"https:\/\/categero.org.br\/antigo\/index.php?rest_route=\/wp\/v2\/pages\/12\/revisions\/12870"}],"up":[{"embeddable":true,"href":"https:\/\/categero.org.br\/antigo\/index.php?rest_route=\/wp\/v2\/pages\/6"}],"wp:attachment":[{"href":"https:\/\/categero.org.br\/antigo\/index.php?rest_route=%2Fwp%2Fv2%2Fmedia&parent=12"}],"curies":[{"name":"wp","href":"https:\/\/api.w.org\/{rel}","templated":true}]}}