{"id":11999,"date":"2017-03-04T22:31:45","date_gmt":"2017-03-05T01:31:45","guid":{"rendered":"http:\/\/categero.org.br\/?page_id=11999"},"modified":"2017-03-04T23:04:13","modified_gmt":"2017-03-05T02:04:13","slug":"11999-2","status":"publish","type":"page","link":"https:\/\/categero.org.br\/antigo\/?page_id=11999","title":{"rendered":"SP\/Itaquacetuba &#8211; TU Santo Ant\u00f4nio de Categer\u00f3"},"content":{"rendered":"<p style=\"text-align: center;\"><a href=\"http:\/\/categero.org.br\/wp-content\/uploads\/2014\/02\/baiana_de_acaraje.jpg\"><img loading=\"lazy\" decoding=\"async\" class=\"aligncenter wp-image-7419\" src=\"http:\/\/categero.org.br\/wp-content\/uploads\/2014\/02\/baiana_de_acaraje-291x300.jpg\" alt=\"baiana_de_acaraje\" width=\"233\" height=\"240\" srcset=\"https:\/\/categero.org.br\/antigo\/wp-content\/uploads\/2014\/02\/baiana_de_acaraje-291x300.jpg 291w, https:\/\/categero.org.br\/antigo\/wp-content\/uploads\/2014\/02\/baiana_de_acaraje.jpg 343w\" sizes=\"auto, (max-width: 233px) 100vw, 233px\" \/><\/a><\/p>\n<p style=\"text-align: center;\"><strong>Tenda de Umbanda<\/strong><\/p>\n<p>&nbsp;<\/p>\n<p style=\"text-align: right;\"><strong>Veja outras<a href=\"http:\/\/categero.org.br\/?p=12007\" target=\"_blank\"> not\u00edcias dessa TU\u00a0em nosso Site<\/a><\/strong><\/p>\n<p style=\"text-align: right;\">(Pr\u00f3-ecumenismo)<\/p>\n<p style=\"text-align: justify;\">Essa ONG religiosa (seita afro-brasileira) atua h\u00e1 muitos anos.\u00a0foi fundada, em 05 de Maio de 1966, por \u00a0Dona Maria, vem at\u00e9 os dias de hoje zelando pelos Orix\u00e1s e realizando seus trabalhos em pratica a caridade. Com muita dedica\u00e7\u00e3o e simplicidade junto ao seu Mentor Espiritual &#8220;Pai Joaquim Thom\u00e9 de Angola&#8221;. \u00a0Seu link &#8211;\u00a0<a href=\"http:\/\/www.blogger.com\/profile\/04741586070681459613\" rel=\"author\" data-gapiscan=\"true\" data-onload=\"true\" data-gapiattached=\"true\">&#8220;Filhos de Umbanda &#8211; Sto Ant\u00f4nio de Categer\u00f3&#8221;<\/a><\/p>\n<p style=\"text-align: justify;\">Dire\u00e7\u00e3o e integrantes, da TU Sto Ant\u00f4nio de Categer\u00f3, t\u00eam trabalhado o nome do Beato Ant\u00f4nio de Categer\u00f3, com o mesmo respeito e rever\u00eancia, com que os crist\u00e3os cat\u00f3licos, tamb\u00e9m o dedicam e tratam.<\/p>\n<p style=\"text-align: justify;\">.<\/p>\n<p style=\"text-align: right;\"><strong>Veja outras<a href=\"http:\/\/categero.org.br\/?p=12007\" target=\"_blank\"> not\u00edcias dessa TU\u00a0em nosso Site<\/a><\/strong><\/p>\n<p style=\"text-align: center;\"><a href=\"http:\/\/categero.org.br\/wp-content\/uploads\/2014\/02\/Baner-Carmin.jpg\"><img loading=\"lazy\" decoding=\"async\" class=\"aligncenter size-medium wp-image-7418\" src=\"http:\/\/categero.org.br\/wp-content\/uploads\/2014\/02\/Baner-Carmin-300x149.jpg\" alt=\"Baner Carmin\" width=\"300\" height=\"149\" srcset=\"https:\/\/categero.org.br\/antigo\/wp-content\/uploads\/2014\/02\/Baner-Carmin-300x149.jpg 300w, https:\/\/categero.org.br\/antigo\/wp-content\/uploads\/2014\/02\/Baner-Carmin.jpg 397w\" sizes=\"auto, (max-width: 300px) 100vw, 300px\" \/><\/a><\/p>\n","protected":false},"excerpt":{"rendered":"<p>Tenda de Umbanda &nbsp; Veja outras not\u00edcias dessa TU\u00a0em nosso Site (Pr\u00f3-ecumenismo) Essa ONG religiosa (seita afro-brasileira) atua h\u00e1 muitos anos.\u00a0foi fundada, em 05 de Maio de 1966, por \u00a0Dona Maria, vem at\u00e9 os dias de hoje zelando pelos Orix\u00e1s e realizando seus trabalhos em pratica a caridade. Com muita dedica\u00e7\u00e3o e simplicidade junto ao [&hellip;]<\/p>\n","protected":false},"author":1,"featured_media":12011,"parent":8867,"menu_order":0,"comment_status":"closed","ping_status":"closed","template":"","meta":{"ngg_post_thumbnail":0,"footnotes":""},"class_list":["post-11999","page","type-page","status-publish","has-post-thumbnail","hentry"],"_links":{"self":[{"href":"https:\/\/categero.org.br\/antigo\/index.php?rest_route=\/wp\/v2\/pages\/11999","targetHints":{"allow":["GET"]}}],"collection":[{"href":"https:\/\/categero.org.br\/antigo\/index.php?rest_route=\/wp\/v2\/pages"}],"about":[{"href":"https:\/\/categero.org.br\/antigo\/index.php?rest_route=\/wp\/v2\/types\/page"}],"author":[{"embeddable":true,"href":"https:\/\/categero.org.br\/antigo\/index.php?rest_route=\/wp\/v2\/users\/1"}],"replies":[{"embeddable":true,"href":"https:\/\/categero.org.br\/antigo\/index.php?rest_route=%2Fwp%2Fv2%2Fcomments&post=11999"}],"version-history":[{"count":6,"href":"https:\/\/categero.org.br\/antigo\/index.php?rest_route=\/wp\/v2\/pages\/11999\/revisions"}],"predecessor-version":[{"id":12016,"href":"https:\/\/categero.org.br\/antigo\/index.php?rest_route=\/wp\/v2\/pages\/11999\/revisions\/12016"}],"up":[{"embeddable":true,"href":"https:\/\/categero.org.br\/antigo\/index.php?rest_route=\/wp\/v2\/pages\/8867"}],"wp:featuredmedia":[{"embeddable":true,"href":"https:\/\/categero.org.br\/antigo\/index.php?rest_route=\/wp\/v2\/media\/12011"}],"wp:attachment":[{"href":"https:\/\/categero.org.br\/antigo\/index.php?rest_route=%2Fwp%2Fv2%2Fmedia&parent=11999"}],"curies":[{"name":"wp","href":"https:\/\/api.w.org\/{rel}","templated":true}]}}