{"id":11993,"date":"2017-03-04T21:47:31","date_gmt":"2017-03-05T00:47:31","guid":{"rendered":"http:\/\/categero.org.br\/?page_id=11993"},"modified":"2020-11-10T19:38:47","modified_gmt":"2020-11-10T22:38:47","slug":"capela-senhor-bom-jesus-no-pateo-do-colegio-atual-igreja-sao-jose-de-anchieta","status":"publish","type":"page","link":"https:\/\/categero.org.br\/antigo\/?page_id=11993","title":{"rendered":"Capela do Senhor do Bom Jesus, no p\u00e1tio do col\u00e9gio &#8211; atual igreja S\u00e3o Jos\u00e9 de Anchieta  (e a aus\u00eancia do Beato Ant\u00f4nio de Categer\u00f3)"},"content":{"rendered":"<p style=\"text-align: center;\"><img loading=\"lazy\" decoding=\"async\" class=\"aligncenter wp-image-11994\" src=\"http:\/\/categero.org.br\/wp-content\/uploads\/2017\/03\/Igr-Pateo-do-Col\u00e9gio.jpg\" alt=\"Igr Pateo do Col\u00e9gio\" width=\"376\" height=\"163\" srcset=\"https:\/\/categero.org.br\/antigo\/wp-content\/uploads\/2017\/03\/Igr-Pateo-do-Col\u00e9gio.jpg 1920w, https:\/\/categero.org.br\/antigo\/wp-content\/uploads\/2017\/03\/Igr-Pateo-do-Col\u00e9gio-300x130.jpg 300w, https:\/\/categero.org.br\/antigo\/wp-content\/uploads\/2017\/03\/Igr-Pateo-do-Col\u00e9gio-768x332.jpg 768w, https:\/\/categero.org.br\/antigo\/wp-content\/uploads\/2017\/03\/Igr-Pateo-do-Col\u00e9gio-1024x443.jpg 1024w, https:\/\/categero.org.br\/antigo\/wp-content\/uploads\/2017\/03\/Igr-Pateo-do-Col\u00e9gio-495x214.jpg 495w\" sizes=\"auto, (max-width: 376px) 100vw, 376px\" \/><\/p>\n<p style=\"text-align: right;\"><em><strong>VEJA MAIS &nbsp; &nbsp;&nbsp;<a href=\"http:\/\/categero.org.br\/?p=12034\" target=\"_blank\" rel=\"noopener noreferrer\">Nossas pesquisas sobre Categer\u00f3 nessa Capela<\/a><br \/>\n<\/strong><\/em><br \/>\nA busca pela chegada do <strong>Beato Ant\u00f4nio de Categer\u00f3,<\/strong> em S\u00e3o Paulo,<br \/>\ntem de ser&nbsp;iniciada na literatura produzida pelos Jesu\u00edtas &#8211; padres<br \/>\ne irm\u00e3os&nbsp;(novi\u00e7os), &nbsp;que constru\u00edram templos, evangelizaram os<br \/>\n\u00edndios,&nbsp;assistiram os&nbsp;portugueses,&nbsp;ajudaram \u00e0 administra\u00e7\u00e3o<br \/>\np\u00fablica, defenderam&nbsp;e integraram o territ\u00f3rio&nbsp;e, ainda,<br \/>\nescreveram&nbsp;a hist\u00f3ria, da maior&nbsp;cidade do Brasil<br \/>\ne da Am\u00e9rica Latina.<\/p>\n<p style=\"text-align: justify; padding-left: 120px;\"><em>Ao longo de mais de quatrocentos anos, a Igreja do Col\u00e9gio passou por grandes transforma\u00e7\u00f5es. De cabana em 1554, a igreja ganhou contornos da arquitetura colonial jesu\u00edtica durante o s\u00e9culo XVII e sofreu com o abandono ap\u00f3s a expuls\u00e3o dos jesu\u00edtas no s\u00e9culo XVIII. Em fins do s\u00e9culo XIX decidiu-se, atrav\u00e9s de um acordo entre o Bispado de S\u00e3o Paulo e o Governo da Prov\u00edncia, pela demoli\u00e7\u00e3o do templo em lugar da reconstru\u00e7\u00e3o, ap\u00f3s o desabamento de parte de seu telhado durante uma tempestade em 1896. J\u00e1 no s\u00e9culo XX, ap\u00f3s a devolu\u00e7\u00e3o do P\u00e1tio do Col\u00e9gio para a Companhia de Jesus como um dos marcos iniciais das comemora\u00e7\u00f5es do Quarto Centen\u00e1rio da Cidade em 1954, a igreja p\u00f4de ser reconstru\u00edda sendo inaugurada em 1979. Em 1980 o padre Jos\u00e9 de Anchieta passa a ser seu padroeiro ap\u00f3s ser beatificado pelo papa Jo\u00e3o Paulo II. Em 2009 a igreja passa por sua \u00faltima reforma onde se buscou a unidade entre a celebra\u00e7\u00e3o e o espa\u00e7o lit\u00fargico. Finalmente em 2014 a igreja tem seu padroeiro canonizado pelo papa Francisco e passa a se chamar \u201cIgreja S\u00e3o Jos\u00e9 de Anchieta\u201d. \u00c9 neste ambiente amplo e com decora\u00e7\u00e3o \u00fanica que a igreja acolhe seus fi\u00e9is nas missas cantadas, sempre acompanhadas pelo \u00f3rg\u00e3o de aproximadamente mil tubos sob a dire\u00e7\u00e3o da \u201ceschola Cantorum\u201d, e nas celebra\u00e7\u00f5es de batismos e casamentos.<\/em><\/p>\n<p style=\"text-align: justify;\">A descri\u00e7\u00e3o acima, bastante resumida, foi retirada do portal dos Jesu\u00edtas. Ela \u00e9 importante para o trabalho, de busca por quem, quando e como, chegou o beato Ant\u00f4nio de Categer\u00f3, em S\u00e3o Paulo. Todos autores d\u00e3o conta, que foram os jesu\u00edtas, mas, ainda n\u00e3o houve uma carta ou documento que o relate objetivamente. Portanto, a imagem do beato negro, n\u00e3o consta da rela\u00e7\u00e3o de imagens dessa capela fundacional do catolicismo em S\u00e3o Paulo. Mas, mesmo assim, \u00e9 poss\u00edvel discutir uma s\u00e9rie de quest\u00f5es decorrentes dessa aus\u00eancia e da tradi\u00e7\u00e3o de uso pelos jesu\u00edtas do Beato Ant\u00f4nio de Categer\u00f3 em seus trabalhos devocionais com negros e \u00edndios, estes \u00faltimos, no m\u00ednimo, enquanto cativos de paulistas. No final dos anos quinhentos dos 120 fogos, citados na bibliografia, dificilmente, teria menos de dois negros e, para cada negro, estava sendo escravizados dez \u00edndios. Talvez, em um universo superior a mil almas, garantidamente, quatro ou cinco vezes, maior que o de brancos.<\/p>\n<p style=\"text-align: right;\"><em><strong>VEJA MAIS &nbsp; &nbsp;&nbsp;<a href=\"http:\/\/categero.org.br\/?p=12034\" target=\"_blank\" rel=\"noopener noreferrer\">Nossas pesquisas sobre Categer\u00f3 nessa Capela<\/a><br \/>\n<\/strong><\/em><\/p>\n<p style=\"text-align: center;\">,<\/p>\n<p style=\"text-align: center;\"><img loading=\"lazy\" decoding=\"async\" class=\"aligncenter size-full wp-image-12045\" src=\"http:\/\/categero.org.br\/wp-content\/uploads\/2017\/03\/Banner-ouro-pronto.jpg\" alt=\"# Banner ouro pronto\" width=\"425\" height=\"283\" srcset=\"https:\/\/categero.org.br\/antigo\/wp-content\/uploads\/2017\/03\/Banner-ouro-pronto.jpg 425w, https:\/\/categero.org.br\/antigo\/wp-content\/uploads\/2017\/03\/Banner-ouro-pronto-300x200.jpg 300w, https:\/\/categero.org.br\/antigo\/wp-content\/uploads\/2017\/03\/Banner-ouro-pronto-75x50.jpg 75w, https:\/\/categero.org.br\/antigo\/wp-content\/uploads\/2017\/03\/Banner-ouro-pronto-120x80.jpg 120w\" sizes=\"auto, (max-width: 425px) 100vw, 425px\" \/><\/p>\n","protected":false},"excerpt":{"rendered":"<p>VEJA MAIS &nbsp; &nbsp;&nbsp;Nossas pesquisas sobre Categer\u00f3 nessa Capela A busca pela chegada do Beato Ant\u00f4nio de Categer\u00f3, em S\u00e3o Paulo, tem de ser&nbsp;iniciada na literatura produzida pelos Jesu\u00edtas &#8211; padres e irm\u00e3os&nbsp;(novi\u00e7os), &nbsp;que constru\u00edram templos, evangelizaram os \u00edndios,&nbsp;assistiram os&nbsp;portugueses,&nbsp;ajudaram \u00e0 administra\u00e7\u00e3o p\u00fablica, defenderam&nbsp;e integraram o territ\u00f3rio&nbsp;e, ainda, escreveram&nbsp;a hist\u00f3ria, da maior&nbsp;cidade do Brasil e [&hellip;]<\/p>\n","protected":false},"author":1,"featured_media":12045,"parent":8867,"menu_order":0,"comment_status":"closed","ping_status":"closed","template":"","meta":{"ngg_post_thumbnail":0,"footnotes":""},"class_list":["post-11993","page","type-page","status-publish","has-post-thumbnail","hentry"],"_links":{"self":[{"href":"https:\/\/categero.org.br\/antigo\/index.php?rest_route=\/wp\/v2\/pages\/11993","targetHints":{"allow":["GET"]}}],"collection":[{"href":"https:\/\/categero.org.br\/antigo\/index.php?rest_route=\/wp\/v2\/pages"}],"about":[{"href":"https:\/\/categero.org.br\/antigo\/index.php?rest_route=\/wp\/v2\/types\/page"}],"author":[{"embeddable":true,"href":"https:\/\/categero.org.br\/antigo\/index.php?rest_route=\/wp\/v2\/users\/1"}],"replies":[{"embeddable":true,"href":"https:\/\/categero.org.br\/antigo\/index.php?rest_route=%2Fwp%2Fv2%2Fcomments&post=11993"}],"version-history":[{"count":15,"href":"https:\/\/categero.org.br\/antigo\/index.php?rest_route=\/wp\/v2\/pages\/11993\/revisions"}],"predecessor-version":[{"id":13430,"href":"https:\/\/categero.org.br\/antigo\/index.php?rest_route=\/wp\/v2\/pages\/11993\/revisions\/13430"}],"up":[{"embeddable":true,"href":"https:\/\/categero.org.br\/antigo\/index.php?rest_route=\/wp\/v2\/pages\/8867"}],"wp:featuredmedia":[{"embeddable":true,"href":"https:\/\/categero.org.br\/antigo\/index.php?rest_route=\/wp\/v2\/media\/12045"}],"wp:attachment":[{"href":"https:\/\/categero.org.br\/antigo\/index.php?rest_route=%2Fwp%2Fv2%2Fmedia&parent=11993"}],"curies":[{"name":"wp","href":"https:\/\/api.w.org\/{rel}","templated":true}]}}