{"id":119,"date":"2010-10-01T00:48:05","date_gmt":"2010-10-01T00:48:05","guid":{"rendered":"http:\/\/www.categero.org.br\/?page_id=119"},"modified":"2017-01-10T18:01:22","modified_gmt":"2017-01-10T21:01:22","slug":"sao-paulosp-igreja-da-irmandade-de-n%c2%aa-s%c2%aa-dos-pretos","status":"publish","type":"page","link":"https:\/\/categero.org.br\/antigo\/?page_id=119","title":{"rendered":"SP\/S\u00e3o Paulo &#8211; Igreja da Irmandade de N\u00aa S\u00aa do Ros\u00e1rio dos Pretos"},"content":{"rendered":"<p style=\"text-align: right;\"><strong>Veja mais <a href=\"http:\/\/categero.org.br\/?p=11338\" target=\"_blank\">not\u00edcias de Categer\u00f3 nesta\u00a0Igreja<\/a><\/strong><\/p>\n<div id=\"attachment_3320\" style=\"width: 203px\" class=\"wp-caption aligncenter\"><a href=\"http:\/\/www.categero.org.br\/wp-content\/uploads\/2010\/10\/4570317383_270aa8c849_b.jpg\"><img loading=\"lazy\" decoding=\"async\" aria-describedby=\"caption-attachment-3320\" class=\" wp-image-3320 \" title=\"4570317383_270aa8c849_b\" src=\"http:\/\/www.categero.org.br\/wp-content\/uploads\/2010\/10\/4570317383_270aa8c849_b.jpg\" alt=\"\" width=\"193\" height=\"258\" \/><\/a><p id=\"caption-attachment-3320\" class=\"wp-caption-text\">Imagem do Beato Ant\u00f4nio de Categer\u00f3 em tamanho natural<\/p><\/div>\n<p style=\"text-align: right;\"><strong>Veja mais <a href=\"http:\/\/categero.org.br\/?p=11338\" target=\"_blank\">not\u00edcias de Categer\u00f3 nesta\u00a0Igreja<\/a><\/strong><\/p>\n<p style=\"text-align: justify;\">H\u00e1 uma imagem, em tamanho natural, do Beato Ant\u00f4nio de \u00a0Categer\u00f3, na Igreja da Irmandade de Nossa Senhora do Ros\u00e1rio dos Pretos, no centro da cidade de S\u00e3o Paulo, \u2013 SP. \u00a0Um pequena igreja que em sua nave principal tem, nas duas laterais, diversos altares de imagens grandes, sendo uma delas a do Beato de Categer\u00f3.<br \/>\nEntrando pela porta principal, na parede do corredor da esquerda, est\u00e3o dispostas quatro imagens, espelhadas, respectivamente, por outras quatro imagens, na parede do outro corredor.<br \/>\nO Beato Ant\u00f4nio de Categer\u00f3 \u00e9 a quarta, ou \u00faltima imagem no corredor da esquerda de quem entras. \u00a0Outra forma de identificar a posi\u00e7\u00e3o da imagem do Beato, est\u00e1 que existe uma entrada lateral, da igreja, que se alinha antes do altar principal, onde h\u00e1 uma lojinha de artigos religiosos e a entrada para a sacristia, sal\u00f5es de encontros da Irmandade e da administra\u00e7\u00e3o, indo para um por\u00e3o. O Beato \u00e9 a primeira imagem de quem entra para igreja por essa porta lateral.<br \/>\nA administra\u00e7\u00e3o da irmandande n\u00e3o tem dados sobre a data de entroniza\u00e7\u00e3o da referida imagem do Beato Ant\u00f4nio de Categer\u00f3. Existe documenta\u00e7\u00e3o, mas encontra-se sob uma administra\u00e7\u00e3o interventora do MP\/SP e carece de tempo e sincronismo para pesquisa. Estimaram os membro da irmandade com que contatamos que a imagem tem mais de 200 anos.<\/p>\n<p style=\"text-align: right;\"><strong>Veja mais <a href=\"http:\/\/categero.org.br\/?p=11338\" target=\"_blank\">not\u00edcias de Categer\u00f3 nesta\u00a0Igreja<\/a><\/strong><\/p>\n<p><a href=\"http:\/\/categero.org.br\/wp-content\/uploads\/2010\/10\/SP-Igreja-de-N-Sra.-do-Ros\u00e1rio-dos-Homens-Pretos-By-Vilante.jpg\"><img loading=\"lazy\" decoding=\"async\" class=\"aligncenter size-medium wp-image-4987\" src=\"http:\/\/categero.org.br\/wp-content\/uploads\/2010\/10\/SP-Igreja-de-N-Sra.-do-Ros\u00e1rio-dos-Homens-Pretos-By-Vilante-300x107.jpg\" alt=\"SP - Igreja de N Sra. do Ros\u00e1rio dos Homens Pretos - By Vilante\" width=\"300\" height=\"107\" srcset=\"https:\/\/categero.org.br\/antigo\/wp-content\/uploads\/2010\/10\/SP-Igreja-de-N-Sra.-do-Ros\u00e1rio-dos-Homens-Pretos-By-Vilante-300x107.jpg 300w, https:\/\/categero.org.br\/antigo\/wp-content\/uploads\/2010\/10\/SP-Igreja-de-N-Sra.-do-Ros\u00e1rio-dos-Homens-Pretos-By-Vilante-1024x367.jpg 1024w, https:\/\/categero.org.br\/antigo\/wp-content\/uploads\/2010\/10\/SP-Igreja-de-N-Sra.-do-Ros\u00e1rio-dos-Homens-Pretos-By-Vilante-495x177.jpg 495w, https:\/\/categero.org.br\/antigo\/wp-content\/uploads\/2010\/10\/SP-Igreja-de-N-Sra.-do-Ros\u00e1rio-dos-Homens-Pretos-By-Vilante.jpg 1278w\" sizes=\"auto, (max-width: 300px) 100vw, 300px\" \/><\/a><\/p>\n<p>&nbsp;<\/p>\n<p style=\"text-align: center;\">Foto Galdino Vilante &#8211; By Vilante<\/p>\n<p>Endere\u00e7o da igreja: Largo do Paissandu<br \/>\nFone: (11) 3223 3611<br \/>\n(11) 3331-1983<br \/>\n<a href=\"http:\/\/irmandade@terra.com.br\">irmandade@terra.com.br\u00a0<\/a><\/p>\n<p>&nbsp;<\/p>\n<p><a href=\"http:\/\/categero.org.br\/wp-content\/uploads\/2010\/10\/Baner-lRos-Prt-SP.jpg\"><img loading=\"lazy\" decoding=\"async\" class=\"aligncenter size-medium wp-image-8547\" src=\"http:\/\/categero.org.br\/wp-content\/uploads\/2010\/10\/Baner-lRos-Prt-SP-300x149.jpg\" alt=\"Baner lRos Prt SP\" width=\"300\" height=\"149\" srcset=\"https:\/\/categero.org.br\/antigo\/wp-content\/uploads\/2010\/10\/Baner-lRos-Prt-SP-300x149.jpg 300w, https:\/\/categero.org.br\/antigo\/wp-content\/uploads\/2010\/10\/Baner-lRos-Prt-SP.jpg 397w\" sizes=\"auto, (max-width: 300px) 100vw, 300px\" \/><\/a><\/p>\n","protected":false},"excerpt":{"rendered":"<p>Veja mais not\u00edcias de Categer\u00f3 nesta\u00a0Igreja Veja mais not\u00edcias de Categer\u00f3 nesta\u00a0Igreja H\u00e1 uma imagem, em tamanho natural, do Beato Ant\u00f4nio de \u00a0Categer\u00f3, na Igreja da Irmandade de Nossa Senhora do Ros\u00e1rio dos Pretos, no centro da cidade de S\u00e3o Paulo, \u2013 SP. \u00a0Um pequena igreja que em sua nave principal tem, nas duas laterais, [&hellip;]<\/p>\n","protected":false},"author":1,"featured_media":8547,"parent":8867,"menu_order":0,"comment_status":"closed","ping_status":"closed","template":"","meta":{"ngg_post_thumbnail":0,"footnotes":""},"class_list":["post-119","page","type-page","status-publish","has-post-thumbnail","hentry"],"_links":{"self":[{"href":"https:\/\/categero.org.br\/antigo\/index.php?rest_route=\/wp\/v2\/pages\/119","targetHints":{"allow":["GET"]}}],"collection":[{"href":"https:\/\/categero.org.br\/antigo\/index.php?rest_route=\/wp\/v2\/pages"}],"about":[{"href":"https:\/\/categero.org.br\/antigo\/index.php?rest_route=\/wp\/v2\/types\/page"}],"author":[{"embeddable":true,"href":"https:\/\/categero.org.br\/antigo\/index.php?rest_route=\/wp\/v2\/users\/1"}],"replies":[{"embeddable":true,"href":"https:\/\/categero.org.br\/antigo\/index.php?rest_route=%2Fwp%2Fv2%2Fcomments&post=119"}],"version-history":[{"count":13,"href":"https:\/\/categero.org.br\/antigo\/index.php?rest_route=\/wp\/v2\/pages\/119\/revisions"}],"predecessor-version":[{"id":11345,"href":"https:\/\/categero.org.br\/antigo\/index.php?rest_route=\/wp\/v2\/pages\/119\/revisions\/11345"}],"up":[{"embeddable":true,"href":"https:\/\/categero.org.br\/antigo\/index.php?rest_route=\/wp\/v2\/pages\/8867"}],"wp:featuredmedia":[{"embeddable":true,"href":"https:\/\/categero.org.br\/antigo\/index.php?rest_route=\/wp\/v2\/media\/8547"}],"wp:attachment":[{"href":"https:\/\/categero.org.br\/antigo\/index.php?rest_route=%2Fwp%2Fv2%2Fmedia&parent=119"}],"curies":[{"name":"wp","href":"https:\/\/api.w.org\/{rel}","templated":true}]}}