{"id":11889,"date":"2017-02-24T15:28:32","date_gmt":"2017-02-24T18:28:32","guid":{"rendered":"http:\/\/categero.org.br\/?page_id=11889"},"modified":"2017-11-05T20:29:56","modified_gmt":"2017-11-05T23:29:56","slug":"igr-sto-antonio-patriarca-a-mais-antiga-igreja-paulista-junto-com-a-igr-do-colegio","status":"publish","type":"page","link":"https:\/\/categero.org.br\/antigo\/?page_id=11889","title":{"rendered":"SP -SP &#8211; Igreja Santo Ant\u00f4nio Patriarca &#8211; e a Irmandade, que a\u00ed&#8230;. existiu de Santo Ant\u00f4nio de Categer\u00f3"},"content":{"rendered":"<p style=\"text-align: center;\"><strong>Capela t\u00e3o antiga quanto a Capela da igreja do Col\u00e9gio em S\u00e3o Paulo<\/strong><\/p>\n<div id=\"attachment_11890\" style=\"width: 275px\" class=\"wp-caption aligncenter\"><img loading=\"lazy\" decoding=\"async\" aria-describedby=\"caption-attachment-11890\" class=\"wp-image-11890\" src=\"http:\/\/categero.org.br\/wp-content\/uploads\/2017\/02\/014MI-012.jpg\" alt=\"014MI-012\" width=\"265\" height=\"193\" srcset=\"https:\/\/categero.org.br\/antigo\/wp-content\/uploads\/2017\/02\/014MI-012.jpg 700w, https:\/\/categero.org.br\/antigo\/wp-content\/uploads\/2017\/02\/014MI-012-300x218.jpg 300w, https:\/\/categero.org.br\/antigo\/wp-content\/uploads\/2017\/02\/014MI-012-495x360.jpg 495w, https:\/\/categero.org.br\/antigo\/wp-content\/uploads\/2017\/02\/014MI-012-50x35.jpg 50w, https:\/\/categero.org.br\/antigo\/wp-content\/uploads\/2017\/02\/014MI-012-90x65.jpg 90w\" sizes=\"auto, (max-width: 265px) 100vw, 265px\" \/><p id=\"caption-attachment-11890\" class=\"wp-caption-text\">Talvez, a foto mais antiga da capela ou igreja de Santo Ant\u00f4nio Patriarca em S\u00e3o Paulo<\/p><\/div>\n<p style=\"text-align: right;\"><em><strong>VEJA MAIS &nbsp; &nbsp;&nbsp;<a href=\"http:\/\/categero.org.br\/?p=11910\" target=\"_blank\" rel=\"noopener noreferrer\">Nossas pesquisas sobre essa Capela em nosso Portal<\/a><\/strong><\/em><\/p>\n<p style=\"text-align: justify;\">Data de 1592, um dos primeiros registros, que por ora, se tem dessa igreja, de sua exist\u00eancia, enquanto capela. Em 1592 era uma constru\u00e7\u00e3o em &#8220;taipa de m\u00e3o&#8221;, sobre o terreno doado, de uma gleba maior de terras, que fazia parte. A &#8220;taipa de m\u00e3o&#8221;&nbsp;\u00e9 uma t\u00e9cnica construtiva antiga, que consiste no entrela\u00e7amento <span class=\"searchmatch\">de<\/span> madeiras (troncos de pouca espessura), colocados verticalmente e ligados e rejuntado por argila. E, se revestidas com a pr\u00f3pria argila, simulando reboco, sendo pintada, ficaria parecido com uma alvenaria tradicional. E por &nbsp;certo, contava com um servi\u00e7o devocional bastante ativo na \u00faltima d\u00e9cada dos anos quinhentos.<\/p>\n<p style=\"text-align: justify;\">Seu ultimo beneficiamento, foi antes &nbsp;da chegada dos franciscanos em S\u00e3o Paulo, no final do m\u00eas de janeiro de 1640. Eram cinco padres e dois irm\u00e3os leigos. Eles ficaram alojados, na pr\u00f3pria pr\u00e9dio, j\u00e1 n\u00e3o mais denominado de capela, agora, como ermida de Santo Ant\u00f4nio. E nesta capela\/ermida prestando seus servi\u00e7os religiosos \u00e0 popula\u00e7\u00e3o, e tamb\u00e9m residindo, ali foi o local escolhido para ficarem os franciscanos. com tarefas residenciais e religiosas, no mesmo espa\u00e7o f\u00edsico.<\/p>\n<p style=\"text-align: justify;\">Poucos tempo ap\u00f3s, n\u00e3o mais de dois meses e meio, em 17 de abril de 1640, passaram a residir os referidos religiosos, cujos nomes s\u00e3o conhecidos, em uma casa, ao lado da ermida, constru\u00edda, \u00e0s expensas da popula\u00e7\u00e3o.<\/p>\n<p style=\"text-align: justify;\">Em 1644, vindo a S\u00e3o Paulo o cust\u00f3dio Frei Francisco das Neves e n\u00e3o achando conveniente o local que, segundo consta, era nas imedia\u00e7\u00f5es da atual Igreja de Santo Ant\u00f4nio , situado \u00e0 rua Direita, ordenou a mudan\u00e7a para o em que ora existe com a denomina\u00e7\u00e3o de S. Francisco e S. Domingos, sendo que a primeira funda\u00e7\u00e3o fora com o nome de Santo Ant\u00f4nio. Transcri\u00e7\u00e3o do livro S\u00e3o Paulo Antigo, de Ant\u00f4nio Eg\u00eddio Martins, p\u00e1ginas 68 e 87, transparece que deixaram a ermida, ap\u00f3s&nbsp;1644.<\/p>\n<p style=\"text-align: justify;\">Se houve um espa\u00e7o religioso na cidade de S\u00e3o Paulo, em seu momento fundacional, no qual os jesu\u00edtas organizariam devo\u00e7\u00f5es religiosas, como estava orientado, para a Ordem e o fez em todo o Brasil, estabelecendo uma Confraria de N\u00aa S\u00aa do Ros\u00e1rio dos Homens Brancos e de N\u00aa S\u00aa do Ros\u00e1rio dos Homens Pretos, que em 1590, teria ocorrido nesse espa\u00e7o. E, \u00e9 partir desse espa\u00e7o do Ros\u00e1rio que se criava e vinculava outras devo\u00e7\u00f5es negras, no interesse da clientela, como o Milagroso Santo Antonio e&nbsp;Milagroso Santo Antonio de Categer\u00f3 (1592).<\/p>\n<p style=\"text-align: right;\"><em><strong>VEJA MAIS &nbsp; &nbsp;&nbsp;<a href=\"http:\/\/categero.org.br\/?p=11910\" target=\"_blank\" rel=\"noopener noreferrer\">Nossas pesquisas sobre essa Capela em nosso Portal<\/a><\/strong><\/em><\/p>\n<p style=\"text-align: center;\">.<\/p>\n<p style=\"text-align: center;\"><img loading=\"lazy\" decoding=\"async\" class=\"aligncenter size-full wp-image-11900\" src=\"http:\/\/categero.org.br\/wp-content\/uploads\/2017\/02\/Banner-Igr-Sto-Ant-e-Categer\u00f3.jpg\" alt=\"# Banner Igr Sto Ant e Categer\u00f3\" width=\"425\" height=\"283\" srcset=\"https:\/\/categero.org.br\/antigo\/wp-content\/uploads\/2017\/02\/Banner-Igr-Sto-Ant-e-Categer\u00f3.jpg 425w, https:\/\/categero.org.br\/antigo\/wp-content\/uploads\/2017\/02\/Banner-Igr-Sto-Ant-e-Categer\u00f3-300x200.jpg 300w, https:\/\/categero.org.br\/antigo\/wp-content\/uploads\/2017\/02\/Banner-Igr-Sto-Ant-e-Categer\u00f3-75x50.jpg 75w, https:\/\/categero.org.br\/antigo\/wp-content\/uploads\/2017\/02\/Banner-Igr-Sto-Ant-e-Categer\u00f3-120x80.jpg 120w\" sizes=\"auto, (max-width: 425px) 100vw, 425px\" \/><\/p>\n","protected":false},"excerpt":{"rendered":"<p>Capela t\u00e3o antiga quanto a Capela da igreja do Col\u00e9gio em S\u00e3o Paulo VEJA MAIS &nbsp; &nbsp;&nbsp;Nossas pesquisas sobre essa Capela em nosso Portal Data de 1592, um dos primeiros registros, que por ora, se tem dessa igreja, de sua exist\u00eancia, enquanto capela. Em 1592 era uma constru\u00e7\u00e3o em &#8220;taipa de m\u00e3o&#8221;, sobre o terreno [&hellip;]<\/p>\n","protected":false},"author":1,"featured_media":11900,"parent":8867,"menu_order":0,"comment_status":"closed","ping_status":"closed","template":"","meta":{"ngg_post_thumbnail":0,"footnotes":""},"class_list":["post-11889","page","type-page","status-publish","has-post-thumbnail","hentry"],"_links":{"self":[{"href":"https:\/\/categero.org.br\/antigo\/index.php?rest_route=\/wp\/v2\/pages\/11889","targetHints":{"allow":["GET"]}}],"collection":[{"href":"https:\/\/categero.org.br\/antigo\/index.php?rest_route=\/wp\/v2\/pages"}],"about":[{"href":"https:\/\/categero.org.br\/antigo\/index.php?rest_route=\/wp\/v2\/types\/page"}],"author":[{"embeddable":true,"href":"https:\/\/categero.org.br\/antigo\/index.php?rest_route=\/wp\/v2\/users\/1"}],"replies":[{"embeddable":true,"href":"https:\/\/categero.org.br\/antigo\/index.php?rest_route=%2Fwp%2Fv2%2Fcomments&post=11889"}],"version-history":[{"count":20,"href":"https:\/\/categero.org.br\/antigo\/index.php?rest_route=\/wp\/v2\/pages\/11889\/revisions"}],"predecessor-version":[{"id":12840,"href":"https:\/\/categero.org.br\/antigo\/index.php?rest_route=\/wp\/v2\/pages\/11889\/revisions\/12840"}],"up":[{"embeddable":true,"href":"https:\/\/categero.org.br\/antigo\/index.php?rest_route=\/wp\/v2\/pages\/8867"}],"wp:featuredmedia":[{"embeddable":true,"href":"https:\/\/categero.org.br\/antigo\/index.php?rest_route=\/wp\/v2\/media\/11900"}],"wp:attachment":[{"href":"https:\/\/categero.org.br\/antigo\/index.php?rest_route=%2Fwp%2Fv2%2Fmedia&parent=11889"}],"curies":[{"name":"wp","href":"https:\/\/api.w.org\/{rel}","templated":true}]}}