{"id":1183,"date":"2010-11-03T23:54:30","date_gmt":"2010-11-03T23:54:30","guid":{"rendered":"http:\/\/www.categero.org.br\/?page_id=1183"},"modified":"2016-08-23T11:15:15","modified_gmt":"2016-08-23T14:15:15","slug":"ilha-compridasp-capela-santo-antonio-de-catigero","status":"publish","type":"page","link":"https:\/\/categero.org.br\/antigo\/?page_id=1183","title":{"rendered":"SP\/Ilha Comprida &#8211; Capela Santo Ant\u00f4nio de Catiger\u00f3"},"content":{"rendered":"<p style=\"text-align: justify;\">H\u00e1 uma Capela a Santo Ant\u00f4nio de Categer\u00f3, em Ilha Comprida, no Vale da Ribeira,no Litoral do Estado de S\u00e3o Paulo. H\u00e1 uma Capela onde o Beato Antonio de Categer\u00f3 \u00e9 o Padroeiro. Portanto, \u00a0a imagem dele, existente nessa Capela, que deve ser bastante antiga.<\/p>\n<p style=\"text-align: center;\"><img loading=\"lazy\" decoding=\"async\" class=\"aligncenter wp-image-10912\" src=\"http:\/\/categero.org.br\/wp-content\/uploads\/2016\/08\/14114003_10210747737195333_1161304174_o.jpg\" alt=\"14114003_10210747737195333_1161304174_o\" width=\"498\" height=\"373\" srcset=\"https:\/\/categero.org.br\/antigo\/wp-content\/uploads\/2016\/08\/14114003_10210747737195333_1161304174_o.jpg 1280w, https:\/\/categero.org.br\/antigo\/wp-content\/uploads\/2016\/08\/14114003_10210747737195333_1161304174_o-300x225.jpg 300w, https:\/\/categero.org.br\/antigo\/wp-content\/uploads\/2016\/08\/14114003_10210747737195333_1161304174_o-768x576.jpg 768w, https:\/\/categero.org.br\/antigo\/wp-content\/uploads\/2016\/08\/14114003_10210747737195333_1161304174_o-1024x768.jpg 1024w, https:\/\/categero.org.br\/antigo\/wp-content\/uploads\/2016\/08\/14114003_10210747737195333_1161304174_o-495x371.jpg 495w, https:\/\/categero.org.br\/antigo\/wp-content\/uploads\/2016\/08\/14114003_10210747737195333_1161304174_o-80x60.jpg 80w, https:\/\/categero.org.br\/antigo\/wp-content\/uploads\/2016\/08\/14114003_10210747737195333_1161304174_o-161x120.jpg 161w\" sizes=\"auto, (max-width: 498px) 100vw, 498px\" \/><\/p>\n<p style=\"text-align: justify;\">A Capela Santo Ant\u00f4nio de Categer\u00f3, de Ilha Comprida &#8211; S\u00e3o Paulo, est\u00e1 recebendo da Prefeitura Municipal, uma restaura\u00e7\u00e3o da pintura, que dever\u00e1 se estender \u00e0\u00a0parte interna, do pequeno templo.\u00a0\u00a0 Na parte externa, al\u00e9m do constru\u00e7\u00e3o\u00a0e pintura do muramento, o beneficiamento do adro, foi desenvolvido. Est\u00e1 faltando as placas de identifica\u00e7\u00e3o da Capela.<\/p>\n<div id=\"attachment_9692\" style=\"width: 456px\" class=\"wp-caption aligncenter\"><a href=\"http:\/\/categero.org.br\/wp-content\/uploads\/2010\/11\/Categero-Ilha-compr-altar.jpg\"><img loading=\"lazy\" decoding=\"async\" aria-describedby=\"caption-attachment-9692\" class=\"wp-image-9692 size-full\" src=\"http:\/\/categero.org.br\/wp-content\/uploads\/2010\/11\/Categero-Ilha-compr-altar.jpg\" alt=\"Categero Ilha compr altar\" width=\"446\" height=\"551\" srcset=\"https:\/\/categero.org.br\/antigo\/wp-content\/uploads\/2010\/11\/Categero-Ilha-compr-altar.jpg 446w, https:\/\/categero.org.br\/antigo\/wp-content\/uploads\/2010\/11\/Categero-Ilha-compr-altar-242x300.jpg 242w\" sizes=\"auto, (max-width: 446px) 100vw, 446px\" \/><\/a><p id=\"caption-attachment-9692\" class=\"wp-caption-text\">Na parte interna, o que t\u00ednhamos, at\u00e9 novas informa\u00e7\u00f5es, a\u00ed constam. A \u00a0imagem de 23 cm do Beato Antonio de Categer\u00f3, sobre o altar ao centro, junto com uma imagem de igual altura de N\u00aa S\u00aa Aparecida.. Ao fundo pintado na parede, a imagem de Categer\u00f3, de meio corpo, com aproximadamente, uns 70 cm.<\/p><\/div>\n<p style=\"text-align: right;\"><span style=\"color: #0000ff;\"><em><strong><span style=\"color: #800080;\">Outras not\u00edcias sobre o Categer\u00f3 em Ilha Comprida<\/span>\u00a0<\/strong><\/em><\/span><\/p>\n<p style=\"text-align: right;\"><span style=\"color: #0000ff;\"><em><strong><a href=\"http:\/\/categero.org.br\/?p=10904\" target=\"_blank\">O apoio da servidora municipal de Ilha Comprida<\/a><\/strong><\/em><\/span><\/p>\n<p style=\"text-align: right;\"><span style=\"color: #0000ff;\"><em><strong><a href=\"http:\/\/categero.org.br\/?p=10894\" target=\"_blank\">A antiga p\u00e1gina com as informa\u00e7\u00f5es iniciais<\/a><\/strong><\/em><\/span><\/p>\n<p style=\"text-align: center;\"><img loading=\"lazy\" decoding=\"async\" class=\"aligncenter wp-image-9697\" src=\"http:\/\/categero.org.br\/wp-content\/uploads\/2010\/11\/1-Ilha-Comprida-12.jpg\" alt=\"1 Ilha Comprida 12\" width=\"449\" height=\"270\" srcset=\"https:\/\/categero.org.br\/antigo\/wp-content\/uploads\/2010\/11\/1-Ilha-Comprida-12.jpg 960w, https:\/\/categero.org.br\/antigo\/wp-content\/uploads\/2010\/11\/1-Ilha-Comprida-12-300x180.jpg 300w, https:\/\/categero.org.br\/antigo\/wp-content\/uploads\/2010\/11\/1-Ilha-Comprida-12-495x297.jpg 495w\" sizes=\"auto, (max-width: 449px) 100vw, 449px\" \/><\/p>\n<p style=\"text-align: justify;\"><a href=\"http:\/\/categero.org.br\/wp-content\/uploads\/2010\/11\/1-Ilha-Comprida-6.jpg\"><img loading=\"lazy\" decoding=\"async\" class=\"aligncenter wp-image-9695\" src=\"http:\/\/categero.org.br\/wp-content\/uploads\/2010\/11\/1-Ilha-Comprida-6.jpg\" alt=\"1 Ilha Comprida 6\" width=\"455\" height=\"759\" srcset=\"https:\/\/categero.org.br\/antigo\/wp-content\/uploads\/2010\/11\/1-Ilha-Comprida-6.jpg 576w, https:\/\/categero.org.br\/antigo\/wp-content\/uploads\/2010\/11\/1-Ilha-Comprida-6-180x300.jpg 180w, https:\/\/categero.org.br\/antigo\/wp-content\/uploads\/2010\/11\/1-Ilha-Comprida-6-495x825.jpg 495w\" sizes=\"auto, (max-width: 455px) 100vw, 455px\" \/><\/a><\/p>\n<p style=\"text-align: center;\"><a href=\"http:\/\/categero.org.br\/wp-content\/uploads\/2010\/11\/1-Ilha-Comprida-12.jpg\"><br \/>\n<\/a><\/p>\n<p style=\"text-align: center;\"><img loading=\"lazy\" decoding=\"async\" class=\"aligncenter wp-image-10897\" src=\"http:\/\/categero.org.br\/wp-content\/uploads\/2010\/11\/Ap\u00f3s-a-pintura-p-ago2016.jpg\" alt=\"Ap\u00f3s a pintura p ago2016\" width=\"454\" height=\"454\" srcset=\"https:\/\/categero.org.br\/antigo\/wp-content\/uploads\/2010\/11\/Ap\u00f3s-a-pintura-p-ago2016.jpg 480w, https:\/\/categero.org.br\/antigo\/wp-content\/uploads\/2010\/11\/Ap\u00f3s-a-pintura-p-ago2016-150x150.jpg 150w, https:\/\/categero.org.br\/antigo\/wp-content\/uploads\/2010\/11\/Ap\u00f3s-a-pintura-p-ago2016-300x300.jpg 300w, https:\/\/categero.org.br\/antigo\/wp-content\/uploads\/2010\/11\/Ap\u00f3s-a-pintura-p-ago2016-50x50.jpg 50w\" sizes=\"auto, (max-width: 454px) 100vw, 454px\" \/><\/p>\n","protected":false},"excerpt":{"rendered":"<p>H\u00e1 uma Capela a Santo Ant\u00f4nio de Categer\u00f3, em Ilha Comprida, no Vale da Ribeira,no Litoral do Estado de S\u00e3o Paulo. H\u00e1 uma Capela onde o Beato Antonio de Categer\u00f3 \u00e9 o Padroeiro. Portanto, \u00a0a imagem dele, existente nessa Capela, que deve ser bastante antiga. A Capela Santo Ant\u00f4nio de Categer\u00f3, de Ilha Comprida &#8211; [&hellip;]<\/p>\n","protected":false},"author":1,"featured_media":9693,"parent":8867,"menu_order":0,"comment_status":"closed","ping_status":"closed","template":"","meta":{"ngg_post_thumbnail":0,"footnotes":""},"class_list":["post-1183","page","type-page","status-publish","has-post-thumbnail","hentry"],"_links":{"self":[{"href":"https:\/\/categero.org.br\/antigo\/index.php?rest_route=\/wp\/v2\/pages\/1183","targetHints":{"allow":["GET"]}}],"collection":[{"href":"https:\/\/categero.org.br\/antigo\/index.php?rest_route=\/wp\/v2\/pages"}],"about":[{"href":"https:\/\/categero.org.br\/antigo\/index.php?rest_route=\/wp\/v2\/types\/page"}],"author":[{"embeddable":true,"href":"https:\/\/categero.org.br\/antigo\/index.php?rest_route=\/wp\/v2\/users\/1"}],"replies":[{"embeddable":true,"href":"https:\/\/categero.org.br\/antigo\/index.php?rest_route=%2Fwp%2Fv2%2Fcomments&post=1183"}],"version-history":[{"count":27,"href":"https:\/\/categero.org.br\/antigo\/index.php?rest_route=\/wp\/v2\/pages\/1183\/revisions"}],"predecessor-version":[{"id":10915,"href":"https:\/\/categero.org.br\/antigo\/index.php?rest_route=\/wp\/v2\/pages\/1183\/revisions\/10915"}],"up":[{"embeddable":true,"href":"https:\/\/categero.org.br\/antigo\/index.php?rest_route=\/wp\/v2\/pages\/8867"}],"wp:featuredmedia":[{"embeddable":true,"href":"https:\/\/categero.org.br\/antigo\/index.php?rest_route=\/wp\/v2\/media\/9693"}],"wp:attachment":[{"href":"https:\/\/categero.org.br\/antigo\/index.php?rest_route=%2Fwp%2Fv2%2Fmedia&parent=1183"}],"curies":[{"name":"wp","href":"https:\/\/api.w.org\/{rel}","templated":true}]}}