{"id":11802,"date":"2017-02-11T09:40:08","date_gmt":"2017-02-11T12:40:08","guid":{"rendered":"http:\/\/categero.org.br\/?page_id=11802"},"modified":"2017-05-18T18:05:55","modified_gmt":"2017-05-18T21:05:55","slug":"paulo-navossat-historiador-em-assessao-elevando-categero-no-mundo-academico","status":"publish","type":"page","link":"https:\/\/categero.org.br\/antigo\/?page_id=11802","title":{"rendered":"Paulo Navossat,  historiador em assess\u00e3o, elevando &#8220;Categer\u00f3&#8221;, no mundo acad\u00eamico"},"content":{"rendered":"<p style=\"text-align: center;\"><img loading=\"lazy\" decoding=\"async\" class=\"aligncenter size-full wp-image-11832\" src=\"http:\/\/categero.org.br\/wp-content\/uploads\/2017\/02\/16736714_1407563962607835_395031043_n.jpg\" alt=\"16736714_1407563962607835_395031043_n\" width=\"194\" height=\"270\"\/><\/p>\n<p style=\"text-align: center;\"><strong>O Beato Ant\u00f4nio de Categer\u00f3 e o est\u00e1gio de Paulo Navossat<\/strong><\/p>\n<p style=\"text-align: right;\"><em><strong>VEJA MAIS &nbsp;\u2013&nbsp;&nbsp;<a href=\"http:\/\/categero.org.br\/?p=11806\" target=\"_blank\" rel=\"noopener noreferrer\">Not\u00edcias &nbsp;de a\u00e7\u00f5es de Paulo em nosso Portal<\/a><\/strong><\/em><\/p>\n<p style=\"text-align: justify;\">O acad\u00eamico de Hist\u00f3ria Paulo Diego de Oliveira Navossat, da PUC\/RS, foi uma das primeiras pessoas a fazer coleta, de informa\u00e7\u00f5es sobre Categer\u00f3, na Internet, em car\u00e1ter regular. Ele deu in\u00edcio ao &#8220;Projeto Devo\u00e7\u00e3o ao Beato&#8221; do jornal abc\/Correio Brigadiano, onde foi contratado, como estagi\u00e1rio,&nbsp;no per\u00edodo de 08\/2006 \u00e0 05\/2007. Mesmo ap\u00f3s, a conclus\u00e3o do est\u00e1gio, por quest\u00f5es econ\u00f4micas da empresa, ele continuou, em contato e, focado na proposta do projeto.<\/p>\n<p style=\"text-align: justify;\">Tanto que vamos encontrar suas a\u00e7\u00f5es sobre o &#8220;Hist\u00f3rico da Devo\u00e7\u00e3o ao Beato no Brasil e no Mundo&#8221; como se refocou o projeto, nestes quase dez anos que decorrem de seu afastamento formal do jornal abc\/Correio Brigadiano e do referido projeto como algu\u00e9m que iniciou, al\u00e9m da coleta, tamb\u00e9m a busca e produ\u00e7\u00e3o de publica\u00e7\u00f5es.<\/p>\n<p style=\"text-align: justify;\">Durante o per\u00edodo que aqui esteve, ele coletou fontes que at\u00e9 hoje rendem informa\u00e7\u00f5es preciosas, sobre a hist\u00f3ria da devo\u00e7\u00e3o. E, como pode se verificar, pelas postagens arroladas no seu hist\u00f3rico de produ\u00e7\u00e3o, vamos encontrar excelentes, e qualificadas participa\u00e7\u00f5es. Tanto que levou para dentro do curso superior que desenvolve, ali tratando o tema &#8220;Categer\u00f3&#8221; para o meio acad\u00eamico, que dever\u00e1 se transformar em mote de sua carreira.<\/p>\n<p style=\"text-align: justify;\">Nossos agradecimentos ao cidad\u00e3o Paulo Navossat por ter entendido a proposta que, s\u00f3 se torna religiosa, a quem busca essa finalidade, que antes de tudo, trata da busca do conhecimento. E a isso, ele se integrou, com estagi\u00e1rio e levou para sua carreira acad\u00eamica, deixando uma centena de textos que coletou, alguns como adequa\u00e7\u00e3o e outros como transcri\u00e7\u00e3o pela import\u00e2ncia, mas muitos por ele produzidos, que aqui est\u00e3o preservados.<\/p>\n<p style=\"text-align: justify;\">Dos seus passos produzidos para o nosso crescimento, queremos deixar registrado, como a qualquer dos locais religiosos e laicos que divulgam o Beato Ant\u00f4nio de Categer\u00f3, o historiador Paulo Navossat, tem seu lugar garantido.<\/p>\n<p style=\"text-align: right;\"><em><strong>VEJA MAIS &nbsp;\u2013&nbsp;&nbsp;<a href=\"http:\/\/categero.org.br\/?p=11806\" target=\"_blank\" rel=\"noopener noreferrer\">Not\u00edcias &nbsp;de a\u00e7\u00f5es de Paulo em nosso Portal<\/a><\/strong><\/em><\/p>\n<p style=\"text-align: center;\"><img loading=\"lazy\" decoding=\"async\" class=\"aligncenter size-full wp-image-11807\" src=\"http:\/\/categero.org.br\/wp-content\/uploads\/2017\/02\/BannerPaulo-Navossat.jpg\" alt=\"BannerPaulo Navossat\" width=\"397\" height=\"198\" srcset=\"https:\/\/categero.org.br\/antigo\/wp-content\/uploads\/2017\/02\/BannerPaulo-Navossat.jpg 397w, https:\/\/categero.org.br\/antigo\/wp-content\/uploads\/2017\/02\/BannerPaulo-Navossat-300x150.jpg 300w\" sizes=\"auto, (max-width: 397px) 100vw, 397px\" \/><\/p>\n","protected":false},"excerpt":{"rendered":"<p>O Beato Ant\u00f4nio de Categer\u00f3 e o est\u00e1gio de Paulo Navossat VEJA MAIS &nbsp;\u2013&nbsp;&nbsp;Not\u00edcias &nbsp;de a\u00e7\u00f5es de Paulo em nosso Portal O acad\u00eamico de Hist\u00f3ria Paulo Diego de Oliveira Navossat, da PUC\/RS, foi uma das primeiras pessoas a fazer coleta, de informa\u00e7\u00f5es sobre Categer\u00f3, na Internet, em car\u00e1ter regular. Ele deu in\u00edcio ao &#8220;Projeto Devo\u00e7\u00e3o [&hellip;]<\/p>\n","protected":false},"author":1,"featured_media":11807,"parent":12333,"menu_order":0,"comment_status":"closed","ping_status":"closed","template":"","meta":{"ngg_post_thumbnail":0,"footnotes":""},"class_list":["post-11802","page","type-page","status-publish","has-post-thumbnail","hentry"],"_links":{"self":[{"href":"https:\/\/categero.org.br\/antigo\/index.php?rest_route=\/wp\/v2\/pages\/11802","targetHints":{"allow":["GET"]}}],"collection":[{"href":"https:\/\/categero.org.br\/antigo\/index.php?rest_route=\/wp\/v2\/pages"}],"about":[{"href":"https:\/\/categero.org.br\/antigo\/index.php?rest_route=\/wp\/v2\/types\/page"}],"author":[{"embeddable":true,"href":"https:\/\/categero.org.br\/antigo\/index.php?rest_route=\/wp\/v2\/users\/1"}],"replies":[{"embeddable":true,"href":"https:\/\/categero.org.br\/antigo\/index.php?rest_route=%2Fwp%2Fv2%2Fcomments&post=11802"}],"version-history":[{"count":7,"href":"https:\/\/categero.org.br\/antigo\/index.php?rest_route=\/wp\/v2\/pages\/11802\/revisions"}],"predecessor-version":[{"id":12356,"href":"https:\/\/categero.org.br\/antigo\/index.php?rest_route=\/wp\/v2\/pages\/11802\/revisions\/12356"}],"up":[{"embeddable":true,"href":"https:\/\/categero.org.br\/antigo\/index.php?rest_route=\/wp\/v2\/pages\/12333"}],"wp:featuredmedia":[{"embeddable":true,"href":"https:\/\/categero.org.br\/antigo\/index.php?rest_route=\/wp\/v2\/media\/11807"}],"wp:attachment":[{"href":"https:\/\/categero.org.br\/antigo\/index.php?rest_route=%2Fwp%2Fv2%2Fmedia&parent=11802"}],"curies":[{"name":"wp","href":"https:\/\/api.w.org\/{rel}","templated":true}]}}