{"id":11759,"date":"2017-02-05T22:23:40","date_gmt":"2017-02-06T01:23:40","guid":{"rendered":"http:\/\/categero.org.br\/?page_id=11759"},"modified":"2017-02-06T06:54:25","modified_gmt":"2017-02-06T09:54:25","slug":"spsao-paulo-asilo-cidade-dos-velhinhos-santa-luiza-de-marilac","status":"publish","type":"page","link":"https:\/\/categero.org.br\/antigo\/?page_id=11759","title":{"rendered":"SP\/S\u00e3o Paulo \u2013 Asilo Cidade dos Velhinhos Santa Luiza de Marilac"},"content":{"rendered":"<p style=\"text-align: right;\"><em><strong><span style=\"color: #ff0000;\">VEJA<\/span> \u00a0 \u00a0 <a href=\"http:\/\/categero.org.br\/?p=11766\" target=\"_blank\">\u00a0Not\u00edcias \u00a0de Categer\u00f3 nesta ONG\u00a0em nosso Portal<\/a><\/strong><\/em><\/p>\n<p style=\"text-align: center;\"><img loading=\"lazy\" decoding=\"async\" class=\"aligncenter wp-image-11760\" src=\"http:\/\/categero.org.br\/wp-content\/uploads\/2017\/02\/Cidade-dos-Velhinhos-SP-3.jpg\" alt=\"Cidade dos Velhinhos SP 3\" width=\"420\" height=\"276\" srcset=\"https:\/\/categero.org.br\/antigo\/wp-content\/uploads\/2017\/02\/Cidade-dos-Velhinhos-SP-3.jpg 763w, https:\/\/categero.org.br\/antigo\/wp-content\/uploads\/2017\/02\/Cidade-dos-Velhinhos-SP-3-300x197.jpg 300w, https:\/\/categero.org.br\/antigo\/wp-content\/uploads\/2017\/02\/Cidade-dos-Velhinhos-SP-3-495x325.jpg 495w, https:\/\/categero.org.br\/antigo\/wp-content\/uploads\/2017\/02\/Cidade-dos-Velhinhos-SP-3-75x50.jpg 75w, https:\/\/categero.org.br\/antigo\/wp-content\/uploads\/2017\/02\/Cidade-dos-Velhinhos-SP-3-120x80.jpg 120w\" sizes=\"auto, (max-width: 420px) 100vw, 420px\" \/><\/p>\n<p style=\"text-align: center;\">Uma excelente, conceituada e antiga ONG que trabalha no Itaquera em S\u00e3o Paulo, administrada por irm\u00e3s cat\u00f3licas apost\u00f3licas romanas.<\/p>\n<p style=\"text-align: right;\"><em><strong><span style=\"color: #ff0000;\">VEJA<\/span> \u00a0 \u00a0 <a href=\"http:\/\/categero.org.br\/?p=11766\" target=\"_blank\">\u00a0Not\u00edcias \u00a0de Categer\u00f3 nesta ONG\u00a0em nosso Portal<\/a><\/strong><\/em><\/p>\n<p>Endere\u00e7o: RUA JARDIM TAMOIO &#8211; 537 \u2013 A &#8211;\u00a0 Bairro: ITAQUERA (Jos\u00e9 Bonif\u00e1cio)<br \/>\nCEP:\u00a0\u00a0\u00a0\u00a0\u00a0\u00a0 8255010 &#8211;\u00a0 Cidade: \u00a0cidade de S\u00e3o Paulo\/SP<br \/>\nTelefone: 11-25216227<br \/>\nE-mail:\u00a0 <a href=\"mailto:alzira@asvp.org.br\">alzira@asvp.org.br<\/a>;\u00a0 e\u00a0 \u00a0<a href=\"mailto:cvslm.61@ig.com.br\">cvslm.61@ig.com.br<\/a><br \/>\nSite: <a href=\"http:\/\/www.cidadedosvelhinhos.com.br\">www.cidadedosvelhinhos.com.br<\/a><br \/>\nClassifica\u00e7\u00e3o:\u00a0ONG de Assist\u00eancia Social<br \/>\nAtividades da Organiza\u00e7\u00e3o: Prote\u00e7\u00e3o \u00e0 Fam\u00edlia<br \/>\n<a href=\"http:\/\/www.ongsbrasil.com.br\/default.asp?Pag=2&amp;Destino=InstituicoesTemplate&amp;CodigoInstituicao=4076&amp;Instituicao=CIDADE-DOS-VELHINHOS-SANTA-LUISA-DE-MARILLAC\" target=\"_blank\">Outras formas de ajudar esta\u00a0organiza\u00e7\u00e3o social de S\u00e3o Paulo &#8211; SP<\/a><br \/>\n.<\/p>\n<p style=\"text-align: justify;\">No livro com a biografia do Beato Ant\u00f4nio de Categer\u00f3, de autoria do Ms. Salvatore Guastella, existe uma cita\u00e7\u00e3o sobre a Irm\u00e3 Maria Luiza, quando respons\u00e1vel por essa ONG, teria recebido uma gra\u00e7a de Santo Ant\u00f4nio de Categer\u00f3. Ou melhor, na p\u00e1gina 72, do livro &#8220;Santo Ant\u00f4nio de Categer\u00f3 &#8211; Sinal prof\u00e9tico do empenho pelos pobres&#8221;, consta que: A irm\u00e3 Maria Lu\u00edza Nogueira, das Filhas da Caridade, atribui a uma assinalada gra\u00e7a do Santo Ant\u00f4nio de Categer\u00f3 a constru\u00e7\u00e3o, em S\u00e3o Paulo, da Cidade dos Velhinhos, na qual mais de trezentos idosos vivem em outros tantos mini apartamentos. Estamos em busca de mais elementos sobre esse fato.<\/p>\n<p style=\"text-align: right;\"><em><strong><span style=\"color: #ff0000;\">VEJA<\/span> \u00a0 \u00a0 <a href=\"http:\/\/categero.org.br\/?p=11766\" target=\"_blank\">\u00a0Not\u00edcias \u00a0de Categer\u00f3 nesta ONG\u00a0em nosso Portal<\/a><\/strong><\/em><\/p>\n<p style=\"text-align: center;\"><img loading=\"lazy\" decoding=\"async\" class=\"aligncenter size-full wp-image-11764\" src=\"http:\/\/categero.org.br\/wp-content\/uploads\/2017\/02\/Banner-da-Cid-dos-Velinhos-2.jpg\" alt=\"Banner da Cid dos Velinhos 2\" width=\"425\" height=\"283\" srcset=\"https:\/\/categero.org.br\/antigo\/wp-content\/uploads\/2017\/02\/Banner-da-Cid-dos-Velinhos-2.jpg 425w, https:\/\/categero.org.br\/antigo\/wp-content\/uploads\/2017\/02\/Banner-da-Cid-dos-Velinhos-2-300x200.jpg 300w, https:\/\/categero.org.br\/antigo\/wp-content\/uploads\/2017\/02\/Banner-da-Cid-dos-Velinhos-2-75x50.jpg 75w, https:\/\/categero.org.br\/antigo\/wp-content\/uploads\/2017\/02\/Banner-da-Cid-dos-Velinhos-2-120x80.jpg 120w\" sizes=\"auto, (max-width: 425px) 100vw, 425px\" \/><\/p>\n","protected":false},"excerpt":{"rendered":"<p>VEJA \u00a0 \u00a0 \u00a0Not\u00edcias \u00a0de Categer\u00f3 nesta ONG\u00a0em nosso Portal Uma excelente, conceituada e antiga ONG que trabalha no Itaquera em S\u00e3o Paulo, administrada por irm\u00e3s cat\u00f3licas apost\u00f3licas romanas. VEJA \u00a0 \u00a0 \u00a0Not\u00edcias \u00a0de Categer\u00f3 nesta ONG\u00a0em nosso Portal Endere\u00e7o: RUA JARDIM TAMOIO &#8211; 537 \u2013 A &#8211;\u00a0 Bairro: ITAQUERA (Jos\u00e9 Bonif\u00e1cio) CEP:\u00a0\u00a0\u00a0\u00a0\u00a0\u00a0 8255010 &#8211;\u00a0 [&hellip;]<\/p>\n","protected":false},"author":1,"featured_media":11764,"parent":8867,"menu_order":0,"comment_status":"closed","ping_status":"closed","template":"","meta":{"ngg_post_thumbnail":0,"footnotes":""},"class_list":["post-11759","page","type-page","status-publish","has-post-thumbnail","hentry"],"_links":{"self":[{"href":"https:\/\/categero.org.br\/antigo\/index.php?rest_route=\/wp\/v2\/pages\/11759","targetHints":{"allow":["GET"]}}],"collection":[{"href":"https:\/\/categero.org.br\/antigo\/index.php?rest_route=\/wp\/v2\/pages"}],"about":[{"href":"https:\/\/categero.org.br\/antigo\/index.php?rest_route=\/wp\/v2\/types\/page"}],"author":[{"embeddable":true,"href":"https:\/\/categero.org.br\/antigo\/index.php?rest_route=\/wp\/v2\/users\/1"}],"replies":[{"embeddable":true,"href":"https:\/\/categero.org.br\/antigo\/index.php?rest_route=%2Fwp%2Fv2%2Fcomments&post=11759"}],"version-history":[{"count":6,"href":"https:\/\/categero.org.br\/antigo\/index.php?rest_route=\/wp\/v2\/pages\/11759\/revisions"}],"predecessor-version":[{"id":11774,"href":"https:\/\/categero.org.br\/antigo\/index.php?rest_route=\/wp\/v2\/pages\/11759\/revisions\/11774"}],"up":[{"embeddable":true,"href":"https:\/\/categero.org.br\/antigo\/index.php?rest_route=\/wp\/v2\/pages\/8867"}],"wp:featuredmedia":[{"embeddable":true,"href":"https:\/\/categero.org.br\/antigo\/index.php?rest_route=\/wp\/v2\/media\/11764"}],"wp:attachment":[{"href":"https:\/\/categero.org.br\/antigo\/index.php?rest_route=%2Fwp%2Fv2%2Fmedia&parent=11759"}],"curies":[{"name":"wp","href":"https:\/\/api.w.org\/{rel}","templated":true}]}}