{"id":1175,"date":"2010-11-03T23:42:06","date_gmt":"2010-11-03T23:42:06","guid":{"rendered":"http:\/\/www.categero.org.br\/?page_id=1175"},"modified":"2014-03-25T16:12:10","modified_gmt":"2014-03-25T19:12:10","slug":"ouro-pretomg","status":"publish","type":"page","link":"https:\/\/categero.org.br\/antigo\/?page_id=1175","title":{"rendered":"MG\/Ouro Preto &#8211; Igreja de Santa Efig\u00eania"},"content":{"rendered":"<p><a href=\"http:\/\/www.categero.org.br\/wp-content\/uploads\/2010\/11\/Igrjeja-S.-Efigenia-Ouro-Preto-MG.jpg\"><img loading=\"lazy\" decoding=\"async\" class=\"aligncenter size-full wp-image-1178\" title=\"Igrjeja S. Efigenia Ouro Preto MG\" alt=\"\" src=\"http:\/\/www.categero.org.br\/wp-content\/uploads\/2010\/11\/Igrjeja-S.-Efigenia-Ouro-Preto-MG.jpg\" width=\"240\" height=\"160\" \/><\/a>H\u00e1 uma imagem de Categer\u00f3 na Igreja de Santa Efig\u00eania, em Ouro Preto, Minas Gerais. A informa\u00e7\u00e3o foi obtida no Portal:\u00a0 <a href=\"http:\/\/www.tvcultura.com.br\/aloescola\/historia\/500anos\/emefqueiroz\/500anosbr-chicorei.htm\">http:\/\/www.tvcultura.com.br\/aloescola\/historia\/500anos\/emefqueiroz\/500anosbr-chicorei.htm<\/a>.\u00a0 O Site &#8220;Al\u00f4 Escola&#8221;, foi elaborado para os festejos dos\u00a0500 anos do Brasil e,\u00a0 tamb\u00e9m em paralelo, um resgate a Chico Rei.<\/p>\n<p>O site apresenta uma rela\u00e7\u00e3o de Santos de devo\u00e7\u00e3o existentes nessa igreja e, entre eles, Santo Antonio de Catigerona.<\/p>\n<p>Tamb\u00e9m est\u00e1 expresso que essa igreja foi fundada pelo Chico Rei.<\/p>\n","protected":false},"excerpt":{"rendered":"<p>H\u00e1 uma imagem de Categer\u00f3 na Igreja de Santa Efig\u00eania, em Ouro Preto, Minas Gerais. A informa\u00e7\u00e3o foi obtida no Portal:\u00a0 http:\/\/www.tvcultura.com.br\/aloescola\/historia\/500anos\/emefqueiroz\/500anosbr-chicorei.htm.\u00a0 O Site &#8220;Al\u00f4 Escola&#8221;, foi elaborado para os festejos dos\u00a0500 anos do Brasil e,\u00a0 tamb\u00e9m em paralelo, um resgate a Chico Rei. O site apresenta uma rela\u00e7\u00e3o de Santos de devo\u00e7\u00e3o existentes nessa [&hellip;]<\/p>\n","protected":false},"author":1,"featured_media":8492,"parent":8870,"menu_order":0,"comment_status":"closed","ping_status":"closed","template":"","meta":{"ngg_post_thumbnail":0,"footnotes":""},"class_list":["post-1175","page","type-page","status-publish","has-post-thumbnail","hentry"],"_links":{"self":[{"href":"https:\/\/categero.org.br\/antigo\/index.php?rest_route=\/wp\/v2\/pages\/1175","targetHints":{"allow":["GET"]}}],"collection":[{"href":"https:\/\/categero.org.br\/antigo\/index.php?rest_route=\/wp\/v2\/pages"}],"about":[{"href":"https:\/\/categero.org.br\/antigo\/index.php?rest_route=\/wp\/v2\/types\/page"}],"author":[{"embeddable":true,"href":"https:\/\/categero.org.br\/antigo\/index.php?rest_route=\/wp\/v2\/users\/1"}],"replies":[{"embeddable":true,"href":"https:\/\/categero.org.br\/antigo\/index.php?rest_route=%2Fwp%2Fv2%2Fcomments&post=1175"}],"version-history":[{"count":4,"href":"https:\/\/categero.org.br\/antigo\/index.php?rest_route=\/wp\/v2\/pages\/1175\/revisions"}],"predecessor-version":[{"id":8881,"href":"https:\/\/categero.org.br\/antigo\/index.php?rest_route=\/wp\/v2\/pages\/1175\/revisions\/8881"}],"up":[{"embeddable":true,"href":"https:\/\/categero.org.br\/antigo\/index.php?rest_route=\/wp\/v2\/pages\/8870"}],"wp:featuredmedia":[{"embeddable":true,"href":"https:\/\/categero.org.br\/antigo\/index.php?rest_route=\/wp\/v2\/media\/8492"}],"wp:attachment":[{"href":"https:\/\/categero.org.br\/antigo\/index.php?rest_route=%2Fwp%2Fv2%2Fmedia&parent=1175"}],"curies":[{"name":"wp","href":"https:\/\/api.w.org\/{rel}","templated":true}]}}