{"id":11706,"date":"2017-02-03T17:26:35","date_gmt":"2017-02-03T20:26:35","guid":{"rendered":"http:\/\/categero.org.br\/?page_id=11706"},"modified":"2017-02-05T19:30:02","modified_gmt":"2017-02-05T22:30:02","slug":"o-museu-de-arte-sacra-de-sao-paulo-tem-o-beato-antonio-de-categero","status":"publish","type":"page","link":"https:\/\/categero.org.br\/antigo\/?page_id=11706","title":{"rendered":"Museu de Arte Sacra de S\u00e3o Paulo tem o Beato Ant\u00f4nio de Categer\u00f3"},"content":{"rendered":"<p style=\"text-align: center;\"><img loading=\"lazy\" decoding=\"async\" class=\"aligncenter wp-image-11719\" src=\"http:\/\/categero.org.br\/wp-content\/uploads\/2017\/02\/MAS-2a.jpg\" alt=\"MAS 2a\" width=\"500\" height=\"334\" srcset=\"https:\/\/categero.org.br\/antigo\/wp-content\/uploads\/2017\/02\/MAS-2a.jpg 903w, https:\/\/categero.org.br\/antigo\/wp-content\/uploads\/2017\/02\/MAS-2a-300x200.jpg 300w, https:\/\/categero.org.br\/antigo\/wp-content\/uploads\/2017\/02\/MAS-2a-768x513.jpg 768w, https:\/\/categero.org.br\/antigo\/wp-content\/uploads\/2017\/02\/MAS-2a-495x331.jpg 495w, https:\/\/categero.org.br\/antigo\/wp-content\/uploads\/2017\/02\/MAS-2a-75x50.jpg 75w, https:\/\/categero.org.br\/antigo\/wp-content\/uploads\/2017\/02\/MAS-2a-120x80.jpg 120w\" sizes=\"auto, (max-width: 500px) 100vw, 500px\" \/><\/p>\n<p style=\"text-align: center;\">O Museu de Arte Sacra de S\u00e3o Paulo \u00e9 uma das principais institui\u00e7\u00f5es brasileiras voltadas ao estudo, conserva\u00e7\u00e3o e exposi\u00e7\u00e3o de objetos relacionados \u00e0 arte sacra. (<a href=\"http:\/\/pt.wikipedia.org\/wiki\/Museu_de_Arte_Sacra_de_S%C3%A3o_Paulo\">Wikip\u00e9dia<\/a>)<\/p>\n<p style=\"text-align: right;\"><em><strong>VEJA MAIS \u00a0\u2013\u00a0\u00a0<a href=\"http:\/\/categero.org.br\/?p=11703\" target=\"_blank\">Not\u00edcias \u00a0sobre Categer\u00f3 neste Museu em nosso Portal<\/a><\/strong><\/em><\/p>\n<p style=\"text-align: justify;\">O\u00a0Museu de Arte Sacra da cidade de S\u00e3o Paulo, comunicou por escrito &#8220;&#8230;n\u00e3o possuir, em seu acervo, nenhuma obra desse Santo&#8221;, em e-mail de 25 de fevereiro de 2014. Noticiando no mesmo documento, que fora realizado naquela casa de cultura,\u00a0no ano de 2011, uma mostra com curadoria de Emanoel Araujo, do Museu Afro Brasil. Que no MAS, foram expostas 170 esculturas em materiais diversos, todas de cole\u00e7\u00f5es particulares de S\u00e3o Benedito e Santo Ant\u00f4nio de Categer\u00f3.<\/p>\n<p style=\"text-align: justify;\">Se o MAS, n\u00e3o tem algum Beato Ant\u00f4nio de Categer\u00f3, em seu acervo, pelo menos publicou muitas imagens de Categer\u00f3s, particulares, na exposi\u00e7\u00e3o supra citada. S\u00e3o Mais de sessenta\u00a0imagens do Beato no Brasil, Portugal e It\u00e1lia, das quais, em mais da metade de trabalhos do &#8220;barroco brasileiro e portugu\u00eas&#8221;. Temos certeza que n\u00e3o faltar\u00e1 oportunidade, de ser incorporado, ao acervo MAS, uma pe\u00e7a de bastante\u00a0import\u00e2ncia hist\u00f3rica, sobre esse beato, lembrando, que ele foi o primeiro santo negro do Brasil Colonial, um franciscano.<\/p>\n<p style=\"text-align: justify;\">Apesar de franciscano, veio para o Brasil, atrav\u00e9s dos jesu\u00edtas [morreu em 1550), chegou em S\u00e3o Paulo, antes 1590 (data de formaliza\u00e7\u00e3o da Irmandade do Ros\u00e1rio). Sua Irmandade, a do &#8220;Milagroso Santo Ant\u00f4nio de Catger\u00f3&#8221;, que data de 1592, tendo sido beatificado em 1599. A ele sucederam, em S\u00e3o Paulo e Brasil, alguns anos mais tarde, Santa Efig\u00eania e Santo Elesb\u00e3o, pelos carmelitas. E, o S\u00e3o Benedito, que morreu em 1589, chegou no RJ\/SP em 1639, e foi beatificado em no dia 15 de maio de 1743. Este, franciscano trazido pelos franciscanos.<\/p>\n<p style=\"text-align: justify;\">Note-se que Categer\u00f3 chegou ao Brasil, meio s\u00e9culo antes de S\u00e3o Benedito, mas se tornou esp\u00f3lio, da guera jesu\u00edtico\/franciscana. Seu espa\u00e7o ocorria atrav\u00e9s da OTF (os Terceiros Franciscanos), nas Prociss\u00f5es de Cinzas e tamb\u00e9m, pelas Irmandades do Ros\u00e1rio, que abrigavam as demais irmandades de santos negros. O Beato franciscano Ant\u00f4nio de Categer\u00f3, historicamente, sofreu \u00a0forte rejei\u00e7\u00e3o de sua pr\u00f3pria ordem, com um prelo colonial de extin\u00e7\u00e3o branca, mas que de algumas formas, permanece at\u00e9 hoje.<\/p>\n<p style=\"text-align: right;\"><em><strong>VEJA MAIS \u00a0\u2013\u00a0\u00a0<a href=\"http:\/\/categero.org.br\/?p=11703\" target=\"_blank\">Not\u00edcias \u00a0sobre Categer\u00f3 neste Museu em nosso Portal<\/a><\/strong><\/em><\/p>\n<p style=\"text-align: center;\"><img loading=\"lazy\" decoding=\"async\" class=\"aligncenter size-full wp-image-11712\" src=\"http:\/\/categero.org.br\/wp-content\/uploads\/2017\/02\/Banner-MAS-02.jpg\" alt=\"Banner MAS 02\" width=\"425\" height=\"283\" srcset=\"https:\/\/categero.org.br\/antigo\/wp-content\/uploads\/2017\/02\/Banner-MAS-02.jpg 425w, https:\/\/categero.org.br\/antigo\/wp-content\/uploads\/2017\/02\/Banner-MAS-02-300x200.jpg 300w, https:\/\/categero.org.br\/antigo\/wp-content\/uploads\/2017\/02\/Banner-MAS-02-75x50.jpg 75w, https:\/\/categero.org.br\/antigo\/wp-content\/uploads\/2017\/02\/Banner-MAS-02-120x80.jpg 120w\" sizes=\"auto, (max-width: 425px) 100vw, 425px\" \/><\/p>\n","protected":false},"excerpt":{"rendered":"<p>O Museu de Arte Sacra de S\u00e3o Paulo \u00e9 uma das principais institui\u00e7\u00f5es brasileiras voltadas ao estudo, conserva\u00e7\u00e3o e exposi\u00e7\u00e3o de objetos relacionados \u00e0 arte sacra. (Wikip\u00e9dia) VEJA MAIS \u00a0\u2013\u00a0\u00a0Not\u00edcias \u00a0sobre Categer\u00f3 neste Museu em nosso Portal O\u00a0Museu de Arte Sacra da cidade de S\u00e3o Paulo, comunicou por escrito &#8220;&#8230;n\u00e3o possuir, em seu acervo, nenhuma [&hellip;]<\/p>\n","protected":false},"author":1,"featured_media":11712,"parent":8867,"menu_order":0,"comment_status":"closed","ping_status":"closed","template":"","meta":{"ngg_post_thumbnail":0,"footnotes":""},"class_list":["post-11706","page","type-page","status-publish","has-post-thumbnail","hentry"],"_links":{"self":[{"href":"https:\/\/categero.org.br\/antigo\/index.php?rest_route=\/wp\/v2\/pages\/11706","targetHints":{"allow":["GET"]}}],"collection":[{"href":"https:\/\/categero.org.br\/antigo\/index.php?rest_route=\/wp\/v2\/pages"}],"about":[{"href":"https:\/\/categero.org.br\/antigo\/index.php?rest_route=\/wp\/v2\/types\/page"}],"author":[{"embeddable":true,"href":"https:\/\/categero.org.br\/antigo\/index.php?rest_route=\/wp\/v2\/users\/1"}],"replies":[{"embeddable":true,"href":"https:\/\/categero.org.br\/antigo\/index.php?rest_route=%2Fwp%2Fv2%2Fcomments&post=11706"}],"version-history":[{"count":7,"href":"https:\/\/categero.org.br\/antigo\/index.php?rest_route=\/wp\/v2\/pages\/11706\/revisions"}],"predecessor-version":[{"id":11749,"href":"https:\/\/categero.org.br\/antigo\/index.php?rest_route=\/wp\/v2\/pages\/11706\/revisions\/11749"}],"up":[{"embeddable":true,"href":"https:\/\/categero.org.br\/antigo\/index.php?rest_route=\/wp\/v2\/pages\/8867"}],"wp:featuredmedia":[{"embeddable":true,"href":"https:\/\/categero.org.br\/antigo\/index.php?rest_route=\/wp\/v2\/media\/11712"}],"wp:attachment":[{"href":"https:\/\/categero.org.br\/antigo\/index.php?rest_route=%2Fwp%2Fv2%2Fmedia&parent=11706"}],"curies":[{"name":"wp","href":"https:\/\/api.w.org\/{rel}","templated":true}]}}